{"id":641,"date":"2020-12-01T03:36:19","date_gmt":"2020-12-01T03:36:19","guid":{"rendered":"https:\/\/ftd.cognihealth.in\/?page_id=641"},"modified":"2024-08-27T16:18:00","modified_gmt":"2024-08-27T16:18:00","slug":"psychological-therapy","status":"publish","type":"page","link":"https:\/\/neurosymptoms.org\/it_IT\/treatment\/psychological-therapy\/","title":{"rendered":"Terapia psicologica"},"content":{"rendered":"\n<p>Psicologi e psichiatri che hanno familiarit\u00e0 con questo tipo di disturbi possono avere molto da offrire a pazienti che soffrono di FND.<\/p>\n\n\n\n<p>Psicoterapeuti che lavorano negli ospedali, in centri riabilitativi, cliniche del dolore o presso il servizio per la fatica cronica \u00e8 probabile che abbiano familiarit\u00e0 con questi disturbi. Psichiatri o neuropsichiatri che fanno da tramite per tali servizi ne saranno sicuramente a conoscenza.<\/p>\n\n\n\n<h3><strong>Pregiudizi riguardo la psicologia \/ psichiatria e FND<\/strong><\/h3>\n\n\n\n<p>Ci sono un numero di ragioni per cui i pazienti con FND possono ottenere benefici dal vedere uno psicoterapeuta \/ psichiatra.<\/p>\n\n\n\n<p>Diversi pazienti sviluppano FND senza essere stressati. I sintomi potrebbero essere capitati all\u2019improvviso o in relazione ad una lesione fisica, e l\u2019unica cosa che \u00e8 stressante \u00e8 l\u2019avere i sintomi!<\/p>\n\n\n\n<p>Ci sono anche molte persone che sviluppano FND in momenti di stress. Ma questo non significa che lo stress sia l\u2019unico fattore scatenante o quello pi\u00f9 comune.<\/p>\n\n\n\n<p>Certamente, eventi di vita stressanti, sia recenti che remoti, possono peggiorare notevolmente la vita, e questo pu\u00f2 essere la causa principale che porta allo sviluppo di FND in alcune persone, ma in molte altre questo fattore non \u00e8 cos\u00ec importante.<\/p>\n\n\n\n<p>Molte persone comprendono perch\u00e9 altre persone potrebbero aver bisogno di vedere uno psicoterapeuta \/ psichiatra, ma potrebbero avere alcune difficolt\u00e0 nel capire che loro stessi ne possono avere bisogno. Se vuoi dare davvero il tutto per tutto durante il trattamento, potresti dover mettere da parte questi tuoi pregiudizi.<\/p>\n\n\n\n<p>Talvolta le persone pensano che se vanno da uno psicoterapeuta o psichiatra, la discussione e il \u2018trattamento\u2019 si concentrer\u00e0 sulla psicoanalisi. La visione classica (ed errata) \u00e8 che lo psichiatra ti dica \u2018raccontami della tua infanzia\u2019, seguito da tu che snoccioli ogni segreto che hai mai avuto e poi dallo psichiatra che ti dir\u00e0 come mai hai sviluppato questi sintomi.<\/p>\n\n\n\n<p>Questo \u00e8 raramente ci\u00f2 che succede quando tu vedi uno psichiatra o uno psicoterapeuta. Esplorare cose che sono successe nel passato pu\u00f2 essere molto utile per alcune persone. Ma queste esplorazioni vengono solitamente fatte da qualcuno che ha avuto modo di conoscerti.<\/p>\n\n\n\n<p>Come \u00e8 stato spiegato nella pagina delle \u2018cause\u2019, pu\u00f2 essere molto difficile individuare le ragioni esatte che hanno portato allo sviluppo di FND. In alcuni casi \u00e8 abbastanza anche solo dire \u2018hai una vulnerabilit\u00e0 a FND e ai disordini funzionali, cerchiamo di capire come possiamo farti stare meglio\u2019 per avere un miglioramento nei sintomi .<\/p>\n\n\n\n<h3><strong>Quindi, perch\u00e9 dovrei vedere uno psicoterapeuta \/ psichiatra?<\/strong><\/h3>\n\n\n\n<p>Una domanda comune, e sensata, \u00e8 \u201cCome pu\u00f2 il parlare di queste cose effettivamente aiutare con i miei sintomi?\u201d<\/p>\n\n\n\n<p>Questi sono i modi comuni tramite cui \u201cparlarne\u201d pu\u00f2 aiutare:<\/p>\n\n\n\n<ol><li><strong>Ti porta ad impegnare la maggior parte del tempo a comprendere la natura della tua condizione<\/strong> \u2013 cio\u00e8 che il tuo \u00e8 un disturbo comune, non \u00e8 volontario o colpa tua, non lo stai immaginando, non \u00e8 dovuto ad un danno fisico ma \u00e8 potenzialmente un problema reversibile legato alla funzionalit\u00e0 del tuo sistema nervoso. Pu\u00f2 servire molto tempo a comprendere queste cose, e uno psicoterapeuta pu\u00f2 aiutarti a farlo.<\/li><li><strong>Parlare di comportamenti che potrebbero ritardare il tuo recupero<\/strong> \u2013 cio\u00e8, se hai un dolore lombare cronico e debolezza ad una gamba potresti provare dolore che peggiora durante l\u2019esercizio. Questo potrebbe portarti a evitare di muovere la schiena perch\u00e9 hai paura di danneggiarla ulteriormente. Comprendere che il movimento porta ad un peggioramento temporaneo del dolore ma non ad un&nbsp; danno alla tua schiena pu\u00f2 aiutarti a muovere maggiormente la schiena.<\/li><li><strong>Parlare di pensieri che potrebbero ritardare il tuo recupero<\/strong> \u2013 un persona che soffre di crisi epilettiche funzionali potrebbe scoprire di essere particolarmente preoccupata riguardo alla possibilit\u00e0 di avere un\u2019altra crisi. Pi\u00f9 una persona si convince che la crisi avverr\u00e0, per esempio in un supermercato o scendendo le scale, pi\u00f9 probabile \u00e8 che questo avvenga.<\/li><li><strong>Identificare sentimenti come umore basso e preoccupazione<\/strong> &#8211; i tuoi sintomi potrebbero essere presenti da un po\u2019 di tempo. Durante questo tempo potresti aver sviluppato <a href=\"https:\/\/pre-prod.neurosymptoms.org\/it_IT\/symptoms\/common-associated-symptoms\/low-mood\/\" data-type=\"page\" data-id=\"602\">depressione<\/a>, <a href=\"https:\/\/pre-prod.neurosymptoms.org\/it_IT\/symptoms\/common-associated-symptoms\/worry-panic\/\" data-type=\"page\" data-id=\"598\">ansia<\/a>, o <a href=\"https:\/\/pre-prod.neurosymptoms.org\/it_IT\/symptoms\/common-associated-symptoms\/worry-panic\/\" data-type=\"page\" data-id=\"598\">attacchi di panico<\/a>. Meno comunemente altri sintomi potrebbero essersi sviluppati, come sintomi da stress post traumatico, pensieri ossessivi o problemi alimentari.<\/li><li><strong>Risoluzione dei problemi<\/strong> \u2013 molti dei problemi non hanno una soluzione facile. Ma alcuni grattacapi giornalieri, come ad esempio risolvere problemi di debiti, o come aiutare un bambino che \u00e8 stato bullizzato, potrebbero avere soluzioni a cui tu non hai pensato. Avere un problema in meno sulla lista pu\u00f2 aiutare a migliorare le cose in generale.<\/li><li><strong>Identificare eventi traumatici<\/strong> \u2013 alcune persone con FND hanno vissuto&nbsp; eventi fortemente traumatici che li hanno resi pi\u00f9 sensibili a sviluppare questo tipo di sintomi. Questi potrebbero riguardare esperienze avverse avvenute nell\u2019infanzia o nell\u2019et\u00e0 adulta. Essere vittime di abuso fisico o sessuale, per esempio, pu\u00f2 portare ad una vulnerabilit\u00e0 alla dissociazione in futuro. La terapia focalizzata sul trauma potrebbe essere utile in questo caso e molte persone con FND cercano attivamente aiuto per parlare e processare le esperienze difficili.<\/li><\/ol>\n\n\n\n<p>Se mettessi insieme tutto ci\u00f2 che abbiamo detto finora saresti sorpreso di vedere quanto utile \u201cparlarne\u201d possa essere.<\/p>\n\n\n\n<p>Psicoterapeuti e psichiatri variano molto nel loro approccio terapeutico. Potresti aver bisogno di parlare con il tuo medico di famiglia o con il neurologo per avere un consiglio su quale di queste figure possa essere la pi\u00f9 adatta per te.<\/p>\n\n\n\n<p>Questa sezione verr\u00e0 aggiornata non appena avremo nuove informazioni da aggiungervi.<\/p>\n\n\n\n<p>Se vuoi vedere che supporto scientifico ha la terapia psicologica per il trattamento di FND di seguito trovi una review recente. Gutkin et al.<\/p>\n\n\n\n<p><a href=\"https:\/\/jnnp.bmj.com\/content\/jnnp\/92\/1\/36.full.pdf\">https:\/\/jnnp.bmj.com\/content\/jnnp\/92\/1\/36.full.pdf<\/a><\/p>\n\n\n\n<p>Inoltre, puoi vedere i risultati del pi\u00f9 grande trial di terapia psicologica per FND nel seguente video del trial <a href=\"https:\/\/www.codestrial.org\">CODES<\/a>.<\/p>\n\n\n\n<figure class=\"wp-block-embed-youtube wp-block-embed is-type-video is-provider-youtube wp-embed-aspect-16-9 wp-has-aspect-ratio\"><div class=\"wp-block-embed__wrapper\">\n<iframe loading=\"lazy\" title=\"The CODES trial for dissociative seizures\" width=\"745\" height=\"419\" src=\"https:\/\/www.youtube.com\/embed\/pUFKbYH7BcQ?feature=oembed\" frameborder=\"0\" allow=\"accelerometer; autoplay; clipboard-write; encrypted-media; gyroscope; picture-in-picture; web-share\" referrerpolicy=\"strict-origin-when-cross-origin\" allowfullscreen><\/iframe>\n<\/div><\/figure>\n","protected":false},"excerpt":{"rendered":"<p>Psicologici e Psichiatri che hanno familiarit\u00e0 con questi disturbi possono avere molto da offrire alle persone affette da FND<\/p>\n","protected":false},"author":65,"featured_media":0,"parent":1012,"menu_order":300,"comment_status":"closed","ping_status":"closed","template":"page-template\/symptom-details-page-template.php","meta":[],"_links":{"self":[{"href":"https:\/\/neurosymptoms.org\/it_IT\/wp-json\/wp\/v2\/pages\/641"}],"collection":[{"href":"https:\/\/neurosymptoms.org\/it_IT\/wp-json\/wp\/v2\/pages"}],"about":[{"href":"https:\/\/neurosymptoms.org\/it_IT\/wp-json\/wp\/v2\/types\/page"}],"author":[{"embeddable":true,"href":"https:\/\/neurosymptoms.org\/it_IT\/wp-json\/wp\/v2\/users\/65"}],"replies":[{"embeddable":true,"href":"https:\/\/neurosymptoms.org\/it_IT\/wp-json\/wp\/v2\/comments?post=641"}],"version-history":[{"count":107,"href":"https:\/\/neurosymptoms.org\/it_IT\/wp-json\/wp\/v2\/pages\/641\/revisions"}],"predecessor-version":[{"id":14941,"href":"https:\/\/neurosymptoms.org\/it_IT\/wp-json\/wp\/v2\/pages\/641\/revisions\/14941"}],"up":[{"embeddable":true,"href":"https:\/\/neurosymptoms.org\/it_IT\/wp-json\/wp\/v2\/pages\/1012"}],"wp:attachment":[{"href":"https:\/\/neurosymptoms.org\/it_IT\/wp-json\/wp\/v2\/media?parent=641"}],"curies":[{"name":"wp","href":"https:\/\/api.w.org\/{rel}","templated":true}]}}