{"id":631,"date":"2020-12-01T02:51:31","date_gmt":"2020-12-01T02:51:31","guid":{"rendered":"https:\/\/ftd.cognihealth.in\/?page_id=631"},"modified":"2024-11-01T03:45:31","modified_gmt":"2024-11-01T03:45:31","slug":"understanding-fnd","status":"publish","type":"page","link":"https:\/\/neurosymptoms.org\/it_IT\/treatment\/understanding-fnd\/","title":{"rendered":"Comprendere FND"},"content":{"rendered":"\n<p>Se non hai ancora letto le pagine nella sezione \u201c<a href=\"https:\/\/pre-prod.neurosymptoms.org\/it_IT\/home-page-content\/home-causes\/\" data-type=\"page\" data-id=\"2819\">cause<\/a>\u201d, potresti trovare utile leggerle prima di continuare con ci\u00f2 che \u00e8 scritto qui:<\/p>\n\n\n\n<p>Difficilmente ci sono \u201crimedi veloci\u201d per FND, ma ci sono \u201crimedi lenti\u201d che, con tempo e sacrificio, possono rendere i sintomi meno intrusivi e permetterti di stare meglio.<\/p>\n\n\n\n<p>Tra i pazienti, quelli che migliorano solitamente sostengono che uno dei fattori pi\u00f9 importanti per avere un miglioramento sia quanto credano nella diagnosi e quanto questa abbia senso per loro, forse non immediatamente, ma alla fine.<\/p>\n\n\n\n<p>Gli step che ti portano a raggiungere questo livello di comprensione includono riconoscere che:<\/p>\n\n\n\n<ol><li>Hai qualcosa di comune \u2013 <strong>non sei strano<\/strong><\/li><li>Hai qualcosa di genuino \u2013 <strong>non te lo stai immaginando<\/strong><\/li><li>Hai sintomi che sono <strong>potenzialmente reversibili<\/strong><\/li><li><strong>Non \u00e8 colpa tua<\/strong> se hai questi sintomi<\/li><li>Ma <strong>dovrai sforzarti e lavorare per migliorare<\/strong><\/li><\/ol>\n\n\n\n<p>Se il tuo dottore ti ha dato il referto su cui vi \u00e8 scritta la diagnosi, leggilo, e cerca di comprendere cosa c\u2019\u00e8 scritto. Inoltre, leggere questo sito potrebbe aiutarti maggiormente nel comprendere la tua condizione.<\/p>\n\n\n\n<p>Se riesci ad arrivare al punto in cui sei convinto che la diagnosi sia corretta e rispecchia i tuoi sintomi, non hai pi\u00f9 dubbi riguardo la possibilit\u00e0 di un\u2019altra diagnosi, realizzi che molte altre persone hanno questa condizione, e che \u00e8 qualcosa da cui puoi potenzialmente migliorare, allora questo \u00e8 un buon punto di partenza per il trattamento. Avere un colloquio con un medico o un altro operatore sanitario ti potrebbe aiutare nel comprendere la diagnosi di FND e nell\u2019acquisire sicurezza riguardo al perch\u00e9 si \u00e8 arrivati a questa conclusione; questo a sua volta \u00e8 un importante <em>punto di partenza<\/em> dal quale iniziare il trattamento. Ma \u00e8 soltanto un punto di partenza per la maggior parte delle persone. Come in ogni condizione, ti servono informazioni riguardo cosa non funziona nel tuo caso specifico in modo da procedere con il trattamento.<\/p>\n","protected":false},"excerpt":{"rendered":"<p>Comprendere come mai \u00e8 stata fatta una diagnosi di FND \u00e8 un importante punto di partenza per il trattamento<\/p>\n","protected":false},"author":65,"featured_media":0,"parent":1012,"menu_order":296,"comment_status":"closed","ping_status":"closed","template":"page-template\/symptom-details-page-template.php","meta":[],"_links":{"self":[{"href":"https:\/\/neurosymptoms.org\/it_IT\/wp-json\/wp\/v2\/pages\/631"}],"collection":[{"href":"https:\/\/neurosymptoms.org\/it_IT\/wp-json\/wp\/v2\/pages"}],"about":[{"href":"https:\/\/neurosymptoms.org\/it_IT\/wp-json\/wp\/v2\/types\/page"}],"author":[{"embeddable":true,"href":"https:\/\/neurosymptoms.org\/it_IT\/wp-json\/wp\/v2\/users\/65"}],"replies":[{"embeddable":true,"href":"https:\/\/neurosymptoms.org\/it_IT\/wp-json\/wp\/v2\/comments?post=631"}],"version-history":[{"count":102,"href":"https:\/\/neurosymptoms.org\/it_IT\/wp-json\/wp\/v2\/pages\/631\/revisions"}],"predecessor-version":[{"id":15675,"href":"https:\/\/neurosymptoms.org\/it_IT\/wp-json\/wp\/v2\/pages\/631\/revisions\/15675"}],"up":[{"embeddable":true,"href":"https:\/\/neurosymptoms.org\/it_IT\/wp-json\/wp\/v2\/pages\/1012"}],"wp:attachment":[{"href":"https:\/\/neurosymptoms.org\/it_IT\/wp-json\/wp\/v2\/media?parent=631"}],"curies":[{"name":"wp","href":"https:\/\/api.w.org\/{rel}","templated":true}]}}