{"id":616,"date":"2020-11-06T17:36:02","date_gmt":"2020-11-06T17:36:02","guid":{"rendered":"https:\/\/ftd.cognihealth.in\/?page_id=616"},"modified":"2025-09-06T10:10:38","modified_gmt":"2025-09-06T10:10:38","slug":"how-was-it-happened","status":"publish","type":"page","link":"https:\/\/neurosymptoms.org\/it_IT\/causes\/how-was-it-happened\/","title":{"rendered":"Cause \/ Meccanismi"},"content":{"rendered":"\n<p>E\u2019 normale, quando hai un problema, chiederti \u201cPerch\u00e9 \u00e8 successo?\u201d<\/p>\n\n\n\n<p>Ma \u00e8 importante, quando si ha a che fare con i sintomi funzionali, non confondere la domanda \u201c<a href=\"https:\/\/www.neurosymptoms.org\/en_GB\/causes\/why-has-it-happened\/\">Perch\u00e9 \u00e8 successo questo?<\/a>\u201d con la domanda \u201cCosa non ha funzionato nel mio corpo per causare i sintomi?\u201d<\/p>\n\n\n\n<p>Queste sono due domande diverse che richiedono due risposte differenti.<\/p>\n\n\n\n<h3>Come \u00e8 successo?&#8230;<\/h3>\n\n\n\n<p>Affrontiamo per prima la seconda domanda \u2013 \u201cCosa non ha funzionato nel mio corpo per causare questi sintomi?\u201d o \u201cCome \u00e8 stato possibile che siano comparsi questi sintomi?\u201d<\/p>\n\n\n\n<p>Per tutti i sintomi funzionali descritti su questo sito, la risposta di base a questa domanda \u00e8 che c\u2019\u00e8 un problema nel funzionamento del sistema nervoso.<\/p>\n\n\n\n<p>Per sintomi come <a href=\"https:\/\/pre-prod.neurosymptoms.org\/en_GB\/symptoms\/fnd-symptoms\/functional-limb-weakness\/\" data-type=\"page\" data-id=\"512\">debolezza<\/a> e <a href=\"https:\/\/pre-prod.neurosymptoms.org\/en_GB\/symptoms\/fnd-symptoms\/functional-movement-disorder\/\" data-type=\"page\" data-id=\"534\">disordini del movimento<\/a>, c\u2019\u00e8 un problema nel modo in cui il cervello sta mandando messaggi al corpo.<\/p>\n\n\n\n<p>Per sintomi come <a href=\"https:\/\/pre-prod.neurosymptoms.org\/en_GB\/symptoms\/fnd-symptoms\/functional-sensory-symptoms\/\" data-type=\"page\" data-id=\"532\">intorpidimento<\/a> e <a href=\"https:\/\/pre-prod.neurosymptoms.org\/en_GB\/symptoms\/common-associated-symptoms\/pain\/\" data-type=\"page\" data-id=\"743\">dolore<\/a>, c\u2019\u00e8 un problema nel modo in cui il cervello sta ricevendo messaggi dal corpo.<\/p>\n\n\n\n<p>Durante le <a href=\"https:\/\/pre-prod.neurosymptoms.org\/en_GB\/symptoms\/fnd-symptoms\/dissociative-non-epileptic-attacks-blackouts\/\" data-type=\"page\" data-id=\"530\">crisi epilettiche funzionali <\/a>o nei <a href=\"https:\/\/pre-prod.neurosymptoms.org\/en_GB\/symptoms\/common-associated-symptoms\/dissociative-symptoms-feeling-spaced-out\/\" data-type=\"page\" data-id=\"539\">sintomi dissociativi<\/a>, il cervello \u00e8 in uno stato di trance, paragonabile all\u2019ipnosi.<\/p>\n\n\n\n<p>Stiamo iniziando solo ora a comprendere il complesso meccanismo di malfunzionamento del sistema nervoso che \u00e8 presente nei pazienti con FND, e in disordini ad esso correlati, come il <a href=\"https:\/\/pre-prod.neurosymptoms.org\/en_GB\/symptoms\/common-associated-symptoms\/pain\/\" data-type=\"page\" data-id=\"743\">dolore cronico<\/a>.<\/p>\n\n\n\n<p>Gli esami di neuroimaging funzionale del cervello mostrano quali parti del cervello sono attive o inattive quando i pazienti hanno FND.<\/p>\n\n\n\n<p>Di seguito vengono illustrati alcuni studi scientifici effettuati per approfondire questi aspetti.<\/p>\n\n\n\n<h3><strong>Aree di inattivit\u00e0 nel cervello con sintomi sensoriali funzionali.<\/strong><\/h3>\n\n\n\n<p>In questo studio quattro persone con sintomi di intorpidimento e debolezza in un lato del corpo causato da FND sono state scannerizzate attraverso una macchina chiamata SPECT, che misura l\u2019andamento del sangue nel cervello.<\/p>\n\n\n\n<figure class=\"wp-block-image size-large is-resized\"><img loading=\"lazy\" src=\"https:\/\/pre-prod.neurosymptoms.org\/wp-content\/uploads\/2021\/06\/Hemi.jpg\" alt=\"\" class=\"wp-image-2675\" width=\"294\" height=\"317\" srcset=\"https:\/\/neurosymptoms.org\/wp-content\/uploads\/2021\/06\/Hemi.jpg 336w, https:\/\/neurosymptoms.org\/wp-content\/uploads\/2021\/06\/Hemi-278x300.jpg 278w\" sizes=\"(max-width: 294px) 100vw, 294px\" \/><figcaption>Perdita emisensoriale<\/figcaption><\/figure>\n\n\n\n<p>Questi pazienti sono stati scannerizzati in un primo momento quando i sintomi erano presenti, e di nuovo una volta che i sintomi erano migliorati.<\/p>\n\n\n\n<p>E\u2019 importante riconoscere che questo esame si focalizza sull\u2019analizzare la FUNZIONE del cervello e non la STRUTTURA \u2013 come farebbe una normale risonanza magnetica.<\/p>\n\n\n\n<p>Le immagini raccolte durante questo esame hanno mostrato che, nel momento in cui i sintomi erano presenti, una parte del cervello chiamata talamo non funzionava molto bene. Puoi vedere questi risultati evidenziati in giallo nell\u2019immagine sottostante. Se avessi un ictus avresti intorpidimento nella parte opposta del corpo rispetto al lato in cui si \u00e8 verificato il danno.<\/p>\n\n\n\n<figure class=\"wp-block-image size-large\"><img loading=\"lazy\" width=\"249\" height=\"234\" src=\"https:\/\/pre-prod.neurosymptoms.org\/wp-content\/uploads\/2020\/11\/Not-Imagined.jpg\" alt=\"\" class=\"wp-image-614\"\/><figcaption>In questo studio, invece, l\u2019area in giallo \u00e8 inattiva in pazienti con sintomi FND che colpiscono l\u2019altra parte del corpo. Vuilleumier P, et al. Brain 2001; 124: 1077-1090.<br \/><br \/><\/figcaption><\/figure>\n\n\n\n<p>Il miglioramento dei sintomi ha portato anche ad un miglioramento dell\u2019attivazione cerebrale che si \u00e8 potuta osservare tramite gli scan fatti.&nbsp;&nbsp;<\/p>\n\n\n\n<h3><strong>Il network dell\u2019agency (azione) nel cervello<\/strong><\/h3>\n\n\n\n<p>Un altro importante studio su pazienti FND ha analizzato, attraverso la risonanza magnetica funzionale, l\u2019attivit\u00e0 cerebrale di otto pazienti con tremore funzionale. Tale strumento si focalizza sull\u2019osservare la funzione e non la struttura del cervello.<\/p>\n\n\n\n<p>In questo studio i ricercatori, guidati dai professori Valerie Voon e Mark Hallett, hanno paragonato l\u2019attivit\u00e0 cerebrale in presenza di tremore funzionale con l\u2019attivit\u00e0 cerebrale rilevata mentre ai soggetti veniva chiesto di simulare il tremore deliberatamente. Sono state paragonate le risonanze per osservare le differenze nell\u2019attivazione cerebrale.<\/p>\n\n\n\n<figure class=\"wp-block-image size-large\"><img loading=\"lazy\" width=\"426\" height=\"386\" src=\"https:\/\/pre-prod.neurosymptoms.org\/wp-content\/uploads\/2021\/06\/Voon-brain.jpg\" alt=\"\" class=\"wp-image-2676\" srcset=\"https:\/\/neurosymptoms.org\/wp-content\/uploads\/2021\/06\/Voon-brain.jpg 426w, https:\/\/neurosymptoms.org\/wp-content\/uploads\/2021\/06\/Voon-brain-300x272.jpg 300w\" sizes=\"(max-width: 426px) 100vw, 426px\" \/><figcaption>La giuntura temporoparietale destra mostra inattivit\u00e0 in pazienti con tremore FND. Voon et al Neurology 2010; 223-228.<br \/><br \/><\/figcaption><\/figure>\n\n\n\n<p>I risultati di questo studio sono davvero interessanti in quanto hanno evidenziato che, quando il tremore funzionale era presente, un\u2019area del cervello chiamata corteccia temporoparietale destra era inattiva. Quest\u2019area \u00e8 un \u201cnodo\u201d importante nel network cerebrale che ci aiuta a sapere che siamo noi in controllo delle nostre azioni. Questo network \u00e8 chiamato \u201cself-agency\u201d, e non funziona molto bene negli FND. Il coinvolgimento di questo network spiegherebbe perch\u00e9 a persone esterne sembra che i pazienti stiano compiendo questi movimenti in modo volontario, ma in realt\u00e0 l\u2019esperienza che riportano i pazienti di non essere in controllo dei propri movimenti \u00e8 vera, tutto ci\u00f2 che gli sta accadendo \u00e8 fuori dal loro controllo.<\/p>\n\n\n\n<h3><strong>FND \u00e8 l\u2019opposto della Sindrome dell\u2019Arto Fantasma<\/strong><\/h3>\n\n\n\n<p>Potresti aver gi\u00e0 sentito parlare della Sindrome dell\u2019Arto Fantasma o del Dolore dell\u2019Arto Fantasma. Questa sindrome \u00e8 presente in pazienti ai quali \u00e8 stato amputato un arto ma che continuano a percepirlo come se fosse ancora presente. Studi sulla Sindrome dell\u2019Arto Fantasma hanno dimostrato che questa sindrome \u00e8 quasi certamente causata da un malfunzionamento nella \u201cmappa\u201d dell\u2019arto presente nel cervello.<\/p>\n\n\n\n<p>La mappa del tuo corpo tende a modificarsi quando si presentano nuove informazioni. In questo modo, se perdi la gamba sinistra il tuo cervello dovrebbe registrare ci\u00f2 come un \u2013 \u201cAggiornamento! \u2013 non c\u2019\u00e8 pi\u00f9 la gamba sinistra\u201d. Nella Sindrome dell\u2019Arto Fantasma questo processo di aggiornamento si inceppa. I neuroscienziati pensano che il cervello abbia dei pregiudizi davvero molto forti riguardo al fatto che la gamba \u00e8 l\u00ec. Questi pregiudizi sono cos\u00ec forti, e sono presenti ormai da tanti anni in quella persona, che anche l\u2019assenza della gamba non ferma il fatto che il cervello sia convinto che essa sia l\u00ec. E se il cervello \u00e8 convinto che la gamba sia presente, allora quella persona sentir\u00e0 che \u00e8 cos\u00ec!<\/p>\n\n\n\n<figure class=\"wp-block-image size-large\"><img loading=\"lazy\" width=\"250\" height=\"326\" src=\"https:\/\/pre-prod.neurosymptoms.org\/wp-content\/uploads\/2021\/06\/Phantom-Limb.jpg\" alt=\"\" class=\"wp-image-2678\" srcset=\"https:\/\/neurosymptoms.org\/wp-content\/uploads\/2021\/06\/Phantom-Limb.jpg 250w, https:\/\/neurosymptoms.org\/wp-content\/uploads\/2021\/06\/Phantom-Limb-230x300.jpg 230w\" sizes=\"(max-width: 250px) 100vw, 250px\" \/><figcaption>Sindrome dell\u2019arto fantasma<br \/><br \/><\/figcaption><\/figure>\n\n\n\n<p>Riteniamo che nei disturbi neurologici funzionali&nbsp; potrebbe avvenire un meccanismo simile. Ma anzich\u00e9 essere fortemente convinto che la gamba SIA l\u00ec, per svariate ragioni il cervello sviluppa l\u2019idea che la gamba NON sia l\u00ec.<\/p>\n\n\n\n<p>Di nuovo, il problema \u00e8 che, anche se il cervello sta ricevendo i messaggi che la gamba \u00e8 presente, l&#8217;idea che questa NON CI SIA \u00e8 troppo forte. Il cervello non si aggiorna, proprio come nella Sindrome dell\u2019Arto Fantasma, e cos\u00ec l\u2019esperienza che la persona ha \u00e8 basata su questa idea errata invece che sulle sensazioni vere e proprie che arrivano al cervello.<\/p>\n\n\n\n<p>Perch\u00e9 un cervello dovrebbe essere convinto che un arto NON sia l\u00ec? Per svariate ragioni, eccone elencate alcune:<\/p>\n\n\n\n<ul><li>perch\u00e9 questo arto \u00e8 doloroso e sta cercando di liberarsi di quella sensazione<\/li><li>perch\u00e9 vi \u00e8 stato un mal di testa, o un altro strano sintomo neurologico che ha attivato nel cervello la modalit\u00e0 \u201ccombatti o scappa\u201d e sta cercando di fermare quella parte del corpo<\/li><li>perch\u00e9 ha gi\u00e0 usato questo meccanismo per fermare parti del corpo in risposta ad eventi minacciosi<\/li><\/ul>\n\n\n\n<h3><strong>Dolore cronico e cervello<\/strong><\/h3>\n\n\n\n<p>Nel caso del <a href=\"https:\/\/pre-prod.neurosymptoms.org\/en_GB\/symptoms\/common-associated-symptoms\/pain\/\" data-type=\"page\" data-id=\"743\">dolore cronico<\/a> sappiamo che molti cambiamenti che avvengono nel sistema nervoso non possono essere visti con scannerizzazioni normali. Questi cambiamenti avvengono alle terminazioni dei nervi, nel midollo spinale e soprattutto nel cervello.<\/p>\n\n\n\n<p>Ci sono una serie di processi nel sistema nervoso che si comportano come piccole manopole del volume. Quando qualcuno soffre di dolore cronico queste manopole sono girate, aumentando la sensibilit\u00e0 al dolore.<\/p>\n\n\n\n<figure class=\"wp-block-image size-large\"><img loading=\"lazy\" width=\"200\" height=\"200\" src=\"https:\/\/pre-prod.neurosymptoms.org\/wp-content\/uploads\/2020\/11\/Volume.jpg\" alt=\"\" class=\"wp-image-618\" srcset=\"https:\/\/neurosymptoms.org\/wp-content\/uploads\/2020\/11\/Volume.jpg 200w, https:\/\/neurosymptoms.org\/wp-content\/uploads\/2020\/11\/Volume-150x150.jpg 150w\" sizes=\"(max-width: 200px) 100vw, 200px\" \/><figcaption>\u2026 E\u2019 come avere un problema di software invece di un problema di hardware\u2026&nbsp;<br \/><br \/><\/figcaption><\/figure>\n\n\n\n<p>E\u2019 presente nella sezione \u201c<a href=\"https:\/\/pre-prod.neurosymptoms.org\/en_GB\/fnd-videos\/\" data-type=\"page\" data-id=\"1147\">media<\/a>\u201d di questo sito una selezione di video che spiegano il dolore cronico e le neuroscienze.<\/p>\n\n\n\n<h3><strong>Posso fare uno scan che \u201cprovi\u201d che il mio cervello non funziona propriamente?<\/strong><\/h3>\n\n\n\n<p>Al momento tutte le tecniche che sono in grado di mostrare questo malfunzionamento sono impiegate soltanto in studi di ricerca. Non siamo ancora al punto di utilizzare una risonanza funzionale per diagnosticare o \u201cprovare\u201d la presenza di FND.<\/p>\n\n\n\n<p>E\u2019 comprensibile il perch\u00e9 persone con FND vorrebbero avere delle prove che dimostrino chiaramente che c\u2019\u00e8 qualcosa che non funziona. Potrebbe aiutare a ridurre lo stigma sociale o convincere le persone che non credono che c\u2019\u00e8 qualcosa che DAVVERO sta accadendo a loro.<\/p>\n\n\n\n<p>Ma i neurologi, quando visitano pazienti con FND, non hanno bisogno di una risonanza per credere a ci\u00f2 che questi gli dicono. Molti altri pazienti con altri disordini presentano scan che sono totalmente nella norma.<\/p>\n\n\n\n<h3><strong>Il software, non l\u2019hardware<\/strong><\/h3>\n\n\n\n<p>Ci sono ancora moltissime cose che non sappiamo riguardo a cosa vada storto nel sistema nervoso per causare FND, ma non tutto \u00e8 un completo mistero.<\/p>\n\n\n\n<p>In molti disordini neurologici si pu\u00f2 vedere chiaramente quale sia il problema, o tramite uno scan, come per esempio nella sclerosi multipla, o tramite un microscopio, come nella malattia di Parkinson.<\/p>\n\n\n\n<p>I pazienti con FND non presentano danni al loro sistema nervoso, per questo non sorprende che i loro scan siano completamente normali e non mostrino segni di qualcosa che non vada. Il problema, invece, riguarda proprio il funzionamento del sistema nervoso.<\/p>\n\n\n\n<p>Se fossimo dei computer sarebbe come avere un problema di software piuttosto che uno di hardware. Se hai un bug al software sul tuo computer, esso potrebbe continuare a bloccarsi o lavorare molto lentamente. Non riusciremmo a risolvere il problema semplicemente aprendo il computer e guardando i suoi componenti. Non noteresti nulla di strano se guardassi il computer ai raggi-X.<\/p>\n\n\n\n<p>Il problema si potrebbe risolvere riprogrammando il computer e cercando di capire qual\u2019era il programma che causava il problema.<\/p>\n\n\n\n<p>Gli esseri umani sono chiaramente pi\u00f9 complicati dei computer. I nostri pensieri, comportamenti, sensazioni ed emozioni sono i nostri programmi.<\/p>\n\n\n\n<p>Questo ci porta alla sezione successiva, &#8220;<a href=\"https:\/\/www.neurosymptoms.org\/en_GB\/causes\/why-has-it-happened\/\">Perch\u00e9 \u00e8 successo?<\/a>&#8220;, che descrive ci\u00f2 che potrebbe rendere una persona vulnerabile allo sviluppare sintomi funzionali.<\/p>\n\n\n\n<p><\/p>\n","protected":false},"excerpt":{"rendered":"<p>La risposta a questa domanda \u00e8 che \u00e8 presente un problema nel funzionamento nel sistema nervoso centrale. <\/p>\n","protected":false},"author":65,"featured_media":0,"parent":1010,"menu_order":155,"comment_status":"closed","ping_status":"closed","template":"page-template\/symptom-details-page-template.php","meta":[],"_links":{"self":[{"href":"https:\/\/neurosymptoms.org\/it_IT\/wp-json\/wp\/v2\/pages\/616"}],"collection":[{"href":"https:\/\/neurosymptoms.org\/it_IT\/wp-json\/wp\/v2\/pages"}],"about":[{"href":"https:\/\/neurosymptoms.org\/it_IT\/wp-json\/wp\/v2\/types\/page"}],"author":[{"embeddable":true,"href":"https:\/\/neurosymptoms.org\/it_IT\/wp-json\/wp\/v2\/users\/65"}],"replies":[{"embeddable":true,"href":"https:\/\/neurosymptoms.org\/it_IT\/wp-json\/wp\/v2\/comments?post=616"}],"version-history":[{"count":228,"href":"https:\/\/neurosymptoms.org\/it_IT\/wp-json\/wp\/v2\/pages\/616\/revisions"}],"predecessor-version":[{"id":15789,"href":"https:\/\/neurosymptoms.org\/it_IT\/wp-json\/wp\/v2\/pages\/616\/revisions\/15789"}],"up":[{"embeddable":true,"href":"https:\/\/neurosymptoms.org\/it_IT\/wp-json\/wp\/v2\/pages\/1010"}],"wp:attachment":[{"href":"https:\/\/neurosymptoms.org\/it_IT\/wp-json\/wp\/v2\/media?parent=616"}],"curies":[{"name":"wp","href":"https:\/\/api.w.org\/{rel}","templated":true}]}}