{"id":611,"date":"2020-11-30T16:10:36","date_gmt":"2020-11-30T16:10:36","guid":{"rendered":"https:\/\/ftd.cognihealth.in\/?page_id=611"},"modified":"2024-11-01T03:39:37","modified_gmt":"2024-11-01T03:39:37","slug":"ibs-chest-and-other-symptoms","status":"publish","type":"page","link":"https:\/\/neurosymptoms.org\/it_IT\/symptoms\/common-associated-symptoms\/ibs-chest-and-other-symptoms\/","title":{"rendered":"Altri sintomi comunemente associati"},"content":{"rendered":"\n<p>Diversi studi hanno dimostrato che i pazienti con sintomi neurologici funzionali hanno spesso anche altri tipi di sintomi funzionali associati a diverse aree del corpo, tra cui:&nbsp;<\/p>\n\n\n\n<p>Sindrome dell\u2019intestino irritabile<br \/>Inspiegabile bruciore retrosternale e indigestione (dispepsia funzionale)<br \/>Fibromialgia (vedi&nbsp;<a href=\"https:\/\/pre-prod.neurosymptoms.org\/it_IT\/symptoms\/common-associated-symptoms\/pain\/\" data-type=\"page\" data-id=\"743\">dolore<\/a>)<br \/>Disfunzione dell\u2019articolazione temporo\/mandibolare<br \/>Dolore facciale atipico<br \/>Sindrome di ematuria di dolore lombare<br \/>Fatica cronica inspiegabile (vedi&nbsp;<a href=\"https:\/\/pre-prod.neurosymptoms.org\/it_IT\/symptoms\/common-associated-symptoms\/fatigue\/\" data-type=\"page\" data-id=\"541\">fatica<\/a>)<br \/>Dolore pelvico cronico<br \/>Dolore toracico atipico<br \/>Iperventilazione cronica<\/p>\n\n\n\n<p>Talvolta, questo riflette una generale e duratura vulnerabilit\u00e0 a sviluppare questi tipi di sintomi; spesso, i differenti sintomi si alternano tra loro a partire dalla tarda adolescenza fino ai vent\u2019anni.<\/p>\n\n\n\n<p>Ma non sempre \u00e8 cos\u00ec. Potresti anche avere uno solo dei sintomi funzionali descritti in questo sito, oppure potresti aver goduto di ottima salute per 40-50 anni e sviluppare una moltitudine di sintomi funzionali per la prima volta.<\/p>\n\n\n\n<p>Ma potrebbe essere utile sapere che, se ti trovi a dover consultare il tuo medico o diversi specialisti a causa di molti diversi sintomi e \u201cnon salta fuori niente\u201d, non sei il solo in questa situazione. Questo \u00e8 un pattern di presentazione dei disturbi funzionali ben noto a chi lavora con pazienti affetti da questi disturbi.<\/p>\n\n\n\n<figure class=\"wp-block-image size-large is-resized\"><img loading=\"lazy\" src=\"https:\/\/pre-prod.neurosymptoms.org\/wp-content\/uploads\/2021\/06\/Screenshot-2021-06-08-at-12.08.30.png\" alt=\"\" class=\"wp-image-2175\" width=\"367\" height=\"624\" srcset=\"https:\/\/neurosymptoms.org\/wp-content\/uploads\/2021\/06\/Screenshot-2021-06-08-at-12.08.30.png 598w, https:\/\/neurosymptoms.org\/wp-content\/uploads\/2021\/06\/Screenshot-2021-06-08-at-12.08.30-177x300.png 177w\" sizes=\"(max-width: 367px) 100vw, 367px\" \/><figcaption>I sintomi funzionali spesso si manifestano in pi\u00f9 parti del corpo, ma possono essere parte della stessa malattia.&nbsp;<br \/><br \/><\/figcaption><\/figure>\n\n\n\n<p>Questa pagina \u00e8 qui per aiutarti a \u201cunire i puntini\u201d tra i diversi specialisti che tendono a prendere in considerazione solo i sintomi relativi alla loro area specifica. Ovviamente \u00e8 importante che la diagnosi sia formulata da un professionista qualificato. Ed \u00e8 importante che tu non pensi di avere una delle condizioni elencate solo perch\u00e9 soffri di disturbo neurologico funzionale.&nbsp;<\/p>\n\n\n\n<h3><strong>Sindrome dell\u2019intestino irritabile (SII)<\/strong><\/h3>\n\n\n\n<p>Questa comune condizione si presenta generalmente con gonfiore o dolore addominale associato a stipsi e\/o diarrea. Insieme ad altri problemi addominali di natura funzionale, la SII si riscontra da un terzo fino a met\u00e0 di tutti i pazienti visitati in un ambulatorio gastroenterologico ospedaliero. Come nel caso dei sintomi neurologici funzionali, non c\u2019\u00e8 una malattia organica alla base dei sintomi. I gastroenterologi interpretano la sindrome dell\u2019intestino irritabile come un problema reale causato da un alterato funzionamento del tratto gastrointestinale. In questo disturbo probabilmente viene meno il controllo del sistema nervoso sull\u2019intestino.<\/p>\n\n\n\n<p>La sindrome dell\u2019intestino irritabile \u00e8 stata definita da specialisti gastroenterologi come segue:<\/p>\n\n\n\n<p>Almeno 3 mesi, con esordio almeno 6 mesi prima, di dolore o fastidio* addominale ricorrente, associato a 2 o pi\u00f9 dei seguenti segni:<\/p>\n\n\n\n<ul><li>Miglioramento con la defecazione; e\/o<\/li><li>Esordio associato ad un cambiamento nella frequenza della defecazione; e\/o<\/li><li>Esordio associato ad un cambiamento nella forma (consistenza) delle feci<\/li><\/ul>\n\n\n\n<p>*sensazione spiacevole non identificabile con il dolore.<\/p>\n\n\n\n<p>Per saperne di pi\u00f9 sulla Sindrome dell\u2019intestino irritabile visita le seguenti pagine:&nbsp;<\/p>\n\n\n\n<p><a href=\"http:\/\/www.theibsnetwork.org\/\">The IBS Network \u2013<\/a>&nbsp;un\u2019organizzazione inglese per persone con sindrome dell\u2019intestino irritabile&nbsp;<\/p>\n\n\n\n<p><a href=\"https:\/\/theromefoundation.org\/\">The Rome Foundation<\/a>&nbsp;\u2013 un\u2019organizzazione di professionisti sanitari che si occupa di disturbi gastrointestinali funzionali<\/p>\n\n\n\n<h3><strong>Dispepsia funzionale<\/strong><\/h3>\n\n\n\n<p>Si verifica quando le persone avvertono bruciore allo stomaco o sintomi di indigestione, ma non si trovano chiare cause di questi sintomi mediante una gastroscopia o altri test. La dispepsia funzionale \u00e8 stata definita dagli specialisti gastroenterologi come segue:<\/p>\n\n\n\n<p>Almeno 3 mesi, con esordio almeno 6 mesi prima, di 1 o pi\u00f9 dei seguenti segni:<\/p>\n\n\n\n<ul><li>Fastidiosa sensazione di pienezza dopo i pasti<\/li><li>Saziet\u00e0 precoce<\/li><li>&nbsp;Dolore epigastrico<\/li><li>&nbsp;Bruciore epigastrico<\/li><li>Mancata evidenza di malattia organica (anche dopo esecuzione di una gastroscopia) in grado di spiegare i sintomi<\/li><\/ul>\n\n\n\n<h3><strong>Dolore Pelvico Cronico<\/strong><\/h3>\n\n\n\n<p>Nelle donne con sintomi neurologici funzionali spesso si assiste al peggioramento di eventuali, precedenti problemi ginecologici. Questi potrebbero includere:<\/p>\n\n\n\n<ul><li>Eccessivo dolore mestruale<\/li><li>Mestruazioni abbondanti<\/li><li>Dolore pelvico cronico<\/li><\/ul>\n\n\n\n<p>A causa di questi sintomi, c\u2019\u00e8 un tasso molto pi\u00f9 elevato di isterectomia (rimozione dell\u2019utero) nei pazienti con sintomi neurologici funzionali rispetto alla popolazione generale.<\/p>\n\n\n\n<p>Anche se c\u2019\u00e8 una chiara associazione tra i disturbi neurologici funzionali e questi problemi ginecologici, non si sa esattamente cosa stia alla base di ci\u00f2. Una generale vulnerabilit\u00e0 a sviluppare sintomi e sindromi dolorose potrebbe essere alla base di tutto. Pu\u00f2 essere che condizioni cliniche che possono causare il dolore pelvico come ad esempio l\u2019endometriosi, creino un precedente per lo sviluppo del dolore cronico in seguito.&nbsp;<\/p>\n\n\n\n<p>La cosa pi\u00f9 utile da sapere in questo caso \u00e8 che se tu hai effettivamente una storia di problemi ginecologici e adesso hai sintomi neurologici funzionali, potrebbe non trattarsi di una coincidenza.<\/p>\n\n\n\n<p>Gli uomini con sintomi neurologici funzionali sono probabilmente ancora pi\u00f9 predisposti a sviluppare sintomi analoghi (ad esempio dolore testicolare), anche se ci sono meno studi a riguardo.<\/p>\n\n\n\n<h3><strong>Dolore toracico atipico<\/strong><\/h3>\n\n\n\n<p>Circa un terzo delle persone che si presentano in un ambulatorio lamentando un dolore toracico non presenta segni di malattia coronarica arteriosa, problemi allo stomaco\/esofago o altre cause note che possono spiegare i loro sintomi. Nonostante ci\u00f2, il loro dolore \u00e8 del tutto reale, potrebbe essere ricorrente ed \u00e8 preoccupante poich\u00e9 ricorda i sintomi di angina o di infarto cardiaco.<\/p>\n\n\n\n<p>Spesso questa condizione \u00e8 chiamata \u201cdolore toracico atipico\u201d. Questo \u00e8 un altro sintomo funzionale, meglio interpretato come una sindrome dolorosa che colpisce il torace (vedi <a href=\"https:\/\/pre-prod.neurosymptoms.org\/it_IT\/symptoms\/common-associated-symptoms\/pain\/\" data-type=\"page\" data-id=\"743\">dolore<\/a>). Il dolore al torace \u00e8 allarmante. Anche la sensazione di allarme, nella forma di ansia severa acuta (detta <a href=\"https:\/\/pre-prod.neurosymptoms.org\/it_IT\/symptoms\/common-associated-symptoms\/worry-panic\/\" data-type=\"page\" data-id=\"598\">panico<\/a>), tipicamente causa una sensazione di stretta toracica. E\u2019 facile capire come queste due condizioni possono far s\u00ec che l\u2019una peggiori l\u2019altra in un circolo vizioso.<\/p>\n\n\n\n<p>E\u2019 importante riconoscere, per\u00f2, che alcune persone con dolore toracico atipico non sono ansiose e non soffrono di attacchi di panico.<\/p>\n\n\n\n<h3><strong>Iperventilazione cronica<\/strong><\/h3>\n\n\n\n<p>Le persone con iperventilazione cronica (respiro troppo veloce e\/o troppo profondo) possono avere una serie di sintomi neurologici che includono vertigini, formicolio, stanchezza, e mancanza di respiro. Le persone con iperventilazione cronica spesso notano di essere senza respiro o che respirano sospirando. I pazienti potrebbero avere una bassa concentrazione di anidride carbonica nel sangue per aver respirato troppo, e questo aumenta i sintomi in modo fisiologico.<\/p>\n\n\n\n<p>Il trattamento, chiamato ri-addestramento al respiro, si propone di migliorare il respiro, e pu\u00f2 essere molto utile nel migliorare anche altri sintomi presenti nel paziente.<\/p>\n","protected":false},"excerpt":{"rendered":"<p>Sindrome dell&#8217;intestino irritabile, dispepsia funzionale, dolore toracico atipico e respiro disfunzionale sono tutti esempi di altri disturbi e sintomi funzionali <\/p>\n","protected":false},"author":65,"featured_media":0,"parent":939,"menu_order":277,"comment_status":"closed","ping_status":"closed","template":"page-template\/symptom-details-page-template.php","meta":[],"_links":{"self":[{"href":"https:\/\/neurosymptoms.org\/it_IT\/wp-json\/wp\/v2\/pages\/611"}],"collection":[{"href":"https:\/\/neurosymptoms.org\/it_IT\/wp-json\/wp\/v2\/pages"}],"about":[{"href":"https:\/\/neurosymptoms.org\/it_IT\/wp-json\/wp\/v2\/types\/page"}],"author":[{"embeddable":true,"href":"https:\/\/neurosymptoms.org\/it_IT\/wp-json\/wp\/v2\/users\/65"}],"replies":[{"embeddable":true,"href":"https:\/\/neurosymptoms.org\/it_IT\/wp-json\/wp\/v2\/comments?post=611"}],"version-history":[{"count":131,"href":"https:\/\/neurosymptoms.org\/it_IT\/wp-json\/wp\/v2\/pages\/611\/revisions"}],"predecessor-version":[{"id":15602,"href":"https:\/\/neurosymptoms.org\/it_IT\/wp-json\/wp\/v2\/pages\/611\/revisions\/15602"}],"up":[{"embeddable":true,"href":"https:\/\/neurosymptoms.org\/it_IT\/wp-json\/wp\/v2\/pages\/939"}],"wp:attachment":[{"href":"https:\/\/neurosymptoms.org\/it_IT\/wp-json\/wp\/v2\/media?parent=611"}],"curies":[{"name":"wp","href":"https:\/\/api.w.org\/{rel}","templated":true}]}}