{"id":606,"date":"2020-11-30T16:08:47","date_gmt":"2020-11-30T16:08:47","guid":{"rendered":"https:\/\/ftd.cognihealth.in\/?page_id=606"},"modified":"2025-10-16T08:53:14","modified_gmt":"2025-10-16T08:53:14","slug":"visuals-symptoms","status":"publish","type":"page","link":"https:\/\/neurosymptoms.org\/it_IT\/symptoms\/fnd-symptoms\/visuals-symptoms\/","title":{"rendered":"Sintomi visivi"},"content":{"rendered":"\n<p>I sintomi visivi possono essere di tipo funzionale o dissociativo. I seguenti tipi di sintomi sono piuttosto comuni nei pazienti affetti da FND:<\/p>\n\n\n\n<h3><strong>Visione offuscata<\/strong><\/h3>\n\n\n\n<p>Tipicamente le persone si lamentano del fatto che la loro vista si offusca di tanto in tanto, per cui sono costrette a strizzare gli occhi per tornare a vedere bene. Talvolta la vista pu\u00f2 anche sdoppiarsi. Questi sintomi sono spesso dovuti ad uno \u201cspasmo in convergenza\u201d. Questo avviene quando uno degli occhi \u201cvira\u201d troppo verso il naso. La convergenza \u00e8 un normale movimento oculare ma talvolta questo movimento \u00e8 esagerato nei pazienti con sintomi funzionali.<\/p>\n\n\n\n<figure class=\"wp-block-image size-large\"><img loading=\"lazy\" width=\"329\" height=\"294\" src=\"https:\/\/pre-prod.neurosymptoms.org\/wp-content\/uploads\/2020\/11\/Visual-Symptom-Image-1.png\" alt=\"\" class=\"wp-image-607\" srcset=\"https:\/\/neurosymptoms.org\/wp-content\/uploads\/2020\/11\/Visual-Symptom-Image-1.png 329w, https:\/\/neurosymptoms.org\/wp-content\/uploads\/2020\/11\/Visual-Symptom-Image-1-300x268.png 300w\" sizes=\"(max-width: 329px) 100vw, 329px\" \/><figcaption>Avere un campo visivo ridotto \u00e8 un segno tipico dei sintomi visivi funzionali<\/figcaption><\/figure>\n\n\n\n<h3><strong>Sensibilit\u00e0 alla luce (fotofobia)<\/strong><\/h3>\n\n\n\n<p>Questa \u00e8 comune nelle persone con <a href=\"https:\/\/pre-prod.neurosymptoms.org\/it_IT\/symptoms\/common-associated-symptoms\/fatigue\/\" data-type=\"page\" data-id=\"541\">sindrome da fatica cronica<\/a>. Ma potrebbe anche essere presente in persone affette da <a href=\"https:\/\/pre-prod.neurosymptoms.org\/it_IT\/symptoms\/fnd-symptoms\/functional-limb-weakness\/\" data-type=\"page\" data-id=\"512\">debolezza funzionale <\/a>e <a href=\"https:\/\/pre-prod.neurosymptoms.org\/it_IT\/symptoms\/fnd-symptoms\/functional-sensory-symptoms\/\" data-type=\"page\" data-id=\"532\">sintomi sensitivi<\/a>. Spesso le persone sono pi\u00f9 sensibili alla luce nello stesso lato della debolezza. La luce forte potrebbe anche portare ad un peggioramento della debolezza.<\/p>\n\n\n\n<p>Una risposta naturale a questo sintomo \u00e8 spesso data dall\u2019indossare occhiali scuri. Il problema \u00e8 che questo atteggiamento tende a rendere gli occhi ancora pi\u00f9 sensibili alla luce. L\u2019approccio migliore alla sensibilit\u00e0 alla luce \u00e8 esporre gradualmente gli occhi ad una luce via via pi\u00f9 intensa.<\/p>\n\n\n\n<h3><strong>Visione ridotta<\/strong><\/h3>\n\n\n\n<p>Pi\u00f9 raramente le persone potrebbero sperimentare una perdita significativa della vista in uno o entrambi gli occhi. Occasionalmente queste persone possono arrivare a non vedere assolutamente nulla. In questa situazione la diagnosi di cecit\u00e0 funzionale sar\u00e0 fatta mediante test che mostrano che le pupille reagiscono normalmente, gli occhi sono in grado di seguire uno stimolo in movimento e le parti del cervello che hanno a che fare con la visione sono intatte.<\/p>\n\n\n\n<p>Le persone con sintomi visivi funzionali potrebbero avere sintomi clinici come un \u201cdifetto campimetrico tubulare\u201d o un campo visivo \u201ca spirale\u201d se sottoposte al test del campo visivo (vedi figura).<\/p>\n\n\n\n<figure class=\"wp-block-image size-large\"><img loading=\"lazy\" width=\"313\" height=\"277\" src=\"https:\/\/pre-prod.neurosymptoms.org\/wp-content\/uploads\/2020\/11\/Visual-Symptom-Image-2.png\" alt=\"\" class=\"wp-image-608\" srcset=\"https:\/\/neurosymptoms.org\/wp-content\/uploads\/2020\/11\/Visual-Symptom-Image-2.png 313w, https:\/\/neurosymptoms.org\/wp-content\/uploads\/2020\/11\/Visual-Symptom-Image-2-300x265.png 300w\" sizes=\"(max-width: 313px) 100vw, 313px\" \/><figcaption>Campi visivi a &#8220;spirale&#8221; possono essere riscontrati durante un test del campo visivo e possono essere un segno indicativo di sintomi visivi funzionali<\/figcaption><\/figure>\n\n\n\n<p>Il tipo pi\u00f9 comune di disturbo visivo funzionale di solito \u00e8 associato ad un offuscamento intermittente e incapacit\u00e0 di vedere bene da un occhio quando l\u2019altro viene coperto. \u00c9 anche molto comune che la visione sembri molto peggiore nel corso di un esame della vista o quando sono esaminati da un dottore rispetto a com\u2019\u00e8 di solito. Il fatto che le capacit\u00e0 visive peggiorino quando qualcuno si sta focalizzando su questi sintomi \u00e8 un tratto tipico di molti sintomi FND.<\/p>\n\n\n\n<p>Non ci sono ad oggi molte ricerche sui trattamenti pi\u00f9 efficaci per la perdita della vista negli FND.&nbsp;<\/p>\n\n\n\n<p>Questo articolo include l\u2019esperienza clinica di alcuni neurologi che hanno avuto a che fare con pazienti con cecit\u00e0 funzionale: Seeing again: treatment of functional visual loss. Jing Ming Yeo, Alan Carson, Jon Stone. Practical Neurology 2019: 19: 168-72<\/p>\n\n\n\n<p><a href=\"https:\/\/pn.bmj.com\/content\/19\/2\/168.long\">https:\/\/pn.bmj.com\/content\/19\/2\/168.long<\/a><\/p>\n\n\n\n<h3><strong>\u201cEffetto neve\u201d e fenomeni di persistenza visiva<\/strong><\/h3>\n\n\n\n<p>Talvolta le persone si lamentano di vedere \u201cneve\u201d davanti agli occhi. Questo potrebbe essere dovuto ad un problema dell\u2019occhio e del cervello, ma pu\u00f2 anche essere un fenomeno normale. Se una persona fissa uno sfondo scuro, pu\u00f2 accorgersi della presenza di oggetti sfuocati simili a fiocchi di neve o macchie di colore che sembrano muoversi intorno al campo visivo. In certe persone questo fenomeno persiste, probabilmente perch\u00e9 la persona presta particolare attenzione ad esso. Normalmente il cervello blocca queste informazioni visive inutili. Alcune ricerche collegano questo fenomeno all\u2019emicrania.&nbsp;<\/p>\n\n\n\n<p>Alcuni pazienti potrebbero anche lamentarsi di un fenomeno di \u201cpersistenza\u201d delle immagini, specialmente se fissano a lungo un oggetto o se stanno seguendo un oggetto in rapido movimento. Come nel caso dell\u2019&#8221;effetto neve\u201d, \u00e8 importante escludere una causa neurologica o oftalmologica di questo fenomeno, ma esso pu\u00f2 insorgere, al pari dell\u2019\u201deffetto neve\u201d, anche senza che vi sia una malattia neurologica presente. Anche in questo caso si tratta di un malfunzionamento del meccanismo di \u201cfiltro\u201d cerebrale che blocca le informazioni visive in eccesso.<\/p>\n\n\n\n<figure class=\"wp-block-image size-large\"><img loading=\"lazy\" width=\"217\" height=\"99\" src=\"https:\/\/pre-prod.neurosymptoms.org\/wp-content\/uploads\/2020\/11\/Visual-Symptom-Image-3.jpg\" alt=\"\" class=\"wp-image-609\"\/><figcaption>Questa \u00e8 una nuova organizzazione che si occupa di far conoscere e spiegare l\u2019effetto neve <a href=\"https:\/\/www.visualsnowinitiative.org\/\">https:\/\/www.visualsnowinitiative.org\/<\/a>&nbsp;<br \/><br \/><\/figcaption><\/figure>\n","protected":false},"excerpt":{"rendered":"<p>Visione offuscata, perdita di campo visivo, sensibilit\u00e0 alla luce e neve visiva<\/p>\n","protected":false},"author":65,"featured_media":0,"parent":937,"menu_order":293,"comment_status":"closed","ping_status":"closed","template":"page-template\/symptom-details-page-template.php","meta":[],"_links":{"self":[{"href":"https:\/\/neurosymptoms.org\/it_IT\/wp-json\/wp\/v2\/pages\/606"}],"collection":[{"href":"https:\/\/neurosymptoms.org\/it_IT\/wp-json\/wp\/v2\/pages"}],"about":[{"href":"https:\/\/neurosymptoms.org\/it_IT\/wp-json\/wp\/v2\/types\/page"}],"author":[{"embeddable":true,"href":"https:\/\/neurosymptoms.org\/it_IT\/wp-json\/wp\/v2\/users\/65"}],"replies":[{"embeddable":true,"href":"https:\/\/neurosymptoms.org\/it_IT\/wp-json\/wp\/v2\/comments?post=606"}],"version-history":[{"count":113,"href":"https:\/\/neurosymptoms.org\/it_IT\/wp-json\/wp\/v2\/pages\/606\/revisions"}],"predecessor-version":[{"id":15829,"href":"https:\/\/neurosymptoms.org\/it_IT\/wp-json\/wp\/v2\/pages\/606\/revisions\/15829"}],"up":[{"embeddable":true,"href":"https:\/\/neurosymptoms.org\/it_IT\/wp-json\/wp\/v2\/pages\/937"}],"wp:attachment":[{"href":"https:\/\/neurosymptoms.org\/it_IT\/wp-json\/wp\/v2\/media?parent=606"}],"curies":[{"name":"wp","href":"https:\/\/api.w.org\/{rel}","templated":true}]}}