{"id":598,"date":"2020-11-30T15:12:48","date_gmt":"2020-11-30T15:12:48","guid":{"rendered":"https:\/\/ftd.cognihealth.in\/?page_id=598"},"modified":"2025-06-03T09:48:00","modified_gmt":"2025-06-03T09:48:00","slug":"worry-panic","status":"publish","type":"page","link":"https:\/\/neurosymptoms.org\/it_IT\/symptoms\/common-associated-symptoms\/worry-panic\/","title":{"rendered":"Preoccupazione\/ Panico"},"content":{"rendered":"\n<p>Ansia e panico sono comuni nei pazienti con sintomi neurologici funzionali e dissociativi. Tuttavia, non tutti i pazienti con sintomi neurologici funzionali e dissociativi sono ansiosi (o depressi).<\/p>\n\n\n\n<p>Ansia e panico sono molto comuni anche nell\u2019epilessia ed in altre malattie neurologiche.<\/p>\n\n\n\n<p>Questo sito non si propone di discutere nel dettaglio questi sintomi. Di seguito potrai trovare alcuni link a pagine che esplorano questi sintomi pi\u00f9 in dettaglio.<\/p>\n\n\n\n<figure class=\"wp-block-pullquote\"><blockquote><p>\u2026Sentirsi sfinito, teso, agitato, o inquieto, affaticarsi facilmente, aver problemi di concentrazione, irritabilit\u00e0, una significativa tensione nei muscoli e difficolt\u00e0 a dormire, sono tutti elementi caratteristici di ansia ed eccessiva preoccupazione&#8230;&nbsp;<\/p><\/blockquote><\/figure>\n\n\n\n<p>Tuttavia, alcuni aspetti di queste condizioni meritano di essere affrontati specialmente per quanto riguarda il rapporto tra questi disturbi e gli FND:<\/p>\n\n\n\n<ul><li>Se soffri di ansia o attacchi di panico, non significa che questi siano la causa dei tuoi sintomi. Potresti essere infastidito dal&nbsp; fatto che i medici ti chiedono se sei ansioso o depresso, ma ricorda che un buon medico dovrebbe sempre farti queste domande, indipendentemente dalla tua diagnosi. Per esempio, i pazienti con sclerosi multipla possono soffrire di ansia o depressione. Quando ci\u00f2 accade, la qualit\u00e0 della loro vita \u00e8 generalmente peggiore, per cui \u00e8 importante&nbsp;fare tutto il possibile per migliorare la loro condizione. La situazione \u00e8 la stessa nel caso dei sintomi funzionali.<\/li><li>Riconoscere di provare ansia o attacchi di panico non significa essere \u201cnevrotici\u201d, \u201cfuori di testa\u201d, \u201cdeboli di nervi\u201d o altre cose del genere che certe persone (forse anche te!) pensano. Ci sono un sacco di pregiudizi su questo genere di problemi e non \u00e8 sempre facile affrontarli.<\/li><li>La causa pi\u00f9 comune di ansia o preoccupazione nei pazienti con sintomi funzionali \u00e8 la preoccupazione riguardo ai sintomi stessi. A cosa sono dovuti? Perch\u00e9 nessuno sembra credermi? Sto diventando pazzo? Diverr\u00f2 disabile nel futuro? Il fatto che la preoccupazione riguardi i sintomi non significa che non si tratti di vera \u201cpreoccupazione\u201d. Talvolta la stessa <a href=\"https:\/\/pre-prod.neurosymptoms.org\/it_IT\/symptoms\/common-associated-symptoms\/health-anxiety\/\" data-type=\"page\" data-id=\"600\">ansia riguardo la propria salute<\/a> pu\u00f2 diventare un problema opprimente.<\/li><li>In alcune persone con disturbi neurologici funzionali, i disturbi d\u2019ansia (inclusi il panico e la sindrome da stress post-traumatico) sono problemi molto seri che necessitano della stessa attenzione che viene data ai sintomi funzionali, se si vuole comprendere e trattare il disturbo presente nella persona in modo completo. Puoi trovare maggiori informazioni nella pagina dedicata alla <a href=\"https:\/\/pre-prod.neurosymptoms.org\/it_IT\/treatment-2\/psychological-therapy\/\" data-type=\"page\" data-id=\"641\">terapia psicologica<\/a>.&nbsp;<\/li><\/ul>\n\n\n\n<p>Molti pazienti non sanno quali sono i criteri usati per formulare una diagnosi di ansia o attacchi di panico. Qui riportiamo i criteri clinici, usati in tutto il mondo, per formulare una diagnosi di disturbo d\u2019ansia o attacchi di panico. Questi criteri sono stati formulati dall\u2019Associazione Americana di Psichiatria (DSM-IV e DSM-5).<\/p>\n\n\n\n<p>La psichiatria e la psicologia, per\u00f2, non dovrebbero basarsi solamente sullo \u201cspuntare delle caselle\u201d. Le persone sono molto pi\u00f9 complicate di cos\u00ec. Per questa regione la maggior parte dei professionisti della salute mentale considerano questi criteri come delle linee guida per formulare una diagnosi.&nbsp;<\/p>\n\n\n\n<p>Tuttavia, questi criteri diagnostici sono stati inseriti qui in modo che ogni paziente possa dare un\u2019occhiata ai sintomi e decidere da solo se nel proprio caso pu\u00f2 valer la pena approfondire questo aspetto.<\/p>\n\n\n\n<h3><strong>Ansia generalizzata<\/strong><\/h3>\n\n\n\n<p>A. Almeno 6 mesi di \u201ceccessiva ansia e preoccupazione\u201d riguardanti una variet\u00e0 di eventi e situazioni. Generalmente, l\u2019aggettivo \u201ceccessiva\u201d significa \u201cpi\u00f9 di quello che ci si aspetterebbe\u201d per una particolare situazione o evento. La maggior parte delle persone prova ansia per determinate cose, ma normalmente l\u2019intensit\u00e0 dell\u2019ansia \u00e8 adeguata alla situazione.<\/p>\n\n\n\n<p>B. C\u2019\u00e8 una difficolt\u00e0 significativa nel controllare l\u2019ansia e la preoccupazione. Questo criterio \u00e8 soddisfatto nel caso il soggetto sia costretto a compiere uno sforzo molto intenso per recuperare il controllo, rilassarsi o convivere con l\u2019ansia e la preoccupazione.<\/p>\n\n\n\n<p>C. La presenza, per la maggior parte dei giorni, nei precedenti 6 mesi, di 3 o pi\u00f9 (solo 1 per i bambini) dei seguenti sintomi:<\/p>\n\n\n\n<ol><li>Sentirsi agitati, tesi o irrequieti<\/li><li>Affaticarsi facilmente e sentirsi sempre stanchi<\/li><li>Avere problemi di concentrazione<\/li><li>Sentirsi irritabili<\/li><li>Avere una tensione significativa a livello muscolare<\/li><li>&nbsp;Avere problemi di sonno<\/li><\/ol>\n\n\n\n<p>D. I sintomi non sono associati ad un altro disturbo mentale.<\/p>\n\n\n\n<p>E. I sintomi causano una \u201cdifficolt\u00e0 clinicamente significativa\u201d o problemi di funzionamento nella vita di tutti i giorni. \u201cClinicamente significativo\u201d rappresenta l\u2019elemento in base al quale viene presa la decisione di intraprendere un trattamento. Alcune persone possono avere alcuni dei sintomi descritti in precedenza ma riescono a convivere con essi in modo da mantenere un alto livello di funzionamento.<\/p>\n\n\n\n<p>F. La condizione non \u00e8 dovuta ad abuso di sostanze o ad un problema medico.<\/p>\n\n\n\n<h3><strong>Attacco di panico&nbsp;<\/strong><\/h3>\n\n\n\n<p>Un limitato periodo di tempo caratterizzato da paura intensa o malessere, in cui quattro (o pi\u00f9) dei seguenti sintomi si sviluppano improvvisamente e raggiungono il picco di massima intensit\u00e0 entro 10 minuti:<\/p>\n\n\n\n<p>1) Palpitazioni, batticuore, o battito cardiaco accelerato<\/p>\n\n\n\n<p>2) Sudorazione<\/p>\n\n\n\n<p>3) Tremore o convulsioni<\/p>\n\n\n\n<p>4) Sensazione di respiro corto o affannoso<\/p>\n\n\n\n<p>5) Sensazione di soffocamento<\/p>\n\n\n\n<p>6) Dolore o fastidio al torace<\/p>\n\n\n\n<p>7) Nausea o malessere intestinale<\/p>\n\n\n\n<p>8) Sentirsi storditi, instabili, con la testa leggera, sul punto di svenire<\/p>\n\n\n\n<p>9) Derealizzazione (sensazione di irrealt\u00e0) o depersonalizzazione (sentirsi staccati da se stessi)<\/p>\n\n\n\n<p>10) Paura di perdere il controllo o diventare pazzo<\/p>\n\n\n\n<p>11) Paura di morire<\/p>\n\n\n\n<p>12) Parestesie (intorpidimento o formicolio)<\/p>\n\n\n\n<p>13) Brividi o vampate di calore<\/p>\n\n\n\n<h3><strong>Agorafobia<\/strong><\/h3>\n\n\n\n<p>A) Ansia associata al fatto di trovarsi in luoghi o situazioni da cui scappare potrebbe essere difficile (o imbarazzante) o in cui potrebbe non essere disponibile aiuto nel caso di attacco di panico (o sintomi analoghi) inaspettato o provocato dalla situazione contingente. Le paure associate all\u2019agorafobia tipicamente riguardano situazioni caratteristiche come: trovarsi fuori casa da soli; essere in mezzo aduna folla, o stare in fila; essere su un ponte; viaggiare in bus, treno o automobile.<\/p>\n\n\n\n<p>B) Le situazioni sono evitate (ad esempio si evita di viaggiare), o sono affrontate con marcato stress o con l\u2019ansia di avere un attacco di panico o sintomi analoghi, o richiedono la presenza di un\u2019altra persona accanto.<\/p>\n\n\n\n<p>C) L\u2019ansia o l\u2019evitamento di tipo fobico non sono meglio spiegati da un altro disturbo mentale.<\/p>\n\n\n\n<h3><strong>Disturbo da Stress Post-Traumatico<\/strong><\/h3>\n\n\n\n<p><strong>Criterio A: presenza di un fattore stressante (richiesto almeno uno)<\/strong><\/p>\n\n\n\n<p>La persona \u00e8 stata esposta a: morte, paura della morte, grave trauma vero o preannunciato, violenze sessuali reali o minacciate, nei seguenti modi:&nbsp;<\/p>\n\n\n\n<ul><li>Diretta esposizione<\/li><li>Essere testimoni dell\u2019evento traumatico<\/li><li>Venire a conoscenza che un parente o un amico stretto \u00e8 stato esposto ad un evento traumatico&nbsp;<\/li><li>Esposizione indiretta a dettagli spiacevoli di un trauma, spesso nel corso di mansioni professionali (es., medici o primo soccorso)&nbsp;<\/li><\/ul>\n\n\n\n<p><strong>Criterio B: sintomi invadenti (richiesto almeno uno)<\/strong><\/p>\n\n\n\n<p>L\u2019evento traumatico \u00e8 persistentemente ri-vissuto nel\/nei seguente\/i modo\/i:&nbsp;<\/p>\n\n\n\n<ul><li>Ricordi tristi non voluti&nbsp;<\/li><li>Incubi<\/li><li>Flashbacks<\/li><li>Stress emotivo dopo l\u2019esposizione a ricordi traumatici<\/li><li>Reattivit\u00e0 fisica dopo l\u2019esposizione a ricordi traumatici<\/li><\/ul>\n\n\n\n<p><strong>Criterio C: evitamento (uno richiesto)<\/strong><\/p>\n\n\n\n<p>La persona tende ad evitare stimoli che possono ricordare il trauma dopo che esso \u00e8 accaduto, in uno dei seguenti modi:&nbsp;<\/p>\n\n\n\n<ul><li>Pensieri o emozioni legati al trauma&nbsp;<\/li><li>Situazioni esterne che ricordano il trauma<\/li><\/ul>\n\n\n\n<p><strong>Criterio D: Peggioramento nelle funzioni cognitive e nell\u2019umore (due richiesti)<\/strong><\/p>\n\n\n\n<p>Pensieri o sentimenti negativi che iniziano o peggiorano dopo il trauma, in uno dei seguenti modi:<\/p>\n\n\n\n<ul><li>Incapacit\u00e0 di ricordare elementi chiave del trauma<\/li><li>Pensieri o idee di natura eccessivamente negativa circa se stessi o il mondo&nbsp;<\/li><li>Incolpare eccessivamente se stessi o altri per aver causato il trauma&nbsp;<\/li><li>Emozioni negative<\/li><li>Diminuito interesse nelle attivit\u00e0<\/li><li>Sentimento di isolamento&nbsp;<\/li><li>Difficolta\u2019 a vivere emozioni positive<\/li><\/ul>\n\n\n\n<p><strong>Criterio E: cambiamenti nell\u2019eccitazione e nella reattivit\u00e0<\/strong><\/p>\n\n\n\n<p>Eccitazione e reattivit\u00e0 associate al trauma che iniziano o peggiorano dopo il trauma in uno dei seguenti modi:&nbsp;<\/p>\n\n\n\n<ul><li>Irritabilit\u00e0 o aggressivit\u00e0<\/li><li>Comportamenti rischiosi o distruttivi&nbsp;<\/li><li>Ipervigilanza&nbsp;<\/li><li>Reazione di sorpresa eccessiva&nbsp;<\/li><li>Difficolt\u00e0 a concentrarsi&nbsp;<\/li><li>Difficolt\u00e0 a dormire<\/li><\/ul>\n\n\n\n<p>In aggiunta, gli psichiatri richiedono che i sintomi siano stati presenti per almeno un mese, che causino difficolt\u00e0 per la persona e che non siano dovuti ad altre cause.&nbsp;<\/p>\n","protected":false},"excerpt":{"rendered":"<p>Ansia, Panico e Disturbo da Stress Post-Traumatico possono essere comunemente riscontrati in persone affette da FND <\/p>\n","protected":false},"author":65,"featured_media":1637,"parent":939,"menu_order":273,"comment_status":"closed","ping_status":"closed","template":"page-template\/symptom-details-page-template.php","meta":[],"_links":{"self":[{"href":"https:\/\/neurosymptoms.org\/it_IT\/wp-json\/wp\/v2\/pages\/598"}],"collection":[{"href":"https:\/\/neurosymptoms.org\/it_IT\/wp-json\/wp\/v2\/pages"}],"about":[{"href":"https:\/\/neurosymptoms.org\/it_IT\/wp-json\/wp\/v2\/types\/page"}],"author":[{"embeddable":true,"href":"https:\/\/neurosymptoms.org\/it_IT\/wp-json\/wp\/v2\/users\/65"}],"replies":[{"embeddable":true,"href":"https:\/\/neurosymptoms.org\/it_IT\/wp-json\/wp\/v2\/comments?post=598"}],"version-history":[{"count":130,"href":"https:\/\/neurosymptoms.org\/it_IT\/wp-json\/wp\/v2\/pages\/598\/revisions"}],"predecessor-version":[{"id":15749,"href":"https:\/\/neurosymptoms.org\/it_IT\/wp-json\/wp\/v2\/pages\/598\/revisions\/15749"}],"up":[{"embeddable":true,"href":"https:\/\/neurosymptoms.org\/it_IT\/wp-json\/wp\/v2\/pages\/939"}],"wp:featuredmedia":[{"embeddable":true,"href":"https:\/\/neurosymptoms.org\/it_IT\/wp-json\/wp\/v2\/media\/1637"}],"wp:attachment":[{"href":"https:\/\/neurosymptoms.org\/it_IT\/wp-json\/wp\/v2\/media?parent=598"}],"curies":[{"name":"wp","href":"https:\/\/api.w.org\/{rel}","templated":true}]}}