{"id":586,"date":"2020-11-30T03:06:05","date_gmt":"2020-11-30T03:06:05","guid":{"rendered":"https:\/\/ftd.cognihealth.in\/?page_id=586"},"modified":"2024-11-01T03:43:09","modified_gmt":"2024-11-01T03:43:09","slug":"functional-jerks-and-twitches","status":"publish","type":"page","link":"https:\/\/neurosymptoms.org\/it_IT\/symptoms\/fnd-symptoms\/functional-jerks-and-twitches\/","title":{"rendered":"Mioclono funzionale"},"content":{"rendered":"\n<h3><strong>Cos\u2019e\u2019 il mioclono funzionale?<\/strong><\/h3>\n\n\n\n<p>Il termine mioclono funzionale si riferisce ad un\u2019improvvisa contrazione muscolare o movimento simile ad una scossa, che si manifesta come parte di un disordine funzionale del movimento.&nbsp;<\/p>\n\n\n\n<p>Il mioclono \u00e8 un sintomo che si trova in un\u2019ampia gamma di disturbi neurologici cos\u00ec come in alcuni stati normali.<\/p>\n\n\n\n<p>Per esempio, \u201csaltare\u201d o \u201csobbalzare\u201d improvvisamente al risveglio da un sogno \u00e8 un\u2019esperienza comune. In questo caso si parla di spasmi ipnici. Come queste, anche la sensazione di essere \u201cattraversati\u201d da un brivido lungo tutto il corpo \u00e8 comune.&nbsp;<\/p>\n\n\n\n<p>Gli spasmi ipnici occasionali e la sensazione di avere i brividi lungo il corpo, sono sensazioni normali. Tuttavia, nel mioclono funzionale diventano frequenti e debilitanti.<\/p>\n\n\n\n<p>Questi spasmi possono verificarsi alle braccia, alle gambe o come accade abbastanza comunemente, possono coinvolgere tutto il corpo. I movimenti sono involontari e non riescono ad essere controllati.<\/p>\n\n\n\n<h3><strong>Come ha inizio?<\/strong><\/h3>\n\n\n\n<p>Il mioclono funzionale spesso (in circa i due terzi dei casi) inizia improvvisamente, ma la sua comparsa pu\u00f2 anche essere graduale. Rispetto ad altri sintomi descritti in questo sito, il mioclono funzionale tende a manifestarsi in persone di et\u00e0 pi\u00f9 avanzata. Per esempio, l\u2019et\u00e0 media di esordio, valutata su un gruppo di 35 pazienti, era di 45 anni. Il mioclono funzionale pu\u00f2 svilupparsi da una delle seguenti situazioni:<\/p>\n\n\n\n<ol><li>Lesione fisica. Il mioclono funzionale pu\u00f2 verificarsi in associazione alla <a href=\"https:\/\/pre-prod.neurosymptoms.org\/it_IT\/symptoms\/common-associated-symptoms\/complex-regional-pain-syndrome\/\" data-type=\"page\" data-id=\"604\">sindrome dolorosa regionale complessa<\/a>. In questa condizione gli spasmi del tronco comunemente accompagnano il mal di schiena;<\/li><li>Dopo aver sviluppato mioclono a causa di problemi medici, quali:<ul><li>Effetto collaterale di un farmaco<\/li><li>Blackout con convulsioni<\/li><li>Infezione<\/li><li>Periodo di ricovero in terapia intensiva<\/li><\/ul><\/li><li>In seguito ad un forte \u201cspavento\u201d o attacco di panico;<\/li><li>In concomitanza ad un sintomo chiamato \u201c<a href=\"https:\/\/pre-prod.neurosymptoms.org\/it_IT\/symptoms\/common-associated-symptoms\/dissociative-symptoms-feeling-spaced-out\/\" data-type=\"page\" data-id=\"539\">dissociazione<\/a>\u201d(distacco da s\u00e9 o dalla realt\u00e0) che pu\u00f2 verificarsi in assenza di sentimenti di paura;<\/li><li>Presenza di una lieve forma di mioclono, i cui sintomi vengono amplificati dal mioclono funzionale.<\/li><\/ol>\n\n\n\n<h3><strong>Come viene formulata la diagnosi?<\/strong><\/h3>\n\n\n\n<p>La diagnosi di miocolono funzionale viene solitamente effettuata da un neurologo. Pu\u00f2 essere una diagnosi particolarmente difficile da fare perch\u00e9 richiede una conoscenza approfondita dell\u2019ampia gamma di contrazioni muscolari e spasmi dovuti a malattie neurologiche, molti dei quali sono poco frequenti.<\/p>\n\n\n\n<p>Di seguito sono riportati alcuni esempi degli aspetti che il neurologo potrebbe prendere in considerazione per formulare una diagnosi di mioclono funzionale:<\/p>\n\n\n\n<ol><li>Spasmi del tronco invece che delle gambe;<\/li><li>Esordio improvviso, in assenza di altre cause certe della malattia;<\/li><li>Coinvolgimento del volto e\/o della voce in un paziente che presenta spasmi nel corpo;<\/li><li>Flessione del tronco durante il cammino;<\/li><li>Spasmi eliminabili o ritardabili utilizzando delle tecniche di distrazione;<\/li><li>In alcuni contesti di ricerca i pazienti vengono sottoposti ad un esame chiamato \u201cJerk-locked back averaging EEG\u201d. Questo esame permette di rilevare eventuali cambiamenti nelle onde cerebrali (EEG) che tipicamente precedono gli spasmi nei pazienti con mioclono funzionale. Questi cambiamenti sono denominati Bereitshaftspotential (BP). Essi possono essere rilevati solo quando sono presenti molti spasmi in uno stesso individuo. Si tratta di un esame complesso ed \u00e8 quindi utilizzato prevalentemente nell\u2019ambito della ricerca pi\u00f9 che nella pratica clinica.<\/li><\/ol>\n\n\n\n<figure class=\"wp-block-image size-large\"><img loading=\"lazy\" width=\"584\" height=\"132\" src=\"https:\/\/pre-prod.neurosymptoms.org\/wp-content\/uploads\/2020\/11\/Functional-twitches-image-1.jpg\" alt=\"\" class=\"wp-image-587\" srcset=\"https:\/\/neurosymptoms.org\/wp-content\/uploads\/2020\/11\/Functional-twitches-image-1.jpg 584w, https:\/\/neurosymptoms.org\/wp-content\/uploads\/2020\/11\/Functional-twitches-image-1-300x68.jpg 300w\" sizes=\"(max-width: 584px) 100vw, 584px\" \/><figcaption><strong><em>Questo tracciato mostra un Bereitshaftspotential (BP) in un paziente con mioclono funzionale<\/em><\/strong><\/figcaption><\/figure>\n\n\n\n<p>Pi\u00f9 della met\u00e0 dei pazienti con mioclono funzionale riferisce che alcuni spasmi sono preceduti da sintomi di avvertimento. Questi sintomi possono durare pochi secondi o a volte, minuti. Alcuni pazienti descrivono una crescente sensazione di tensione che viene momentaneamente ridotta dal miocolono. Per cui, sebbene questi pazienti non vogliano produrre tali spasmi, in alcuni casi questi sembrano essere in qualche modo utili. Comprendere questo meccanismo pu\u00f2 essere importante per il trattamento.&nbsp;<\/p>\n\n\n\n<p>Se non hai mai avuto alcun sintomo di avvertimento, non essere scoraggiato da ci\u00f2 che hai appena letto: le informazioni qui riportate non si applicano a tutte le persone che soffrono di mioclono funzionale.<\/p>\n\n\n\n<h3>&nbsp;<strong>Qual \u00e8 il trattamento?<\/strong><\/h3>\n\n\n\n<p>Dai uno sguardo alle pagine sul <a href=\"https:\/\/pre-prod.neurosymptoms.org\/it_IT\/home-page-content\/home-treatment\/\" data-type=\"page\" data-id=\"2799\">trattamento<\/a>.&nbsp;<\/p>\n\n\n\n<p>Di seguito puoi trovare alcune indicazioni specifiche.<\/p>\n\n\n\n<h3><strong>Hai fiducia nella diagnosi?<\/strong><\/h3>\n\n\n\n<p>E\u2019 fondamentale che tu sia convinto di aver ricevuto la diagnosi corretta. Se non \u00e8 cos\u00ec, sar\u00e0 difficile mettere in pratica le tecniche riabilitative proposte qui.<\/p>\n\n\n\n<p>Se non sei sicuro di soffrire di mioclono funzionale, considera gli elementi in base ai quali \u00e8 stata formulata la diagnosi. I tuoi sintomi dovrebbero avere alcune delle caratteristiche cliniche descritte in precedenza. Se \u00e8 cos\u00ec, perch\u00e9 non hai fiducia nella diagnosi che hai ricevuto?&nbsp;<\/p>\n\n\n\n<p>Il mioclono funzionale non \u00e8 necessariamente dovuto allo stress. Infatti \u00e8 spesso pi\u00f9 evidente quando le persone sono rilassate o non pensano a nulla in particolare. Forse rifiuti la diagnosi perch\u00e9 il medico ti ha suggerito che i tuoi sintomi sono dovuti allo stress? Se cos\u00ec fosse, potrebbe esserci stato un malinteso tra te e il medico.&nbsp;<\/p>\n\n\n\n<p>Sappiamo che in molti pazienti che soffrono di mioclono funzionale lo stress \u00e8 la causa dei loro sintomi, ma non in tutti. Per cui, essere stressati o meno non \u00e8 rilevante per la diagnosi.<\/p>\n\n\n\n<h3><strong>Tecniche specifiche<\/strong><\/h3>\n\n\n\n<p>Il trattamento del mioclono funzionale \u00e8 piuttosto impegnativo. La ragione di ci\u00f2 \u00e8 che, solitamente, il problema \u00e8 presente da diverso tempo ed \u00e8 quindi diventato un\u2019abitudine che il cervello ha consolidato. Potrebbe essere importante considerare i seguenti aspetti legati al trattamento:<\/p>\n\n\n\n<ol><li>Se hai anche una minima <strong>fase di preallarme<\/strong>, quando si manifesta prova ad usare delle tecniche di distrazione per vedere se puoi evitare che si verifichi lo spasmo. Puoi utilizzare le stesse tecniche usate per gli <a href=\"https:\/\/pre-prod.neurosymptoms.org\/it_IT\/symptoms\/fnd-symptoms\/dissociative-non-epileptic-attacks-blackouts\/\" data-type=\"page\" data-id=\"530\">attacchi epilettici funzionali<\/a>. Alcuni pazienti riportano che, sebbene riescano a mettere in atto tali tecniche, hanno comunque uno spasmo o una serie di spasmi che talvolta sono anche peggiori del solito. Tuttavia, \u00e8 importante continuare a provare &#8211; questo pu\u00f2 essere un modo per interrompere l\u2019abitudine che il cervello ha consolidato.&nbsp;<\/li><li><strong>Ti aspetti di avere uno spasmo in un determinato momento? <\/strong>&#8211; per esempio, quando ti sdrai a letto per addormentarti o quando sei in un luogo pubblico. Il cervello funziona in modo tale che a volte, se ti aspetti che accada qualcosa di particolare, quel qualcosa accade, anche se tu non vuoi. Questo fenomeno viene chiamato \u201crisposta condizionata\u201d, un fenomeno ampiamente conosciuto dagli psicologi che spiega come il cervello mantenga delle abitudini. Quindi, se provi a modificare questi pensieri, di conseguenza potrai forse modificare anche gli spasmi.<\/li><li><strong>Farmaci &#8211;<\/strong> spesso non sono efficaci nel trattamento del mioclono funzionale. Molti pazienti hanno provato farmaci come il Clonazepam senza trarne alcun beneficio.<\/li><li><strong>Ipnosi &#8211;<\/strong> Talvolta, sotto ipnosi, gli spasmi possono migliorare. \u00c8 possibile imparare alcune tecniche di auto-ipnosi da mettere in pratica a casa.<\/li><\/ol>\n\n\n\n<p>Sfortunatamente molti pazienti riferiscono che il mioclono funzionale \u00e8 un problema persistente. Tuttavia, \u00e8 sicuramente molto importante provare a migliorarlo. Talvolta, anche solo avere una diagnosi certa e sapere di cosa si tratta pu\u00f2 aiutare.<\/p>\n\n\n\n<p>Una specificazione sugli <strong>spasmi muscolari benigni<\/strong>&nbsp;\u2013 questi sono talvolta chiamati \u2018<strong>fascicolazioni benigne\u2019<\/strong>.<\/p>\n\n\n\n<p>Le fascicolazioni benigne non sono in genere considerate un sintomo di disturbi funzionali. Esse causano preoccupazione e possono coesistere con alcuni dei sintomi descritti su questo sito. Questa \u00e8 la ragione per cui sono state menzionate.&nbsp;<\/p>\n\n\n\n<p>Molte persone hanno degli spasmi di tanto in tanto, soprattutto attorno agli occhi e alle dita. Questi spasmi sono cos\u00ec comuni da risultare normali.&nbsp;<\/p>\n\n\n\n<p>Tuttavia, in alcune persone questi spasmi sono pi\u00f9 frequenti. Con il tempo possono andare a coinvolgere diverse aree del corpo, ed essere presenti per la maggior parte del tempo. Ci\u00f2 pu\u00f2, comprensibilmente, scatenare ansia circa le cause dei sintomi, il che, a sua volta, pu\u00f2 portare ad un peggioramento dei sintomi.<\/p>\n\n\n\n<p>\u00c9 noto che spasmi benigni generalizzati come questi si manifestano pi\u00f9 frequentemente in studenti di medicina e dottori che, nel sviluppare questi sintomi, temono possano essere dovuti alla malattia del moto neurone (conosciuta anche come SLA).&nbsp;<\/p>\n\n\n\n<p>Tuttavia, gli spasmi che si osservano nel mioclono funzionale coinvolgono l\u2019intera fibra muscolare e sono diversi dai piccoli guizzi muscolari, denominati fascicolazioni, presenti nei disturbi del moto-neurone. La condizione \u00e8 quindi in qualche modo denominata erroneamente come fascicolazione benigna. Ci sono anche altre cause che possono portare alla presenza di spasmi muscolari generalizzati ma la fascicolazione benigna rimane la pi\u00f9 comune.<\/p>\n\n\n\n<p>Come per i sintomi funzionali, sapere qual&#8217;\u00e8 il problema pu\u00f2 portarne ad una risoluzione spontanea.<\/p>\n\n\n\n<p>Questo \u00e8 un articolo scritto da un dottore che ha sofferto di fasciolazione benigna e ansia riguardo la salute, i cui sintomi sono stati trattati e sono scomparsi: <a href=\"https:\/\/www.theguardian.com\/news\/2016\/aug\/04\/perils-being-your-own-doctor-als\">https:\/\/www.theguardian.com\/news\/2016\/aug\/04\/perils-being-your-own-doctor-als<\/a>&nbsp;<\/p>\n","protected":false},"excerpt":{"rendered":"<p>Improvvise contrazioni muscolari o movimenti simili a scosse elettriche<\/p>\n","protected":false},"author":65,"featured_media":1634,"parent":937,"menu_order":288,"comment_status":"closed","ping_status":"closed","template":"page-template\/symptom-details-page-template.php","meta":[],"_links":{"self":[{"href":"https:\/\/neurosymptoms.org\/it_IT\/wp-json\/wp\/v2\/pages\/586"}],"collection":[{"href":"https:\/\/neurosymptoms.org\/it_IT\/wp-json\/wp\/v2\/pages"}],"about":[{"href":"https:\/\/neurosymptoms.org\/it_IT\/wp-json\/wp\/v2\/types\/page"}],"author":[{"embeddable":true,"href":"https:\/\/neurosymptoms.org\/it_IT\/wp-json\/wp\/v2\/users\/65"}],"replies":[{"embeddable":true,"href":"https:\/\/neurosymptoms.org\/it_IT\/wp-json\/wp\/v2\/comments?post=586"}],"version-history":[{"count":110,"href":"https:\/\/neurosymptoms.org\/it_IT\/wp-json\/wp\/v2\/pages\/586\/revisions"}],"predecessor-version":[{"id":15607,"href":"https:\/\/neurosymptoms.org\/it_IT\/wp-json\/wp\/v2\/pages\/586\/revisions\/15607"}],"up":[{"embeddable":true,"href":"https:\/\/neurosymptoms.org\/it_IT\/wp-json\/wp\/v2\/pages\/937"}],"wp:featuredmedia":[{"embeddable":true,"href":"https:\/\/neurosymptoms.org\/it_IT\/wp-json\/wp\/v2\/media\/1634"}],"wp:attachment":[{"href":"https:\/\/neurosymptoms.org\/it_IT\/wp-json\/wp\/v2\/media?parent=586"}],"curies":[{"name":"wp","href":"https:\/\/api.w.org\/{rel}","templated":true}]}}