{"id":541,"date":"2020-11-29T12:41:43","date_gmt":"2020-11-29T12:41:43","guid":{"rendered":"https:\/\/ftd.cognihealth.in\/?page_id=541"},"modified":"2024-11-01T03:34:50","modified_gmt":"2024-11-01T03:34:50","slug":"fatigue","status":"publish","type":"page","link":"https:\/\/neurosymptoms.org\/it_IT\/symptoms\/common-associated-symptoms\/fatigue\/","title":{"rendered":"Fatica"},"content":{"rendered":"\n<p>La fatica, che si manifesta come stanchezza o mancanza di energia, \u00e8 un sintomo molto comune nei pazienti con disturbi neurologici funzionali. Spesso le persone provano stanchezza, che peggiora in genere sia immediatamente dopo aver fatto anche attivit\u00e0 che richiedono un quantitativo minimo di energia che, a volte, il giorno dopo.&nbsp;<\/p>\n\n\n\n<p>Spesso, nonostante la presenza di altri sintomi pi\u00f9 evidenti, le persone riferiscono principalmente di provare un senso di stanchezza e fatica che aumenta giorno dopo giorno. Molti studi hanno riportato che la fatica \u00e8 il fattore che pi\u00f9 influenza la qualit\u00e0 della vita nella maggior parte delle persone che soffrono di disturbi neurologici funzionali.&nbsp;<\/p>\n\n\n\n<p>La stanchezza, in questi casi, pu\u00f2 essa stessa essere interpretata, al pari di altri sintomi, come dovuta ad un alterato funzionamento del sistema nervoso.<\/p>\n\n\n\n<p>La Sindrome da Fatica Cronica (Chronic Fatigue Syndrome o CSF\/ME) \u00e8 stata riconosciuta come una vera e propria patologia dall\u2019Organizzazione Mondiale per la Sanit\u00e0.&nbsp;<\/p>\n\n\n\n<p>Questo sito non si propone di discutere la Sindrome da Fatica Cronica (CSF\/ME)&nbsp; nel dettaglio.<\/p>\n\n\n\n<p>La fatica potrebbe anche far parte del quadro di una sindrome ansioso-depressiva, anche se \u00e8 importante sottolineare che non occorre essere ansiosi o depressi per provare una fatica persistente e severa. Alcune persone che soffrono di depressione possono sviluppare anedonia, ossia una perdita di interesse e piacere per le cose, che a volte pu\u00f2 essere confusa con la fatica, sebbene siano due cose diverse.&nbsp;<\/p>\n\n\n\n<p>L\u2019affaticamento \u00e8 anche un tratto distintivo di molte altre condizioni mediche. Ecco elencate alcune di queste condizioni, per le quali \u00e8 disponibile un trattamento, come:&nbsp;<\/p>\n\n\n\n<ul><li>Emicrania, dove in genere la fatica si verifica nella fase di accumulo (il build up) e subito dopo.<\/li><li>Apnea notturna: una comune condizione del sonno dove, in alcune persone, durante la notte le vie respiratorie si bloccano ripetutamente. Questa \u00e8 associata con il russare, l\u2019aumento di peso, la sonnolenza durante il giorno e il mal di testa alla mattina.<\/li><li>Anemia<\/li><li>Problemi ai reni e al fegato<\/li><li>Ipotiroidismo&nbsp;<\/li><\/ul>\n\n\n\n<p>Puoi trovare pi\u00f9 informazioni riguardo le condizioni riportate sopra su questo sito curato dal servizio sanitario inglese (NHS)&nbsp;&nbsp;<\/p>\n\n\n\n<p><a href=\"https:\/\/www.nhs.uk\/conditions\/chronic-fatigue-syndrome-cfs\/\">https:\/\/www.nhs.uk\/conditions\/chronic-fatigue-syndrome-cfs\/<\/a><\/p>\n\n\n\n<h3><strong>Storie di pazienti che sono guariti dalla Sindrome da Fatica Cronica (CFS\/ME)<\/strong><\/h3>\n\n\n\n<p>Il dottor Henrik Vogt \u00e8 un medico norvegese di medicina generale con un particolare interesse per i disturbi funzionali.<\/p>\n\n\n\n<p><a href=\"https:\/\/www.neurosymptoms.org\/symptoms\/common-associated-symptoms\/fatigue\/\">CFS\/ME<\/a>&nbsp;\u00e8 stata associata ad una fatica persistente e debilitante, che spesso \u00e8 accompagnata da molti altri sintomi come la mancanza di concentrazione. Online ci sono molti racconti di pazienti che testimoniano quanto terribile e duratura possa essere la sindrome da fatica cronica.&nbsp;<\/p>\n\n\n\n<p>Tuttavia, pazienti con questa sindrome hanno spesso difficolt\u00e0 a trovare storie di guarigione da cui poter imparare qualcosa.<\/p>\n\n\n\n<p>Il sito Recovery Norway \u2013&nbsp;<a href=\"http:\/\/www.recoverynorway.org\/\">www.recoverynorway.org<\/a>&nbsp;\u2013 del dottor Vogts ha lo scopo di pubblicare storie di pazienti il cui disturbo \u00e8 migliorato; queste potrebbero essere utili ad alcuni lettori di questo sito per capire quali strategie possono essere utili per migliorare questi sintomi, se sono presenti.&nbsp;<\/p>\n","protected":false},"excerpt":{"rendered":"<p>Fatica, perdita ti energia e sfinimento<\/p>\n","protected":false},"author":65,"featured_media":0,"parent":939,"menu_order":267,"comment_status":"closed","ping_status":"closed","template":"page-template\/symptom-details-page-template.php","meta":[],"_links":{"self":[{"href":"https:\/\/neurosymptoms.org\/it_IT\/wp-json\/wp\/v2\/pages\/541"}],"collection":[{"href":"https:\/\/neurosymptoms.org\/it_IT\/wp-json\/wp\/v2\/pages"}],"about":[{"href":"https:\/\/neurosymptoms.org\/it_IT\/wp-json\/wp\/v2\/types\/page"}],"author":[{"embeddable":true,"href":"https:\/\/neurosymptoms.org\/it_IT\/wp-json\/wp\/v2\/users\/65"}],"replies":[{"embeddable":true,"href":"https:\/\/neurosymptoms.org\/it_IT\/wp-json\/wp\/v2\/comments?post=541"}],"version-history":[{"count":94,"href":"https:\/\/neurosymptoms.org\/it_IT\/wp-json\/wp\/v2\/pages\/541\/revisions"}],"predecessor-version":[{"id":15593,"href":"https:\/\/neurosymptoms.org\/it_IT\/wp-json\/wp\/v2\/pages\/541\/revisions\/15593"}],"up":[{"embeddable":true,"href":"https:\/\/neurosymptoms.org\/it_IT\/wp-json\/wp\/v2\/pages\/939"}],"wp:attachment":[{"href":"https:\/\/neurosymptoms.org\/it_IT\/wp-json\/wp\/v2\/media?parent=541"}],"curies":[{"name":"wp","href":"https:\/\/api.w.org\/{rel}","templated":true}]}}