{"id":2736,"date":"2021-07-15T08:14:14","date_gmt":"2021-07-15T08:14:14","guid":{"rendered":"https:\/\/www.neurosymptoms.org\/?page_id=2736"},"modified":"2025-09-08T15:19:56","modified_gmt":"2025-09-08T15:19:56","slug":"fnd-and-other-functional-disorders","status":"publish","type":"page","link":"https:\/\/neurosymptoms.org\/it_IT\/causes\/fnd-and-other-functional-disorders\/","title":{"rendered":"FND e altri Disordini Funzionali"},"content":{"rendered":"\n<h3><strong>FND e altri Disordini Funzionali<\/strong><\/h3>\n\n\n\n<p>Per le persone con FND che hanno tanti sintomi diversi pu\u00f2 essere difficile comprendere perch\u00e9 ricevono tante diagnosi diverse da medici differenti.<\/p>\n\n\n\n<p>E\u2019 comune per i medici incontrare qualcuno che ha FND (diagnosi che spiega i sintomi come la debolezza funzionale alle gambe o le crisi non-epilettiche), ma che presenta anche altre patologie, come ad esempio la fibromialgia (dolore cronico diffuso) o la sindrome dell\u2019intestino irritabile.<\/p>\n\n\n\n<p>I sintomi principali di FND sono quelli che puoi vedere elencati nella pagina Sintomi principali FND su questo sito. Sintomi invece come il dolore, la fatica, problemi intestinali, che possono presentarsi anche in altri disordini di tipo funzionale non sono strettamente legati agli FND. Anche se sono comuni nelle persone con FND, i dottori potrebbero chiamarli con nomi differenti.<\/p>\n\n\n\n<p>Di seguito sono elencati alcuni comuni disordini funzionali:<\/p>\n\n\n\n<ul><li>Fibromialgia (dolore cronico diffuso)<\/li><li>Sindrome da intestino irritabile<\/li><li>Dolore pelvico cronico<\/li><li>Dispnea&nbsp;<\/li><li>Dispepsia<\/li><li>Sindrome da fatica cronica&nbsp;<\/li><li>Sindrome di incontinenza urinaria (vescica iperattiva)<\/li><\/ul>\n\n\n\n<p>Tutti questi disordini hanno in comune un problema nel funzionamento del sistema nervoso che non pu\u00f2 essere controllato dalla persona che ne soffre.<\/p>\n\n\n\n<p>Molte persone che soffrono di&nbsp; queste condizioni riconoscono che questi diversi disordini funzionali sono collegati tra loro, un peggioramento in uno pu\u00f2 portare a un peggioramento anche negli altri.<\/p>\n\n\n\n<p>Quindi, come FND si collega agli altri disordini funzionali? La risposta sta nel fatto che queste sono condizioni che si sovrappongono molto l\u2019una all\u2019altra. Molte di queste persone hanno un \u2018disordine funzionale\u2019 che pu\u00f2 essere visto come UNA condizione con aspetti differenti, di cui uno di essi potrebbe essere FND.<\/p>\n\n\n\n<figure class=\"wp-block-image size-large is-resized\"><img loading=\"lazy\" src=\"https:\/\/pre-prod.neurosymptoms.org\/wp-content\/uploads\/2021\/06\/Screenshot-2021-06-08-at-12.08.30.png\" alt=\"\" class=\"wp-image-2175\" width=\"375\" height=\"638\" srcset=\"https:\/\/neurosymptoms.org\/wp-content\/uploads\/2021\/06\/Screenshot-2021-06-08-at-12.08.30.png 598w, https:\/\/neurosymptoms.org\/wp-content\/uploads\/2021\/06\/Screenshot-2021-06-08-at-12.08.30-177x300.png 177w\" sizes=\"(max-width: 375px) 100vw, 375px\" \/><\/figure>\n\n\n\n<h3><strong>Disordini Funzionali \u2013 comprendere le sovrapposizioni<\/strong><\/h3>\n\n\n\n<p>Una diagnosi di FND pu\u00f2 provocare diversi sentimenti e risposte nelle persone. Per alcune persone \u00e8 un sollievo scoprire che c\u2019\u00e8 una spiegazione per i loro sintomi, che anche altre persone soffrono dello stesso disturbo e che tutto ci\u00f2 sta succedendo DAVVERO.<\/p>\n\n\n\n<p>Ma ad altri, soprattutto quei pazienti che hanno anche altre diagnosi, come ad esempio la fibromialgia, una diagnosi di FND pu\u00f2 portare ad un sentimento come: &#8216;Non voglio che ci sia un\u2019altra cosa che non va in me\u2019. Per questo \u00e8 importante comprendere che molte persone possono vedere un disordine funzionale come UNA condizione unica ma con presentazioni diverse.<\/p>\n\n\n\n<p>Pi\u00f9 cose impariamo riguardo i <a href=\"https:\/\/www.neurosymptoms.org\/en_US\/causes\/how-has-it-happened\/\">meccanismi<\/a> dei disordini funzionali, pi\u00f9 stiamo scoprendo che essi si sovrappongono fortemente. Per cui, quando studi di ricerca dimostrano cambiamenti a livello funzionale nel cervello in persone affette da fibromialgia, questi sono molto simili ai cambiamenti che vediamo nel cervello di persone affette da FND e dalla sindrome da intestino irritabile. Ci sono sovrapposizioni anche nei tipi di <a href=\"https:\/\/pre-prod.neurosymptoms.org\/en_US\/home-page-content\/home-treatment\/\" data-type=\"page\" data-id=\"2799\">trattamento<\/a> che hanno mostrato benefici, come terapie riabilitative <a href=\"https:\/\/pre-prod.neurosymptoms.org\/en_US\/treatment-2\/physiotherapy-exercise\/\" data-type=\"page\" data-id=\"633\">fisiche<\/a> e <a href=\"https:\/\/pre-prod.neurosymptoms.org\/en_US\/treatment-2\/psychological-therapy\/\" data-type=\"page\" data-id=\"641\">psicologiche<\/a>, e certi tipi di <a href=\"https:\/\/pre-prod.neurosymptoms.org\/en_US\/treatment-2\/medication\/\" data-type=\"page\" data-id=\"643\">farmaci<\/a>.<\/p>\n\n\n\n<p>Alla fine, ognuno ha una storia diversa con disturbi diversi e sintomi funzionali che si sovrappongono.<\/p>\n\n\n\n<p>Per alcune persone realizzare che essi hanno una vulnerabilit\u00e0 di lunga data a sviluppare sintomi funzionali, di cui FND fa parte, pu\u00f2 chiarire la presenza di molte malattie poco chiare che si sono sviluppate in precedenza.<\/p>\n\n\n\n<p>Anche se pu\u00f2 essere difficile capire che lo stesso problema continua a tornare in modi differenti, in un certo senso non \u00e8 diverso dall\u2019avere un\u2019altra condizione cronica come l\u2019asma o il diabete, che le persone possono imparare a gestire e controllare meglio.<\/p>\n\n\n\n<p>Ci\u00f2 pu\u00f2 anche portare speranza. Se hai avuto un disordine funzionale in passato, dal quale ti sei ripreso, come hai fatto? Ci sono delle lezioni\/degli spunti su come tu potresti superare questo nuovo disturbo funzionale o il tuo FND?<\/p>\n\n\n\n<p>Di seguito ecco alcuni esempi a riguardo:<\/p>\n\n\n\n<p><strong>Esempio 1. Questa persona ha una sovrapposizione tra FND (debolezza funzionale alle gambe), dolore e sindrome dell\u2019intestino irritabile in pi\u00f9 o meno egual misura.<\/strong><\/p>\n\n\n\n<figure class=\"wp-block-image size-large is-resized\"><img loading=\"lazy\" src=\"https:\/\/pre-prod.neurosymptoms.org\/wp-content\/uploads\/2021\/07\/Slide1-1024x932.png\" alt=\"\" class=\"wp-image-2737\" width=\"362\" height=\"329\" srcset=\"https:\/\/neurosymptoms.org\/wp-content\/uploads\/2021\/07\/Slide1-1024x932.png 1024w, https:\/\/neurosymptoms.org\/wp-content\/uploads\/2021\/07\/Slide1-300x273.png 300w, https:\/\/neurosymptoms.org\/wp-content\/uploads\/2021\/07\/Slide1-768x699.png 768w, https:\/\/neurosymptoms.org\/wp-content\/uploads\/2021\/07\/Slide1-1536x1398.png 1536w, https:\/\/neurosymptoms.org\/wp-content\/uploads\/2021\/07\/Slide1-2048x1864.png 2048w\" sizes=\"(max-width: 362px) 100vw, 362px\" \/><\/figure>\n\n\n\n<p><strong>Esempio 2. Il problema principale di questa persona \u00e8 il dolore cronico\/fibromialgia. <\/strong>Ma presenta anche ogni tanto una lieve debolezza alle gambe e lievi problemi da sindrome dell\u2019intestino irritabile. Si tratta della stessa sovrapposizione ma un tipo di disordine funzionale \u00e8 prevalente.&nbsp;<\/p>\n\n\n\n<figure class=\"wp-block-image size-large is-resized\"><img loading=\"lazy\" src=\"https:\/\/pre-prod.neurosymptoms.org\/wp-content\/uploads\/2021\/07\/Slide2-1024x746.png\" alt=\"\" class=\"wp-image-2738\" width=\"407\" height=\"296\" srcset=\"https:\/\/neurosymptoms.org\/wp-content\/uploads\/2021\/07\/Slide2-1024x746.png 1024w, https:\/\/neurosymptoms.org\/wp-content\/uploads\/2021\/07\/Slide2-300x218.png 300w, https:\/\/neurosymptoms.org\/wp-content\/uploads\/2021\/07\/Slide2-768x559.png 768w, https:\/\/neurosymptoms.org\/wp-content\/uploads\/2021\/07\/Slide2-1536x1119.png 1536w, https:\/\/neurosymptoms.org\/wp-content\/uploads\/2021\/07\/Slide2-2048x1492.png 2048w\" sizes=\"(max-width: 407px) 100vw, 407px\" \/><\/figure>\n\n\n\n<p><strong>Esempio 3. Questa persona ha diversi disordini funzionali. <\/strong>Potresti essere sorpreso dal vedere anche il mal di testa tra i vari disordini funzionali possibili. Alcuni dottori potrebbero ritenere la decisione di inserire questo tra i sintomi funzionali come controversa, ma il mal di testa \u00e8 associato ad un problema nel funzionamento del sistema nervoso. Allo stesso modo di quello che accade in altri disturbi funzionali come FND.<\/p>\n\n\n\n<figure class=\"wp-block-image size-large is-resized\"><img loading=\"lazy\" src=\"https:\/\/pre-prod.neurosymptoms.org\/wp-content\/uploads\/2021\/07\/Slide3-1-1024x647.png\" alt=\"\" class=\"wp-image-2757\" width=\"499\" height=\"315\" srcset=\"https:\/\/neurosymptoms.org\/wp-content\/uploads\/2021\/07\/Slide3-1-1024x647.png 1024w, https:\/\/neurosymptoms.org\/wp-content\/uploads\/2021\/07\/Slide3-1-300x190.png 300w, https:\/\/neurosymptoms.org\/wp-content\/uploads\/2021\/07\/Slide3-1-768x485.png 768w, https:\/\/neurosymptoms.org\/wp-content\/uploads\/2021\/07\/Slide3-1-1536x971.png 1536w, https:\/\/neurosymptoms.org\/wp-content\/uploads\/2021\/07\/Slide3-1-2048x1295.png 2048w\" sizes=\"(max-width: 499px) 100vw, 499px\" \/><\/figure>\n\n\n\n<h3><strong>E cosa succede quando i disordini funzionali si sovrappongono a disturbi psicologici?<\/strong><\/h3>\n\n\n\n<p>I disturbi psicologici come ansia e depressione sono comuni nei pazienti affetti da FND, tanto quanto lo sono in quasi tutte le condizioni che sono comunemente trattate nell\u2019ambulatorio del neurologo, come l\u2019epilessia o la sclerosi multipla.<\/p>\n\n\n\n<p>Ansia e depressione sono associate non solo a sintomi psicologici quali preoccupazione costante o umore basso, ma anche a sintomi fisici quali fatica e disturbi del sonno che sono presenti in FND e nella maggior parte degli altri disturbi funzionali.<\/p>\n\n\n\n<p>Non devi avere un disturbo psicologico per avere FND (come ripetuto pi\u00f9 volte in questo sito), ma se soffri di problematiche di natura psicologica, allora pu\u00f2 essere utile comprendere come queste si sovrappongano e interagiscano con il tuo disturbo funzionale:<\/p>\n\n\n\n<p><strong>Esempio 4. Vertigine posturale-percettiva persistente, dissociazione e ansia. <\/strong>Ognuno \u00e8 differente. Questa persona ha un insieme di vertigine posturale-percettiva persistente, dissociazione e ansia. Puoi avere vertigine posturale-percettiva persistente da sola, ma come in molti tipi di FND, \u00e8 comune che si presenti anche con altri problemi.<\/p>\n\n\n\n<figure class=\"wp-block-image size-large is-resized\"><img loading=\"lazy\" src=\"https:\/\/pre-prod.neurosymptoms.org\/wp-content\/uploads\/2021\/07\/Slide4-1-1024x936.png\" alt=\"\" class=\"wp-image-2754\" width=\"392\" height=\"358\" srcset=\"https:\/\/neurosymptoms.org\/wp-content\/uploads\/2021\/07\/Slide4-1-1024x936.png 1024w, https:\/\/neurosymptoms.org\/wp-content\/uploads\/2021\/07\/Slide4-1-300x274.png 300w, https:\/\/neurosymptoms.org\/wp-content\/uploads\/2021\/07\/Slide4-1-768x702.png 768w, https:\/\/neurosymptoms.org\/wp-content\/uploads\/2021\/07\/Slide4-1-1536x1405.png 1536w, https:\/\/neurosymptoms.org\/wp-content\/uploads\/2021\/07\/Slide4-1-2048x1873.png 2048w\" sizes=\"(max-width: 392px) 100vw, 392px\" \/><\/figure>\n\n\n\n<p><strong>Esempio 5. Crisi epilettiche funzionali.<\/strong> Questa persona ha crisi epilettiche funzionali ma anche dolore pelvico cronico, che la sua ginecologa ritiene sia collegato ad un disturbo funzionale. Ha anche un disordine da stress post-traumatico, che interagisce fortemente con entrambe le condizioni.<\/p>\n\n\n\n<figure class=\"wp-block-image size-large is-resized\"><img loading=\"lazy\" src=\"https:\/\/pre-prod.neurosymptoms.org\/wp-content\/uploads\/2021\/07\/Slide5-1-1008x1024.png\" alt=\"\" class=\"wp-image-2755\" width=\"384\" height=\"391\" srcset=\"https:\/\/neurosymptoms.org\/wp-content\/uploads\/2021\/07\/Slide5-1-1008x1024.png 1008w, https:\/\/neurosymptoms.org\/wp-content\/uploads\/2021\/07\/Slide5-1-295x300.png 295w, https:\/\/neurosymptoms.org\/wp-content\/uploads\/2021\/07\/Slide5-1-768x780.png 768w, https:\/\/neurosymptoms.org\/wp-content\/uploads\/2021\/07\/Slide5-1-1512x1536.png 1512w, https:\/\/neurosymptoms.org\/wp-content\/uploads\/2021\/07\/Slide5-1.png 1837w\" sizes=\"(max-width: 384px) 100vw, 384px\" \/><\/figure>\n\n\n\n<h3><strong>E riguardo la sovrapposizione con altre condizioni neurologiche e mediche?<\/strong><\/h3>\n\n\n\n<p>Avere un\u2019altra condizione neurologica o medica \u00e8 uno dei pi\u00f9 comuni fattori di rischio per lo sviluppo di FND. Questo aspetto \u00e8 approfondito <a href=\"https:\/\/www.neurosymptoms.org\/en_US\/causes\/misdiagnosis\/\">qui<\/a>. Ma se stiamo guardando alle sovrapposizioni, allora a volte \u00e8 importante inserire un\u2019altra condizione medica rilevante per comprendere meglio il quadro generale. Condizioni come artrite, sclerosi multipla, o la sindrome di Ehlers-Danlos possono causare dolore e fatica che potrebbero sovrapporsi alla tua diagnosi di disturbo funzionale, e magari anche ad una possibile diagnosi di disturbo di origine psicologica.<\/p>\n\n\n\n<figure class=\"wp-block-image size-large is-resized\"><img loading=\"lazy\" src=\"https:\/\/pre-prod.neurosymptoms.org\/wp-content\/uploads\/2021\/07\/Slide6-1-1024x823.png\" alt=\"\" class=\"wp-image-2756\" width=\"398\" height=\"320\" srcset=\"https:\/\/neurosymptoms.org\/wp-content\/uploads\/2021\/07\/Slide6-1-1024x823.png 1024w, https:\/\/neurosymptoms.org\/wp-content\/uploads\/2021\/07\/Slide6-1-300x241.png 300w, https:\/\/neurosymptoms.org\/wp-content\/uploads\/2021\/07\/Slide6-1-768x617.png 768w, https:\/\/neurosymptoms.org\/wp-content\/uploads\/2021\/07\/Slide6-1-1536x1234.png 1536w, https:\/\/neurosymptoms.org\/wp-content\/uploads\/2021\/07\/Slide6-1.png 1866w\" sizes=\"(max-width: 398px) 100vw, 398px\" \/><\/figure>\n","protected":false},"excerpt":{"rendered":"<p>FND e altri Disordini Funzionali<\/p>\n","protected":false},"author":65,"featured_media":0,"parent":1010,"menu_order":158,"comment_status":"closed","ping_status":"closed","template":"page-template\/symptom-details-page-template.php","meta":[],"_links":{"self":[{"href":"https:\/\/neurosymptoms.org\/it_IT\/wp-json\/wp\/v2\/pages\/2736"}],"collection":[{"href":"https:\/\/neurosymptoms.org\/it_IT\/wp-json\/wp\/v2\/pages"}],"about":[{"href":"https:\/\/neurosymptoms.org\/it_IT\/wp-json\/wp\/v2\/types\/page"}],"author":[{"embeddable":true,"href":"https:\/\/neurosymptoms.org\/it_IT\/wp-json\/wp\/v2\/users\/65"}],"replies":[{"embeddable":true,"href":"https:\/\/neurosymptoms.org\/it_IT\/wp-json\/wp\/v2\/comments?post=2736"}],"version-history":[{"count":223,"href":"https:\/\/neurosymptoms.org\/it_IT\/wp-json\/wp\/v2\/pages\/2736\/revisions"}],"predecessor-version":[{"id":15791,"href":"https:\/\/neurosymptoms.org\/it_IT\/wp-json\/wp\/v2\/pages\/2736\/revisions\/15791"}],"up":[{"embeddable":true,"href":"https:\/\/neurosymptoms.org\/it_IT\/wp-json\/wp\/v2\/pages\/1010"}],"wp:attachment":[{"href":"https:\/\/neurosymptoms.org\/it_IT\/wp-json\/wp\/v2\/media?parent=2736"}],"curies":[{"name":"wp","href":"https:\/\/api.w.org\/{rel}","templated":true}]}}