{"id":2697,"date":"2021-06-30T23:51:33","date_gmt":"2021-06-30T23:51:33","guid":{"rendered":"https:\/\/prod.neurosymptoms.org\/?page_id=2697"},"modified":"2024-11-01T03:30:04","modified_gmt":"2024-11-01T03:30:04","slug":"ten-myths-of-fnd","status":"publish","type":"page","link":"https:\/\/neurosymptoms.org\/it_IT\/causes\/ten-myths-of-fnd\/","title":{"rendered":"10 Miti su FND"},"content":{"rendered":"\n<p>Questa \u00e8 una serie di tweet che sono stati scritti nel Maggio del 2020 dal Professor Jon Stone in supporto ad un <a href=\"https:\/\/onlinelibrary.wiley.com\/doi\/abs\/10.1111\/ene.14310\">articolo<\/a> scritto per l\u2019European Journal of Neurology riguardo FND.&nbsp;<\/p>\n\n\n\n<p>\u201cDieci miti riguardo FND\u201d \u00e8 appena uscito sull\u2019European Journal of Neurology scritto da @SarahLidstone @rmmarauj, @ Jon Stone e @basbloem @EANeurology. Persone con FND affrontano molti di questi aspetti durante la diagnosi e il trattamento.<\/p>\n\n\n\n<p>Il Disturbo Neurologico Funzionale sta ancora emergendo da un lungo periodo di trascuratezza scientifica e clinica. Molti medici non si sono ancora aggiornati con i recenti progressi fatti nella pratica clinica, nella ricerca o nell\u2019atteggiamento verso questo disturbo.<\/p>\n\n\n\n<p>Sappiamo che \u00e8 frustrante quando l\u2019accesso agli articoli scientifici \u00e8 consentito solo tramite l\u2019acquisto dello stesso \u2013 per questo abbiamo pensato di fornire un resoconto dei nostri miti in un \u201cTweet-tutorial riguardo i miti in FND\u201d.<\/p>\n\n\n\n<p><strong>Mito 1<\/strong>: FND \u00e8 una diagnosi per esclusione. No! E\u2019 una diagnosi di inclusione basata sulla presenza di segni positivi, come il segno di Hoover o l\u2019entertainment test del tremore. <\/p>\n\n\n\n<figure class=\"wp-block-image size-large\"><img loading=\"lazy\" width=\"883\" height=\"514\" src=\"https:\/\/pre-prod.neurosymptoms.org\/wp-content\/uploads\/2021\/04\/Picture-4.png\" alt=\"\" class=\"wp-image-1671\" srcset=\"https:\/\/neurosymptoms.org\/wp-content\/uploads\/2021\/04\/Picture-4.png 883w, https:\/\/neurosymptoms.org\/wp-content\/uploads\/2021\/04\/Picture-4-300x175.png 300w, https:\/\/neurosymptoms.org\/wp-content\/uploads\/2021\/04\/Picture-4-768x447.png 768w\" sizes=\"(max-width: 883px) 100vw, 883px\" \/><figcaption>Da <a href=\"https:\/\/jamanetwork.com\/journals\/jamaneurology\/article-abstract\/2682656\">Current Concepts in the Diagnosis and Treatment of Functional Neurological Disorders <\/a><br \/><br \/><\/figcaption><\/figure>\n\n\n\n<p><strong>Mito 2<\/strong>: I pazienti hanno o FND o un altro disordine neurologico. No! Avere un\u2019altra condizione come l\u2019epilessia o la malattia di Parkinson \u00e8 uno dei maggiori fattori di rischio per lo sviluppo di FND (circa 10-20%).<\/p>\n\n\n\n<p><strong>Mito 3<\/strong>: Una presentazione dei sintomi bizzarra indica FND. No! Ci sono molti esempi di presentazioni di sintomi inusuali in pazienti con altre condizioni neurologiche. I sintomi associati a FND non sono intrinsecamente pi\u00f9 bizzarri.<\/p>\n\n\n\n<p><strong>Mito 4<\/strong>: Fenotipi diversi di FND sono indicativi di disturbi diversi. No (pi\u00f9 o meno)! Anche se una crisi epilettica funzionale \u00e8 un sintomo molto diverso dalla paralisi, ci sono meccanismi comuni, e comorbidit\u00e0 come dolore e fatica che sono presenti in tutti i pazienti con FND.<\/p>\n\n\n\n<p><strong>Mito 5<\/strong>: I sintomi FND sono volontari. No! I sintomi FND sono involontari; i pazienti non fingono e la simulazione \u00e8 rara. Basti vedere i risultati di studi neurofisiologici, il fatto che siano presenti recuperi diversi nei trial, e la presenza di comorbidit\u00e0 consistenti attraverso culture e nel tempo.<\/p>\n\n\n\n<p><strong>Mito 6<\/strong>: Non ha senso fare indagini cliniche per diagnosticare gli FND. No! Pazienti affetti da altre condizioni neurologiche hanno un forte fattore di rischio di sviluppare FND \u2013 pensa \u2013 cos\u2019altro potrebbe avere il paziente? Inoltre, alcune indagini, come l\u2019analisi del tremore, possono aiutare a formulare una diagnosi sicura.<\/p>\n\n\n\n<p><strong>Mito 7<\/strong>: C\u2019\u00e8 meno danno nel sbagliare la diagnosi di FND che nel sbagliare la diagnosi di un\u2019altra malattia neurologica. No! Qualsiasi diagnosi errata causa stress ma diagnosticare erroneamente FND, una condizione potenzialmente trattabile, come un\u2019altra malattia neurologica pu\u00f2 essere tanto dannoso quanto fare il contrario.<\/p>\n\n\n\n<p><strong>Mito 8<\/strong>: FND \u00e8 esclusivamente un problema psicologico. No! Fattori psicologici sono uno dei tanti possibili fattori di rischio per lo sviluppo di FND e non dovrebbero essere considerati la sola causa possibile della malattia. In alcuni pazienti questi fattori sono pi\u00f9 importanti, in altri non sono rilevanti.<\/p>\n\n\n\n<p><strong>Mito 9<\/strong>: La prognosi di FND \u00e8 solitamente buona. No! I pazienti con FND hanno disabilit\u00e0 e qualit\u00e0 della vita compromessa tanto quanto i pazienti con altre condizioni neurologiche. Alcuni hanno un recupero completo, altri hanno problemi a lungo termine. Non presupporre semplicemente che \u2018il paziente probabilmente migliorer\u00e0\u2019.<\/p>\n\n\n\n<p><strong>Mito 10<\/strong>: Il trattamento per FND \u00e8 SOLAMENTE di tipo psicologico. No (pi\u00f9 o meno)! FND necessita di un trattamento multidisciplinare individualizzato. Educazione, riabilitazione fisica + psicologica sono tutti fattori importanti. La terapia psicologica pu\u00f2 essere il trattamento principale per alcune persone con FND, soprattutto per coloro che soffrono di crisi epilettiche funzionali.<\/p>\n\n\n\n<p>Gli atteggiamenti e le pratiche cliniche verso FND stanno cambiando, ma i molti pregiudizi che circondano tale disturbo continuano ad ostacolare il fatto che i pazienti abbiano accesso a buone cure mediche.<\/p>\n\n\n\n<p>Grazie a @basbloem per aver avuto l\u2019idea per quest\u2019articolo, a @SarahLidston per aver guidato la scrittura e a @rmmaraujo per aver contribuito alla sua stesura. FINE!<\/p>\n","protected":false},"excerpt":{"rendered":"<p>10 Miti su FND<\/p>\n","protected":false},"author":65,"featured_media":0,"parent":1010,"menu_order":159,"comment_status":"closed","ping_status":"closed","template":"page-template\/symptom-details-page-template.php","meta":[],"_links":{"self":[{"href":"https:\/\/neurosymptoms.org\/it_IT\/wp-json\/wp\/v2\/pages\/2697"}],"collection":[{"href":"https:\/\/neurosymptoms.org\/it_IT\/wp-json\/wp\/v2\/pages"}],"about":[{"href":"https:\/\/neurosymptoms.org\/it_IT\/wp-json\/wp\/v2\/types\/page"}],"author":[{"embeddable":true,"href":"https:\/\/neurosymptoms.org\/it_IT\/wp-json\/wp\/v2\/users\/65"}],"replies":[{"embeddable":true,"href":"https:\/\/neurosymptoms.org\/it_IT\/wp-json\/wp\/v2\/comments?post=2697"}],"version-history":[{"count":125,"href":"https:\/\/neurosymptoms.org\/it_IT\/wp-json\/wp\/v2\/pages\/2697\/revisions"}],"predecessor-version":[{"id":15590,"href":"https:\/\/neurosymptoms.org\/it_IT\/wp-json\/wp\/v2\/pages\/2697\/revisions\/15590"}],"up":[{"embeddable":true,"href":"https:\/\/neurosymptoms.org\/it_IT\/wp-json\/wp\/v2\/pages\/1010"}],"wp:attachment":[{"href":"https:\/\/neurosymptoms.org\/it_IT\/wp-json\/wp\/v2\/media?parent=2697"}],"curies":[{"name":"wp","href":"https:\/\/api.w.org\/{rel}","templated":true}]}}