{"id":2193,"date":"2021-06-15T09:54:38","date_gmt":"2021-06-15T09:54:38","guid":{"rendered":"https:\/\/ftd.cognihealth.in\/?page_id=2193"},"modified":"2024-02-02T12:28:57","modified_gmt":"2024-02-02T12:28:57","slug":"speech-and-language-therapy","status":"publish","type":"page","link":"https:\/\/neurosymptoms.org\/it_IT\/treatment\/speech-and-language-therapy\/","title":{"rendered":"Logopedia"},"content":{"rendered":"\n<p>News luglio 2021! Linee guida internazionali per la logopedia nei disturbi neurologici funzionali \u2013 clicca <a href=\"https:\/\/jnnp.bmj.com\/content\/92\/10\/1112.full?ijkey=QigHKOBTbcWLRNq&amp;keytype=ref\">qui<\/a> &#8211; <a href=\"https:\/\/t.co\/3f9Laerc5P?amp=1\">https:\/\/t.co\/3f9Laerc5P?amp=1<\/a><\/p>\n\n\n\n<p>Questa pagina \u00e8 stata scritta da Laura McWhirter (Universit\u00e0 di Edimburgo), e da Jan Baker (Universit\u00e0 Flinders, Australia del sud), a cui vanno i pi\u00f9 sentiti ringraziamenti.<\/p>\n\n\n\n<h3><strong>Cos\u2019\u00e8 la Logopedia?<\/strong><\/h3>\n\n\n\n<p>I logopedisti sono professionisti sanitari. Valutano e trattano un&#8217;ampia gamma di problemi che vanno dalla comunicazione al mangiare, bere, e deglutire.<\/p>\n\n\n\n<h3><strong>Logopedisti e diagnosi di FND<\/strong><\/h3>\n\n\n\n<p>I logopedisti sono esperti nell\u2019esaminare la struttura e i movimenti di bocca e gola durante il parlato e la deglutizione. Per esempio, potrebbero utilizzare particolari strumenti per osservare le corde vocali nella gola. I logopedisti sono anche esperti nell\u2019ascolto e a identificare le cause dei problemi di linguaggio, sia in forma scritta che parlata.<\/p>\n\n\n\n<p>Ci sono alcune differenze nei diversi paesi su quanto i logopedisti vengano coinvolti nella diagnosi di FND. Talvolta un logopedista che opera da solo potrebbe fare da solo la diagnosi di FND. In altri casi, le loro speciali competenze gli permettono di aiutare un neurologo (o un otorinolaringoiatra, o uno pneumologo) nel formulare una diagnosi di FND.<\/p>\n\n\n\n<h3><strong>Trattamento del parlato e della deglutizione negli FND<\/strong><\/h3>\n\n\n\n<p>Il tipo di trattamento dipende dal tipo di sintomi che sono presenti.<\/p>\n\n\n\n<p>Potrebbe venirti chiesto di produrre semplici suoni che il logopedista ti aiuter\u00e0 a trasformare in parole. Il logopedista potrebbe farti notare alcuni schemi respiratori o tensioni muscolari che ti impediscono di parlare in modo normale o di deglutire. Successivamente, il logopedista potrebbe aiutarti ad usare maggiormente la voce, il parlato, o la deglutizione in contesti giornalieri.<\/p>\n\n\n\n<p>Talvolta i sintomi della voce e del parlato comuni negli FND possono migliorare molto velocemente \u2013 in alcuni casi anche durante la prima sessione di trattamento \u2013 ma in altri casi pi\u00f9 sessioni possono essere necessarie. Verso la fine del trattamento potrebbe essere utile lavorare con il logopedista per sviluppare un piano nel caso in cui i sintomi si ripresentino.<\/p>\n\n\n\n<h3><strong>Logopedisti come parte del gruppo clinico<\/strong><\/h3>\n\n\n\n<p>I logopedisti lavorano a fianco degli altri membri dell&#8217;equipe medica. In caso siano presenti sintomi differenti tu verrai seguito non solo da un logopedista, ma anche da un neurologo, un fisioterapista, un terapista occupazionale, o uno psichiatra. In alcuni casi, potrebbe essere meglio iniziare dalla logopedia in modo da poter poi prendere parte ad altri trattamenti, come ad esempio parlare con uno psicologo. Altre persone, invece, potrebbero aver bisogno solo di un logopedista.<\/p>\n\n\n\n<h3><strong>Fare un piano nel caso in cui i sintomi si presentino di nuovo<\/strong><\/h3>\n\n\n\n<p>Talvolta (ma non sempre), i sintomi possono ripresentarsi dopo essere migliorati. Se la logopedia ha aiutato la remissione in un primo momento, spesso sar\u00e0 possibile utilizzare le stesse tecniche acquisite in precedenza per migliorare nuovamente. Talvolta potrebbe essere utile vedere di nuovo il logopedista.<\/p>\n\n\n\n<p><\/p>\n","protected":false},"excerpt":{"rendered":"<p>Cos\u2019\u00e8 la Logopedia?<\/p>\n","protected":false},"author":19,"featured_media":2724,"parent":1012,"menu_order":301,"comment_status":"closed","ping_status":"closed","template":"page-template\/symptom-details-page-template.php","meta":[],"_links":{"self":[{"href":"https:\/\/neurosymptoms.org\/it_IT\/wp-json\/wp\/v2\/pages\/2193"}],"collection":[{"href":"https:\/\/neurosymptoms.org\/it_IT\/wp-json\/wp\/v2\/pages"}],"about":[{"href":"https:\/\/neurosymptoms.org\/it_IT\/wp-json\/wp\/v2\/types\/page"}],"author":[{"embeddable":true,"href":"https:\/\/neurosymptoms.org\/it_IT\/wp-json\/wp\/v2\/users\/19"}],"replies":[{"embeddable":true,"href":"https:\/\/neurosymptoms.org\/it_IT\/wp-json\/wp\/v2\/comments?post=2193"}],"version-history":[{"count":62,"href":"https:\/\/neurosymptoms.org\/it_IT\/wp-json\/wp\/v2\/pages\/2193\/revisions"}],"predecessor-version":[{"id":14311,"href":"https:\/\/neurosymptoms.org\/it_IT\/wp-json\/wp\/v2\/pages\/2193\/revisions\/14311"}],"up":[{"embeddable":true,"href":"https:\/\/neurosymptoms.org\/it_IT\/wp-json\/wp\/v2\/pages\/1012"}],"wp:featuredmedia":[{"embeddable":true,"href":"https:\/\/neurosymptoms.org\/it_IT\/wp-json\/wp\/v2\/media\/2724"}],"wp:attachment":[{"href":"https:\/\/neurosymptoms.org\/it_IT\/wp-json\/wp\/v2\/media?parent=2193"}],"curies":[{"name":"wp","href":"https:\/\/api.w.org\/{rel}","templated":true}]}}