{"id":1945,"date":"2021-04-13T16:30:24","date_gmt":"2021-04-13T16:30:24","guid":{"rendered":"https:\/\/ftd.cognihealth.in\/?page_id=1945"},"modified":"2026-03-16T11:41:49","modified_gmt":"2026-03-16T11:41:49","slug":"functional-tics","status":"publish","type":"page","link":"https:\/\/neurosymptoms.org\/it_IT\/symptoms\/fnd-symptoms\/functional-tics\/","title":{"rendered":"Tic Funzionali"},"content":{"rendered":"\n<p>Un ringraziamento particolare va a Tammy Hedderley, Isobel Heyman e Christos Ganos, insieme agli altri colleghi citati al termine della pagina, per aver contribuito alle informazioni presenti in questa pagina, .<\/p>\n\n\n\n<h3><strong>Cosa sono i tic?<\/strong><\/h3>\n\n\n\n<p>I tic sono movimenti o suoni ripetuti che possono essere riscontrati in diverse condizioni, inclusa la sindrome di Tourette. I tic possono essere presenti anche nei disturbi neurologici funzionali, o FND, in cui vengono chiamati \u201ctic funzionali\u201d. Individui con la sindrome di Tourette possono sviluppare tic funzionali.&nbsp;<\/p>\n\n\n\n<p>I tic sono descritti come movimenti o suoni improvvisi, rapidi, ricorrenti e non ritmici. I tic sono definiti complessi se coinvolgono pi\u00f9 di un solo movimento semplice. I tic possono anche essere formati da una combinazione di movimenti e\/o suoni.<\/p>\n\n\n\n<p>Le informazioni contenute in questa pagina hanno lo scopo di fornire un\u2019introduzione ai tic funzionali che possa aiutare te ed il tuo medico ad affrontare meglio il problema. La Sindrome di Tourette non verr\u00e0 descritta in modo dettagliato, ma il collegamento tra essa e FND verr\u00e0 esplorato di seguito.<\/p>\n\n\n\n<h3><strong>Cosa sono i tic funzionali e come vengono diagnosticati?<\/strong><\/h3>\n\n\n\n<p>Ci sono molte similarit\u00e0 nei sintomi e trattamenti dei tic funzionali ed i tic presenti in altre condizioni (come la Sindrome di Tourette), ma sono presenti anche alcune importanti differenze.&nbsp;&nbsp;<\/p>\n\n\n\n<p>Nella prima infanzia (circa 4-5 anni), tic lievi sono abbastanza comuni. In una scuola di circa 400 bambini, \u00e8 normale trovarne 10-12 che presentano qualche tipo di tic. Quando i bambini crescono, i tic migliorano spontaneamente e durante la scuola secondaria il numero di ragazzi che presentano tic diminuisce (fino ad arrivare a circa meno dell\u20191%). La Sindrome di Tourette \u00e8 una condizione che inizia nella prima infanzia e questa rappresenta una delle principali differenze tra questa e i tic funzionali che di solito si sviluppano dopo i 10-11 anni e che possono comparire per la prima volta anche in et\u00e0 adulta.&nbsp;<\/p>\n\n\n\n<p>I tic funzionali sono un tipo di Disturbo Neurologico Funzionale (in inglese \u201c<em>Functional Neurological Disorder\u201d<\/em>, FND). Generalmente, gli FND sono disturbi del movimento o delle sensazioni che coinvolgono in modo particolare i movimenti volontari, ma non interferiscono con i movimenti automatici.&nbsp;<\/p>\n\n\n\n<p>La figura sottostante descrive le principali caratteristiche cliniche che i dottori usano per diagnosticare i tic funzionali, e queste vengono confrontate&nbsp; con quelle che si possono comunemente trovare nella Sindrome di Tourette. A volte le cose possono essere pi\u00f9 complicate perch\u00e9 alcune persone possono avere SIA tic tipici della Sindrome di Tourette, SIA tic funzionali. In genere \u00e8 importante cercare di capire se in un individuo il problema principale siano i tic funzionali, i tic da Sindrome di Tourette, o un misto di entrambi. In questi ultimi casi il trattamenti e la spiegazione del disturbo potrebbero cambiare. Per esempio, i farmaci utilizzati per la Sindrome di Tourette spesso non hanno effetto sui tic funzionali. Nei bambini e negli adolescenti, la concomitanza di tic funzionali e tic della Sindrome di Tourette \u00e8 pi\u00f9 comune, mentre negli adulti \u00e8 pi\u00f9 comune che i tic funzionali si presentino senza quelli da Sindrome di Tourette. Gli attacchi da tic si riferiscono a tic continui che si manifestano specialmente tra i pi\u00f9 giovani con un misto di tic funzionali e tic da Sindrome di Tourette. Maggiori informazioni su questo tipo di tic sono presenti sul <a href=\"https:\/\/www.tourettes-action.org.uk\/storage\/downloads\/1615388654_Factsheet---Tic-Attacks.pdf\">sito di Tourette Action<\/a>.<\/p>\n\n\n\n<h3><strong>Differenze e Similarit\u00e0 tra Tic Funzionali e Tic da Sindrome di Tourette<\/strong><\/h3>\n\n\n\n<figure class=\"wp-block-image size-large is-resized\"><img loading=\"lazy\" src=\"https:\/\/pre-prod.neurosymptoms.org\/wp-content\/uploads\/2021\/06\/Screenshot-2021-06-05-at-15.42.45-1024x886.png\" alt=\"\" class=\"wp-image-2133\" width=\"481\" height=\"415\" srcset=\"https:\/\/neurosymptoms.org\/wp-content\/uploads\/2021\/06\/Screenshot-2021-06-05-at-15.42.45-1024x886.png 1024w, https:\/\/neurosymptoms.org\/wp-content\/uploads\/2021\/06\/Screenshot-2021-06-05-at-15.42.45-300x260.png 300w, https:\/\/neurosymptoms.org\/wp-content\/uploads\/2021\/06\/Screenshot-2021-06-05-at-15.42.45-768x664.png 768w, https:\/\/neurosymptoms.org\/wp-content\/uploads\/2021\/06\/Screenshot-2021-06-05-at-15.42.45.png 1378w\" sizes=\"(max-width: 481px) 100vw, 481px\" \/><figcaption>*Si applica a bambini al di sopra degli 8 anni. I sintomi FND possono includere crisi epilettiche funzionali o problemi con la mobilit\u00e0. Ringraziamo Christos Ganos e colleghi per l\u2019idea di questo diagramma (riferimento bibliografico 2).<\/figcaption><\/figure>\n\n\n\n<p>Come si pu\u00f2 vedere dal diagramma, fare una diagnosi di tic funzionali non \u00e8 facile. In genere richiede un medico che abbia esperienza sia con la Sindrome di Tourette sia con altre cause che potrebbero portare allo sviluppo di tic. Sia gli FND che la Sindrome di Tourette sono disturbi del movimento volontario ed entrambi possono essere alterati da distrazione o suggestione.&nbsp;<\/p>\n\n\n\n<p>Come nella maggior parte degli FND, i tic funzionali vengono diagnosticati tramite una diagnosi clinica effettuata sulla base della presenza di una combinazione di elementi tipici.&nbsp;<\/p>\n\n\n\n<figure class=\"wp-block-table\"><table><tbody><tr><td><em>Di solito e\u2019 importante cercare di capire se in un individuo il problema principale sono i tic funzionali, i tic da Sindrome di Tourette, o un misto di entrambi, perch\u00e9 il trattamento e la spiegazione potrebbero cambiare.&nbsp;<\/em><\/td><\/tr><\/tbody><\/table><\/figure>\n\n\n\n<h3><strong>La storia di Sarah<\/strong><\/h3>\n\n\n\n<p>Sarah ha 13 anni ed un interesse per la danza, l\u2019arte ed il teatro. Durante le ultime 4 settimane ha manifestato improvvisi, debilitanti, e continui tic motori alle braccia e alle gambe. Questi movimenti sono accompagnati da strilli, versi di animali e la tendenza ad imprecare verso la sorellina pi\u00f9 piccola e ad attaccarla in un modo apparentemente incontrollabile. Questa esperienza \u00e8 stata molto sconvolgente per Sarah e l\u2019ha portata a recarsi pi\u00f9 volte in pronto soccorso, ma nessuno sembrava sapere cosa fare. Si sentiva in imbarazzo a parlare con i suoi amici. Sarah ha un fratello di 5 anni con diagnosi di disturbo dello spettro austico. Lei si descrive come timida, socialmente ansiosa, ed i genitori la descrivono come una \u201cperfezionista\u201d.&nbsp;<\/p>\n\n\n\n<p>I tic l\u2019hanno portata a stare a casa da scuola e a passare molto tempo da sola nella sua camera. Passa il suo tempo guardando siti di social media e informandosi su siti che trattano della Sindrome di Tourette. Recentemente ha avuto il coraggio di fare un video TikTok dove parla della sua esperienza. Lei ha uno zio con alcuni tic e disturbo ossessivo-compulsivo (OCD).&nbsp;<\/p>\n\n\n\n<p>Ripensando al passato, Sarah aveva avuto alcuni lievi tic all\u2019et\u00e0 di 5 anni, ma tutti avevano pensato che si fossero placati e nessuno ne aveva notati altri da molti anni.&nbsp;<\/p>\n\n\n\n<p>Nel caso di Sarah, i suoi tic avevano caratteristiche tipiche dei tic funzionali. Riguardavano in particolare le mani ed il corpo. Sarah non riusciva a sopprimere i tic, nemmeno per alcuni secondi e non aveva il comune campanello d\u2019allarme, quel senso di necessit\u00e0 di compiere il movimento, che le persone con Sindrome da Tourette hanno. In pi\u00f9, il fatto che i tic fossero iniziati in modo improvviso e severo all\u2019et\u00e0 di 13 anni \u00e8 un\u2019altra caratteristica tipica dei tic funzionali e non della Sindrome di Tourette.&nbsp;<\/p>\n\n\n\n<p>I medici di Sarah ritengono che sia probabile che il fatto che abbia vissuto tic lievi durante l\u2019infanzia l\u2019abbia resa vulnerabile allo sviluppo di tic funzionali nell\u2019adolescenza. Durante il trattamento si \u00e8 scoperto che alcune situazioni a scuola erano state particolarmente stressanti, portando Sarah a sentire una grossa pressione da parte dei compagni e a sviluppare un senso di panico verso i compiti, anche se era una studentessa eccellente.&nbsp;<\/p>\n\n\n\n<p>La terapia psicologica che ha fatto Sarah l\u2019ha aiutata a parlare dei suoi sentimenti e a controllare i sentimenti di panico e preoccupazione. Ha anche imparato delle tecniche che l\u2019hanno aiutata a focalizzarsi su altro rispetto al suo corpo quando i tic erano severi e gradualmente, con il tempo, questo l\u2019ha aiutata a migliorare i movimenti ed \u00e8 riuscita a tornare a scuola. Ha ancora qualche tic di tanto in tanto, ma riesce a gestirli.<\/p>\n\n\n\n<h3><strong>Che ricerche sono state fatte sui tic funzionali?<\/strong><\/h3>\n\n\n\n<p>Negli ultimi anni i tic funzionali sono stati sempre pi\u00f9 riconosciuti dagli esperti. Diversi gruppi di ricerca in tutto il mondo hanno pubblicato la loro esperienza nel diagnosticare e trattare i tic funzionali, ma stiamo ancora imparando a conoscerli e a capire come sia meglio trattarli.&nbsp;<\/p>\n\n\n\n<p>Come si pu\u00f2 vedere negli articoli di seguito, i dottori spesso utilizzano il termine \u201ctic psicogenici\u201d (psychogenic), quando si riferiscono a tic funzionali. Questo termine \u00e8 stato abbandonato perch\u00e9 i ricercatori si sono resi conto che questi disturbi sono causati da un condizione che coinvolge sia il cervello (neurologici) che la mente (psicologici).<\/p>\n\n\n\n<figure class=\"wp-block-image size-large is-resized\"><img loading=\"lazy\" src=\"https:\/\/pre-prod.neurosymptoms.org\/wp-content\/uploads\/2021\/06\/Screenshot-2021-06-05-at-15.42.55-1024x583.png\" alt=\"\" class=\"wp-image-2132\" width=\"533\" height=\"303\" srcset=\"https:\/\/neurosymptoms.org\/wp-content\/uploads\/2021\/06\/Screenshot-2021-06-05-at-15.42.55-1024x583.png 1024w, https:\/\/neurosymptoms.org\/wp-content\/uploads\/2021\/06\/Screenshot-2021-06-05-at-15.42.55-300x171.png 300w, https:\/\/neurosymptoms.org\/wp-content\/uploads\/2021\/06\/Screenshot-2021-06-05-at-15.42.55-768x437.png 768w, https:\/\/neurosymptoms.org\/wp-content\/uploads\/2021\/06\/Screenshot-2021-06-05-at-15.42.55.png 1356w\" sizes=\"(max-width: 533px) 100vw, 533px\" \/><\/figure>\n\n\n\n<p>Nel corso del 2020 e del 2021, molti dottori specializzati in disordini da tic hanno notato che molte pi\u00f9 persone, soprattutto adolescenti, presentano tic funzionali. La ragione non \u00e8 chiara. Ci\u00f2 potrebbe essere dovuto al fatto che questi sono stati anni stressanti per molte persone. \u00c8 importante specificare, per\u00f2, che non ci sono prove che dimostrano una diretta relazione tra la presenza di tic funzionali e l\u2019infezione da COVID-19 o i vaccini.<\/p>\n\n\n\n<h3><strong>Come e perch\u00e9 si sviluppano i tic funzionali?<\/strong><\/h3>\n\n\n\n<p>Il meccanismo chiave degli FND sembra essere legato ad un cambiamento nel focus dell\u2019attenzione del cervello che viene spostato involontariamente verso il corpo. Questo cambiamento nel focus dell&#8217;attenzione sembra essere in grado di indurre comportamenti anomali (come i tic funzionali) e pu\u00f2 anche rendere molto pi\u00f9 complessa l\u2019attuazione di alcuni movimenti volontari (le persone con tic funzionali possono avere dei blocchi temporanei nei movimenti volontari). A volte questo spostamento dell&#8217;attenzione verso il corpo aumenta la percezione delle sensazioni interiori o delle preoccupazioni e dei pensieri sui tic\/attacchi da tic; questi pensieri e preoccupazioni possono, a loro volta, causare o peggiorare i sintomi. L\u2019esperienza clinica suggerisce che le persone con tic funzionali potrebbero diventare pi\u00f9 vulnerabili ai tic se passano molto tempo a guardare qualcuno con tic. La Sindrome di Tourette invece non pu\u00f2 essere provocata guardando altre persone mentre hanno dei tic. Ci\u00f2 ha portato i dottori a chiedersi se l\u2019esposizione su social media a video di persone che mostrano i propri tic possa inavvertitamente provocare tic funzionali negli spettatori.&nbsp;<\/p>\n\n\n\n<p>Molte persone prima di addormentarsi tendono ad avere dei movimenti a scatti involontari (hypnic jerks): questi sono totalmente normali ma, in alcune persone, potrebbero aiutare a modificare le connessioni cerebrali portandoli ad essere pi\u00f9 propensi a sviluppare tic funzionali.&nbsp;<\/p>\n\n\n\n<p>Abbiamo parlato di stress e modelli psicologici, ma i tic funzionali coinvolgono anche il cervello. Per questa ragione le persone che hanno questi tipi di tic non possono semplicemente entrare nel loro cervello e spegnerli.<\/p>\n\n\n\n<figure class=\"wp-block-image size-large is-resized\"><img loading=\"lazy\" src=\"https:\/\/pre-prod.neurosymptoms.org\/wp-content\/uploads\/2021\/06\/Screenshot-2021-06-05-at-15.43.07-1024x792.png\" alt=\"\" class=\"wp-image-2131\" width=\"514\" height=\"397\" srcset=\"https:\/\/neurosymptoms.org\/wp-content\/uploads\/2021\/06\/Screenshot-2021-06-05-at-15.43.07-1024x792.png 1024w, https:\/\/neurosymptoms.org\/wp-content\/uploads\/2021\/06\/Screenshot-2021-06-05-at-15.43.07-300x232.png 300w, https:\/\/neurosymptoms.org\/wp-content\/uploads\/2021\/06\/Screenshot-2021-06-05-at-15.43.07-768x594.png 768w, https:\/\/neurosymptoms.org\/wp-content\/uploads\/2021\/06\/Screenshot-2021-06-05-at-15.43.07.png 1368w\" sizes=\"(max-width: 514px) 100vw, 514px\" \/><\/figure>\n\n\n\n<h3><strong>I tic funzionali richiedono sempre un trattamento?<\/strong><\/h3>\n\n\n\n<p>Le piattaforme di social media hanno aiutato le persone con disabilit\u00e0, incluse quelle con tic funzionali, a condividere le loro esperienze. Alcune persone con tic funzionali non li vivono necessariamente come un problema; se per esempio tutti avessero i tic, allora non sarebbero un problema per loro. A questo punto \u00e8 importante avere una discussione sulle diverse esperienze che persone diverse possono avere. Alcuni pazienti sostengono che altre condizioni come l\u2019autismo e la sordit\u00e0 hanno aiutato a far loro capire che solo perch\u00e9 qualcosa \u00e8 diverso non vuol sempre dire che abbia bisogno di un \u201ctrattamento\u201d: questi pazienti non richiedono un trattamento perch\u00e9 i tic non causano loro problemi significativi. Per la maggior parte delle persone, per\u00f2, i tic funzionali sono stressanti, soprattutto quando appaiono dal nulla; in questi casi pensare ad un trattamento \u00e8 la cosa giusta da fare.&nbsp;<\/p>\n\n\n\n<h3><strong>Qual \u00e8 il trattamento?&nbsp;<\/strong><\/h3>\n\n\n\n<p><strong>1. Capire cosa c\u2019\u00e8 che non va.&nbsp;<\/strong><\/p>\n\n\n\n<p>Come in tutti i tipi di FND \u00e8 molto importante che il medico o professionista sanitario spieghi al paziente come mai \u00e8 stata formulata la diagnosi di tic funzionali, e se questi si manifestano da soli o in concomitanza con la Sindrome di Tourette. Tutti i pazienti hanno bisogno di essere capiti e di sapere che i professionisti che li seguono sono consapevoli che i tic non possono essere controllati e che tutti loro hanno il desiderio di migliorare la loro condizione.&nbsp;<\/p>\n\n\n\n<p><strong>2. Riprogrammare il cervello<\/strong><\/p>\n\n\n\n<p>Il trattamento dei tic funzionali \u00e8 simile a quello per gli altri tipi di FND. Consiste nel riconoscere che ci sono pattern di movimento nel cervello che si sono \u201cbloccati\u201d e capire che ci sono delle tecniche, usando la terapia psicologica e\/o la fisioterapia, per aiutare a \u201csbloccarli\u201d.&nbsp;<\/p>\n\n\n\n<p><strong><em>Terapia Psicologica<\/em><\/strong><\/p>\n\n\n\n<figure class=\"wp-block-table\"><table><tbody><tr><td><em>Tutti hanno bisogno di essere capiti e di sapere che i professionisti che li curano sono consapevoli che non si ha il controllo dei propri movimenti e che si vorrebbe migliorare la situazione.&nbsp;&nbsp;<\/em><\/td><\/tr><\/tbody><\/table><\/figure>\n\n\n\n<p>La terapia psicologica per i tic funzionali dovrebbe essere incentrata sull\u2019individuo. Non ci sono studi che ci permettono di sapere qual \u00e8 il trattamento migliore e pi\u00f9 efficace per i tic funzionali. La terapia cognitivo-comportamentale include la psico-educazione, la comprensione dei sintomi della mente e del corpo (dando particolare attenzione all\u2019ansia), modificare il comportamento proprio e degli altri associato ai tic (vedi di seguito), e gradualmente aumentare le attivit\u00e0 nonostante la presenza dei tic.&nbsp;<\/p>\n\n\n\n<p>Altre terapie psicologiche, che si focalizzano pi\u00f9 sul capire come esperienze personali cambiano la nostra relazione con i nostri sentimenti e le altre persone (denominata terapia interpersonale o psicodinamica) possono essere di aiuto, soprattutto in et\u00e0 adulta.&nbsp;<\/p>\n\n\n\n<p>Diversi componenti della terapia psicologica possono essere utili nel trattamento di questi sintomi, tra questi i principali sono:<\/p>\n\n\n\n<ol><li><strong>Aiutare gli altri a distogliere l\u2019attenzione dai tic funzionali o da attacchi simili ai tic. <\/strong>Quando i tic sono nuovi, non sono solo preoccupanti per il paziente, ma possono essere allarmanti anche per tutti gli altri, come per esempio per i membri della famiglia o gli amici. Aiuta gli amici e la famiglia ad essere meno spaventati dai sintomi. In questo modo non avranno bisogno di chiedere se stai bene ogni volta che hai un attacco. Un consiglio simile vale anche per coloro che hanno la Sindrome di Tourette.<\/li><li><strong>Focalizza l\u2019attenzione verso l\u2019esterno e lontano rispetto alle sensazioni interne del corpo. <\/strong>Tecniche come il \u201csensory grounding\u201d (ancoraggio sensoriale) possono essere utili negli FND. Questa tecnica ti insegna a focalizzare la tua attenzione sugli stimoli presenti nel tuo ambiente anzich\u00e9 sul tuo corpo. Questi stimoli possono&nbsp;essere qualcosa che tocchi, che vedi o che senti. Con la pratica le persone possono usare la tecnica di ancoraggio sensoriale per spostare il focus della loro attenzione lontano dal loro corpo e questo pu\u00f2 essere d\u2019aiuto per migliorare i tic funzionali.<\/li><li><strong>Limita il tempo che trascorri su siti che includono informazioni relative ai tic, se tu ne fai uso.<\/strong>&nbsp;\u00c8 un bene sapere che ci sono altre persone che hanno la tua stessa condizione, ma se tu trascorri molto tempo a guardare altri mentre parlano dei loro tic, ti consigliamo di limitare il tempo che dedichi a questa attivit\u00e0.<\/li><li><strong>Identificare i fattori scatenanti o di stress se sono presenti. <\/strong>Una parte importante della valutazione e del trattamento \u00e8 imparare ad identificare fattori di stress se e quando questi sono presenti. Famiglia, insegnanti, terapisti ed altre persone potrebbero essere in grado di aiutarti ad affrontare e reagire quando questi fattori di stress sono presenti (come per esempio la scuola, il lavoro, o problemi con gli amici). Potrebbe anche essere importante imparare di pi\u00f9 sul come tu ti relazioni alle tue emozioni e alle altre persone, soprattutto in risposta allo stress.&nbsp;<\/li><li><strong>Trattare altre condizioni di salute mentale, quando presenti.&nbsp;<\/strong>Studi hanno dimostrato che circa il 50% delle persone con FND soffre anche di condizioni di salute mentale curabili, come l\u2019ansia o la depressione. \u00c8 importante fare particolare attenzione a diagnosticare questi disturbi se presenti, e, in caso lo fossero, considerare di iniziare trattamenti specifici per queste condizioni in parallelo al trattamento per i tic funzionali.<\/li><\/ol>\n\n\n\n<p><strong><em>Fisioterapia<\/em><\/strong><\/p>\n\n\n\n<p>Per alcune persone imparare alcuni movimenti aspecifici \u00e8 un modo per focalizzare la propria attenzione su altre parti del corpo durante una crisi di tic. Un fisioterapista che abbia familiarit\u00e0 con gli FND pu\u00f2 essere in grado di suggerirti gli esercizi da fare come parte del trattamento.<\/p>\n\n\n\n<h3><strong>Quali farmaci sono usati per i tic?<\/strong><\/h3>\n\n\n\n<p>Farmaci come la Clonidina o l\u2019Aripiprazolo a volte sono usati per la Sindrome di Tourette.&nbsp;<\/p>\n\n\n\n<p>Gli esperti di tic concordano che questo genere di farmaci NON \u00e8 utile per le persone che soffrono di tic funzionali.&nbsp;<\/p>\n\n\n\n<p>A volte farmaci per l\u2019ansia, per sintomi ossessivi o per la depressione possono essere utili in alcune persone con tic funzionali quando le condizioni elencate in precedenza sono presenti.<\/p>\n\n\n\n<h3><strong>Guardiamo al quadro d\u2019insieme<\/strong><\/h3>\n\n\n\n<p>Alcune persone con tic funzionali li hanno come parte di un \u201cquadro pi\u00f9 ampio\u201d di malessere generale.<\/p>\n\n\n\n<figure class=\"wp-block-image size-large is-resized\"><img loading=\"lazy\" src=\"https:\/\/pre-prod.neurosymptoms.org\/wp-content\/uploads\/2021\/06\/Screenshot-2021-06-08-at-12.08.30.png\" alt=\"\" class=\"wp-image-2175\" width=\"241\" height=\"409\" srcset=\"https:\/\/neurosymptoms.org\/wp-content\/uploads\/2021\/06\/Screenshot-2021-06-08-at-12.08.30.png 598w, https:\/\/neurosymptoms.org\/wp-content\/uploads\/2021\/06\/Screenshot-2021-06-08-at-12.08.30-177x300.png 177w\" sizes=\"(max-width: 241px) 100vw, 241px\" \/><\/figure>\n\n\n\n<p>Alcune persone con tic funzionali hanno altri tipi di sintomi FND come crisi epilettiche o problemi di mobilit\u00e0.&nbsp;<\/p>\n\n\n\n<p>Nei ragazzi pi\u00f9 giovani, i tic funzionali possono presentarsi in modo cos\u00ed frequente da prendere la forma di \u201cattacchi da tic\u201d, che iniziano ad includere crisi epilettiche funzionali e disordini del movimento funzionali.&nbsp;<\/p>\n\n\n\n<p>Altri disturbi funzionali associati a dolore o fatica o ad altre condizioni mediche come l\u2019ipermobilit\u00e0 articolare possono aggravare questa situazione.&nbsp;<\/p>\n\n\n\n<p>Come per gli tutti i tipi di FND, alcune persone sono affette da ansia e depressione. A volte queste sono presenti per altre ragioni, o a volte sono aggravate dai sintomi funzionali.&nbsp;<\/p>\n\n\n\n<p>Molte persone che hanno FND NON hanno altri problemi di salute, quindi non ti scoraggiare se le informazioni presentate in precedenza non rispecchiano la tua situazione. Tuttavia se invece quello che hai appena letto rispecchia la tua condizione, sarebbe meglio passare del tempo con un medico o professionista sanitario specializzato in questi disturbi che sia in grado di comprendere come queste diverse condizioni possono essere associate le une alle altre.&nbsp;<\/p>\n\n\n\n<h3><strong>Ringraziamenti<\/strong><\/h3>\n\n\n\n<p>Vorremmo ringraziare i colleghi elencati di seguito per aver aiutato nella stesura di questo materiale e per i loro suggerimenti:<\/p>\n\n\n\n<p>Dr Tammy Hedderly, Paediatric Neurologist, Tic and Neurodevelopmental Movements Service, Guys Kings and St Thomas\u2019 School of Medicine, London, UK<\/p>\n\n\n\n<p>Professor Isobel Heyman, Child and Adolescent Neuropsychiatrist, Psychological Medicine Team, Great Ormond Street Hospital for Children NHS Foundation Trust, London, UK<\/p>\n\n\n\n<p>Dr Christos Ganos, Neurologist, Charite Hospital, Berlin, Germany<\/p>\n\n\n\n<p>Dr Benedetta Demartini, Psychiatrist, University of Milan. Milan, Italy<\/p>\n\n\n\n<p>Dr Jose Baizabal-Carvallo, Neurologist, University of Guanajuato, Mexico<\/p>\n\n\n\n<p>Professor Mark Edwards, Neurologist, St George\u2019s, University of London, London UK<\/p>\n\n\n\n<p>Professor Eileen Joyce, Neuropsychiatrist, National Hospital for Neurology and Neurosurgery, LondonProfessor Jon Stone<strong>,<\/strong>Neurologist,&nbsp; University of Edinburgh, Edinburgh UK<\/p>\n\n\n\n<h3><strong>Articoli Scientifici<\/strong><\/h3>\n\n\n\n<ol><li>Demartini B, Ricciardi L, Parees I, Ganos C, Bhatia KP, Edwards MJ. A positive diagnosis of functional (psychogenic) tics.&nbsp;<em>Eur J Neurol<\/em>&nbsp;2014; : 1\u20137.<\/li><li>Ganos C, Martino D, Espay AJ, Lang AE, Bhatia KP, Edwards MJ. Tics and functional tic-like movements: Can we tell them apart? Neurology. 2019;&nbsp;<strong>93<\/strong>: 750\u20138.<\/li><li>Baizabal-Carvallo JF, Jankovic J. The clinical features of psychogenic movement disorders resembling tics.&nbsp;<em>J Neurol Neurosurg Psychiatry<\/em>&nbsp;2014;&nbsp;<strong>85<\/strong>: 573\u20135.<\/li><li>Heyman I, Liang H, Hedderly T. COVID-19 related increase in childhood tics and tic-&nbsp; like attacks. Archives of Diseases in Childhood. 2021; : 8\u20139.<\/li><li>Robinson S, Hedderly T. Novel psychological Formulation and treatment of \u201c tic attacks \u201d in Tourette syndrome. Frontiers in Pediatrics. &nbsp;2016; 4: 1\u20137.<\/li><\/ol>\n","protected":false},"excerpt":{"rendered":"<p>I tic sono movimenti o suoni ripetuti che possono essere riscontrati in diverse condizioni, inclusa la sindrome di Tourette.<\/p>\n","protected":false},"author":47,"featured_media":2066,"parent":937,"menu_order":292,"comment_status":"closed","ping_status":"closed","template":"page-template\/symptom-details-page-template.php","meta":[],"_links":{"self":[{"href":"https:\/\/neurosymptoms.org\/it_IT\/wp-json\/wp\/v2\/pages\/1945"}],"collection":[{"href":"https:\/\/neurosymptoms.org\/it_IT\/wp-json\/wp\/v2\/pages"}],"about":[{"href":"https:\/\/neurosymptoms.org\/it_IT\/wp-json\/wp\/v2\/types\/page"}],"author":[{"embeddable":true,"href":"https:\/\/neurosymptoms.org\/it_IT\/wp-json\/wp\/v2\/users\/47"}],"replies":[{"embeddable":true,"href":"https:\/\/neurosymptoms.org\/it_IT\/wp-json\/wp\/v2\/comments?post=1945"}],"version-history":[{"count":192,"href":"https:\/\/neurosymptoms.org\/it_IT\/wp-json\/wp\/v2\/pages\/1945\/revisions"}],"predecessor-version":[{"id":15850,"href":"https:\/\/neurosymptoms.org\/it_IT\/wp-json\/wp\/v2\/pages\/1945\/revisions\/15850"}],"up":[{"embeddable":true,"href":"https:\/\/neurosymptoms.org\/it_IT\/wp-json\/wp\/v2\/pages\/937"}],"wp:featuredmedia":[{"embeddable":true,"href":"https:\/\/neurosymptoms.org\/it_IT\/wp-json\/wp\/v2\/media\/2066"}],"wp:attachment":[{"href":"https:\/\/neurosymptoms.org\/it_IT\/wp-json\/wp\/v2\/media?parent=1945"}],"curies":[{"name":"wp","href":"https:\/\/api.w.org\/{rel}","templated":true}]}}