{"id":1676,"date":"2021-04-02T09:45:32","date_gmt":"2021-04-02T09:45:32","guid":{"rendered":"https:\/\/ftd.cognihealth.in\/?page_id=1676"},"modified":"2023-01-16T19:09:05","modified_gmt":"2023-01-16T19:09:05","slug":"ive-heard-people-describing-fnd-as-neuropsychiatric-doesnt-this-mean-that-its-psychiatric","status":"publish","type":"page","link":"https:\/\/neurosymptoms.org\/it_IT\/faq-2\/ive-heard-people-describing-fnd-as-neuropsychiatric-doesnt-this-mean-that-its-psychiatric\/","title":{"rendered":"Ho sentito alcune persone definire FND come una malattia neuropsichiatrica, questo significa che \u00e8 di origine psichiatrica?"},"content":{"rendered":"\n<p>Molti esperti in quest\u2019ambito sostengono che FND debba essere concettualizzato come un disturbo di tipo neuropsichiatrico; questa categorizzazione permetterebbe di includere SIA gli aspetti neurologici CHE quelli psichiatrici\/psicologici presenti in questo disturbo(1). L&#8217;importanza dei singoli aspetti neurologici, psichiatrici\/psicologici e psicosociali cambia da paziente a paziente.&nbsp;<\/p>\n\n\n\n<p>Alcuni pazienti, ma anche medici e altri professionisti sanitari, provano sgomento quando sentono il termine neuropsichiatrico. Questo perch\u00e9 essi ritengono che usando questo termine il disturbo venga \u201cbollato\u201d come di origine psichiatrica, quando di fatto in molti casi non lo \u00e8.&nbsp;<\/p>\n\n\n\n<p>Ci sono per\u00f2 ancora alcuni medici e professionisti sanitari che ritengono che FND sia un disturbo di origine puramente psichiatrica, anche se \u00e8 raro trovare qualcuno tra i professionisti che lavorano a stretto contatto con questi pazienti che la pensi ancora in questo modo.&nbsp;<\/p>\n\n\n\n<p>Anche se FND \u00e8 ancora elencato nel manuale di diagnostica delle malattie psichiatriche (DSM-5), questo manuale contiene molte altre malattie, come la demenza, che non hanno origine psichiatrica. Questo \u00e8 perch\u00e9 questo manuale di diagnostica include principalmente tutte le condizioni che uno psichiatra potrebbe incontrare nella pratica clinica, invece che provare a dare una risposta alla domanda se questi disturbi hanno a che fare con la mente o il cervello.&nbsp;&nbsp;<\/p>\n\n\n\n<p>A tal proposito, nella nuova edizione del ICD-11 (un\u2019altro manuale di diagnostica) FND \u00e8 incluso nella sezione di Neurologia che \u00e8 legata alla sezione di Psichiatria. Molti, tra medici e altri professionisti, ritengono che non abbia proprio senso avere due sezioni separate per neurologia e psichiatria, poich\u00e9 tutte queste condizioni coinvolgono lo stesso organo, il cervello.&nbsp;&nbsp;<\/p>\n\n\n\n<p>In conclusione, quando la parola neuropsichiatrico viene usata per descrivere FND NON vuole significare \u201c\u00e8 un disturbo di origine completamente psicologica&#8221;.&nbsp; La malattia di Parkinson, la sindrome di Tourette e l\u2019emicrania sono tutti esempi di malattie che sono descritte come neuropsichiatriche. Questo serve a sottolineare come sia importante comprendere sia gli aspetti psichiatrici che quelli neurologici di queste malattie per capirle appieno e sviluppare trattamenti pi\u00f9 efficaci. Il termine \u201cneuropsichiatrico\u201d viene usato qui per provare ad andare oltre la divisione tra neurologia e psichiatria, tra cervello e mente. Usare la corretta terminologia \u00e8 molto importante e pu\u00f2 essere complesso, soprattutto quando si ha a che fare con un disturbo come FND che \u00e8 stato stigmatizzato per cos\u00ec tanto tempo.&nbsp;<\/p>\n\n\n\n<p>Bibliografia:<\/p>\n\n\n\n<ol><li>Perez DL, Aybek S, Nicholson TR, Kozlowska K, Arciniegas DB, LaFrance WC. Functional Neurological (Conversion) Disorder: A Core Neuropsychiatric Disorder. <em>J Neuropsychiatry Clin Neurosci<\/em> 2020; <strong>32<\/strong>: 1\u20133.<\/li><\/ol>\n","protected":false},"excerpt":{"rendered":"<p><!-- wp:paragraph --><\/p>\n<p>Molti esperti in quest\u2019ambito sostengono che FND debba essere concettualizzato come un disturbo di tipo neuropsichiatrico; questa categorizzazione permetterebbe di includere SIA gli aspetti neurologici CHE quelli psichiatrici&#8230;<\/p>\n","protected":false},"author":1,"featured_media":0,"parent":1654,"menu_order":14,"comment_status":"closed","ping_status":"closed","template":"page-template\/faq-details-template.php","meta":[],"_links":{"self":[{"href":"https:\/\/neurosymptoms.org\/it_IT\/wp-json\/wp\/v2\/pages\/1676"}],"collection":[{"href":"https:\/\/neurosymptoms.org\/it_IT\/wp-json\/wp\/v2\/pages"}],"about":[{"href":"https:\/\/neurosymptoms.org\/it_IT\/wp-json\/wp\/v2\/types\/page"}],"author":[{"embeddable":true,"href":"https:\/\/neurosymptoms.org\/it_IT\/wp-json\/wp\/v2\/users\/1"}],"replies":[{"embeddable":true,"href":"https:\/\/neurosymptoms.org\/it_IT\/wp-json\/wp\/v2\/comments?post=1676"}],"version-history":[{"count":16,"href":"https:\/\/neurosymptoms.org\/it_IT\/wp-json\/wp\/v2\/pages\/1676\/revisions"}],"predecessor-version":[{"id":12052,"href":"https:\/\/neurosymptoms.org\/it_IT\/wp-json\/wp\/v2\/pages\/1676\/revisions\/12052"}],"up":[{"embeddable":true,"href":"https:\/\/neurosymptoms.org\/it_IT\/wp-json\/wp\/v2\/pages\/1654"}],"wp:attachment":[{"href":"https:\/\/neurosymptoms.org\/it_IT\/wp-json\/wp\/v2\/media?parent=1676"}],"curies":[{"name":"wp","href":"https:\/\/api.w.org\/{rel}","templated":true}]}}