{"id":743,"date":"2020-11-29T13:02:32","date_gmt":"2020-11-29T13:02:32","guid":{"rendered":"https:\/\/ftd.cognihealth.in\/?page_id=743"},"modified":"2024-11-01T03:35:54","modified_gmt":"2024-11-01T03:35:54","slug":"pain","status":"publish","type":"page","link":"https:\/\/neurosymptoms.org\/fi\/symptoms\/common-associated-symptoms\/pain\/","title":{"rendered":"Kipu"},"content":{"rendered":"\n<h3>Mit\u00e4 krooninen kipu on?<\/h3>\n\n\n\n<p>Pitk\u00e4kestoinen krooninen kipu on hyvin tyypillinen toiminnalliseen neurologiseen oireistoon kuuluva oire. T\u00e4m\u00e4 sivuston tarkoitus ei ole k\u00e4sitell\u00e4 kroonista kipua kovin perusteellisesti. On kuitenkin t\u00e4rke\u00e4\u00e4 huomata, ett\u00e4 jos toiminnallisiin neurologisiin oireisiin liittyy kroonista kipua, oireet ovat todenn\u00e4k\u00f6isesti osa samaa kokonaisuutta.<\/p>\n\n\n\n<p>Kroonisen kivun synnyst\u00e4 on saatu paljon uutta tietoa viimeisen 10\u201320 vuoden aikana. Krooninen (pitk\u00e4kestoinen) kipu on erityyppist\u00e4, kuin akuutti (yht\u00e4kkinen) kipu. Akuuttia kipua saattaa kokea esimerkiksi leikatessaan sormeensa.&nbsp; Krooninen ja akuutti kipu toimivat kehossa eri mekanismeilla.<\/p>\n\n\n\n<p>Krooninen kipu johtuu usein hermoston v\u00e4ylien yliaktivoitumisesta. Ik\u00e4\u00e4n kuin aivot olisivat k\u00e4\u00e4nt\u00e4neet kipuaistimuksen kokemuksen isommalle. Kroonisesta kivusta k\u00e4rsiv\u00e4 ei voi itse k\u00e4\u00e4nt\u00e4\u00e4 voimakkuutta takaisin pienem\u00e4lle. Kipu on todellista ja sen kokemus aitoa.<\/p>\n\n\n\n<p>Krooninen kipu on neurologisen toiminnallisen oireiston tavoin aivojen ohjelmiston ongelma, ei ongelma aivojen rakenteissa.<\/p>\n\n\n\n<p>T\u00e4ss\u00e4 on joitain ilmi\u00f6t\u00e4 selitt\u00e4vi\u00e4 videoita.<\/p>\n\n\n\n<p><strong>Tame the Beast<\/strong>&nbsp;\u2013 osoitteesta&nbsp;<a href=\"http:\/\/www.tamethebeast.org\/\">tamethebeast.org.<\/a>&nbsp;T\u00e4m\u00e4 on Lorimer Moseleyn video Australiasta. H\u00e4n on kipututkija ja pyrkii selitt\u00e4m\u00e4\u00e4n, kuinka krooninen (pitk\u00e4kestoinen) kipu eroaa akuutista (nopeasti ohimenev\u00e4st\u00e4) kivusta.<\/p>\n\n\n\n<h3>Kipe\u00e4t alueet kehossa<\/h3>\n\n\n\n<p>Tavallisimmat kiputyypit toiminnallisen neurologisen oireiston yhteydess\u00e4 ovat:<\/p>\n\n\n\n<p><strong>Selk\u00e4kipu<\/strong><strong>&nbsp;<\/strong>\u2013 yleens\u00e4 alasel\u00e4ss\u00e4 levitt\u00e4ytyen molemmille puolille<\/p>\n\n\n\n<p><strong>Niskan ja kaulan kipu<\/strong>&nbsp;\u2013 usein pitk\u00e4kestoista ja pahenee liikkeess\u00e4<\/p>\n\n\n\n<p><strong>Laaja lihas- ja nivelkipu<\/strong><strong>&nbsp;<\/strong>\u2013 t\u00e4t\u00e4 kutsutaan toisinaan \u201dfibromyalgiaksi\u201d, erityisesti silloin, kun kipuun liittyy v\u00e4symyst\u00e4 ja huonolaatuista unta.<\/p>\n\n\n\n<p><strong><a href=\"\/fi\/symptoms\/common-associated-symptoms\/complex-regional-pain-syndrome\/\" data-type=\"URL\" data-id=\"\/fi\/symptoms\/common-associated-symptoms\/complex-regional-pain-syndrome\/\">Monimuotoinen kipuoireyhtym\u00e4<\/a>&nbsp;<\/strong>\u2013 raaja kipeytyy ja sen k\u00e4ytt\u00e4misest\u00e4 tulee vaikeaa. Usein t\u00e4m\u00e4 tapahtuu liev\u00e4n vamman yhteydess\u00e4. Raaja voi toisinaan olla turvonnut tai vaihtaa ajoittain v\u00e4ri\u00e4. Raajassa voi my\u00f6s esiinty\u00e4 heikkoutta. Kipu ei yksin\u00e4\u00e4n selit\u00e4 raajaheikkoutta. Monimuotoiseen kipuoireyhtym\u00e4\u00e4n liittyv\u00e4ll\u00e4 heikkoudella on paljon toiminnallisen raajaheikkouden piirteit\u00e4. My\u00f6s toiminnalliset aistioireet ja toiminnallinen liikeh\u00e4iri\u00f6 voivat liitty\u00e4 kipuoireyhtym\u00e4\u00e4n.<\/p>\n\n\n\n<p>Voit lukea lis\u00e4\u00e4 ongelmasta&nbsp;<a href=\"\/fi\/symptoms\/common-associated-symptoms\/complex-regional-pain-syndrome\/\" data-type=\"URL\" data-id=\"\/fi\/symptoms\/common-associated-symptoms\/complex-regional-pain-syndrome\/\">t\u00e4lt\u00e4<\/a> &nbsp;sivulta.<\/p>\n\n\n\n<h3>Kivun noidankehien ymm\u00e4rt\u00e4minen<\/h3>\n\n\n\n<p>Kroonisella kivulla ja toiminnallisella neurologisella oireistolla on yhteist\u00e4 oireita pahentavien noidankehien syntyminen. Potilas voi esimerkiksi kaatua sel\u00e4lleen ja loukata selk\u00e4ns\u00e4. T\u00e4ll\u00f6in liikkuminen voi olla vaikeaa parin p\u00e4iv\u00e4n ajan selk\u00e4kivun vuoksi. Ajan kanssa asteittain lis\u00e4\u00e4ntyv\u00e4 liike saattaa kuitenkin olla paras vaihtoehto. Selk\u00e4 on kyll\u00e4 kipe\u00e4, mutta sen liikuttaminen lis\u00e4\u00e4 liikkuvuutta ja v\u00e4hent\u00e4\u00e4 kipua.<\/p>\n\n\n\n<p>Toisinaan potilas saattaa pel\u00e4t\u00e4, ett\u00e4 sel\u00e4ss\u00e4 on vakava vamma tai rev\u00e4hdys. T\u00e4m\u00e4 on tavallista erityisesti liev\u00e4n vamman j\u00e4lkeen. Potilas saattaa olla ymm\u00e4rrett\u00e4v\u00e4n vastahakoinen liikuttamaan selk\u00e4\u00e4ns\u00e4 ja tulkita kivun merkiksi vauriosta. H\u00e4n saattaa jopa lopettaa liikkeen kokonaan suojellakseen selk\u00e4\u00e4 lis\u00e4vaurioilta. T\u00e4m\u00e4 l\u00e4hestymistapa johtaa kuitenkin vain liikkuvuuden v\u00e4hentymiseen entisest\u00e4\u00e4n ja kivun lis\u00e4\u00e4ntymiseen. Viereinen kuva havainnollistaa t\u00e4t\u00e4.<\/p>\n\n\n\n<h3>Mist\u00e4 apua kipuun?<\/h3>\n\n\n\n<p>Jos kipu on suurin terveyshuoli, voi apua etsi\u00e4 kipuklinikalta tai kivunhallintaohjelmista. N\u00e4m\u00e4 terveydenhuollon ammattilaiset voivat perehty\u00e4 kipuoireisiin huolellisemmin ja auttaa sopeutumaan niihin parhaiten.<\/p>\n\n\n\n<p>Terveyskyl\u00e4n <a href=\"https:\/\/www.terveyskyla.fi\/kivunhallintatalo\" data-type=\"URL\" data-id=\"https:\/\/www.terveyskyla.fi\/kivunhallintatalo\">kivunhallintatalosta<\/a> l\u00f6yd\u00e4t lis\u00e4\u00e4 materiaalia kroonisesta kivusta.<\/p>\n\n\n\n<p><\/p>\n\n\n\n<p>Migreeniyhdistys on julkaissut paljon hyv\u00e4\u00e4 tietoa eri <a href=\"https:\/\/migreeni.org\/tietoa\/\" data-type=\"URL\" data-id=\"https:\/\/migreeni.org\/tietoa\/\">p\u00e4\u00e4ns\u00e4rkyoireyhtymist\u00e4<\/a><\/p>\n\n\n\n<p>Reumaliiton sivulta l\u00f6yd\u00e4t tietoa <a href=\"https:\/\/www.reumaliitto.fi\/fi\/reuma-aapinen\/reumataudit\/fibromyalgia\" data-type=\"URL\" data-id=\"https:\/\/www.reumaliitto.fi\/fi\/reuma-aapinen\/reumataudit\/fibromyalgia\">fibromyalgiasta<\/a><\/p>\n\n\n\n<p><\/p>\n","protected":false},"excerpt":{"rendered":"<p>Pitk\u00e4kestoinen krooninen kipu on hyvin tyypillinen toiminnalliseen neurologiseen oireistoon kuuluva oire.<\/p>\n","protected":false},"author":65,"featured_media":0,"parent":939,"menu_order":269,"comment_status":"closed","ping_status":"closed","template":"page-template\/symptom-details-page-template.php","meta":[],"_links":{"self":[{"href":"https:\/\/neurosymptoms.org\/fi\/wp-json\/wp\/v2\/pages\/743"}],"collection":[{"href":"https:\/\/neurosymptoms.org\/fi\/wp-json\/wp\/v2\/pages"}],"about":[{"href":"https:\/\/neurosymptoms.org\/fi\/wp-json\/wp\/v2\/types\/page"}],"author":[{"embeddable":true,"href":"https:\/\/neurosymptoms.org\/fi\/wp-json\/wp\/v2\/users\/65"}],"replies":[{"embeddable":true,"href":"https:\/\/neurosymptoms.org\/fi\/wp-json\/wp\/v2\/comments?post=743"}],"version-history":[{"count":172,"href":"https:\/\/neurosymptoms.org\/fi\/wp-json\/wp\/v2\/pages\/743\/revisions"}],"predecessor-version":[{"id":15595,"href":"https:\/\/neurosymptoms.org\/fi\/wp-json\/wp\/v2\/pages\/743\/revisions\/15595"}],"up":[{"embeddable":true,"href":"https:\/\/neurosymptoms.org\/fi\/wp-json\/wp\/v2\/pages\/939"}],"wp:attachment":[{"href":"https:\/\/neurosymptoms.org\/fi\/wp-json\/wp\/v2\/media?parent=743"}],"curies":[{"name":"wp","href":"https:\/\/api.w.org\/{rel}","templated":true}]}}