{"id":664,"date":"2020-12-01T05:21:38","date_gmt":"2020-12-01T05:21:38","guid":{"rendered":"https:\/\/ftd.cognihealth.in\/?page_id=664"},"modified":"2024-11-01T03:50:02","modified_gmt":"2024-11-01T03:50:02","slug":"ive-tried-everything-nothing-helps","status":"publish","type":"page","link":"https:\/\/neurosymptoms.org\/fi\/treatment\/ive-tried-everything-nothing-helps\/","title":{"rendered":"\"Olen kokeillut kaikkea\""},"content":{"rendered":"\n<p>Jos olet kokeillut kaikkia t\u00e4ll\u00e4 sivustolla esiteltyj\u00e4 keinoja, etk\u00e4 viel\u00e4 kuukausienkaan p\u00e4\u00e4st\u00e4 voi paremmin, mit\u00e4 seuraavaksi?<\/p>\n\n\n\n<p>Kaikki toiminnallisista neurologisista oireista k\u00e4rsiv\u00e4t potilaat eiv\u00e4t parane.<\/p>\n\n\n\n<p>Osalla potilaista on synnynn\u00e4inen alttius monenlaisille toiminnallisille oireille ja h\u00e4iri\u00f6ille. Vaikuttaa silt\u00e4, ett\u00e4 yhden oireen parantuessa toinen tulee pian sen tilalle. T\u00e4llainen sairauden kierre voi olla potilaalle hyvin lannistava. Monet t\u00e4llaisessa tilanteessa olevat potilaat tuntevat itsens\u00e4 \u201dluulotautisiksi\u201d, koska he joutuvat k\u00e4ym\u00e4\u00e4n jatkuvasti l\u00e4\u00e4k\u00e4rill\u00e4 eri syist\u00e4 ja testitulokset ovat yleens\u00e4 normaalit.<\/p>\n\n\n\n<p>Jos l\u00e4\u00e4k\u00e4ri ja muut terveydenhuollon ammattilaiset ovat tehneet parhaansa ja potilas on itse tehnyt parhaansa, voi olla, ett\u00e4 kyseess\u00e4 on krooninen vaiva. T\u00e4ss\u00e4 tapauksessa hoidon tavoite voi olla parhaan mahdollisen el\u00e4m\u00e4nlaadun yll\u00e4pit\u00e4minen.<\/p>\n\n\n\n<p>Vaikka oireita on ollut pitk\u00e4\u00e4n, se ei tarkoita, ett\u00e4 ne jatkuvat ikuisesti. Potilaan vanhetessa oireet saattavat v\u00e4isty\u00e4 taka-alalle.<\/p>\n\n\n\n<p>L\u00e4\u00e4k\u00e4reill\u00e4 on toisinaan vaikeuksia t\u00e4m\u00e4n selitt\u00e4misess\u00e4 potilaalle. Ajatus voi olla, ett\u00e4 koska kyseess\u00e4 ei ole vaurioittava sairaus, se paranee aina. T\u00e4m\u00e4 ei pid\u00e4 paikkaansa.<\/p>\n\n\n\n<p>Edinburghissa tehdyss\u00e4 tutkimuksessa seurattiin toiminnallisesta raajaheikkoudesta k\u00e4rsivien potilaiden toipumista. Se on yksi pisimmist\u00e4 aiheesta tehdyist\u00e4 seurantatutkimuksista.<\/p>\n\n\n\n<p>14 vuotta diagnoosin j\u00e4lkeen useilla potilailla esiintyi edelleen toiminnallisia oireita. Tulokset jakautuivat seuraavasti:<\/p>\n\n\n\n<p>51 % oli joko parantunut, tai oireet olivat merkitt\u00e4v\u00e4sti helpottuneet (20 % oli parantunut t\u00e4ysin)<\/p>\n\n\n\n<p>23 % oireet eiv\u00e4t olleet muuttuneet diagnoosin saamisesta<\/p>\n\n\n\n<p>14 % oireet olivat pahentuneet<\/p>\n\n\n\n<p>Ei siis kannata vaatia itselt\u00e4\u00e4n liikoja, jos kuntoutuminen on haastavaa. Hoitava l\u00e4\u00e4k\u00e4ri voi sopia kontrolleista potilaan voinnin seuraamiseksi. Kontrollit voivat olla t\u00e4rkeit\u00e4 esimerkiksi l\u00e4\u00e4kityksen s\u00e4\u00e4t\u00e4mist\u00e4 varten sek\u00e4 yleisvoinnin tarkkailemiseksi.<\/p>\n\n\n\n<p>Hyvin pienell\u00e4 joukolla potilaista (alle 5 %) kuntoutuminen ei onnistu, koska diagnoosi on virheellinen. Toisinaan diagnoosin tarkastaminen on perusteltua. Kuitenkin ehdottomasti suurimmalle osalle potilaista toistuvat yritykset l\u00f6yt\u00e4\u00e4 vaihtoehtoinen diagnoosi voivat olla eritt\u00e4in vahingollisia. Monelle t\u00e4llainen jatkuva etsiminen ja eri l\u00e4\u00e4k\u00e4reiden mielipiteiden hakeminen on este toiminnallisten neurologisten oireiden kuntoutukselle. On toki ymm\u00e4rrett\u00e4v\u00e4\u00e4, miksi potilas saattaa uskoa oireiden johtuvat MS-taudin tai Parkinsonin taudin kaltaisista, aivoja vaurioittavista sairauksista. N\u00e4m\u00e4 ovat sairauksia, joista kaikki ovat kuulleet, kun taas toiminnalliset neurologiset oireet ovat v\u00e4hemm\u00e4n tunnettuja.<\/p>\n\n\n\n<p>Pitk\u00e4aikaisten oireiden kanssa el\u00e4minen voi olla raskasta. Onko alueellasi vertaistukiryhmi\u00e4 neurologisista tai muista vaivoista k\u00e4rsiville? Tukipalveluiden etsiminen voi auttaa parhaan el\u00e4m\u00e4nlaadun saavuttamisessa.<\/p>\n","protected":false},"excerpt":{"rendered":"<p><!-- wp:paragraph --><\/p>\n<p>Jos olet kokeillut kaikkia t\u00e4ll\u00e4 sivustolla esiteltyj\u00e4 keinoja, etk\u00e4 viel\u00e4 kuukausienkaan p\u00e4\u00e4st\u00e4 voi paremmin, mit\u00e4 seuraavaksi?<\/p>\n<p><!-- \/wp:paragraph --><\/p>\n<p><!-- wp:paragraph --><\/p>\n<p>Kaikki toiminnallisista neurologisista oire&#8230;<\/p>\n","protected":false},"author":65,"featured_media":0,"parent":1012,"menu_order":308,"comment_status":"closed","ping_status":"closed","template":"page-template\/symptom-details-page-template.php","meta":[],"_links":{"self":[{"href":"https:\/\/neurosymptoms.org\/fi\/wp-json\/wp\/v2\/pages\/664"}],"collection":[{"href":"https:\/\/neurosymptoms.org\/fi\/wp-json\/wp\/v2\/pages"}],"about":[{"href":"https:\/\/neurosymptoms.org\/fi\/wp-json\/wp\/v2\/types\/page"}],"author":[{"embeddable":true,"href":"https:\/\/neurosymptoms.org\/fi\/wp-json\/wp\/v2\/users\/65"}],"replies":[{"embeddable":true,"href":"https:\/\/neurosymptoms.org\/fi\/wp-json\/wp\/v2\/comments?post=664"}],"version-history":[{"count":78,"href":"https:\/\/neurosymptoms.org\/fi\/wp-json\/wp\/v2\/pages\/664\/revisions"}],"predecessor-version":[{"id":15621,"href":"https:\/\/neurosymptoms.org\/fi\/wp-json\/wp\/v2\/pages\/664\/revisions\/15621"}],"up":[{"embeddable":true,"href":"https:\/\/neurosymptoms.org\/fi\/wp-json\/wp\/v2\/pages\/1012"}],"wp:attachment":[{"href":"https:\/\/neurosymptoms.org\/fi\/wp-json\/wp\/v2\/media?parent=664"}],"curies":[{"name":"wp","href":"https:\/\/api.w.org\/{rel}","templated":true}]}}