{"id":649,"date":"2020-12-01T04:52:14","date_gmt":"2020-12-01T04:52:14","guid":{"rendered":"https:\/\/ftd.cognihealth.in\/?page_id=649"},"modified":"2025-06-30T11:16:40","modified_gmt":"2025-06-30T11:16:40","slug":"treatment-of-functional-seizures","status":"publish","type":"page","link":"https:\/\/neurosymptoms.org\/fi\/treatment\/treatment-of-functional-seizures\/","title":{"rendered":"Kohtausten hoito"},"content":{"rendered":"\n<blockquote class=\"wp-block-quote\"><p><em>Kohtausten aikana potilas menett\u00e4\u00e4 osan kehonsa hallinnasta. Hoidon tavoite on l\u00f6yt\u00e4\u00e4 tapoja t\u00e4m\u00e4n hallinnan palauttamiseksi.<\/em><\/p><\/blockquote>\n\n\n\n<p>On yll\u00e4tt\u00e4v\u00e4\u00e4, kuinka v\u00e4h\u00e4n toiminnallisia kohtauksia on tutkittu. Toiminnalliset kohtaukset ovat suhteellisen tavallisia, joten parhaiden hoitomuotojen tutkiminen olisi perusteltua.<\/p>\n\n\n\n<p>Viime vuosina tutkimustieto on kuitenkin lis\u00e4\u00e4ntynyt.&nbsp; T\u00e4m\u00e4 osio perustuu n\u00e4ihin tutkimuksiin ja professori John Stonen kokemuksiin satojen toiminnallisista kohtauksista k\u00e4rsivien potilaiden hoidossa.<\/p>\n\n\n\n<p>Seuraaviin t\u00e4m\u00e4n sivuston osiin perehtyminen on suositeltavaa ennen t\u00e4m\u00e4n osion lukemista:<\/p>\n\n\n\n<p><strong>Toiminnalliset kohtaukset: <\/strong>On eritt\u00e4in t\u00e4rke\u00e4\u00e4 ymm\u00e4rt\u00e4\u00e4, ett\u00e4 n\u00e4m\u00e4 oireet ovat tavallisia. Ne eiv\u00e4t tarkoita, ett\u00e4 potilas kuvittelisi oireet tai olisi tulossa hulluksi. Oireita voidaan my\u00f6s hoitaa ilman l\u00e4\u00e4kityst\u00e4.<\/p>\n\n\n\n<p><strong>Aiheuttajat: <\/strong>On elint\u00e4rke\u00e4\u00e4, ett\u00e4 l\u00e4\u00e4k\u00e4ri on tutkinut potilaan huolella ja antanut oikean diagnoosin.<\/p>\n\n\n\n<p><strong>Psykologinen arvio:<\/strong> Saattaa olla h\u00e4mment\u00e4v\u00e4\u00e4, ett\u00e4 l\u00e4\u00e4k\u00e4ri voi kirjoittaa l\u00e4hetteen psykologille tai psykiatrille toiminnallisista oireista k\u00e4rsiv\u00e4lle potilaalle. T\u00e4ss\u00e4 osiossa kerrotaan aiheesta tarkemmin.<\/p>\n\n\n\n<h3>Varoitusoireiden tunnistaminen<\/h3>\n\n\n\n<p>Suurimmalla osalla toiminnallisista kohtauksista k\u00e4rsivist\u00e4 potilaita esiintyy varoitusoireita ennen kohtauksia. Niit\u00e4 ei esiinny joka kerta ja ne voivat olla vain muutaman sekunnin mittaisia.<\/p>\n\n\n\n<p>Osa potilaista saa varoitusoireen, muttei muista sit\u00e4 kohtauksen j\u00e4lkeen. Toisinaan potilaan l\u00e4heiset tai sukulaiset huomaavat varoituksen, vaikkei potilas itse huomaa mit\u00e4\u00e4n.<\/p>\n\n\n\n<p>Osalla potilaista ei esiinny varoitusoireita, eiv\u00e4tk\u00e4 he koskaan huomaa t\u00e4llaista oiretta.<\/p>\n\n\n\n<p>Kohtausten aikana potilas menett\u00e4\u00e4 osan kehonsa hallinnasta. Hoidon tavoite on l\u00f6yt\u00e4\u00e4 tapoja t\u00e4m\u00e4n hallinnan palauttamiseksi.<\/p>\n\n\n\n<p>Useat tutkimukset ovat osoittaneet, millaisia varoitusoireet voivat olla. Tutkimusten mukaan tavallisia varoitusoireita ovat:<\/p>\n\n\n\n<ul><li>rintakipu<\/li><li>syd\u00e4men tykytys<\/li><li>heng\u00e4styminen<\/li><li>hikoilu<\/li><li>turtuminen tai kihelm\u00f6inti<\/li><li>huimaus tai py\u00f6rrytt\u00e4v\u00e4 tunne<\/li><li>vilunv\u00e4ristykset tai kuumuuden tunne<\/li><li>dissosiatiiviset oireet \u2013 tajunnan sumeneminen<\/li><li>tunne kontrollin menett\u00e4misest\u00e4 tai \u201chulluksi tulemisesta\u201d<\/li><\/ul>\n\n\n\n<p>Kaikki n\u00e4m\u00e4 oireet liittyv\u00e4t \u201dtaistele tai pakene\u201d- ilmi\u00f6\u00f6n, joka johtuu kehon adrenaliinipiikist\u00e4. T\u00e4llaiset oireet liittyv\u00e4t my\u00f6s paniikkikohtaukseen. Ne ovat elimist\u00f6n h\u00e4lytystilan oireita.<\/p>\n\n\n\n<p>Samankaltaiset tutkimuksen ovat osoittaneet, ett\u00e4 toiminnallisista kohtauksista k\u00e4rsiv\u00e4t potilaat kehitt\u00e4v\u00e4t muita useammin ulkona yksinliikkumisen pelon, v\u00e4kijoukoissa liikkumisen pelon tai pelon liikkua paikoissa, joista pakeneminen on vaikeaa. T\u00e4m\u00e4 liittyy usein nolostumisen pelkoon. Jos potilas saisi kohtauksen n\u00e4iss\u00e4 paikoissa, voisi se johtaa noloon tilanteeseen.<\/p>\n\n\n\n<p>Toiminnallisista kohtauksista k\u00e4rsiv\u00e4t potilaat ovat usein huolissaan kohtauksen seurauksista. \u201dEhk\u00e4 en en\u00e4\u00e4 palaa tajuihini kohtauksen j\u00e4lkeen\u201d, \u201dEhk\u00e4 voin vammautua pysyv\u00e4sti.\u201d tai \u201dEhk\u00e4 menet\u00e4n kehoni hallinnan pysyv\u00e4sti jollain tavalla\u201d.<\/p>\n\n\n\n<p>Toisinaan toiminnalliset kohtaukset ovat kehon tapa p\u00e4\u00e4st\u00e4 eroon kamalista varoitusoireina esiintyvist\u00e4 tuntemuksista. Potilas ei siis aiheuta tajunnan sumentumista. Tajunnan sumentuminen on aivojen keino lopettaa varoitusoireet ja joskus t\u00e4m\u00e4 keino luo toistuvat toiminnalliset kohtaukset.<\/p>\n\n\n\n<h3>Varoitusoireiden hallinta<\/h3>\n\n\n\n<p>On perusteltua kysy\u00e4, kuinka t\u00e4m\u00e4 auttaa toiminnallisiin kohtauksiin.<\/p>\n\n\n\n<p>Jos varoitusoireet oppii tunnistamaan, niit\u00e4 saattaa oppia hallitsemaan tarpeeksi kohtausten v\u00e4ltt\u00e4miseksi ja tilanteen hallinnan palauttamiseksi. T\u00e4m\u00e4 voi olla mahdollista, vaikka varoitusoireet kest\u00e4isiv\u00e4t vain muutaman sekunnin ja hallinnan opettelu tapahtuu ajan kanssa.<\/p>\n\n\n\n<p>Miten varoitusoireisiin voi vaikuttaa?<\/p>\n\n\n\n<p><strong>1.&nbsp;&nbsp;&nbsp; \u00c4l\u00e4 s\u00e4ik\u00e4hd\u00e4! \u2013&nbsp;Liittyyk\u00f6 oireisiin pelkoa tai paniikkia?<\/strong><\/p>\n\n\n\n<p>Oireisiin voi liitty\u00e4 esimerkiksi seuraavia ajatuksia:<\/p>\n\n\n\n<ul><li>\u201dSatutanko itse\u00e4ni?\u201d<\/li><li>\u201dOlenko tulossa hulluksi?\u201d<\/li><li>\u201dTuleeko t\u00e4st\u00e4 todella noloa?\u201d<\/li><li>\u201dOnko t\u00e4m\u00e4 epilepsiaa?\u201d<\/li><li>\u201dKuolenko kohtauksen aikana?\u201d<\/li><\/ul>\n\n\n\n<p>Vastaukset n\u00e4ihin kysymyksiin ovat yksinkertaisempia, kuin voisi uskoa.<\/p>\n\n\n\n<ul><li><strong>\u201dSatutanko itse\u00e4ni?\u201d<\/strong> Mahdollisesti. Mustelmat ja kuhmut ovat tavallisia ja toisinaan potilas voi murtaa luunsa. T\u00e4m\u00e4 on kuitenkin harvinaista. Toiminnallisia kohtauksia hoitavat l\u00e4\u00e4k\u00e4rit eiv\u00e4t kohtaa hengenvaarallisia vammoja saaneita potilaita. Osa potilaasta on hereill\u00e4 kohtauksen aikana, vaikka potilas ei muista kohtausta j\u00e4lkik\u00e4teen. T\u00e4m\u00e4 tajunnan hereill\u00e4 oleva osa n\u00e4ytt\u00e4\u00e4 est\u00e4v\u00e4n potilaan (ja muiden, esimerkiksi vauvan) vakavan vammautumisen. T\u00e4t\u00e4 ei voi taata ja eritt\u00e4in pieni osa potilaista k\u00e4ytt\u00e4ytyy itsetuhoisesti kohtausten aikana tiedostamatta sit\u00e4.<\/li><\/ul>\n\n\n\n<ul><li><strong>\u201dOlenko tulossa hulluksi?\u201d <\/strong>Et.Potilas menett\u00e4\u00e4 tilap\u00e4isesti kehonsa hallinnan, muttei ole hullu.<\/li><li><strong>\u201dTuleeko t\u00e4st\u00e4 todella noloa?\u201d <\/strong>Ehk\u00e4. Mutta kannattaako sen takia v\u00e4ltell\u00e4 mukavia asioita?<\/li><li><strong>\u201dOnko t\u00e4m\u00e4 epilepsiaa?\u201d <\/strong>Ei, mutta jos asia ep\u00e4ilytt\u00e4\u00e4, siit\u00e4 kannattaa kysy\u00e4 l\u00e4\u00e4k\u00e4rilt\u00e4.<\/li><li><strong>\u201dKuolenko kohtauksen aikana?\u201d <\/strong>Et. N\u00e4in ei ole koskaan tapahtunut.<\/li><\/ul>\n\n\n\n<p><strong>2.&nbsp;&nbsp;&nbsp; &nbsp;Yrit\u00e4 harhauttaa itse\u00e4si.<\/strong><\/p>\n\n\n\n<p>Varoitusoireet saattavat tulla yll\u00e4tt\u00e4en ja hyvin voimakkaina. Silloin voi olla vaikeaa keskitty\u00e4 mihink\u00e4\u00e4n muuhun, mutta sit\u00e4 kannattaa yritt\u00e4\u00e4. Kohtausta edelt\u00e4vien muutaman sekunnin aikana ajatukset voivat t\u00e4ytty\u00e4 kehon tuntemuksista.<\/p>\n\n\n\n<p>Jos potilas oppii keskittym\u00e4\u00e4n johonkin muuhun tai harhauttamaan itse\u00e4\u00e4n, siit\u00e4 voi olla apua. Potilas voi esimerkiksi:<\/p>\n\n\n\n<ul><li>laskea kertotauluja.<\/li><li>ottaa lehden ja lukea sit\u00e4.<\/li><li>puhua jollekulle.<\/li><li>yritt\u00e4\u00e4 pelata tietokoneella, k\u00e4nnyk\u00e4ll\u00e4 tai muulla laitteella.<\/li><li>laulaa lempilauluaan.<\/li><\/ul>\n\n\n\n<p>Psykologi voi auttaa opettelemaan t\u00e4llaisia harjoituksia. Niit\u00e4 k\u00e4ytet\u00e4\u00e4n my\u00f6s paniikkikohtausten hoidossa. Paniikkikohtaukset ja dissosiatiiviset kohtaukset eiv\u00e4t ole t\u00e4ysin sama asia. Niill\u00e4 on kuitenkin paljon yhteist\u00e4, ne ovat ik\u00e4\u00e4n kuin toistensa serkuksia.<\/p>\n\n\n\n<p>Sheffieldin yliopiston tutkijat ovat kehitt\u00e4neet toisen oireiden hallintakeinon dissosiatiivisista kohtauksista k\u00e4rsiville potilaille. Sit\u00e4 kutsutaan &#8220;aistien maadoittamiseksi&#8221; <\/p>\n\n\n\n<p><\/p>\n\n\n\n<figure class=\"wp-block-image size-large\"><img loading=\"lazy\" width=\"1024\" height=\"850\" src=\"https:\/\/pre-prod.neurosymptoms.org\/wp-content\/uploads\/2022\/05\/Attack-treatment-2-kopio-1024x850.jpg\" alt=\"\" class=\"wp-image-9050\" srcset=\"https:\/\/neurosymptoms.org\/wp-content\/uploads\/2022\/05\/Attack-treatment-2-kopio-1024x850.jpg 1024w, https:\/\/neurosymptoms.org\/wp-content\/uploads\/2022\/05\/Attack-treatment-2-kopio-300x249.jpg 300w, https:\/\/neurosymptoms.org\/wp-content\/uploads\/2022\/05\/Attack-treatment-2-kopio-768x637.jpg 768w, https:\/\/neurosymptoms.org\/wp-content\/uploads\/2022\/05\/Attack-treatment-2-kopio.jpg 1176w\" sizes=\"(max-width: 1024px) 100vw, 1024px\" \/><\/figure>\n\n\n\n<p>T\u00e4ll\u00e4 sivustolla tarjotaan lis\u00e4tietoa paniikkikohtauksista. Tutustu ahdistuneisuutta ja paniikkia k\u00e4sitteleviin osiin ja linkkiin paniikkikohtausten itsehoitomateriaaliin. N\u00e4ist\u00e4 voi olla hy\u00f6ty\u00e4 oireiden hoidossa.<\/p>\n\n\n\n<p>T\u00e4ss\u00e4 englanninkielisess\u00e4 videossa tohtori Courtney Raspin kertoo aistien maadoittamisesta. <\/p>\n\n\n\n<figure class=\"wp-block-embed-youtube wp-block-embed is-type-video is-provider-youtube wp-embed-aspect-16-9 wp-has-aspect-ratio\"><div class=\"wp-block-embed__wrapper\">\n<iframe loading=\"lazy\" title=\"My Favourite Grounding Technique - 5-4-3-2-1\" width=\"745\" height=\"419\" src=\"https:\/\/www.youtube.com\/embed\/WHKyNtOo_Dk?feature=oembed\" frameborder=\"0\" allow=\"accelerometer; autoplay; clipboard-write; encrypted-media; gyroscope; picture-in-picture; web-share\" referrerpolicy=\"strict-origin-when-cross-origin\" allowfullscreen><\/iframe>\n<\/div><\/figure>\n\n\n\n<p><strong>3. Rauhoittele muita<\/strong><\/p>\n\n\n\n<p>Yksi kohtauksiin liittyv\u00e4 ongelma on ymp\u00e4r\u00f6ivien ihmisten reaktiot. Muut saattavat huolestua potilaan puolesta kohtauksen takia. Hekin saattavat hy\u00f6ty\u00e4 t\u00e4h\u00e4n sivustoon tutustumisesta. Osa potilaasta on hereill\u00e4 kohtauksen aikana, vaikka potilas ei muista kohtausta j\u00e4lkik\u00e4teen. Jos ymp\u00e4r\u00f6iv\u00e4t ihmiset ovat h\u00e4t\u00e4\u00e4ntyneit\u00e4, se heikent\u00e4\u00e4 potillaankin vointia.<\/p>\n\n\n\n<p>Ymp\u00e4r\u00f6ivien ihmisten tulisi:<\/p>\n\n\n\n<ul><li>pysy\u00e4 rauhallisina ja rohkaisevina.<\/li><li>varmistaa, ett\u00e4 potilaalla on tilaa ymp\u00e4rill\u00e4\u00e4n.<\/li><li>varmistaa, ettei potilaalla ole mit\u00e4\u00e4n suussaan.<\/li><li>odottaa kohtauksen rauhoittumista.<\/li><li>kannustaa potilasta nousemaan kohtauksen j\u00e4lkeen.<\/li><\/ul>\n\n\n\n<p>Potilas saattaa jopa kyet\u00e4 jatkamaan kesken j\u00e4\u00e4nytt\u00e4 teht\u00e4v\u00e4\u00e4ns\u00e4 esimerkiksi t\u00f6iss\u00e4 tai koulussa.<\/p>\n\n\n\n<h3>Merkkej\u00e4 varoitusoireiden hallinnan edistymisest\u00e4<\/h3>\n\n\n\n<ol type=\"1\"><li><strong>Varoitusoireet lis\u00e4\u00e4ntyv\u00e4t.<\/strong>&nbsp;Oireiden alkamiseen liittyy yleens\u00e4 enemm\u00e4n varoitusoireita. Kohtausten jatkuessa varoitukset voivat muuttua lyhyemmiksi ja kadota lopulta kokonaan. Toisinaan potilailla on varoitusoireita osana kohtausta. Ne kuitenkin unohtuvat kohtauksen aikana. Sukulaiset tai yst\u00e4v\u00e4t saattavat huomata t\u00e4llaiset oireet. Potilas saattaa olla poissaoleva tai poikkeuksellisen v\u00e4synyt ennen kohtausta. Kun potilas oppii lis\u00e4\u00e4 kohtauksistaan, h\u00e4n voi oppia tunnistamaan varoitusoireita, joista h\u00e4n ei ollut aiemmin tietoinen.<\/li><li><strong>Potilas tunnistaa varoitusoireet, muttei s\u00e4ik\u00e4hd\u00e4 niit\u00e4<\/strong>. Diagnoosin ymm\u00e4rt\u00e4minen voi lievent\u00e4\u00e4 varoitusoireiden aikaansaamaa s\u00e4ik\u00e4hdyst\u00e4. Dissosiaation ja kehon \u201dtaistele tai pakene\u201d -reaktion tunteminen voivat v\u00e4hent\u00e4\u00e4 oireisiin liittyvi\u00e4 pelkoja ja paniikkia.<\/li><li><strong>Varoitusoireet pitenev\u00e4t<\/strong><strong>.<\/strong>&nbsp;T\u00e4m\u00e4 on yksi hoidon tavoitteista. Mit\u00e4 kauemmin potilas voi siet\u00e4\u00e4 varoitusoireita ennen kuin tajunta sumenee, sit\u00e4 l\u00e4hemp\u00e4n\u00e4 h\u00e4n on kohtausten hallinnan saavuttamista.<\/li><li><strong>Potilas kykenee v\u00e4ltt\u00e4m\u00e4\u00e4n osan kohtauksista. <\/strong>Opittuaan harhauttamaan ajatuksiaan ja pysyess\u00e4\u00e4n rauhallisena potilas saattaa huomata, ett\u00e4 h\u00e4n saa vain varoitusoireita. Tajunnan sumentumista ja kohtausta ei aina tule. T\u00e4ss\u00e4 vaiheessa potilaan kuntoutus on edistynyt jo pitk\u00e4lle.<\/li><li><strong>Potilas pysyy tajuissaan koko kohtauksen ajan.<\/strong> T\u00e4m\u00e4 voi olla pelottavaa, jos kohtauksiin liittyy normaalisti tajunnan- muistin menetys. Jos potilas kuitenkin pysyy tajuissaan, on se merkki kehon hallinnan lis\u00e4\u00e4ntymisest\u00e4 ja edistyksest\u00e4 oikeaan suuntaan.<\/li><\/ol>\n\n\n\n<h3>Mik\u00e4 toiminnalliset kohtaukset aiheuttaa?<\/h3>\n\n\n\n<p>Toiminnallisista kohtauksista k\u00e4rsiv\u00e4t potilaat ovat usein hyvin h\u00e4mmentyneit\u00e4 siit\u00e4, mik\u00e4 kohtaukset aiheuttaa. Kohtaukset saattavat vaikuttaa t\u00e4ysin sattumanvaraisilta. Ne eiv\u00e4t kuitenkaan aina ole t\u00e4ytt\u00e4 sattumaa.<\/p>\n\n\n\n<p>Tavallisimpia tilanteita, joissa toiminnalliset kohtaukset sattuvat ovat:<\/p>\n\n\n\n<ol type=\"1\"><li>Levossa istualtaan tai makuulla. <strong>Levossa keho on paljon alttiimpi kohtauksille. Levossa aivot eiv\u00e4t keskity mihink\u00e4\u00e4n, eik\u00e4 niiden huomio kiinnity muihin asioihin. T\u00e4llaisessa tilassa on helpompi olla tietoinen kehon tuntemuksista kuten hengityksest\u00e4, syd\u00e4men sykkeest\u00e4 ja py\u00f6rrytyksest\u00e4.<\/strong><strong><\/strong><\/li><\/ol>\n\n\n\n<ul><li>Ruuhkaisissa paikoissa ja paikoissa, joista on vaikeaa paeta<strong>.&nbsp;<\/strong>Osa potilaista saa toiminnallisen kohtauksen todenn\u00e4k\u00f6isemmin tilanteissa, joissa kohtaus her\u00e4tt\u00e4\u00e4 huomiota. Potilas ei ehk\u00e4 tiedosta sit\u00e4, mutta t\u00e4llainen on yleens\u00e4 julkinen paikka, kuten ostoskeskus tai elokuvateatteri. Kohtaus julkisella paikalla on nolompi, kuin kotona saatu kohtaus. Mit\u00e4 enemm\u00e4n potilas ennakoi mahdollista kohtausta ja sen ep\u00e4miellytt\u00e4vi\u00e4 seurauksia, sit\u00e4 todenn\u00e4k\u00f6isemmin se tapahtuu.<\/li><\/ul>\n\n\n\n<ul><li>Ajatusten ja muistojen laukaisemana. Osa toiminnallisista oireista k\u00e4rsivist\u00e4 potilaista huomaa, ett\u00e4 kohtaukset laukaisee ep\u00e4miellytt\u00e4vien muistojen tai ajatusten pohtiminen.<\/li><\/ul>\n\n\n\n<ul><li>Sairaalassa<strong>.&nbsp;<\/strong>Potilailla on usein kohtauksia l\u00e4\u00e4k\u00e4rin odotushuoneessa tai vastaanotolla. T\u00e4m\u00e4 n\u00e4ytt\u00e4\u00e4 johtuvan kohtauksista puhumisen ennakoimisesta ja yksinkertaisesti kohtausten ajattelemisesta. L\u00e4\u00e4k\u00e4rit luulevat joskus, ett\u00e4 potilas \u201cesitt\u00e4\u00e4\u201d kohtausta, kun kohtaus alkaa sairaalassa. Kohtaukselle on kuitenkin paljon tavallisempi syy.<\/li><\/ul>\n\n\n\n<p>Kohtauksia ei yleens\u00e4 tapahdu stressaavissa tilanteissa tai kun potilaalla on paljon muuta ajateltavaa. Stressaavassa tilanteessa kohtaus ei saa valtaa, koska aivot ovat liian kuormittuneet. T\u00e4llainen tilanne voi olla esimerkiksi riidan aikana tai kiireess\u00e4 p\u00e4\u00e4st\u00e4 paikasta toiseen.<\/p>\n\n\n\n<p><\/p>\n\n\n\n<hr class=\"wp-block-separator\"\/>\n","protected":false},"excerpt":{"rendered":"<p>Viime vuosina tutkimustieto kohtausten hoidosta on lis\u00e4\u00e4ntynyt.<\/p>\n","protected":false},"author":65,"featured_media":1823,"parent":1012,"menu_order":304,"comment_status":"closed","ping_status":"closed","template":"page-template\/symptom-details-page-template.php","meta":[],"_links":{"self":[{"href":"https:\/\/neurosymptoms.org\/fi\/wp-json\/wp\/v2\/pages\/649"}],"collection":[{"href":"https:\/\/neurosymptoms.org\/fi\/wp-json\/wp\/v2\/pages"}],"about":[{"href":"https:\/\/neurosymptoms.org\/fi\/wp-json\/wp\/v2\/types\/page"}],"author":[{"embeddable":true,"href":"https:\/\/neurosymptoms.org\/fi\/wp-json\/wp\/v2\/users\/65"}],"replies":[{"embeddable":true,"href":"https:\/\/neurosymptoms.org\/fi\/wp-json\/wp\/v2\/comments?post=649"}],"version-history":[{"count":200,"href":"https:\/\/neurosymptoms.org\/fi\/wp-json\/wp\/v2\/pages\/649\/revisions"}],"predecessor-version":[{"id":15772,"href":"https:\/\/neurosymptoms.org\/fi\/wp-json\/wp\/v2\/pages\/649\/revisions\/15772"}],"up":[{"embeddable":true,"href":"https:\/\/neurosymptoms.org\/fi\/wp-json\/wp\/v2\/pages\/1012"}],"wp:featuredmedia":[{"embeddable":true,"href":"https:\/\/neurosymptoms.org\/fi\/wp-json\/wp\/v2\/media\/1823"}],"wp:attachment":[{"href":"https:\/\/neurosymptoms.org\/fi\/wp-json\/wp\/v2\/media?parent=649"}],"curies":[{"name":"wp","href":"https:\/\/api.w.org\/{rel}","templated":true}]}}