{"id":645,"date":"2020-12-01T04:37:22","date_gmt":"2020-12-01T04:37:22","guid":{"rendered":"https:\/\/ftd.cognihealth.in\/?page_id=645"},"modified":"2024-02-02T11:56:18","modified_gmt":"2024-02-02T11:56:18","slug":"family-and-work","status":"publish","type":"page","link":"https:\/\/neurosymptoms.org\/fi\/treatment\/family-and-work\/","title":{"rendered":"Perhe ja ty\u00f6el\u00e4m\u00e4"},"content":{"rendered":"\n<h3>Mit\u00e4 perheen ja ty\u00f6nantajan olisi hyv\u00e4 tiet\u00e4\u00e4 toiminnallisista neurologisista oireista?<\/h3>\n\n\n\n<p>Toiminnallisten neurologisten oireiden ymm\u00e4rt\u00e4minen voi olla vaikeaa potilaalle itselleen. Samalla h\u00e4nen t\u00e4ytyy kuitenkin valmistautua kertomaan oireistaan muille.<\/p>\n\n\n\n<p>Valitettavasti muut saattavat suhtautua ep\u00e4ilev\u00e4sti oireisiin, jotka eiv\u00e4t n\u00e4y testeiss\u00e4. He saattavat ihmetell\u00e4, ovatko t\u00e4llaiset oireet aitoja.<\/p>\n\n\n\n<p>T\u00e4llaiset ep\u00e4ilykset voivat olla potilaalle hyvin raskaita. Potilas tiet\u00e4\u00e4 itse oireiden olevan aitoja ja etteiv\u00e4t oireet ole potilaan hallinnassa. Tilannetta ei paranna, jos l\u00e4heiset ajattelevat oireiden olevan teeskentely\u00e4 ja potilaan hallitsevan itse oireitaan.<\/p>\n\n\n\n<p>On hyv\u00e4 mietti\u00e4, kuinka oireista kertoo yst\u00e4ville, perheelle ja ty\u00f6nantajalle.<\/p>\n\n\n\n<p>Yksi tapa voi olla seuraava:<\/p>\n\n\n\n<p>Selit\u00e4 l\u00e4heisimmille yst\u00e4villesi ja perheenj\u00e4senillesi, mit\u00e4 toiminnalliset neurologiset oireet ovat. He voivat olla oireista hyvin huolissaan ja pel\u00e4t\u00e4, ett\u00e4 ne johtuvat esimerkiksi MS-taudista tai epilepsiasta. Jos l\u00e4heiset ovat v\u00e4hemm\u00e4n huolissaan, se auttaa suhtautumaan oireisiin positiivisemmin. He voivat my\u00f6s mahdollisesti auttaa lis\u00e4tiedon hankkimisessa ja tukea kuntoutumista.<strong><\/strong><\/p>\n\n\n\n<p>L\u00e4heisi\u00e4 voi my\u00f6s kannustaa tutustumaan t\u00e4h\u00e4n verkkosivustoon.<\/p>\n\n\n\n<p>Liian uteliaille saattaa riitt\u00e4\u00e4 vastaus \u201dK\u00e4vin neurologilla ja toivottavasti oireet alkavat nyt parantua.\u201d<\/p>\n\n\n\n<p><strong>Ty\u00f6nantajalle<\/strong>\u2013 Joskus voi olla v\u00e4ltt\u00e4m\u00e4t\u00f6nt\u00e4 kertoa ty\u00f6nantajalle tilanteestaan. Ty\u00f6nantajalle ei ole oikeutta terveystietoihin ja n\u00e4iden asioiden k\u00e4sittely yhteisty\u00f6ss\u00e4 ty\u00f6terveyshuollon kanssa voi olla hy\u00f6dyllist\u00e4. Erityisesti t\u00e4m\u00e4 voi olla tarpeen, jos sairasloma on ollut pitk\u00e4. &nbsp;<\/p>\n\n\n\n<p><strong>Koululle \u2013 <\/strong>Voi olla hy\u00f6dyllist\u00e4l\u00e4hett\u00e4\u00e4 viesti opettajille ja kertoa toiminnallisesta neurologisesta oireesta. Erityisesti kohtausten kaltaisissa oireissa koulun on hyv\u00e4 tiet\u00e4\u00e4, mist\u00e4 oireet johtuvat. Muuten sivustakatsojat voivat pel\u00e4sty\u00e4 tai ylireagoida.<\/p>\n\n\n\n<p>My\u00f6s ty\u00f6nantaja ja opettajat voivat hy\u00f6ty\u00e4 t\u00e4h\u00e4n sivustoon tutustumisesta.<\/p>\n\n\n\n<p>Jos l\u00e4\u00e4k\u00e4ri on diagnosoinut potilaalla kroonisen v\u00e4symysoireyhtym\u00e4n ja potilaan el\u00e4m\u00e4\u00e4 eniten rajoittava vaiva on uupumus, kannattaa t\u00e4t\u00e4 korostaa eniten ty\u00f6kyky\u00e4 heikent\u00e4v\u00e4n\u00e4 vaivana.<\/p>\n\n\n\n<p>Samoin, jos suurin rajoittava tekij\u00e4 on kipu ja l\u00e4\u00e4k\u00e4ri on diagnosoinut fibromyalgian tai kroonisen kipuoireyhtym\u00e4n, voi olla selkeint\u00e4 kertoa t\u00e4st\u00e4 suurimpana ongelmana.<\/p>\n\n\n\n<p>Toiminnallisten neurologisten oireiden haasteena on edelleen se, ettei diagnoosia tunneta kovin laajasti. Sairautta ei ymm\u00e4rret\u00e4 tai hyv\u00e4ksyt\u00e4, eik\u00e4 sit\u00e4 aina n\u00e4hd\u00e4 aitona toimintakyky\u00e4 alentavana vaivana. T\u00e4m\u00e4 on hitaasti muuttumassa.<\/p>\n","protected":false},"excerpt":{"rendered":"<p>Toiminnallisten neurologisten oireiden ymm\u00e4rt\u00e4minen voi olla vaikeaa potilaalle itselleen. Samalla h\u00e4nen t\u00e4ytyy kuitenkin valmistautua kertomaan oireistaan muille.<\/p>\n","protected":false},"author":65,"featured_media":0,"parent":1012,"menu_order":303,"comment_status":"closed","ping_status":"closed","template":"page-template\/symptom-details-page-template.php","meta":[],"_links":{"self":[{"href":"https:\/\/neurosymptoms.org\/fi\/wp-json\/wp\/v2\/pages\/645"}],"collection":[{"href":"https:\/\/neurosymptoms.org\/fi\/wp-json\/wp\/v2\/pages"}],"about":[{"href":"https:\/\/neurosymptoms.org\/fi\/wp-json\/wp\/v2\/types\/page"}],"author":[{"embeddable":true,"href":"https:\/\/neurosymptoms.org\/fi\/wp-json\/wp\/v2\/users\/65"}],"replies":[{"embeddable":true,"href":"https:\/\/neurosymptoms.org\/fi\/wp-json\/wp\/v2\/comments?post=645"}],"version-history":[{"count":81,"href":"https:\/\/neurosymptoms.org\/fi\/wp-json\/wp\/v2\/pages\/645\/revisions"}],"predecessor-version":[{"id":14302,"href":"https:\/\/neurosymptoms.org\/fi\/wp-json\/wp\/v2\/pages\/645\/revisions\/14302"}],"up":[{"embeddable":true,"href":"https:\/\/neurosymptoms.org\/fi\/wp-json\/wp\/v2\/pages\/1012"}],"wp:attachment":[{"href":"https:\/\/neurosymptoms.org\/fi\/wp-json\/wp\/v2\/media?parent=645"}],"curies":[{"name":"wp","href":"https:\/\/api.w.org\/{rel}","templated":true}]}}