{"id":611,"date":"2020-11-30T16:10:36","date_gmt":"2020-11-30T16:10:36","guid":{"rendered":"https:\/\/ftd.cognihealth.in\/?page_id=611"},"modified":"2024-11-01T03:39:37","modified_gmt":"2024-11-01T03:39:37","slug":"ibs-chest-and-other-symptoms","status":"publish","type":"page","link":"https:\/\/neurosymptoms.org\/fi\/symptoms\/common-associated-symptoms\/ibs-chest-and-other-symptoms\/","title":{"rendered":"Muita oireita"},"content":{"rendered":"\n<p>Tutkimukset ovat osoittaneet, ett\u00e4 toiminnallisista neurologisista oireista k\u00e4rsivill\u00e4 on suurempi todenn\u00e4k\u00f6isyys saada toiminnallisia oireita muualla kehossaan.<\/p>\n\n\n\n<p>N\u00e4ihin voivat kuulua:<\/p>\n\n\n\n<p>\u00c4rtyv\u00e4n suolen oireyhtym\u00e4<\/p>\n\n\n\n<p>Selitt\u00e4m\u00e4t\u00f6n n\u00e4r\u00e4stys ja ruuansulatusvaikeudet (Toiminnallinen dyspepsia)<\/p>\n\n\n\n<p>Fibromyalgia (Katso kipu)<\/p>\n\n\n\n<p>Purentaelimist\u00f6n kipu ja toimintah\u00e4iri\u00f6t<\/p>\n\n\n\n<p>Ep\u00e4tyypillinen kasvojen kipu<\/p>\n\n\n\n<p>Krooninen prostatiitti<\/p>\n\n\n\n<p>Krooninen selitt\u00e4m\u00e4t\u00f6n uupumus (Katso Uupumus)<\/p>\n\n\n\n<p>Krooninen lantion alueen kipu<\/p>\n\n\n\n<p>Ep\u00e4tyypillinen rintakipu<\/p>\n\n\n\n<p>Ep\u00e4normaali hengitt\u00e4minen<\/p>\n\n\n\n<p>Toisinaan n\u00e4m\u00e4 oireet ovat osa pitk\u00e4\u00e4 oireiden jatkumoa, jossa erilaiset oireet ovat tulleet ja menneet teini-i\u00e4st\u00e4 tai varhaisaikuisuudesta asti. Toiminnalliset neurologiset oireet saattavat altistaa t\u00e4llaiselle oireilulle.<\/p>\n\n\n\n<p>Oireita ei kuitenkaan aina ole useita, eiv\u00e4tk\u00e4 ne aina ala nuorena. T\u00e4ll\u00e4 sivustolla kuvattu toiminnallinen oire voi esiinty\u00e4 yksin\u00e4\u00e4n tai potilas voi olla hyvin terve 40\u201350-vuotiaaksi. Oireet voivat alkaa yll\u00e4tt\u00e4en 40\u201350-vuoden i\u00e4ss\u00e4, vaikka niit\u00e4 ei olisi ollut koskaan aiemmin.<\/p>\n\n\n\n<p>Voi kuitenkin olla hy\u00f6dyllist\u00e4 tiet\u00e4\u00e4, ettet ole oireidesi kanssa yksin ja toiminnallisten oireiden synty ja laaja kirjo on yleisesti tunnettu. Erityisesti tieto voi auttaa, jos potilas on tavannut useita l\u00e4\u00e4k\u00e4reit\u00e4 ja asiantuntijoita erilaisten oireiden vuoksi, mutta tutkimuksissa ei n\u00e4yt\u00e4 l\u00f6ytyv\u00e4n mit\u00e4\u00e4n.<\/p>\n\n\n\n<p>T\u00e4m\u00e4n osion tarkoitus on yhdist\u00e4\u00e4 eri erikoistumisalueiden diagnooseja. Erikoisl\u00e4\u00e4k\u00e4rit miettiv\u00e4t usein vain omaa erikoisalaansa. On t\u00e4rke\u00e4\u00e4, ett\u00e4 alla olevat diagnoosit tekee ammattilainen. \u00c4l\u00e4 oleta, ett\u00e4 sairastat n\u00e4it\u00e4 sairauksia toiminnallisen neurologisen oireiston vuoksi.<\/p>\n\n\n\n<h3>\u00c4rtyv\u00e4n paksusuolen oireyhtym\u00e4 (Irritable Bowel Syndrome, IBS)<\/h3>\n\n\n\n<p>T\u00e4m\u00e4 on hyvin tavallinen sairaus, johon kuuluu yleens\u00e4 vatsan turvotusta sek\u00e4 ummetusta ja\/tai ripulia. \u00c4rtyv\u00e4n suolen oireyhtym\u00e4, muiden toiminnallisten vatsaoireiden ohella, esiintyy noin kolmanneksella-puolella gastroenterologisen poliklinikan potilaista. Toiminnallisten neurologisten oireiden tavoin \u00e4rtyv\u00e4n paksusuolen oireyhtym\u00e4n taustalla ei ole rakenteellista sairautta. Gastroenterelogit n\u00e4kev\u00e4t \u00e4rtyv\u00e4n paksusuolen oireyhtym\u00e4n oikeana sairautena, jonka aiheuttaa ruuansulatuskanavan toiminnan h\u00e4iri\u00f6. Tutkimuksissa keskityt\u00e4\u00e4n suolen hermostollisen hallinnan h\u00e4iri\u00f6ihin muun muassa aivoissa.<\/p>\n\n\n\n<p>Suolisairauksien asiantuntijat ovat m\u00e4\u00e4ritelleet \u00e4rtyv\u00e4n suolen oireyhtym\u00e4n seuraavasti:<\/p>\n\n\n\n<p>Ainakin kolme kuukautta jatkuvaa vatsakipua ja ep\u00e4mukavuutta. Ep\u00e4mukavuudella tarkoitetaan ep\u00e4mukavaa tunnetta, jota ei voi m\u00e4\u00e4ritell\u00e4 kivuksi. Kipu on alkanut ainakin kuusi kuukautta aiemmin. Kipuun liittyy ainakin kaksi seuraavaa:<\/p>\n\n\n\n<p><br \/>\u2022 Oireet helpottavat ulostamisen yhteydess\u00e4.<\/p>\n\n\n\n<p>\u2022 Ulostuskertojen m\u00e4\u00e4r\u00e4 on muuttunut oireiden alkamisen yhteydess\u00e4<\/p>\n\n\n\n<p>\u2022 Ulosteen ulkon\u00e4k\u00f6 ja rakenne on muuttunut oireiden alkamisen yhteydess\u00e4<\/p>\n\n\n\n<p>Lis\u00e4tietoa \u00e4rtyv\u00e4n suolen oireyhtym\u00e4st\u00e4 l\u00f6ytyy <a href=\"https:\/\/www.terveyskyla.fi\/vatsatalo\/sairaudet\/%C3%A4rtyv%C3%A4n-suolen-oireyhtym%C3%A4-eli-ibs\" data-type=\"URL\" data-id=\"https:\/\/www.terveyskyla.fi\/vatsatalo\/sairaudet\/%C3%A4rtyv%C3%A4n-suolen-oireyhtym%C3%A4-eli-ibs\">terveyskyl\u00e4st\u00e4 <\/a>ja <a href=\"https:\/\/www.terveyskirjasto.fi\/dlk00068\" data-type=\"URL\" data-id=\"https:\/\/www.terveyskirjasto.fi\/dlk00068\">terveyskirjastosta.<\/a><\/p>\n\n\n\n<h3>Toiminnallinen dyspepsia<\/h3>\n\n\n\n<p>Dyspepsiassa potilaalla on n\u00e4r\u00e4styst\u00e4 ja ruuansulatusvaikeuksia, mutta mit\u00e4\u00e4n oireita selitt\u00e4v\u00e4\u00e4 ei l\u00f6ydy t\u00e4hystyksess\u00e4 tai muissa tutkimuksissa. Suolisairauksien asiantuntijat ovat m\u00e4\u00e4ritelleet dyspepsian seuraavasti:<\/p>\n\n\n\n<p>Oireet ovat kest\u00e4neet v\u00e4hint\u00e4\u00e4n kolme kuukautta ja alkaneet v\u00e4hint\u00e4\u00e4n kuusi kuukautta sitten. Oireisiin kuuluu v\u00e4hint\u00e4\u00e4n yksi seuraavista:<\/p>\n\n\n\n<p><br \/>\u2022 H\u00e4iritsev\u00e4 ruuan j\u00e4lkeinen kyll\u00e4isyys (\u00e4hky)<br \/>\u2022 Nopea kyll\u00e4isyyden tunne<br \/>\u2022 Vatsalaukun ja ruokatorven kipu<br \/>\u2022 Vatsalaukun ja ruokatorven polte<br \/>\u2022 Ei oireita selitt\u00e4vi\u00e4 viitteit\u00e4 rakenteellisesta sairaudesta t\u00e4hystyksess\u00e4.<\/p>\n\n\n\n<h3>Krooninen lantiokipu<\/h3>\n\n\n\n<p>Naisilla, joilla esiintyy toiminnallisia neurologisia oireita, on huomattavan todenn\u00e4k\u00f6isesti potilaskertomuksessaan lukuisia gynekologisia vaivoja. N\u00e4ihin voi kuulua:<\/p>\n\n\n\n<p>\u2022 Kova kuukautiskipu<br \/>\u2022 Runsaat kuukautiset<br \/>\u2022 Krooninen lantiokipu<\/p>\n\n\n\n<p>N\u00e4iden oireiden vuoksi toiminnallisista neurologisista oireista k\u00e4rsiville naisille on huomattavasti muita todenn\u00e4k\u00f6isemmin tehty kohdun poisto eli hysterektomia.<\/p>\n\n\n\n<p>Vaikka toiminnallisten neurologisten oireiden ja gynekologisten vaivojen yhteys on selv\u00e4, sen tausta on ep\u00e4selv\u00e4. Alttius kipuoireille ja oireyhtymille saattaa olla merkityksellinen. Voi olla, ett\u00e4 endometrioosin kaltaiset, lantion kipua aiheuttavat vaivat, altistavat my\u00f6hemmin krooniselle kivulle.<\/p>\n\n\n\n<p>On joka tapauksessa t\u00e4rke\u00e4\u00e4 tiet\u00e4\u00e4, ett\u00e4 jos potilaan taustalla on gynekologisia vaivoja ja h\u00e4n k\u00e4rsii toiminnallisesta neurologisesta oireistosta, kyseess\u00e4 ei ehk\u00e4 ole sattuma.<\/p>\n\n\n\n<p>My\u00f6s toiminnallisesta neurologisesta oireistosta k\u00e4rsiville miehille kehittyy todenn\u00e4k\u00f6isemmin kivesten kipua samalla tavalla. T\u00e4st\u00e4 on kuitenkin tehty v\u00e4hemm\u00e4n tutkimusta.<\/p>\n\n\n\n<h3>Ep\u00e4tyypillinen rintakipu<\/h3>\n\n\n\n<p>Rintakivun vuoksi sairaalaan saapuvista potilaista noin kolmanneksella ei ole taustallaan sepelvaltimotautia, vatsakipuja tai muita tunnettuja kivun aiheuttajia. Kipu on kuitenkin todellista. Se voi olla toistuvaa ja pelottavaa, sill\u00e4 kipu voi tuntua ik\u00e4\u00e4n kuin syd\u00e4nkohtauksen oireelta.<\/p>\n\n\n\n<p>T\u00e4llaista oirekuvaa kutsutaan \u201cep\u00e4tyypilliseksi rintakivuksi\u201d. Se on toiminnallinen oire, jonka voi mielt\u00e4\u00e4 rintaan vaikuttavaksi kipuoireyhtym\u00e4ksi (Katso Kipu). Rintakipu on huolestuttavaa. Huolestuminen, erityisesti \u00e4killinen kova ahdistus (eli paniikki) aiheuttaa tunteen rintakeh\u00e4n puristuksesta. N\u00e4m\u00e4 oireet siis pahentavat toisiaan luomalla noidankeh\u00e4n.<\/p>\n\n\n\n<p>On t\u00e4rke\u00e4\u00e4 huomata, ett\u00e4 monilla ep\u00e4tyypillisest\u00e4 rintakivusta k\u00e4rsivill\u00e4 ei esiinny ahdistusta tai paniikkia.<\/p>\n\n\n\n<h3>Ep\u00e4normaali hengitt\u00e4minen<\/h3>\n\n\n\n<p>Ep\u00e4normaali hengitt\u00e4minen (liian nopea ja\/tai liian syv\u00e4 hengitys) voi aiheuttaa monia neurologisia oireita, kutenkin huimausta, kihelm\u00f6inti\u00e4, v\u00e4symyst\u00e4 ja heng\u00e4stymist\u00e4. Ep\u00e4normaalisti hengitt\u00e4v\u00e4t potilaat huomaavat usein olevansa heng\u00e4styneit\u00e4 tai hengitt\u00e4v\u00e4t ik\u00e4\u00e4n kuin huokaillen. Potilailla voi olla veress\u00e4\u00e4n matala hiilidioksidipitoisuus liiallisen hengitt\u00e4misen seurauksena, mik\u00e4 pahentaa kehon oireita.<\/p>\n\n\n\n<p>Hengitt\u00e4misen normalisointiin t\u00e4ht\u00e4\u00e4v\u00e4\u00e4 hoitoa kutsutaan toisinaan hengityksen uudelleenkoulutukseksi. Se voi helpottaa my\u00f6s muita oireita.<\/p>\n","protected":false},"excerpt":{"rendered":"<p>Toiminnallisista neurologisista oireista k\u00e4rsivill\u00e4 on suurempi todenn\u00e4k\u00f6isyys saada toiminnallisia oireita muualla kehossaan.<\/p>\n","protected":false},"author":65,"featured_media":0,"parent":939,"menu_order":277,"comment_status":"closed","ping_status":"closed","template":"page-template\/symptom-details-page-template.php","meta":[],"_links":{"self":[{"href":"https:\/\/neurosymptoms.org\/fi\/wp-json\/wp\/v2\/pages\/611"}],"collection":[{"href":"https:\/\/neurosymptoms.org\/fi\/wp-json\/wp\/v2\/pages"}],"about":[{"href":"https:\/\/neurosymptoms.org\/fi\/wp-json\/wp\/v2\/types\/page"}],"author":[{"embeddable":true,"href":"https:\/\/neurosymptoms.org\/fi\/wp-json\/wp\/v2\/users\/65"}],"replies":[{"embeddable":true,"href":"https:\/\/neurosymptoms.org\/fi\/wp-json\/wp\/v2\/comments?post=611"}],"version-history":[{"count":131,"href":"https:\/\/neurosymptoms.org\/fi\/wp-json\/wp\/v2\/pages\/611\/revisions"}],"predecessor-version":[{"id":15602,"href":"https:\/\/neurosymptoms.org\/fi\/wp-json\/wp\/v2\/pages\/611\/revisions\/15602"}],"up":[{"embeddable":true,"href":"https:\/\/neurosymptoms.org\/fi\/wp-json\/wp\/v2\/pages\/939"}],"wp:attachment":[{"href":"https:\/\/neurosymptoms.org\/fi\/wp-json\/wp\/v2\/media?parent=611"}],"curies":[{"name":"wp","href":"https:\/\/api.w.org\/{rel}","templated":true}]}}