{"id":600,"date":"2020-11-30T15:53:53","date_gmt":"2020-11-30T15:53:53","guid":{"rendered":"https:\/\/ftd.cognihealth.in\/?page_id=600"},"modified":"2025-05-11T12:16:32","modified_gmt":"2025-05-11T12:16:32","slug":"health-anxiety","status":"publish","type":"page","link":"https:\/\/neurosymptoms.org\/fi\/symptoms\/common-associated-symptoms\/health-anxiety\/","title":{"rendered":"Ahdistus terveydentilasta"},"content":{"rendered":"\n<p>T\u00e4ss\u00e4 osiossa kerrotaan tarkemmin terveydentilaan liittyv\u00e4st\u00e4 ahdistuksesta. Ahdistusta ja murehtimista on k\u00e4sitelty yleisemmin omalla sivullaan t\u00e4ll\u00e4 sivustolla.<\/p>\n\n\n\n<p>Toiminnalliset neurologiset oireet itsess\u00e4\u00e4n ovat yleisin huolen aiheuttaja potilailla. Mik\u00e4 ne aiheuttaa? Miksei kukaan vaikuta uskovan minua? Olenko tulossa hulluksi? Onko se jotain vakavaa? Vammaudunko pysyv\u00e4sti?<\/p>\n\n\n\n<blockquote class=\"wp-block-quote\"><p>&#8230;potilas tiet\u00e4\u00e4, ett\u00e4 h\u00e4nen pelkonsa vakavasta sairaudesta eiv\u00e4t perustu todellisuuteen, muttei silti p\u00e4\u00e4se niist\u00e4 eroon\u2026<\/p><\/blockquote>\n\n\n\n<p>Yll\u00e4 olevat kysymykset ovat sellaisia, joita toiminnallisista oireista k\u00e4rsiv\u00e4 voi hyvin ymm\u00e4rrett\u00e4v\u00e4sti esitt\u00e4\u00e4. Potilas hakeutuu l\u00e4\u00e4k\u00e4rille saadakseen oireilleen selityksen ja vastauksen kysymyksiins\u00e4.<\/p>\n\n\n\n<p>Ongelmia voi kuitenkin aiheutua jos:<\/p>\n\n\n\n<p><strong>L\u00e4\u00e4k\u00e4ri ei tarjoa oireille selityst\u00e4.<\/strong> L\u00e4\u00e4k\u00e4ri voi todeta, ettei potilaalla ole mit\u00e4\u00e4n syyt\u00e4 huoleen tai sanoa, ett\u00e4 oireet ovat \u201dstressin aiheuttamia\u201d. Se ei kuulosta vakuuttavalta selitykselt\u00e4, etenk\u00e4\u00e4n jos potilas ei k\u00e4rsi stressist\u00e4. T\u00e4llaiset selitykset j\u00e4tt\u00e4v\u00e4t potilaan miettim\u00e4\u00e4n, mik\u00e4 h\u00e4nt\u00e4 vaivaa.<\/p>\n\n\n\n<p><strong>Potilas ei usko h\u00e4nelle tarjottua selityst\u00e4.<\/strong> L\u00e4\u00e4k\u00e4ri voi esimerkiksi sanoa, ett\u00e4 oireet johtuvat migreenist\u00e4 tai kipul\u00e4\u00e4kkeiden liikak\u00e4yt\u00f6st\u00e4. Potilas kuitenkin kokee, ett\u00e4 kipu vaikuttaa paljon t\u00e4t\u00e4 selityst\u00e4 pahemmalta. T\u00e4ll\u00f6in potilas j\u00e4\u00e4 vakuuttuneeksi, ett\u00e4 h\u00e4nell\u00e4 on aivokasvain.<\/p>\n\n\n\n<p><strong>Potilas uskoo selityksen, mutta irrationaalinen ahdistus palaa silti (ahdistus terveydentilasta). <\/strong>Osa potilaista saa uskottavan selityksen oireilleen ja tuntee itsens\u00e4 v\u00e4liaikaisesti vakuuttuneeksi. Tyypillisesti t\u00e4m\u00e4 vakuuttuneisuus kest\u00e4\u00e4 kuitenkin vain muutaman p\u00e4iv\u00e4n. Pian ep\u00e4ilykset diagnoosia kohtaan her\u00e4\u00e4v\u00e4t ja alussa esitetyt kysymykset nousevat uudestaan pintaan.<\/p>\n\n\n\n<p>Yleens\u00e4 potilas tiet\u00e4\u00e4, ett\u00e4 n\u00e4m\u00e4 vakavan sairauden pelot ovat irrationaalisia eiv\u00e4tk\u00e4 perustu todellisuuteen. H\u00e4n ei siltik\u00e4\u00e4n p\u00e4\u00e4se niist\u00e4 eroon. Ahdistus terveydentilasta saattaa lis\u00e4\u00e4nty\u00e4 ja potilas saattaa tavata useita eri l\u00e4\u00e4k\u00e4reit\u00e4 saadakseen heid\u00e4n mielipiteens\u00e4. Toisinaan l\u00e4\u00e4k\u00e4reiden tapaamisen tarkoitus on saada vakuutteluja eri l\u00e4\u00e4k\u00e4reilt\u00e4 siit\u00e4, ettei mit\u00e4\u00e4n vakavaa sairautta ole. Lopulta potilas saattaa turvautua p\u00e4ivystyksen ja ensiavun palveluihin.<\/p>\n\n\n\n<p>Ahdistuksen kasvaessa my\u00f6s muut oireet ja potilaan yleinen vointi huononevat. Tyypillisesti ahdistukseen liittyy pahenevaa huimausta, p\u00e4\u00e4ns\u00e4rky\u00e4 ja v\u00e4symyst\u00e4.<\/p>\n\n\n\n<p>Voimistuvat oireet saavat osan potilaista diagnosoimaan itse omia oireitaan hy\u00f6dynt\u00e4m\u00e4ll\u00e4 internetti\u00e4. T\u00e4m\u00e4 voi tuoda esiin uusia, entist\u00e4 pelottavampia mahdollisuuksia.<\/p>\n\n\n\n<p>T\u00e4t\u00e4 viimeist\u00e4 tapahtumaketjua kutsutaan <strong>ahdistukseksi terveydentilasta<\/strong>. Se on itse asiassa hyvin tavallista. Potilaiden ja l\u00e4\u00e4k\u00e4reiden on kuitenkin usein hyvin vaikeaa puhua t\u00e4st\u00e4 ahdistuksesta. Pelko \u201dluulotautisuudesta\u201d on edelleen vahva yhteiskunnassamme.<\/p>\n\n\n\n<p>Terveydentilasta huolehtiminen on kuitenkin potilaalle hyvin kuormittavaa. Oireet ovat t\u00e4ysin todellisia. Jos ne eiv\u00e4t olisi, ne eiv\u00e4t aiheuttaisi niin paljon huolta.<\/p>\n\n\n\n<p>Vain pienell\u00e4 osalla toiminnallisista neurologisista oireista k\u00e4rsivi\u00e4 potilaita on vakava ahdistusta terveydentilasta. Suuri osa l\u00e4\u00e4k\u00e4rien toteamasta terveydentilaan liittyv\u00e4st\u00e4 ahdistuksesta johtuu siit\u00e4, ettei potilaille ole koskaan tarjottu mink\u00e4\u00e4nlaista selityst\u00e4 oireilleen. Ei siis ole yll\u00e4tt\u00e4v\u00e4\u00e4, ett\u00e4 he kokevat oireisiin liittyv\u00e4\u00e4 ahdistusta.<\/p>\n\n\n\n<h3>Hoito<\/h3>\n\n\n\n<p>Ahdistus terveydentilasta on hoidettavissa, kun potilas ja l\u00e4\u00e4k\u00e4ri toteavat sen olemassaolon.<\/p>\n\n\n\n<p>Kun ahdistus on todettu, l\u00e4\u00e4k\u00e4rin on t\u00e4rke\u00e4\u00e4 lakata tarjoamasta potilaalle yksinkertaisia vakuutteluja siit\u00e4, ettei t\u00e4ll\u00e4 ole syyt\u00e4 huoleen. Niist\u00e4 on vain tilap\u00e4ist\u00e4 hy\u00f6ty\u00e4 ja niit\u00e4 pit\u00e4\u00e4 toistaa jatkuvasti.<\/p>\n\n\n\n<p>L\u00e4\u00e4k\u00e4rien tulisi sen sijaan n\u00e4hd\u00e4 vaivaa selitt\u00e4\u00e4kseen oireet potilaalle sellaiselle tavalla, ettei vaihtoehtoisille ja huolestuttavammille selityksille j\u00e4\u00e4 tilaa.<\/p>\n\n\n\n<p>Potilaan saattaa vastaavasti olla hyv\u00e4 sitoutua siihen, ettei h\u00e4n etsi terveystietoa netist\u00e4 tai kirjoista. My\u00f6s l\u00e4\u00e4k\u00e4rin jatkuvan vaihtamisen v\u00e4ltt\u00e4minen voi olla j\u00e4rkev\u00e4\u00e4. <\/p>\n\n\n\n<p>Toisinaan huoli terveydentilasta voi helpottua varsin merkitt\u00e4v\u00e4sti ja onnistuneesti kun potilas tiet\u00e4\u00e4, mit\u00e4 huoli terveydentilasta on. T\u00e4h\u00e4n pisteeseen p\u00e4\u00e4seminen voi kuitenkin olla vaikeaa.<\/p>\n\n\n\n<p>Terveyskyl\u00e4st\u00e4 l\u00f6yd\u00e4t lis\u00e4\u00e4 vinkkej\u00e4 <a href=\"https:\/\/www.mielenterveystalo.fi\/aikuiset\/itsehoito-ja-oppaat\/itsehoito\/ahdistuksen_omahoito\/Pages\/default.aspx\" data-type=\"URL\" data-id=\"https:\/\/www.mielenterveystalo.fi\/aikuiset\/itsehoito-ja-oppaat\/itsehoito\/ahdistuksen_omahoito\/Pages\/default.aspx\">ahdistuneisuuden hallintaan<\/a><\/p>\n\n\n\n<p><\/p>\n\n\n\n<p>Alla oleva englanninkielinen video on jakso \u201dInsight\u201d -nimisest\u00e4 australialaisesta TV-sarjasta. Sen on tuottanut SBS ja se esitettiin 13.9.2016. Ensimm\u00e4iset kaksikymment\u00e4 minuuttia esitell\u00e4\u00e4n potilaita, jotka k\u00e4rsiv\u00e4t ahdistuksesta terveydentilasta. Ahdistus on l\u00e4hinn\u00e4 kognitiivista eli potilailla on runsaasti huonoon terveyteen liittyvi\u00e4 ajatuksia ja huolia.<\/p>\n\n\n\n<figure class=\"wp-block-embed-youtube wp-block-embed is-type-video is-provider-youtube wp-embed-aspect-16-9 wp-has-aspect-ratio\"><div class=\"wp-block-embed__wrapper\">\n<iframe loading=\"lazy\" title=\"Can you think yourself sick?\" width=\"745\" height=\"419\" src=\"https:\/\/www.youtube.com\/embed\/3QLKJszJRaQ?feature=oembed\" frameborder=\"0\" allow=\"accelerometer; autoplay; clipboard-write; encrypted-media; gyroscope; picture-in-picture; web-share\" referrerpolicy=\"strict-origin-when-cross-origin\" allowfullscreen><\/iframe>\n<\/div><\/figure>\n","protected":false},"excerpt":{"rendered":"<p>T\u00e4ss\u00e4 osiossa kerrotaan tarkemmin terveydentilaan liittyv\u00e4st\u00e4 ahdistuksesta.<\/p>\n","protected":false},"author":65,"featured_media":1636,"parent":939,"menu_order":274,"comment_status":"closed","ping_status":"closed","template":"page-template\/symptom-details-page-template.php","meta":[],"_links":{"self":[{"href":"https:\/\/neurosymptoms.org\/fi\/wp-json\/wp\/v2\/pages\/600"}],"collection":[{"href":"https:\/\/neurosymptoms.org\/fi\/wp-json\/wp\/v2\/pages"}],"about":[{"href":"https:\/\/neurosymptoms.org\/fi\/wp-json\/wp\/v2\/types\/page"}],"author":[{"embeddable":true,"href":"https:\/\/neurosymptoms.org\/fi\/wp-json\/wp\/v2\/users\/65"}],"replies":[{"embeddable":true,"href":"https:\/\/neurosymptoms.org\/fi\/wp-json\/wp\/v2\/comments?post=600"}],"version-history":[{"count":94,"href":"https:\/\/neurosymptoms.org\/fi\/wp-json\/wp\/v2\/pages\/600\/revisions"}],"predecessor-version":[{"id":15700,"href":"https:\/\/neurosymptoms.org\/fi\/wp-json\/wp\/v2\/pages\/600\/revisions\/15700"}],"up":[{"embeddable":true,"href":"https:\/\/neurosymptoms.org\/fi\/wp-json\/wp\/v2\/pages\/939"}],"wp:featuredmedia":[{"embeddable":true,"href":"https:\/\/neurosymptoms.org\/fi\/wp-json\/wp\/v2\/media\/1636"}],"wp:attachment":[{"href":"https:\/\/neurosymptoms.org\/fi\/wp-json\/wp\/v2\/media?parent=600"}],"curies":[{"name":"wp","href":"https:\/\/api.w.org\/{rel}","templated":true}]}}