{"id":598,"date":"2020-11-30T15:12:48","date_gmt":"2020-11-30T15:12:48","guid":{"rendered":"https:\/\/ftd.cognihealth.in\/?page_id=598"},"modified":"2025-06-03T09:48:00","modified_gmt":"2025-06-03T09:48:00","slug":"worry-panic","status":"publish","type":"page","link":"https:\/\/neurosymptoms.org\/fi\/symptoms\/common-associated-symptoms\/worry-panic\/","title":{"rendered":"Ahdistuneisuus\/paniikki"},"content":{"rendered":"\n<p>Ahdistuneisuus ja paniikki ovat tavallisia toiminnallisista neurologisista oireista k\u00e4rsivill\u00e4 potilailla. Monet toiminnallisista ja dissosiatiivisista neurologisista oireista k\u00e4rsiv\u00e4t eiv\u00e4t kuitenkaan ole ahdistuneita (tai masentuneita).<\/p>\n\n\n\n<p>Ahdistuneisuus ja paniikki ovat my\u00f6s hyvin tyypillisi\u00e4 epilepsian ja muiden<br \/>neurologisten sairauksien yhteydess\u00e4. T\u00e4m\u00e4n sivuston tarkoitus ei ole esitell\u00e4 n\u00e4it\u00e4 oireita yksityiskohtaisesti. Alla on joitain<br \/>aiheeseen liittyvi\u00e4 linkkej\u00e4.<\/p>\n\n\n\n<p><\/p>\n\n\n\n<blockquote class=\"wp-block-quote\"><p><br \/>\u2026.Ylivirittynyt olotila, j\u00e4nnittyneisyys tai levottomuus, v\u00e4syminen helposti ja uupumuksen tunne, keskittymisvaikeudet, \u00e4rtyneisyys, merkitt\u00e4v\u00e4 lihasj\u00e4nnitys ja unettomuus  ovat liiallisen murehtimisen ja ahdistuneisuuden ydinoireita\u2026<\/p><\/blockquote>\n\n\n\n<p>On hyv\u00e4 selvent\u00e4\u00e4 muutamaa seikkaa toiminnallisen neurologisen oireiston yhteydess\u00e4:<\/p>\n\n\n\n<p>Vaikka oireisiisi kuuluu ahdistuneisuutta tai paniikkikohtauksia, eiv\u00e4t ne v\u00e4ltt\u00e4m\u00e4tt\u00e4 ole toiminnallisten neurologisten oireiden aiheuttaja. <\/p>\n\n\n\n<ul><li>L\u00e4\u00e4k\u00e4ri kysyy vastaanotolla henkiseen hyvinvointiisi liittyvi\u00e4 kysymyksi\u00e4, jotka voivat tuntua vaikeilta. Hyv\u00e4 l\u00e4\u00e4k\u00e4ri kysyy kuitenkin n\u00e4it\u00e4 kysymyksi\u00e4 potilaan diagnoosista riippumatta. Esimerkiksi MS-taudista k\u00e4rsiv\u00e4t potilaat voivat kokea my\u00f6s ahdistuneisuutta ja masennusta. Silloin heid\u00e4n el\u00e4m\u00e4nlaatunsa ei ole paras mahdollinen ja on t\u00e4rke\u00e4\u00e4 toimia tilanteen parantamiseksi. Toiminnallisen neurologisen oireiston hoidossa toimitaan samalla tavalla.<\/li><\/ul>\n\n\n\n<ul><li>Ahdistuneisuuden tai paniikkikohtausten my\u00f6nt\u00e4minen ei tee potilaasta \u201dhullua\u201d, \u201dheikkoa\u201d tai \u201dmielenvikaista\u201d. T\u00e4llaisiin oireisiin liittyy monia ennakkoluuloja, joiden ylitt\u00e4minen voi toisinaan olla haasteellista.<\/li><\/ul>\n\n\n\n<ul><li>Toiminnallisten neurologisten oireiden yhteydess\u00e4 itse oireet ovat tavallisin ahdistuneisuuden ja murehtimisen aiheuttaja. Mik\u00e4 oireet aiheuttaa? Miksei oireita oteta vakavasti? Olenko tulossa hulluksi? Vammaudunko tulevaisuudessa pysyv\u00e4sti? Vaikka oireet aiheuttavat murehtimisen, on se silti aivan yht\u00e4todellista. Toisinaan<a href=\"\/fi\/symptoms\/common-associated-symptoms\/health-anxiety\/\" data-type=\"URL\" data-id=\"\/fi\/symptoms\/common-associated-symptoms\/health-anxiety\/\"> ahdistuneisuus terveydentilasta <\/a>on itsen\u00e4inen kuormittava ongelma.<\/li><\/ul>\n\n\n\n<ul><li>Osalle toiminnalisita neurologisista oireista k\u00e4rsivist\u00e4 potilaista ahdistuneisuush\u00e4iri\u00f6t ja traumaper\u00e4inen stressih\u00e4iri\u00f6 muodostaa merkitt\u00e4v\u00e4n ongelman, joka tulee ratkaista toiminnallisten neurologisten oireiden hoidon yhteydess\u00e4. T\u00e4ll\u00f6in n\u00e4iden oireiden hoito mahdollistaa toiminnallisten neurologisten oireiden ymm\u00e4rt\u00e4misen ja hoidon. Lis\u00e4\u00e4aiheesta on saatavilla <a href=\"\/fi\/treatment-2\/psychological-therapy\/\" data-type=\"URL\" data-id=\"\/fi\/treatment-2\/psychological-therapy\/\">psykoterapiaa<\/a> k\u00e4sittelev\u00e4ss\u00e4 osassa t\u00e4ll\u00e4 sivustolla.<\/li><\/ul>\n\n\n\n<p>Hyv\u00e4\u00e4 lis\u00e4tietoa erilaisista ahdistuneisuush\u00e4iri\u00f6iden muodoista l\u00f6yd\u00e4t esimerkiksi mielenterveystalon <a href=\"https:\/\/www.mielenterveystalo.fi\/aikuiset\/Tietopankki\/tietoa_oireista\/Pages\/ahdistuneisuus_tai_levottomuus.aspx\" data-type=\"URL\" data-id=\"https:\/\/www.mielenterveystalo.fi\/aikuiset\/Tietopankki\/tietoa_oireista\/Pages\/ahdistuneisuus_tai_levottomuus.aspx\">ahdistuneisuutta<\/a> ja <a href=\"https:\/\/www.mielenterveystalo.fi\/aikuiset\/Tietopankki\/tietoa_oireista\/Pages\/paniikki.aspx\" data-type=\"URL\" data-id=\"https:\/\/www.mielenterveystalo.fi\/aikuiset\/Tietopankki\/tietoa_oireista\/Pages\/paniikki.aspx\">paniikkia<\/a> k\u00e4sittelevist\u00e4 artikkeleista. <\/p>\n","protected":false},"excerpt":{"rendered":"<p>Ahdistuneisuus ja paniikki ovat tavallisia toiminnallisista neurologisista oireista k\u00e4rsivill\u00e4 potilailla.<\/p>\n","protected":false},"author":65,"featured_media":1637,"parent":939,"menu_order":273,"comment_status":"closed","ping_status":"closed","template":"page-template\/symptom-details-page-template.php","meta":[],"_links":{"self":[{"href":"https:\/\/neurosymptoms.org\/fi\/wp-json\/wp\/v2\/pages\/598"}],"collection":[{"href":"https:\/\/neurosymptoms.org\/fi\/wp-json\/wp\/v2\/pages"}],"about":[{"href":"https:\/\/neurosymptoms.org\/fi\/wp-json\/wp\/v2\/types\/page"}],"author":[{"embeddable":true,"href":"https:\/\/neurosymptoms.org\/fi\/wp-json\/wp\/v2\/users\/65"}],"replies":[{"embeddable":true,"href":"https:\/\/neurosymptoms.org\/fi\/wp-json\/wp\/v2\/comments?post=598"}],"version-history":[{"count":130,"href":"https:\/\/neurosymptoms.org\/fi\/wp-json\/wp\/v2\/pages\/598\/revisions"}],"predecessor-version":[{"id":15749,"href":"https:\/\/neurosymptoms.org\/fi\/wp-json\/wp\/v2\/pages\/598\/revisions\/15749"}],"up":[{"embeddable":true,"href":"https:\/\/neurosymptoms.org\/fi\/wp-json\/wp\/v2\/pages\/939"}],"wp:featuredmedia":[{"embeddable":true,"href":"https:\/\/neurosymptoms.org\/fi\/wp-json\/wp\/v2\/media\/1637"}],"wp:attachment":[{"href":"https:\/\/neurosymptoms.org\/fi\/wp-json\/wp\/v2\/media?parent=598"}],"curies":[{"name":"wp","href":"https:\/\/api.w.org\/{rel}","templated":true}]}}