{"id":541,"date":"2020-11-29T12:41:43","date_gmt":"2020-11-29T12:41:43","guid":{"rendered":"https:\/\/ftd.cognihealth.in\/?page_id=541"},"modified":"2024-11-01T03:34:50","modified_gmt":"2024-11-01T03:34:50","slug":"fatigue","status":"publish","type":"page","link":"https:\/\/neurosymptoms.org\/fi\/symptoms\/common-associated-symptoms\/fatigue\/","title":{"rendered":"Uupumus"},"content":{"rendered":"\n<p>Uupumus, v\u00e4symys ja energian puute ovat tavallisia toiminnallisista neurologisista oireisista k\u00e4rsivill\u00e4 potilailla. Tavallisesti toiminnalliseen neurologiseen oireistoon liittyy uupumusta, joka pahenee merkitt\u00e4v\u00e4sti eritt\u00e4in pienen rasituksen j\u00e4lkeen. Uupumus seuraa rasitusta joko v\u00e4litt\u00f6m\u00e4sti tai seuraavana p\u00e4iv\u00e4n\u00e4.<\/p>\n\n\n\n<p>Toiminnallisesta neurologisesta oireistosta k\u00e4rsiv\u00e4t potilaat nime\u00e4v\u00e4t uupumuksen usein eniten p\u00e4ivitt\u00e4ist\u00e4 toimintakyky\u00e4 heikent\u00e4v\u00e4ksi oireeksi. T\u00e4m\u00e4 on totta silloinkin, kun potilaalla olisi runsaasti muita, helpommin havaittavia oireita. Useat tutkimuksen ovatkin osoittaneet, ett\u00e4 uupumus on eniten el\u00e4m\u00e4nlaatuun vaikuttava tekij\u00e4.<\/p>\n\n\n\n<p>T\u00e4llaisessa tilanteessa v\u00e4symyst\u00e4 voidaan pit\u00e4\u00e4 yhten\u00e4 hermoston toiminnan ongelmien aiheuttamista oireista.<\/p>\n\n\n\n<p>Uupumuksen pitkittyess\u00e4 puhutaan joskus kroonisesta v\u00e4symysoireyhtym\u00e4st\u00e4. T\u00e4m\u00e4n sivuston tarkoitus ei ole esitell\u00e4 kroonista v\u00e4symysoireyhtym\u00e4\u00e4 kovin perusteellisesti. Kroonisesta v\u00e4symysoireyhtym\u00e4st\u00e4 on vastik\u00e4\u00e4n julkaistu <a href=\"https:\/\/www.terveysportti.fi\/apps\/ltk\/article\/hsu00019\" data-type=\"URL\" data-id=\"https:\/\/www.terveysportti.fi\/apps\/ltk\/article\/hsu00019\">Hyv\u00e4 K\u00e4yt\u00e4nt\u00f6 -suositus.<\/a><\/p>\n\n\n\n<p>Uupumus voi my\u00f6s esiinty\u00e4 osana ahdistuneisuutta tai masennusta. On kuitenkin t\u00e4rke\u00e4\u00e4 muistaa, ettei potilaan tarvitse olla ahdistunut tai masentunut k\u00e4rsi\u00e4kseen vakavasta uupumuksesta. Osalle masennuspotilaista kehittyy <em>anhedoniaksi<\/em> kutsuttu tila. Anhedonia tarkoittaa kiinnostuksen ja ilon kadottamista el\u00e4m\u00e4\u00e4n kuuluvista asioista. Anhedonia sekoitetaan toisinaan uupumukseen, vaikka kyseess\u00e4 on kaksi eri ilmi\u00f6t\u00e4.<\/p>\n\n\n\n<p>Uupumus voi my\u00f6s olla merkki lukusista muista terveysongelmista. Erityisesti seuraavia, hoidettavia ja tavallisia ongelmia, on syyt\u00e4 harkita:<\/p>\n\n\n\n<p>Migreeni \u2013 Uupumusta esiintyy erityisesti ennen ja j\u00e4lkeen migreenikohtauksen.<\/p>\n\n\n\n<p>Uniapnea \u2013 Tavallinen unioire, jossa potilaan hengitystiet tukkeutuvat toistuvasti y\u00f6n aikana. Uniapneaan liittyy kuorsaamista, painon nousua, uneliaisuutta ja v\u00e4symyst\u00e4 p\u00e4iv\u00e4saikaan sek\u00e4 aamuisia p\u00e4\u00e4ns\u00e4rkyj\u00e4.<\/p>\n\n\n\n<p>Anemia<\/p>\n\n\n\n<p>Munuais- ja maksaongelmat<\/p>\n\n\n\n<p>Kilpirauhasen vajaatoiminta<\/p>\n\n\n\n<p>NHS:n englanninkielisilt\u00e4 nettisivuilta l\u00f6ytyy lis\u00e4tietoa kroonisesta v\u00e4symysoireyhtym\u00e4st\u00e4: <a href=\"https:\/\/www.nhs.uk\/conditions\/chronic-fatigue-syndrome-cfs\/\">https:\/\/www.nhs.uk\/conditions\/chronic-fatigue-syndrome-cfs\/<\/a><\/p>\n\n\n\n<h3>Selviytymistarinoita kroonisesta v\u00e4symysoireyhtym\u00e4st\u00e4<\/h3>\n\n\n\n<p>Henrik Vogt on norjalainen yleisl\u00e4\u00e4k\u00e4ri, joka on kiinnostunut toiminnallisten oireiden tutkimuksesta.<\/p>\n\n\n\n<p>Krooniseen v\u00e4symysoireyhtym\u00e4\u00e4n liittyy pitk\u00e4kestoista ja lamauttavaa uupumusta. Usein uupumukseen liittyy muita oireita, kuten keskittymisvaikeuksia. Internetist\u00e4 l\u00f6ytyy paljon tarinoita ja j\u00e4rjest\u00f6j\u00e4, joiden teht\u00e4v\u00e4 on tarjota tietoa pitk\u00e4kestoisesta kroonisesta v\u00e4symysoireyhtym\u00e4st\u00e4.<\/p>\n\n\n\n<p>Kroonisesta v\u00e4symysoireyhtym\u00e4st\u00e4 k\u00e4rsivill\u00e4 potilailla on kuitenkin vaikeuksia l\u00f6yt\u00e4\u00e4 selviytymistarinoita oman kuntoutumisensa tueksi.<\/p>\n\n\n\n<p>Tohtori Vogtin sivusto Recovery Norway &#8211; <a href=\"http:\/\/www.recoverynorway.org\/\">www.recoverynorway.org<\/a>&nbsp;\u2013 julkaisee englanninkielisi\u00e4 tarinoita kroonisesta v\u00e4symysoireyhtym\u00e4st\u00e4 selviytymisest\u00e4. Tarinoista voi olla apua my\u00f6s lukijoidemme oireiden helpottumisessa.<\/p>\n","protected":false},"excerpt":{"rendered":"<p>Uupumus, v\u00e4symys ja energian puute ovat tavallisia toiminnallisista h\u00e4iri\u00f6ist\u00e4 k\u00e4rsivill\u00e4 potilailla. <\/p>\n","protected":false},"author":65,"featured_media":0,"parent":939,"menu_order":267,"comment_status":"closed","ping_status":"closed","template":"page-template\/symptom-details-page-template.php","meta":[],"_links":{"self":[{"href":"https:\/\/neurosymptoms.org\/fi\/wp-json\/wp\/v2\/pages\/541"}],"collection":[{"href":"https:\/\/neurosymptoms.org\/fi\/wp-json\/wp\/v2\/pages"}],"about":[{"href":"https:\/\/neurosymptoms.org\/fi\/wp-json\/wp\/v2\/types\/page"}],"author":[{"embeddable":true,"href":"https:\/\/neurosymptoms.org\/fi\/wp-json\/wp\/v2\/users\/65"}],"replies":[{"embeddable":true,"href":"https:\/\/neurosymptoms.org\/fi\/wp-json\/wp\/v2\/comments?post=541"}],"version-history":[{"count":94,"href":"https:\/\/neurosymptoms.org\/fi\/wp-json\/wp\/v2\/pages\/541\/revisions"}],"predecessor-version":[{"id":15593,"href":"https:\/\/neurosymptoms.org\/fi\/wp-json\/wp\/v2\/pages\/541\/revisions\/15593"}],"up":[{"embeddable":true,"href":"https:\/\/neurosymptoms.org\/fi\/wp-json\/wp\/v2\/pages\/939"}],"wp:attachment":[{"href":"https:\/\/neurosymptoms.org\/fi\/wp-json\/wp\/v2\/media?parent=541"}],"curies":[{"name":"wp","href":"https:\/\/api.w.org\/{rel}","templated":true}]}}