{"id":2736,"date":"2021-07-15T08:14:14","date_gmt":"2021-07-15T08:14:14","guid":{"rendered":"https:\/\/www.neurosymptoms.org\/?page_id=2736"},"modified":"2025-09-08T15:19:56","modified_gmt":"2025-09-08T15:19:56","slug":"fnd-and-other-functional-disorders","status":"publish","type":"page","link":"https:\/\/neurosymptoms.org\/fi\/causes\/fnd-and-other-functional-disorders\/","title":{"rendered":"Muut toiminnalliset oireyhtym\u00e4t"},"content":{"rendered":"\n<p>Useista toiminnallisista neurologisista oireista k\u00e4rsivien potilaiden voi olla vaikeaa ymm\u00e4rt\u00e4\u00e4, miksi eri l\u00e4\u00e4k\u00e4rit antavat heille useita eri diagnooseja.<\/p>\n\n\n\n<p>On tavallista, ett\u00e4 toiminnallisesta neurologisesta oireesta (esimerkiksi raajaheikkous tai kohtaukset) k\u00e4rsiv\u00e4ll\u00e4 potilaalla on muita diagnooseja. T\u00e4llaisia voivat olla esimerkiksi fibromyalgia (krooninen laaja-alainen kipu) tai \u00e4rtyv\u00e4n suolen oireyhtym\u00e4n diagnoosi.<\/p>\n\n\n\n<p>Tyypilliset toiminnalliseen neurologiseen oireistoon kuuluvat oireet on listattu t\u00e4ll\u00e4 sivustolla \u201dOireet\u201d -v\u00e4lilehden alle. Kivun, uupumuksen ja suolisto-oireiden kaltaiset oireet voivat olla kuulua my\u00f6s muihin toiminnallisiin oireyhtymiin. Vaikka, t\u00e4llaiset oireet ovat tavallisia toiminnallisen neurologisen oireiston liit\u00e4nn\u00e4isoireita, l\u00e4\u00e4k\u00e4rit voivat luokitella ne osaksi muuta toiminnallista oireyhtym\u00e4\u00e4.<\/p>\n\n\n\n<p>Joitain tavallisia toiminnallisia oireyhtymi\u00e4 ovat:<\/p>\n\n\n\n<p>Fibromyalgia (krooninen laaja-alainen kipu)<\/p>\n\n\n\n<p>\u00c4rtyv\u00e4n suolen oireyhtym\u00e4<\/p>\n\n\n\n<p>Krooninen lantiokipu<\/p>\n\n\n\n<p>Toiminnallinen dyspepsia<\/p>\n\n\n\n<p>Krooninen v\u00e4symysoireyhtym\u00e4<\/p>\n\n\n\n<p>Yliaktiivisen rakon oireyhtym\u00e4<\/p>\n\n\n\n<p>Kaikki n\u00e4m\u00e4 oireyhtym\u00e4t johtuvat hermoston toiminnan h\u00e4iri\u00f6st\u00e4, jota potilas ei voi hallita.<\/p>\n\n\n\n<p>N\u00e4ist\u00e4 oireyhtymist\u00e4 k\u00e4rsiv\u00e4t potilaat tunnistavat toiminnallisten oireyhtymien keskin\u00e4isen vuorovaikutuksen. Kun yksi oireyhtym\u00e4 on pahenemisvaiheessa, muutkin oireyhtym\u00e4t pahenevat.<\/p>\n\n\n\n<p>Miten toiminnallinen neurologinen oireisto liittyy muihin toiminnallisiin oireyhtymiin? Vastauksena voidaan todeta, ett\u00e4 toiminnalliset neurologiset oireet ovat usein p\u00e4\u00e4llekk\u00e4isi\u00e4 muiden toiminnallisten oireyhtymien oireiden kanssa. Kyseess\u00e4 voi olla yksi vaiva, jossa on monta ulottuvuutta. Toiminnallinen neurologinen oireisto voi olla yksi n\u00e4ist\u00e4 ulottuvuuksista.<\/p>\n\n\n\n<figure class=\"wp-block-image size-large is-resized\"><img loading=\"lazy\" src=\"\/wp-content\/uploads\/2022\/05\/FCD-Image-12-1-1-569x1024.jpeg\" alt=\"\" class=\"wp-image-8957\" width=\"427\" height=\"768\" srcset=\"https:\/\/neurosymptoms.org\/wp-content\/uploads\/2022\/05\/FCD-Image-12-1-1-569x1024.jpeg 569w, https:\/\/neurosymptoms.org\/wp-content\/uploads\/2022\/05\/FCD-Image-12-1-1-167x300.jpeg 167w, https:\/\/neurosymptoms.org\/wp-content\/uploads\/2022\/05\/FCD-Image-12-1-1.jpeg 720w\" sizes=\"(max-width: 427px) 100vw, 427px\" \/><\/figure>\n\n\n\n<p><\/p>\n\n\n\n<h3><strong>Toiminnallinen oireyhtym\u00e4 \u2013 p\u00e4\u00e4llekk\u00e4isyyksien ymm\u00e4rt\u00e4minen<\/strong><\/h3>\n\n\n\n<p>Toiminnallisen neurologisen oireen diagnoosi voi her\u00e4tt\u00e4\u00e4 monenlaisia tunteita ja reaktioita. Osa potilaista on helpottuneita saadessaan oireilleen selityksen. Heist\u00e4 on my\u00f6s hyv\u00e4 tiet\u00e4\u00e4, etteiv\u00e4t he ole yksin oireidensa kanssa ja ett\u00e4 oireet ovat oikeita ja todellisia.<\/p>\n\n\n\n<p>Heille, jotka ovat saaneet jo fibromyalgian kaltaisen diagnoosin, toiminnallinen neurologinen oire voi tuntua kuormittavalta ylim\u00e4\u00e4r\u00e4iselt\u00e4 vaivalta.<\/p>\n\n\n\n<p>T\u00e4st\u00e4 syyst\u00e4 on t\u00e4rke\u00e4\u00e4 ymm\u00e4rt\u00e4\u00e4, ett\u00e4 useissa tapauksissa toiminnalliset oireet voidaan n\u00e4hd\u00e4 yhten\u00e4 kokonaisuutena, jossa on eri ulottuvuuksia.<\/p>\n\n\n\n<p>Tutkimukset tarjoavat jatkuvasti uutta tietoa siit\u00e4, kuinka toiminnallisen oireyhtym\u00e4n ulottuvuudet ovat kesken\u00e4\u00e4n p\u00e4\u00e4llekk\u00e4isi\u00e4. Tutkimukset ovat osoittaneet esimerkiksi, ett\u00e4 fibromyalgia aiheuttaa hyvin samanlaisia muutoksia aivojen toiminnassa, kuin toiminnallinen neurologinen oireisto tai \u00e4rtyv\u00e4n paksusuolen oireyhtym\u00e4. My\u00f6s toiminnallisten neurologisten oireiden hoidossa ja toiminnallisissa oireyhtymiss\u00e4 hy\u00f6dynnettyjen hoitomuotojen on todettu auttavan useiden eri oireyhtymien hoidossa. T\u00e4llaisia p\u00e4\u00e4llekk\u00e4isi\u00e4 hoitomuotoja ovat esimerkiksi fysio- ja psykoterapia sek\u00e4 tietyn tyyppinen l\u00e4\u00e4kitys.<\/p>\n\n\n\n<p>Loppujen lopuksi jokainen potilas on ainutlaatuinen. Jokaisen toiminnallinen oireyhtym\u00e4n oireet ja ulottuvuudet ovat hieman erilainen.<\/p>\n\n\n\n<p>Osalla potilaista on pitk\u00e4aikainen alttius toiminnallisille oireyhtymille, joista toiminnallinen neurologinen oireisto on yksi. T\u00e4m\u00e4n tunnistaminen voi auttaa ymm\u00e4rt\u00e4m\u00e4\u00e4n h\u00e4mment\u00e4vi\u00e4 oireita ja diagnooseja.<\/p>\n\n\n\n<p>Tietyss\u00e4 mieless\u00e4 toiminnallinen oireyhtym\u00e4 muistuttaa muita kroonisia vaivoja, kuten astmaa tai diabetesta. N\u00e4iss\u00e4kin sairauksissa sama vaiva palaa uudestaan ja uudestaan eri muodoissa. Alussa t\u00e4m\u00e4 voi olla vaikea ymm\u00e4rt\u00e4\u00e4, mutta ajan my\u00f6t\u00e4 potilaat oppivat hallitsemaan oireitaan paremmin ja el\u00e4m\u00e4\u00e4n sairauden kanssa.<\/p>\n\n\n\n<p>Yll\u00e4 mainittu ajatus voi tuoda toivoa. Jos potilaalla on ollut toiminnallinen oireyhtym\u00e4 aiemmin, h\u00e4n on jo kerran parantunut siit\u00e4. Muistelemalla, kuinka kuntoutuminen onnistui voi l\u00f6yty\u00e4 ty\u00f6kaluja uuden toiminnallisen oireyhtym\u00e4n tai toiminnallisen neurologisen oireen hoitoon.<\/p>\n\n\n\n<p>T\u00e4ss\u00e4 muutama esimerkki toiminnallisten oireyhtymien p\u00e4\u00e4llekk\u00e4isyydest\u00e4:<\/p>\n\n\n\n<p><strong>Esimerkki 1:<\/strong> Potilaalla on yht\u00e4 voimakkaina ja p\u00e4\u00e4llekk\u00e4isin\u00e4 toiminnallinen neurologinen oire (jalan heikkous), krooninen kipu ja \u00e4rtyv\u00e4n paksusuolen oireyhtym\u00e4.<\/p>\n\n\n\n<figure class=\"wp-block-image size-large is-resized\"><img loading=\"lazy\" src=\"\/wp-content\/uploads\/2022\/05\/Slide1-768x699-1-1024x932.jpeg\" alt=\"\" class=\"wp-image-8958\" width=\"512\" height=\"466\" srcset=\"https:\/\/neurosymptoms.org\/wp-content\/uploads\/2022\/05\/Slide1-768x699-1-1024x932.jpeg 1024w, https:\/\/neurosymptoms.org\/wp-content\/uploads\/2022\/05\/Slide1-768x699-1-300x273.jpeg 300w, https:\/\/neurosymptoms.org\/wp-content\/uploads\/2022\/05\/Slide1-768x699-1-768x699.jpeg 768w, https:\/\/neurosymptoms.org\/wp-content\/uploads\/2022\/05\/Slide1-768x699-1.jpeg 1536w\" sizes=\"(max-width: 512px) 100vw, 512px\" \/><\/figure>\n\n\n\n<p><strong>Esimerkki 2: <\/strong>Potilasta eniten h\u00e4iritsev\u00e4 vaiva on krooninen kipu\/fibromyalgia. H\u00e4nell\u00e4 on my\u00f6s hiukan heikko jalka ja joitain lievi\u00e4 suolioireita. Oireet ovat edelleen p\u00e4\u00e4llekk\u00e4isi\u00e4, mutta nyt yhden tyyppinen toiminnallinen oireyhtym\u00e4 on hallitseva.<\/p>\n\n\n\n<figure class=\"wp-block-image size-large is-resized\"><img loading=\"lazy\" src=\"\/wp-content\/uploads\/2022\/05\/Slide2-768x559-1-1024x745.jpeg\" alt=\"\" class=\"wp-image-8959\" width=\"512\" height=\"373\" srcset=\"https:\/\/neurosymptoms.org\/wp-content\/uploads\/2022\/05\/Slide2-768x559-1-1024x745.jpeg 1024w, https:\/\/neurosymptoms.org\/wp-content\/uploads\/2022\/05\/Slide2-768x559-1-300x218.jpeg 300w, https:\/\/neurosymptoms.org\/wp-content\/uploads\/2022\/05\/Slide2-768x559-1-768x559.jpeg 768w, https:\/\/neurosymptoms.org\/wp-content\/uploads\/2022\/05\/Slide2-768x559-1.jpeg 1536w\" sizes=\"(max-width: 512px) 100vw, 512px\" \/><\/figure>\n\n\n\n<p><strong>Esimerkki 3: <\/strong>Potilaalla on monia eri toiminnallisia oireyhtymi\u00e4. Saattaa yll\u00e4tt\u00e4\u00e4, ett\u00e4 migreeni on mainittu t\u00e4ss\u00e4. L\u00e4\u00e4k\u00e4rit kiistelev\u00e4t asiasta, mutta my\u00f6s migreeniin liittyy hermoston toiminnan pitk\u00e4aikainen h\u00e4iri\u00f6, erityisesti sen kroonistuessa.<\/p>\n\n\n\n<figure class=\"wp-block-image size-large\"><img loading=\"lazy\" width=\"1024\" height=\"647\" src=\"\/wp-content\/uploads\/2022\/05\/Slide3-1-768x485-1-1024x647.jpeg\" alt=\"\" class=\"wp-image-8960\" srcset=\"https:\/\/neurosymptoms.org\/wp-content\/uploads\/2022\/05\/Slide3-1-768x485-1-1024x647.jpeg 1024w, https:\/\/neurosymptoms.org\/wp-content\/uploads\/2022\/05\/Slide3-1-768x485-1-300x189.jpeg 300w, https:\/\/neurosymptoms.org\/wp-content\/uploads\/2022\/05\/Slide3-1-768x485-1-768x485.jpeg 768w, https:\/\/neurosymptoms.org\/wp-content\/uploads\/2022\/05\/Slide3-1-768x485-1-1536x970.jpeg 1536w, https:\/\/neurosymptoms.org\/wp-content\/uploads\/2022\/05\/Slide3-1-768x485-1-2048x1293.jpeg 2048w\" sizes=\"(max-width: 1024px) 100vw, 1024px\" \/><\/figure>\n\n\n\n<h3>Voivatko toiminnalliset oireyhtym\u00e4t esiinty\u00e4 p\u00e4\u00e4llekk\u00e4in psykologisten h\u00e4iri\u00f6iden kanssa?<\/h3>\n\n\n\n<p>Psykologiset h\u00e4iri\u00f6t, kuten ahdistuneisuus ja masennus, ovat tavallisia toiminnallisessa neurologisessa oireistossa. Ne ovat itse asiassa hyvin tavallisia l\u00e4hes kaikissa neurologisissa sairauksissa, kuten epilepsiassa ja MS-taudissa.<\/p>\n\n\n\n<p>Ahdistuneisuuteen ja masennukseen kuuluu niiden m\u00e4\u00e4ritelmien mukaan psykologisia oireita, kuten jatkuvaa murehtimista ja matalaa mielialaa suurimman osan aikaa. Ahdistuneisuuteen ja masennukseen kuuluu kuitenkin my\u00f6s fyysisi\u00e4 oireita, kuten uupumusta ja unih\u00e4iri\u00f6it\u00e4. T\u00e4llaiset oireet liittyv\u00e4t usein my\u00f6s toiminnalliseen neurologiseen oireistoon ja muihin toiminnallisiin oireyhtymiin.<\/p>\n\n\n\n<p>Toiminnallinen neurologinen oireisto ei vaadi psykologista h\u00e4iri\u00f6t\u00e4 synty\u00e4kseen. Jos potilaalla on psykologinen h\u00e4iri\u00f6 toiminnallisen neurologisen oireen lis\u00e4ksi, on hyv\u00e4 ymm\u00e4rt\u00e4\u00e4, kuinka n\u00e4m\u00e4 asettuvat p\u00e4\u00e4llekk\u00e4in ja vaikuttavat yhdess\u00e4 potilaan vointiin.<\/p>\n\n\n\n<p><strong>Esimerkki 4: PPPD, dissosiaatio ja ahdistuneisuus.<\/strong> Jokainen meist\u00e4 on erilainen. T\u00e4ll\u00e4 potilaalla on yhdistelm\u00e4 PPPD:t\u00e4, dissosiaatiota ja ahdistuneisuutta. PPPD voi esiinty\u00e4 my\u00f6s ainoana oireena, mutta useimmilla toiminnallisesta neurologisesta oireesta k\u00e4rsivill\u00e4 potilailla sen rinnalla esiintyy muita ongelmia.<\/p>\n\n\n\n<figure class=\"wp-block-image size-large is-resized\"><img loading=\"lazy\" src=\"\/wp-content\/uploads\/2022\/05\/Slide4-1-768x702-1-1024x936.jpeg\" alt=\"\" class=\"wp-image-8961\" width=\"512\" height=\"468\" srcset=\"https:\/\/neurosymptoms.org\/wp-content\/uploads\/2022\/05\/Slide4-1-768x702-1-1024x936.jpeg 1024w, https:\/\/neurosymptoms.org\/wp-content\/uploads\/2022\/05\/Slide4-1-768x702-1-300x274.jpeg 300w, https:\/\/neurosymptoms.org\/wp-content\/uploads\/2022\/05\/Slide4-1-768x702-1-768x702.jpeg 768w, https:\/\/neurosymptoms.org\/wp-content\/uploads\/2022\/05\/Slide4-1-768x702-1.jpeg 1536w\" sizes=\"(max-width: 512px) 100vw, 512px\" \/><\/figure>\n\n\n\n<p><strong>Esimerkki 5: Toiminnalliset kohtaukset.<\/strong> T\u00e4ll\u00e4 potilaalla on toiminnallisia kohtauksia sek\u00e4 kroonista lantion kipua. H\u00e4nen gynekologinsa mukaan lantion kipu liittyy toiminnalliseen oireyhtym\u00e4\u00e4n. Potilaalla on my\u00f6s traumaper\u00e4inen stressih\u00e4iri\u00f6, joka vaikuttaa voimakkaasti molempiin vaivoihin.<\/p>\n\n\n\n<figure class=\"wp-block-image size-large is-resized\"><img loading=\"lazy\" src=\"\/wp-content\/uploads\/2022\/05\/Slide5-1-295x300-1-1007x1024.jpeg\" alt=\"\" class=\"wp-image-8962\" width=\"504\" height=\"512\" srcset=\"https:\/\/neurosymptoms.org\/wp-content\/uploads\/2022\/05\/Slide5-1-295x300-1-1007x1024.jpeg 1007w, https:\/\/neurosymptoms.org\/wp-content\/uploads\/2022\/05\/Slide5-1-295x300-1-295x300.jpeg 295w, https:\/\/neurosymptoms.org\/wp-content\/uploads\/2022\/05\/Slide5-1-295x300-1-768x781.jpeg 768w, https:\/\/neurosymptoms.org\/wp-content\/uploads\/2022\/05\/Slide5-1-295x300-1.jpeg 1180w\" sizes=\"(max-width: 504px) 100vw, 504px\" \/><\/figure>\n\n\n\n<h3>Voivatko toiminnalliset oireyhtym\u00e4t esiinty\u00e4 p\u00e4\u00e4llekk\u00e4in muiden neurologisten sairauksien tai l\u00e4\u00e4ketieteellisten vaivojen kanssa?<\/h3>\n\n\n\n<p>Muut neurologiset sairaudet ja l\u00e4\u00e4ketieteelliset vaivat ovat yksi toiminnallisen neurologisen oireiston tavallisimmista riskitekij\u00f6ist\u00e4. Asiasta kerrotaan tarkemmin t\u00e4ll\u00e4 sivulla. Muiden l\u00e4\u00e4ketieteellisten vaivojen tunnistaminen on t\u00e4rke\u00e4\u00e4, jos halutaan tutkia niiden mahdollisia p\u00e4\u00e4llekk\u00e4isyyksi\u00e4 toiminnallisen oireyhtym\u00e4n kanssa. Reuman ja MS-taudin kaltaiset vaivat voivat aiheuttaa kipua ja uupumusta. N\u00e4m\u00e4 oireet voivat olla p\u00e4\u00e4llekk\u00e4isi\u00e4 toiminnallisen oireen diagnoosin kanssa. Oireet voivat olla p\u00e4\u00e4llekk\u00e4isi\u00e4 my\u00f6s mahdollisen psykologisen h\u00e4iri\u00f6n diagnoosin kanssa.<\/p>\n\n\n\n<figure class=\"wp-block-image size-large is-resized\"><img loading=\"lazy\" src=\"\/wp-content\/uploads\/2022\/05\/Slide6-1-768x617-1.jpeg\" alt=\"\" class=\"wp-image-8963\" width=\"384\" height=\"309\" srcset=\"https:\/\/neurosymptoms.org\/wp-content\/uploads\/2022\/05\/Slide6-1-768x617-1.jpeg 768w, https:\/\/neurosymptoms.org\/wp-content\/uploads\/2022\/05\/Slide6-1-768x617-1-300x241.jpeg 300w\" sizes=\"(max-width: 384px) 100vw, 384px\" \/><\/figure>\n","protected":false},"excerpt":{"rendered":"<p>T\u00e4ll\u00e4 sivustolla kuvataan tilanteita, joissa esiintyy usean elinj\u00e4rjestelm\u00e4n oireita. <\/p>\n","protected":false},"author":65,"featured_media":0,"parent":1010,"menu_order":158,"comment_status":"closed","ping_status":"closed","template":"page-template\/symptom-details-page-template.php","meta":[],"_links":{"self":[{"href":"https:\/\/neurosymptoms.org\/fi\/wp-json\/wp\/v2\/pages\/2736"}],"collection":[{"href":"https:\/\/neurosymptoms.org\/fi\/wp-json\/wp\/v2\/pages"}],"about":[{"href":"https:\/\/neurosymptoms.org\/fi\/wp-json\/wp\/v2\/types\/page"}],"author":[{"embeddable":true,"href":"https:\/\/neurosymptoms.org\/fi\/wp-json\/wp\/v2\/users\/65"}],"replies":[{"embeddable":true,"href":"https:\/\/neurosymptoms.org\/fi\/wp-json\/wp\/v2\/comments?post=2736"}],"version-history":[{"count":223,"href":"https:\/\/neurosymptoms.org\/fi\/wp-json\/wp\/v2\/pages\/2736\/revisions"}],"predecessor-version":[{"id":15791,"href":"https:\/\/neurosymptoms.org\/fi\/wp-json\/wp\/v2\/pages\/2736\/revisions\/15791"}],"up":[{"embeddable":true,"href":"https:\/\/neurosymptoms.org\/fi\/wp-json\/wp\/v2\/pages\/1010"}],"wp:attachment":[{"href":"https:\/\/neurosymptoms.org\/fi\/wp-json\/wp\/v2\/media?parent=2736"}],"curies":[{"name":"wp","href":"https:\/\/api.w.org\/{rel}","templated":true}]}}