{"id":2697,"date":"2021-06-30T23:51:33","date_gmt":"2021-06-30T23:51:33","guid":{"rendered":"https:\/\/prod.neurosymptoms.org\/?page_id=2697"},"modified":"2024-11-01T03:30:04","modified_gmt":"2024-11-01T03:30:04","slug":"ten-myths-of-fnd","status":"publish","type":"page","link":"https:\/\/neurosymptoms.org\/fi\/causes\/ten-myths-of-fnd\/","title":{"rendered":"Yleisi\u00e4 v\u00e4\u00e4rink\u00e4sityksi\u00e4"},"content":{"rendered":"\n<p>Professori John Stone kirjoitti alla olevat tiedot Twitteriin toukokuussa 2020. H\u00e4nen tavoitteensa oli k\u00e4sitell\u00e4 <a href=\"https:\/\/onlinelibrary.wiley.com\/doi\/abs\/10.1111\/ene.14310\" data-type=\"URL\" data-id=\"https:\/\/onlinelibrary.wiley.com\/doi\/abs\/10.1111\/ene.14310\">European Journal of Neurology -lehdess\u00e4 julkaistua, toiminnallisia neurologisia oireita k\u00e4sittelev\u00e4\u00e4 artikkeliaan<\/a>. H\u00e4nen toiveensa on, ett\u00e4 tiedoista on hy\u00f6ty\u00e4 muillekin. H\u00e4nen pyrkimyksen\u00e4\u00e4n on oikaista kymmenen v\u00e4\u00e4rink\u00e4sityst\u00e4 tai myytti\u00e4 toiminnalliseen neurologiseen oireistoon liittyen.<\/p>\n\n\n\n<p>Toiminnallisista oireista k\u00e4rsiv\u00e4t potilaat kohtaavat monia n\u00e4ist\u00e4 myyteist\u00e4 diagnoosin ja hoidon aikana.<\/p>\n\n\n\n<p>Toiminnallinen neurologinen oireisto on vasta nousemassa tieteellisen ja kliinisen tutkimuksen piiriin. Tutkimustieto toiminnallisten neurologisten oireiden diagnosoinnista ja hoidosta lis\u00e4\u00e4ntyy kaiken aikaa. Samalla terveydenhuollon ammattilaisten tiet\u00e4mys toiminnallisista oireista kasvaa.<\/p>\n\n\n\n<p>Koska tiedeartikkelit ovat usein maksumuurien takana, artikkeliin kirjatut myytit julkaistiin erityisess\u00e4 twitter-ketjussa<\/p>\n\n\n\n<p><strong>Myytti 1: Toiminnallisten neurologisten oireiden diagnosointi perustuu muiden vaihtoehtojen poissulkemiseen.<\/strong><\/p>\n\n\n\n<p>V\u00c4\u00c4RIN. Diagnosointi perustuu tutkimusl\u00f6yd\u00f6ksiin, kuten Hooverin merkkiin.<\/p>\n\n\n\n<figure class=\"wp-block-image size-large\"><img loading=\"lazy\" width=\"883\" height=\"514\" src=\"\/wp-content\/uploads\/2021\/04\/Picture-4.png\" alt=\"\" class=\"wp-image-1671\" srcset=\"https:\/\/neurosymptoms.org\/wp-content\/uploads\/2021\/04\/Picture-4.png 883w, https:\/\/neurosymptoms.org\/wp-content\/uploads\/2021\/04\/Picture-4-300x175.png 300w, https:\/\/neurosymptoms.org\/wp-content\/uploads\/2021\/04\/Picture-4-768x447.png 768w\" sizes=\"(max-width: 883px) 100vw, 883px\" \/><\/figure>\n\n\n\n<p>Kuva lainattu osoitteesta: <a href=\"https:\/\/jamanetwork.com\/journals\/jamaneurology\/article-abstract\/2682656\">jamanetwork.com\/journals\/jaman\u2026<\/a>&nbsp;4\/<\/p>\n\n\n\n<p><strong>Myytti 2: Potilaalla on joko toiminnallinen neurologinen oire tai muu neurologinen sairaus.<\/strong><\/p>\n\n\n\n<p>V\u00c4\u00c4RIN. Toinen neurologinen sairaus, kuten epilepsia tai Parkinsonin tauti, saattaa altistaa toiminnallisten neurologisten oireiden synnylle.<\/p>\n\n\n\n<p><strong>Myytti 3: Outo oirekuva viittaa toiminnalliseen neurologiseen oireistoon<\/strong>.<\/p>\n\n\n\n<p>V\u00c4\u00c4RIN. Ep\u00e4tavallisia oirekuvia esiintyy muissakin neurologisissa sairauksissa. T\u00e4st\u00e4 on lukuisia tapausesimerkkej\u00e4. Toiminnallisen neurologisen oireiston oirekuva ei ole muita neurologisia sairauksia \u201doudompi\u201d.<\/p>\n\n\n\n<p><strong>Myytti 4: Erityyppiset toiminnalliset neurologiset oireet tarkoittavat eri oireyhtymi\u00e4<\/strong>.<\/p>\n\n\n\n<p>V\u00c4\u00c4RIN. Kohtaus on hyvin erilainen oire kuin halvaantuminen. Kaikilla toiminnallisilla neurologisilla oireilla on kuitenkin samat toimintamekanismit ja liit\u00e4nn\u00e4isoireet. Yleisi\u00e4 liit\u00e4nn\u00e4isoireita ovat esimerkiksi kipu ja uupumus.<\/p>\n\n\n\n<p><strong>Myytti 5: Toiminnalliset neurologiset oireet ovat tahdonalaisia<\/strong>.<\/p>\n\n\n\n<p>V\u00c4\u00c4RIN. Toiminnalliset neurologiset oireet tapahtuvat tahdosta riippumatta. Potilas ei tee oireita tahallaan ja teeskentely on harvinaista. Asiaa on tarkasteltu eri tutkimuksissa. Samanlaisia oireita on kuvattu potilailla ymp\u00e4ri maailmaa ja l\u00e4pi historian.<\/p>\n\n\n\n<p><strong>Myytti 6: Toiminnallisten neurologisten oireiden toteaminen ei vaadi tutkimuksia<\/strong>.<\/p>\n\n\n\n<p>V\u00c4\u00c4RIN. Muut neurologiset sairaudet ovat suuri toiminnallisille oireille altistava riskitekij\u00e4. On t\u00e4rke\u00e4\u00e4 sulkea pois oireiden muut mahdolliset syyt. Tutkimuksia tarvitaan muiden sairauksien poissulkemiseksi ja toiminnallisten neurologisten oireiden positiivisten tutkimusl\u00f6yd\u00f6sten toteamiseksi.<\/p>\n\n\n\n<p><strong>Myytti 7: Toiminnallisten neurologisten oireiden diagnosoiminen muuksi sairaudeksi aiheuttaa v\u00e4hemm\u00e4n vahinkoa, kuin muiden neurologisten sairauksien.<\/strong><\/p>\n\n\n\n<p>V\u00c4\u00c4RIN. Jokainen virheellinen diagnoosi aiheuttaa huolta. Toiminnallinen neurologinen oireisto on mahdollisesti hoidettava sairaus ja sen diagnosoiminen muuksi sairaudeksi on aivan yht\u00e4 vahingollista, kuin muun neurologisen sairauden.<\/p>\n\n\n\n<p><strong>Myytti 8: Toiminnallinen neurologinen oireisto on psykologinen ongelma.<\/strong><\/p>\n\n\n\n<p>V\u00c4\u00c4RIN. Psykologiset tekij\u00e4t ovat yksi monista toiminnallisille neurologisille oireille altistavista tekij\u00f6ist\u00e4. Niit\u00e4 ei tulisi pit\u00e4\u00e4 oireiden ainoana aiheuttajana. Osalle potilaista psykologiset tekij\u00e4t ovat merkitt\u00e4vin oireiden aiheuttaja, toisille ne ovat merkityksett\u00f6mi\u00e4.<\/p>\n\n\n\n<p><strong>Myytti 9: Toiminnalliset neurologiset oireet yleens\u00e4 paranevat.<\/strong><\/p>\n\n\n\n<p>V\u00c4\u00c4RIN. Toiminnallisista neurologisista oireista k\u00e4rsivill\u00e4 potilailla voi olla el\u00e4m\u00e4nlaatua heikent\u00e4v\u00e4 tilanne muiden neurologisten sairauksien tavoin. Osa potilaista paranee t\u00e4ysin, osalle j\u00e4\u00e4 pitk\u00e4aikaisia haittoja. Toiminnallisten neurologisten oireiden ei pid\u00e4 olettaa paranevan itsest\u00e4\u00e4n.<\/p>\n\n\n\n<p><strong>Myytti 10: Toiminnallisten neurologisten oireiden hoito perustuu t\u00e4ysin psykologiaan.<\/strong><\/p>\n\n\n\n<p>V\u00c4\u00c4RIN. Toiminnallisista neurologisista oireista k\u00e4rsiv\u00e4 potilas tarvitsee yksil\u00f6llist\u00e4, monialaista hoitoa. Sairauteen perehtyminen, fysioterapia ja psykoterapia voivat kaikki olla t\u00e4rkeit\u00e4 hoidon kannalta. Erityisesti kouristuksista k\u00e4rsivill\u00e4 potilailla fysioterapia voi muodostaa toiminnallisten oireiden merkitt\u00e4vimm\u00e4n osan.<\/p>\n\n\n\n<p>Toiminnallisiin neurologisiin oireisiin liittyv\u00e4t asenteet ja k\u00e4yt\u00e4nteet paranevat, mutta toiminnallisiin oireisiin liittyy edelleen runsaasti v\u00e4\u00e4r\u00e4\u00e4 tietoa. T\u00e4m\u00e4 virheellinen tieto est\u00e4\u00e4 potilaita saamasta laadukasta l\u00e4\u00e4ketieteellist\u00e4 hoitoa.<\/p>\n\n\n\n<h3>Kiitokset ja professori Stonen j\u00e4lkisanat:<\/h3>\n\n\n\n<p>Idea t\u00e4h\u00e4n osioon: <a href=\"https:\/\/twitter.com\/basbloem\">@basbloem<\/a><\/p>\n\n\n\n<p>Kirjoitusty\u00f6n johtaminen: <a href=\"https:\/\/twitter.com\/SarahLidstone\">@SarahLidstone<\/a>&nbsp;<\/p>\n\n\n\n<p>Kirjoitusty\u00f6n jakaminen: <a href=\"https:\/\/twitter.com\/rmmaraujo\">@rmmaraujo<\/a><\/p>\n\n\n\n<p>\u201cKymmenen v\u00e4\u00e4rink\u00e4sityst\u00e4 toiminnallisista neurologisista oireista\u201d on juuri julkaistu European Journal of Neurology -lehdess\u00e4. Kirjoittajina <a href=\"https:\/\/twitter.com\/SarahLidstone\">@SarahLidstone<\/a><a href=\"https:\/\/twitter.com\/rmmaraujo\">@rmmaraujo<\/a>, min\u00e4 ja&nbsp;<a href=\"https:\/\/twitter.com\/basbloem\">@basbloem<\/a><a href=\"https:\/\/twitter.com\/EANeurology\">@EANeurology<\/a>.<\/p>\n","protected":false},"excerpt":{"rendered":"<p>T\u00e4ll\u00e4 sivulla kuvataan joitain toiminnalliseen oireistoon liittyvi\u00e4 myyttej\u00e4. <\/p>\n","protected":false},"author":65,"featured_media":0,"parent":1010,"menu_order":159,"comment_status":"closed","ping_status":"closed","template":"page-template\/symptom-details-page-template.php","meta":[],"_links":{"self":[{"href":"https:\/\/neurosymptoms.org\/fi\/wp-json\/wp\/v2\/pages\/2697"}],"collection":[{"href":"https:\/\/neurosymptoms.org\/fi\/wp-json\/wp\/v2\/pages"}],"about":[{"href":"https:\/\/neurosymptoms.org\/fi\/wp-json\/wp\/v2\/types\/page"}],"author":[{"embeddable":true,"href":"https:\/\/neurosymptoms.org\/fi\/wp-json\/wp\/v2\/users\/65"}],"replies":[{"embeddable":true,"href":"https:\/\/neurosymptoms.org\/fi\/wp-json\/wp\/v2\/comments?post=2697"}],"version-history":[{"count":125,"href":"https:\/\/neurosymptoms.org\/fi\/wp-json\/wp\/v2\/pages\/2697\/revisions"}],"predecessor-version":[{"id":15590,"href":"https:\/\/neurosymptoms.org\/fi\/wp-json\/wp\/v2\/pages\/2697\/revisions\/15590"}],"up":[{"embeddable":true,"href":"https:\/\/neurosymptoms.org\/fi\/wp-json\/wp\/v2\/pages\/1010"}],"wp:attachment":[{"href":"https:\/\/neurosymptoms.org\/fi\/wp-json\/wp\/v2\/media?parent=2697"}],"curies":[{"name":"wp","href":"https:\/\/api.w.org\/{rel}","templated":true}]}}