{"id":2375,"date":"2021-06-23T10:46:26","date_gmt":"2021-06-23T10:46:26","guid":{"rendered":"https:\/\/ftd.cognihealth.in\/?page_id=2375"},"modified":"2024-01-19T21:53:03","modified_gmt":"2024-01-19T21:53:03","slug":"covid-19-the-covid-19-vaccine-and-fnd-what-do-we-know","status":"publish","type":"page","link":"https:\/\/neurosymptoms.org\/fi\/faq-2\/covid-19-the-covid-19-vaccine-and-fnd-what-do-we-know\/","title":{"rendered":"COVID-19, koronarokote ja toiminnalliset oireet. Mit\u00e4 tiedet\u00e4\u00e4n"},"content":{"rendered":"\n<p>Maaliskuussa 2020 neurologi Kathrin LaFaver piti Chicagossa englanninkielisen webinaarin FDN Hope-j\u00e4rjest\u00f6lle. Esitelm\u00e4 k\u00e4sitell\u00e4\u00e4n Covid-19 infektiota toiminnallisen neurologisen oireiston n\u00e4k\u00f6kulmasta. Esitys on katsottavissa <a href=\"https:\/\/fndhope.org\/fnd-and-covid-19\/\" data-type=\"URL\" data-id=\"https:\/\/fndhope.org\/fnd-and-covid-19\/\">YouTubesta.<\/a><\/p>\n\n\n\n<h3>Aiheuttaako COVID-19 toiminnallisia neurologisia oireita?<\/h3>\n\n\n\n<p>Webinaarissa todetaan, ett\u00e4 on eritt\u00e4in todenn\u00e4k\u00f6ist\u00e4, ett\u00e4 osalle potilaista tulee kehittym\u00e4\u00e4n toiminnallisia neurologisia oireita COVID-19-infektion j\u00e4lkeen. T\u00e4m\u00e4 johtuu siit\u00e4, ett\u00e4 mik\u00e4 tahansa fyysinen sairaus on yksi suurimmista toiminnallisille neurologisille oireille altistavista tekij\u00f6ist\u00e4. Altistava sairaus voi olla esimerkiksi liev\u00e4 virustartunta tai hengenvaarallinen infektio. My\u00f6s fyysinen vamma ja erityisesti toinen neurologinen sairaus, kuten MS-tauti, ovat merkitt\u00e4vi\u00e4 toiminnallisille neurologisille oireille altistavia tekij\u00f6it\u00e4.<\/p>\n\n\n\n<p>Ennusteiden mukaisesti monille COVID-19-potilaille on kehittynyt sittemmin toiminnallisia neurologisia oireita. \u201dLong Covid\u201d-termi\u00e4 k\u00e4ytet\u00e4\u00e4n monenlaisille oireille, erityisesti uupumukselle, keskittymisvaikeuksille ja kipuoireille. N\u00e4m\u00e4 oireet ovat kehittyneet COVID-19-infektion j\u00e4lkeen. Oireet eiv\u00e4t ole varsinaisesti toiminnallisia neurologisia oireita (joihin kuuluu halvaantumisen, vapinan ja kohtausten kaltaisia oireita). Kognitiiviset oireet ovat tosin toiminnallisten neurologisten oireiden harmaalla alueella.<\/p>\n\n\n\n<p>Long Covid on todenn\u00e4k\u00f6isesti yhdistelm\u00e4 monenlaisia ongelmia, kuten:<\/p>\n\n\n\n<ul><li>Vakaviin infektiotauteihin ja tehohoitoon liittyvi\u00e4 komplikaatioita.<\/li><li>Vanhojen oireiden korostumista. Esimerkiksi vanhempien ihmisten delirium eli sekavuustila COVID-19 j\u00e4lkeisesti on merkki alla olleesta muistisairaudesta<\/li><li>Virusinfektion j\u00e4lkeinen uupumus. Kirjallisuuden perusteella tiedet\u00e4\u00e4n, ett\u00e4 joillain ihmisill\u00e4 virusinfektioista toipuminen kest\u00e4\u00e4 poikkeavan pitk\u00e4\u00e4n, jopa kuukausia. T\u00e4m\u00e4 on varsinkin aluksi suoraa seurausta infektiosta<\/li><li>Oireiston pitkittyminen johtuu COVID-19 aiheuttamasta toisesta sairaudesta kuten aivohalvauksesta<\/li><li>Mahdolliset COVID-19-infektion suorat vaikutukset aivoihin. Monet tutkijat selvitt\u00e4v\u00e4t t\u00e4t\u00e4<\/li><li>Toiminnallinen h\u00e4iri\u00f6, kuten toiminnallinen neurologinen oire, joka kehittyy toipumisen yhteydess\u00e4.<\/li><\/ul>\n\n\n\n<p>Toiminnallinen h\u00e4iri\u00f6 voi siis olla yksi lukuisista syist\u00e4 COVID-19 j\u00e4lkeisille oireille. Mutta se on t\u00e4rke\u00e4 sellainen, koska muihin syihin verrattaessa toiminnalliset oireet voivat korjautua. Olen tavannut potilaita, jotka ovat sairastuneet toiminnallisiin oireisiin COVID-19-infektion j\u00e4lkeisesti, mutta en sen enemp\u00e4\u00e4 kuin muiden sairauksien j\u00e4lkeen.<\/p>\n\n\n\n<h3>Lis\u00e4\u00e4k\u00f6 toiminnallinen neurologinen oireisto COVID-19-infektion todenn\u00e4k\u00f6isyytt\u00e4?<\/h3>\n\n\n\n<p>Ei. Pitk\u00e4aikaistutkimukset osoittavat, etteiv\u00e4t toiminnallisista neurologisesta oireistosta k\u00e4rsiv\u00e4t potilaat menehdy muuta v\u00e4est\u00f6\u00e4 todenn\u00e4k\u00f6isemmin keuhkokuumeeseen. Jos toiminnallinen neurologinen oireisto on osa potilaan laajaa kokonaisuutta ja potilas on suurelta osin vuodepotilas, voi t\u00e4m\u00e4 altistaa keuhkokuumeelle muiden vakavien vammaisuuden aiheuttajien sairauksien tavoin.<\/p>\n\n\n\n<h3>Jos k\u00e4rsin toiminnallisista neurologisista oireista, pahenevatko oireeni COVID-19-viruksen my\u00f6t\u00e4 tai saanko \u201dLong Covid\u201d-taudin?<\/h3>\n\n\n\n<p>Vastaus on mahdollisesti kyll\u00e4, joskaan t\u00e4m\u00e4 ei koske kaikkia. Potilaan toiminnallinen neurologinen oireisto voi pahentua COVID-19-infektion my\u00f6t\u00e4. On my\u00f6s mahdollista, ettei infektio vaikuta toiminnalliseen neurologiseen oireistoon.<\/p>\n\n\n\n<p>Osa long covidin yhteydess\u00e4 tavatuista oireista esiintyy my\u00f6s toiminnallisissa neurologisissa h\u00e4iri\u00f6iss\u00e4. Toiminnallisista neurologisista oireita on ollut kuitenkin jo ennen kuin COVID-19-viruksen synty\u00e4. COVID-19-viruksen vaikutuksista toiminnalliseen neurologiseen oireistoon ei ole tutkimusta.<\/p>\n\n\n\n<h3>Onko yhteiskunnan sulkutila vaikuttanut toiminnallisista neurologisista oireista k\u00e4rsiviin potilaisiin?<\/h3>\n\n\n\n<p>Yhteiskunnan sulkutila, et\u00e4ty\u00f6 ja koronarajoitukset, ovat olleet hyvin haastavia monille useista eri syist\u00e4. Se on my\u00f6s pahentanut toiminnallisia neurologisia oireita osalla potilaista. Monet my\u00f6s kokivat sen my\u00f6s er\u00e4\u00e4nlaisena helpotuksena. He kokivat el\u00e4v\u00e4ns\u00e4 jo valmiiksi \u201dsulkutilassa\u201d ja yht\u00e4kki\u00e4 kaikki kokivat samanlaisia rajoitteita. Tietyss\u00e4 mieless\u00e4 osa koki, ett\u00e4 muutos tasoitti tilit. Kohtauksia saavat potilaat ja liikkumisen vaikeudesta k\u00e4rsiv\u00e4t potilaat saattavat kokea ulkona liikkumisen hyvin haastavana, joten osalla heist\u00e4 sulkutila v\u00e4hensi stressi\u00e4. Vastaavasti sulkutilan j\u00e4lkeen paine liikkua julkisilla paikoilla voi olla osalle stressaavaa. Potilaiden kokemuksista odotetaan viel\u00e4 tutkimustietoa. N\u00e4m\u00e4 tiedot perustuvat toiminnallisista neurologisista oireista k\u00e4rsivien potilaiden ja alan ammattilaisten haastatteluihin ymp\u00e4ri maailmaa.<\/p>\n\n\n\n<h3>Tulisiko minun ottaa COVID-19 rokote? Pelk\u00e4\u00e4n, ett\u00e4 se pahentaa toiminnallisia neurologisia oireitani.<\/h3>\n\n\n\n<p>COVID-19-rokotteen ei ole todettu aiheuttavan suurempaa riski\u00e4 toiminnallisista neurologisista oireista k\u00e4rsiville potilaille, kuin valtav\u00e4est\u00f6lle. COVID-19 voi olla vaarallinen sairaus, joka voi aiheuttaa haittaa my\u00f6s perheelle ja yst\u00e4ville. Virukseen liittyy my\u00f6s terveysriskej\u00e4 toiminnallisesta neurologisesta oireistosta k\u00e4rsivill\u00e4 potilailla.<\/p>\n\n\n\n<p>On ymm\u00e4rrett\u00e4v\u00e4\u00e4, ett\u00e4 osa toiminnallisista neurologisista oireista k\u00e4rsivist\u00e4 potilaista on huolissaan rokotteesta. He eiv\u00e4t ehk\u00e4 pid\u00e4 neuloista ja saattavat olla huolissaan oireiden pahenemisesta. Rokotteeseen voi toisinaan liitty\u00e4 pistoalueen ja k\u00e4sivarren s\u00e4rky\u00e4 sek\u00e4 infektio-oireita. Rokotteiden yleisist\u00e4 riskeist\u00e4 saa lis\u00e4tietoa terveyskeskuksesta.<\/p>\n\n\n\n<p>Osa potilaista pelk\u00e4\u00e4 toiminnallisten neurologisten oireiden vakavaa pahenemista rokotteen j\u00e4lkeen. Ahdistuneisuus lis\u00e4\u00e4 merkitt\u00e4v\u00e4sti nosebo-reaktion todenn\u00e4k\u00f6isyytt\u00e4.<\/p>\n\n\n\n<p>Nosebo on plasebo-vaikutuksen vastakohta. Siin\u00e4 vakavien seuraamusten pelko tekee niiden ilmestymisest\u00e4 todenn\u00e4k\u00f6isemp\u00e4\u00e4. Nosebo ja plasebo vaikuttavat jokaiseen ihmiseen. Toiminnallisista neurologisista oireista k\u00e4rsiv\u00e4t potilaat eiv\u00e4t v\u00e4ltt\u00e4m\u00e4tt\u00e4 ole muita alttiimpia niiden vaikutuksille. <\/p>\n\n\n\n<p><a href=\"https:\/\/fi.wikipedia.org\/wiki\/Nosebo\">https:\/\/fi.wikipedia.org\/wiki\/Nosebo<\/a><\/p>\n\n\n\n<p>Noseboon liittyy itse asiassa varsin voimakkaita muutoksia hermoston viestinn\u00e4ss\u00e4. N\u00e4m\u00e4 muutokset voivat varmasti pahentaa toiminnallisia neurologisia oireita. Osa toiminnallisiin neurologisiin oireisiin liittyvist\u00e4 hermoston v\u00e4ylist\u00e4 on todenn\u00e4k\u00f6isesti samoja, jotka ohjaavat nosebo- ja plasebo-reaktioita.<\/p>\n\n\n\n<p>Kenenk\u00e4\u00e4n ei siis tulisi olla pakko ottaa rokotetta, mik\u00e4li he eiv\u00e4t p\u00e4\u00e4se yli rokotteen mahdollisiin vaikutuksiin liittyvist\u00e4 peloista. Nosebo-reaktion tunnistaminen ja ymm\u00e4rt\u00e4minen saattaa auttaa covid-rokotteeseen liittyvien p\u00e4\u00e4t\u00f6ksien tekemisess\u00e4.<\/p>\n\n\n\n<h3><strong>Voiko Covid-rokote laukaista ensimm\u00e4iset toiminnalliset neurologiset oireet?<\/strong><\/h3>\n\n\n\n<p>Tammikuusta 2020 l\u00e4htien sosiaalisessa mediassa on jaettu videoita, joissa esiintyy toiminnallisen neurologisen oireen diagnoosin saaneita henkil\u00f6it\u00e4 tai henkil\u00f6it\u00e4, joilla on tyypillisesti toiminnalliseen neurologiseen oireistoon viittaavia oireita.<\/p>\n\n\n\n<p>Heille, jotka ty\u00f6skentelev\u00e4t toiminnallisten neurologisten oireiden parissa t\u00e4ss\u00e4 ei ole mit\u00e4\u00e4n yll\u00e4tt\u00e4v\u00e4\u00e4. Toiminnalliset neurologiset oireet laukaisee tyypillisesti liev\u00e4 fyysinen vamma tai muu sairaus. Mihin tahansa rokotukseen voi liitty\u00e4 k\u00e4den kipeytymist\u00e4 ja sairauden tunnetta. T\u00e4m\u00e4 riitt\u00e4\u00e4 laukaisemaan toiminnallisen neurologisen oireiston aiemmin terveell\u00e4 henkil\u00f6ll\u00e4. Se ei tarkoita, ett\u00e4 rokote olisi aiheuttanut vaurioita hermostolle.<\/p>\n\n\n\n<p>Tottakai rokotteisiin liittyvi\u00e4 haittavaikutuksia on tutkittava huolella. T\u00e4t\u00e4 tutkimusta tehd\u00e4\u00e4n kaiken aikaa. Tutkimuksissa on havaittu joitain muita harvinaisia covid-rokotteeseen liittyvi\u00e4 haittoja<\/p>\n\n\n\n<p>Rokotteen laukaisema toiminnallinen neurologinen oire on siis aivan yht\u00e4 todellinen, kuin mik\u00e4 muukin toiminnallinen neurologinen oire. Se ei kuitenkaan ole syy j\u00e4tt\u00e4\u00e4 rokote ottamatta. Tilanne olisi sama, kuin auton k\u00e4yt\u00f6n v\u00e4ltt\u00e4minen, koska auto-onnettomuudet voivat joskus laukaista toiminnallisia neurologisia oireita. On ymm\u00e4rrett\u00e4v\u00e4\u00e4, ett\u00e4 potilaat, joilla ei ollut oireita ennen rokotetta ja joille rokote laukaise toiminnalliset neurologiset oireet ovat asiasta eri mielt\u00e4. Toisaalta mik\u00e4 tahansa ep\u00e4onninen tapahtuma olisi voinut laukaista oireet ilman riippuvuutta rokotteesta.<\/p>\n\n\n\n<p><a rel=\"noreferrer noopener\" href=\"https:\/\/www.fndsociety.org\/UserFiles\/file\/FNDSSocietyPressReleaseCOVIDVaccines.pdf\" target=\"_blank\">FND society <\/a>&nbsp; on julkaissut aiheeseen liittyv\u00e4n englanninkielisen lausunnon rokotteista ja toiminnallisesta neurologisesta oireistosta. Vastaavia artikkeleita on julkaistu akateemisissa lehdiss\u00e4, kuten <a href=\"https:\/\/jamanetwork.com\/journals\/jamaneurology\/fullarticle\/2778192\">JAMA Neurology<\/a> ja&nbsp;<a rel=\"noreferrer noopener\" href=\"https:\/\/neuro.psychiatryonline.org\/doi\/abs\/10.1176\/appi.neuropsych.21050116\" target=\"_blank\">Journal of Clinical Neuropsychiatry and Neurociences.<\/a>-lehdiss\u00e4. N\u00e4m\u00e4 ovat maailman johtavia neurologian alaa k\u00e4sittelevi\u00e4 julkaisuja.<\/p>\n\n\n\n<p>Yhdistyneiden Kuningaskuntien iltap\u00e4iv\u00e4lehti The Sun on my\u00f6s <a href=\"https:\/\/www.thesun.co.uk\/news\/15692995\/viral-video-woman-struggling-walk-after-covid-jab-fnd\/\" data-type=\"URL\" data-id=\"https:\/\/www.thesun.co.uk\/news\/15692995\/viral-video-woman-struggling-walk-after-covid-jab-fnd\/\">julkaissut artikkelin<\/a>, jossa kerrotaan aiheesta yleisemmin ja muihin l\u00e4hteisiin tukeutuen.<\/p>\n\n\n\n<p>Kanadalainen CTV julkaisi my\u00f6s artikkelin, jossa haastateltiin Beth Pardoa, joka sairastui toiminnalliseen h\u00e4iri\u00f6\u00f6n rokotteen j\u00e4lkeen. Siin\u00e4 on paljon hy\u00f6dyllisi\u00e4 kohtia, vaikka se kaikin osin ei olekaan tarkka. Artikkeliin liittyvi\u00e4 ep\u00e4johdonmukaisuuksia on k\u00e4sitelty muunmuassa<a href=\"\nhttps:\/\/twitter.com\/FndRecovery\/status\/1429912074654650383?s=20\"\n data-type=\"URL\" data-id=\"\nhttps:\/\/twitter.com\/FndRecovery\/status\/1429912074654650383?s=20\"> t\u00e4ss\u00e4 twitter-ketjussa. <\/a><\/p>\n\n\n\n<p><\/p>\n","protected":false},"excerpt":{"rendered":"<p><!-- wp:paragraph --><\/p>\n<p>Maaliskuussa 2020 neurologi Kathrin LaFaver piti Chicagossa englanninkielisen webinaarin FDN Hope-j\u00e4rjest\u00f6lle. Esitelm\u00e4 k\u00e4sitell\u00e4\u00e4n Covid-19 infektiota toiminnallisen neurologisen oireiston n\u00e4k\u00f6kulmasta. Esitys on katsottavis&#8230;<\/p>\n","protected":false},"author":7,"featured_media":0,"parent":1654,"menu_order":13,"comment_status":"closed","ping_status":"closed","template":"page-template\/faq-details-template.php","meta":[],"_links":{"self":[{"href":"https:\/\/neurosymptoms.org\/fi\/wp-json\/wp\/v2\/pages\/2375"}],"collection":[{"href":"https:\/\/neurosymptoms.org\/fi\/wp-json\/wp\/v2\/pages"}],"about":[{"href":"https:\/\/neurosymptoms.org\/fi\/wp-json\/wp\/v2\/types\/page"}],"author":[{"embeddable":true,"href":"https:\/\/neurosymptoms.org\/fi\/wp-json\/wp\/v2\/users\/7"}],"replies":[{"embeddable":true,"href":"https:\/\/neurosymptoms.org\/fi\/wp-json\/wp\/v2\/comments?post=2375"}],"version-history":[{"count":65,"href":"https:\/\/neurosymptoms.org\/fi\/wp-json\/wp\/v2\/pages\/2375\/revisions"}],"predecessor-version":[{"id":14265,"href":"https:\/\/neurosymptoms.org\/fi\/wp-json\/wp\/v2\/pages\/2375\/revisions\/14265"}],"up":[{"embeddable":true,"href":"https:\/\/neurosymptoms.org\/fi\/wp-json\/wp\/v2\/pages\/1654"}],"wp:attachment":[{"href":"https:\/\/neurosymptoms.org\/fi\/wp-json\/wp\/v2\/media?parent=2375"}],"curies":[{"name":"wp","href":"https:\/\/api.w.org\/{rel}","templated":true}]}}