{"id":2193,"date":"2021-06-15T09:54:38","date_gmt":"2021-06-15T09:54:38","guid":{"rendered":"https:\/\/ftd.cognihealth.in\/?page_id=2193"},"modified":"2024-02-02T12:28:57","modified_gmt":"2024-02-02T12:28:57","slug":"speech-and-language-therapy","status":"publish","type":"page","link":"https:\/\/neurosymptoms.org\/fi\/treatment\/speech-and-language-therapy\/","title":{"rendered":"Puheterapia"},"content":{"rendered":"\n<h3><strong>Mit\u00e4 puheterapia on?<\/strong><\/h3>\n\n\n\n<p>Puheterapeutit ovat terveydenhoitoalan ammattilaisia. He arvioivat ja hoitavat monia kommunikaation, sy\u00f6misen, juomisen ja nielemisen ongelmia.<\/p>\n\n\n\n<h3><strong>Puheterapia ja toiminnallisten neurologisten oireiden toteaminen<\/strong><\/h3>\n\n\n\n<p>Puheterapeutit ovat erityisasiantuntijoita suun ja kurkun rakenteen ja liikkeen tutkimuksessa. He tutkivat suun ja kurkun toimintaa puheen ja nielemisen aikana. Puheterapeuteilla on esimerkiksi erityisi\u00e4 ty\u00f6kaluja kurkussa sijaitsevien \u00e4\u00e4nihuulten tutkimiseen. Puheterapeutit ovat my\u00f6s erikoistuneet \u00e4\u00e4nteiden, sanojen ja puheen tuottamisen ongelmien tutkimukseen ja hoitoon.<\/p>\n\n\n\n<p>Puheterapeutin rooli toiminnallisten neurologisten oireiden diagnosoinnissa vaihtelee eri puolilla maailmaa. Joissain tapauksissa puheterapeutti toteaa toiminnallisen neurologisen oireen itsen\u00e4isesti. Toisinaan taas puheterapeutin erityisosaamista hy\u00f6dynnet\u00e4\u00e4n neurologin (tai korva, nen\u00e4 ja kurkkul\u00e4\u00e4k\u00e4rin tai keuhkol\u00e4\u00e4k\u00e4rin) tutkimuksen apuna.<strong><\/strong><\/p>\n\n\n\n<h3><strong>Puheen ja nielemisen hoito toiminnallisessa neurologisessa oireistossa<\/strong><\/h3>\n\n\n\n<p>Hoitomenetelm\u00e4t riippuvat potilaan oireiden laadusta.<\/p>\n\n\n\n<p>Potilasta saatetaan pyyt\u00e4\u00e4 tuottamaan helppoja ja yksinkertaisia \u00e4\u00e4nteit\u00e4, joita puheterapeutti auttaa muokkaamaan sanoiksi. Puheterapeutti voi auttaa tunnistamaan hengityksen ongelmia tai lihasj\u00e4nnityksi\u00e4, jotka haittaavat normaalia puhetta tai nielemist\u00e4. Hoidon edetess\u00e4 puheterapeutti voi auttaa normaalimman \u00e4\u00e4nen, puheen ja nielemisen k\u00e4ytt\u00e4misess\u00e4 jokap\u00e4iv\u00e4isiss\u00e4 tilanteissa.<\/p>\n\n\n\n<p>Toisinaan \u00e4\u00e4nen ja puheen oireet voivat parantua hyvin nopeasti toiminnallisessa neurologisessa oireistossa. Merkitt\u00e4v\u00e4\u00e4 edistymist\u00e4 voi tapahtua jo yhdell\u00e4 hoitokerralla. Joskus hoitokertoja saatetaan tarvita kuitenkin useita. Hoidon loppupuolella voi olla hyv\u00e4 laatia toimintasuunnitelma, mik\u00e4li oireet palaavat.<\/p>\n\n\n\n<h3><strong>Puheterapeutti hoitotiimin j\u00e4senen\u00e4<\/strong><\/h3>\n\n\n\n<p>Puheterapeutit ty\u00f6skentelev\u00e4t muiden hoitotiimin j\u00e4senten rinnalla. Jos toiminnalliseen neurologiseen oireistoon kuuluu muita oireita, hoitotiimiin voi kuulua puheterapeutin lis\u00e4ksi esimerkiksi neurologi, fysioterapeutti. toimintaterapeutti ja psykiatri\/psykologi.<\/p>\n\n\n\n<h3><strong>Varautuminen siihen, ett\u00e4 oireet palaavat<\/strong><\/h3>\n\n\n\n<p>Joskus, muttei aina, oireet voivat palata parantumisen j\u00e4lkeen. Jos puheterapiasta oli aiemmin apua, samoja harjoituksia voidaan usein hy\u00f6dynt\u00e4\u00e4 my\u00f6s uusien oireiden hoidossa. Toisinaan uusi vierailu puheterapeutin vastaanotolla voi auttaa.<\/p>\n\n\n\n<h3>Kiitokset:<\/h3>\n\n\n\n<p>T\u00e4m\u00e4n sivun on laatinut Laura McWhirter Edinburghin yliopistosta ja Jan Baker Etel\u00e4-Australian Flindersin yliopistosta. Kiitokset heille.<\/p>\n\n\n\n<p>Hein\u00e4kuussa 2021 Puheterapian kansainv\u00e4liset hoitosuositukset on julkaistu englanninkielisin\u00e4<a href=\"https:\/\/t.co\/3f9Laerc5P?amp=1\" data-type=\"URL\" data-id=\"https:\/\/t.co\/3f9Laerc5P?amp=1\"> t\u00e4ll\u00e4 sivustolla<\/a><\/p>\n","protected":false},"excerpt":{"rendered":"<p>Lue lis\u00e4\u00e4 puheterapiasta. <\/p>\n","protected":false},"author":19,"featured_media":2724,"parent":1012,"menu_order":301,"comment_status":"closed","ping_status":"closed","template":"page-template\/symptom-details-page-template.php","meta":[],"_links":{"self":[{"href":"https:\/\/neurosymptoms.org\/fi\/wp-json\/wp\/v2\/pages\/2193"}],"collection":[{"href":"https:\/\/neurosymptoms.org\/fi\/wp-json\/wp\/v2\/pages"}],"about":[{"href":"https:\/\/neurosymptoms.org\/fi\/wp-json\/wp\/v2\/types\/page"}],"author":[{"embeddable":true,"href":"https:\/\/neurosymptoms.org\/fi\/wp-json\/wp\/v2\/users\/19"}],"replies":[{"embeddable":true,"href":"https:\/\/neurosymptoms.org\/fi\/wp-json\/wp\/v2\/comments?post=2193"}],"version-history":[{"count":62,"href":"https:\/\/neurosymptoms.org\/fi\/wp-json\/wp\/v2\/pages\/2193\/revisions"}],"predecessor-version":[{"id":14311,"href":"https:\/\/neurosymptoms.org\/fi\/wp-json\/wp\/v2\/pages\/2193\/revisions\/14311"}],"up":[{"embeddable":true,"href":"https:\/\/neurosymptoms.org\/fi\/wp-json\/wp\/v2\/pages\/1012"}],"wp:featuredmedia":[{"embeddable":true,"href":"https:\/\/neurosymptoms.org\/fi\/wp-json\/wp\/v2\/media\/2724"}],"wp:attachment":[{"href":"https:\/\/neurosymptoms.org\/fi\/wp-json\/wp\/v2\/media?parent=2193"}],"curies":[{"name":"wp","href":"https:\/\/api.w.org\/{rel}","templated":true}]}}