{"id":1289,"date":"2021-03-07T16:57:14","date_gmt":"2021-03-07T16:57:14","guid":{"rendered":"https:\/\/ftd.cognihealth.in\/?page_id=1289"},"modified":"2023-01-03T22:27:15","modified_gmt":"2023-01-03T22:27:15","slug":"how-is-fnd-treated","status":"publish","type":"page","link":"https:\/\/neurosymptoms.org\/fi\/media\/fnd-videos\/how-is-fnd-treated\/","title":{"rendered":"Kuinka toiminnallisia neurologisia oireita hoidetaan?"},"content":{"rendered":"\n<p>T\u00e4m\u00e4 video esittelee lyhyesti toiminnallisia h\u00e4iri\u00f6it\u00e4. Se on yksi nelj\u00e4st\u00e4 videosta, jotka on suomennettu. Alkuper\u00e4iset videot on luonut <a href=\"https:\/\/www.materonline.org.au\/specialist\/neurology\/dr-alexander-leh\">Alex Lehn<\/a>, neurologi Brisbanesta Australiasta. Ne on tuotettu yhteisty\u00f6ss\u00e4 Australian FND verkoston ja Explanimaten kanssa.<\/p>\n","protected":false},"excerpt":{"rendered":"<p>https:\/\/www.youtube.com\/watch?v=M_fcqYs0kJY<\/p>\n","protected":false},"author":3,"featured_media":0,"parent":1220,"menu_order":168,"comment_status":"closed","ping_status":"closed","template":"page-template\/media-details-template.php","meta":[],"_links":{"self":[{"href":"https:\/\/neurosymptoms.org\/fi\/wp-json\/wp\/v2\/pages\/1289"}],"collection":[{"href":"https:\/\/neurosymptoms.org\/fi\/wp-json\/wp\/v2\/pages"}],"about":[{"href":"https:\/\/neurosymptoms.org\/fi\/wp-json\/wp\/v2\/types\/page"}],"author":[{"embeddable":true,"href":"https:\/\/neurosymptoms.org\/fi\/wp-json\/wp\/v2\/users\/3"}],"replies":[{"embeddable":true,"href":"https:\/\/neurosymptoms.org\/fi\/wp-json\/wp\/v2\/comments?post=1289"}],"version-history":[{"count":15,"href":"https:\/\/neurosymptoms.org\/fi\/wp-json\/wp\/v2\/pages\/1289\/revisions"}],"predecessor-version":[{"id":11826,"href":"https:\/\/neurosymptoms.org\/fi\/wp-json\/wp\/v2\/pages\/1289\/revisions\/11826"}],"up":[{"embeddable":true,"href":"https:\/\/neurosymptoms.org\/fi\/wp-json\/wp\/v2\/pages\/1220"}],"wp:attachment":[{"href":"https:\/\/neurosymptoms.org\/fi\/wp-json\/wp\/v2\/media?parent=1289"}],"curies":[{"name":"wp","href":"https:\/\/api.w.org\/{rel}","templated":true}]}}