{"id":1285,"date":"2021-03-07T16:55:28","date_gmt":"2021-03-07T16:55:28","guid":{"rendered":"https:\/\/ftd.cognihealth.in\/?page_id=1285"},"modified":"2023-01-03T22:27:06","modified_gmt":"2023-01-03T22:27:06","slug":"can-you-have-fnd-and-another-neurological-condition","status":"publish","type":"page","link":"https:\/\/neurosymptoms.org\/fi\/media\/fnd-videos\/can-you-have-fnd-and-another-neurological-condition\/","title":{"rendered":"Voiko toiminnallinen neurologinen h\u00e4iri\u00f6 esiinty\u00e4 muiden neurologisten sairauksien rinnalla?"},"content":{"rendered":"\n<p>T\u00e4m\u00e4 video esittelee lyhyesti toiminnallisia h\u00e4iri\u00f6it\u00e4. Se on yksi nelj\u00e4st\u00e4 videosta, jotka on suomennettu. Alkuper\u00e4iset videot on luonut <a href=\"https:\/\/www.materonline.org.au\/specialist\/neurology\/dr-alexander-leh\">Alex Lehn<\/a>, neurologi Brisbanesta Australiasta. Ne on tuotettu yhteisty\u00f6ss\u00e4 Australian FND verkoston ja Explanimaten kanssa.<\/p>\n","protected":false},"excerpt":{"rendered":"<p>https:\/\/www.youtube.com\/watch?v=vtV-A0nS-cs<\/p>\n","protected":false},"author":3,"featured_media":0,"parent":1220,"menu_order":167,"comment_status":"closed","ping_status":"closed","template":"page-template\/media-details-template.php","meta":[],"_links":{"self":[{"href":"https:\/\/neurosymptoms.org\/fi\/wp-json\/wp\/v2\/pages\/1285"}],"collection":[{"href":"https:\/\/neurosymptoms.org\/fi\/wp-json\/wp\/v2\/pages"}],"about":[{"href":"https:\/\/neurosymptoms.org\/fi\/wp-json\/wp\/v2\/types\/page"}],"author":[{"embeddable":true,"href":"https:\/\/neurosymptoms.org\/fi\/wp-json\/wp\/v2\/users\/3"}],"replies":[{"embeddable":true,"href":"https:\/\/neurosymptoms.org\/fi\/wp-json\/wp\/v2\/comments?post=1285"}],"version-history":[{"count":19,"href":"https:\/\/neurosymptoms.org\/fi\/wp-json\/wp\/v2\/pages\/1285\/revisions"}],"predecessor-version":[{"id":11825,"href":"https:\/\/neurosymptoms.org\/fi\/wp-json\/wp\/v2\/pages\/1285\/revisions\/11825"}],"up":[{"embeddable":true,"href":"https:\/\/neurosymptoms.org\/fi\/wp-json\/wp\/v2\/pages\/1220"}],"wp:attachment":[{"href":"https:\/\/neurosymptoms.org\/fi\/wp-json\/wp\/v2\/media?parent=1285"}],"curies":[{"name":"wp","href":"https:\/\/api.w.org\/{rel}","templated":true}]}}