{"id":935,"date":"2021-01-20T09:17:35","date_gmt":"2021-01-20T09:17:35","guid":{"rendered":"https:\/\/ftd.cognihealth.in\/?page_id=935"},"modified":"2024-09-10T17:28:04","modified_gmt":"2024-09-10T17:28:04","slug":"symptoms","status":"publish","type":"page","link":"https:\/\/neurosymptoms.org\/es_ES\/symptoms\/","title":{"rendered":"S\u00edntomas"},"content":{"rendered":"\n<p>La mayor\u00eda de pacientes con s\u00edntomas funcionales o disociativos tienen m\u00e1s de un s\u00edntoma. Experimentar diferentes s\u00edntomas a la vez puede ser abrumador y a veces inexplicable. <\/p>\n\n\n\n<p>En esta secci\u00f3n, hemos dividido los s\u00edntomas principales de los Trastornos Neurol\u00f3gicos Funcionales (TNFs), de otros s\u00edntomas asociados que no son estrictamente un TNF, pero que ocurren frecuentemente en pacientes con TNF (como el dolor o la fatiga). Realmente, todos estos s\u00edntomas hay que verlos como diferentes expresiones de un mismo trastorno y no tanto como enfermedades separadas, aunque se cataloguen de forma diferente. Por ejemplo, aunque el dolor cr\u00f3nico no sea un s\u00edntoma espec\u00edfico de los TNF, el mecanismo por el que se genera sigue siendo una disfunci\u00f3n en los centros de dolor del cerebro. <\/p>\n\n\n\n<p><\/p>\n","protected":false},"excerpt":{"rendered":"<p><!-- wp:paragraph --><\/p>\n<p>La mayor\u00eda de pacientes con s\u00edntomas funcionales o disociativos tienen m\u00e1s de un s\u00edntoma. Experimentar diferentes s\u00edntomas a la vez puede ser abrumador y a veces inexplicable. <\/p>\n<p><!-- \/wp:paragraph --><\/p>\n<p><!-- wp:paragraph --...\n<\/p>\n","protected":false},"author":65,"featured_media":0,"parent":0,"menu_order":265,"comment_status":"closed","ping_status":"closed","template":"page-template\/symtoms.php","meta":[],"_links":{"self":[{"href":"https:\/\/neurosymptoms.org\/es_ES\/wp-json\/wp\/v2\/pages\/935"}],"collection":[{"href":"https:\/\/neurosymptoms.org\/es_ES\/wp-json\/wp\/v2\/pages"}],"about":[{"href":"https:\/\/neurosymptoms.org\/es_ES\/wp-json\/wp\/v2\/types\/page"}],"author":[{"embeddable":true,"href":"https:\/\/neurosymptoms.org\/es_ES\/wp-json\/wp\/v2\/users\/65"}],"replies":[{"embeddable":true,"href":"https:\/\/neurosymptoms.org\/es_ES\/wp-json\/wp\/v2\/comments?post=935"}],"version-history":[{"count":87,"href":"https:\/\/neurosymptoms.org\/es_ES\/wp-json\/wp\/v2\/pages\/935\/revisions"}],"predecessor-version":[{"id":15342,"href":"https:\/\/neurosymptoms.org\/es_ES\/wp-json\/wp\/v2\/pages\/935\/revisions\/15342"}],"wp:attachment":[{"href":"https:\/\/neurosymptoms.org\/es_ES\/wp-json\/wp\/v2\/media?parent=935"}],"curies":[{"name":"wp","href":"https:\/\/api.w.org\/{rel}","templated":true}]}}