{"id":664,"date":"2020-12-01T05:21:38","date_gmt":"2020-12-01T05:21:38","guid":{"rendered":"https:\/\/ftd.cognihealth.in\/?page_id=664"},"modified":"2024-11-01T03:50:02","modified_gmt":"2024-11-01T03:50:02","slug":"ive-tried-everything-nothing-helps","status":"publish","type":"page","link":"https:\/\/neurosymptoms.org\/es_ES\/treatment\/ive-tried-everything-nothing-helps\/","title":{"rendered":"\"Lo he intentado todo, nada ayuda\""},"content":{"rendered":"\n<p>Si has probado todo lo que aparece en este sitio web y meses despu\u00e9s no has mejorado, \u00bfqu\u00e9 debes hacer ahora?<\/p>\n\n\n\n<p>No todas las personas con TNF mejoran.<\/p>\n\n\n\n<p>Algunas personas tienen una vulnerabilidad permanente a toda una serie de s\u00edntomas y trastornos funcionales. Parece que tan pronto como mejora un s\u00edntoma, aparece otro nuevo que lo sustituye. Este tipo de situaci\u00f3n puede ser especialmente desmoralizadora para la persona que la padece. A menudo empiezas a sentirte como un &#8220;hipocondr\u00edaco&#8221; porque siempre vas al m\u00e9dico y las pruebas suelen ser normales.<\/p>\n\n\n\n<p>Si tu m\u00e9dico y otros profesionales sanitarios han hecho todo lo posible, y t\u00fa tambi\u00e9n, puede que padezcas un trastorno funcional cr\u00f3nico. En ese caso, la prioridad puede ser encontrar formas de vivir lo mejor posible, haciendo hincapi\u00e9 en la calidad de vida por encima de todo lo dem\u00e1s. A los m\u00e9dicos a veces les cuesta explicar esto a los pacientes. A veces piensan que, como no hay da\u00f1os, los pacientes siempre van a mejorar. Esto no es cierto.<\/p>\n\n\n\n<p>En Edimburgo se realiz\u00f3 uno de los estudios de seguimiento m\u00e1s largos que se han llevado a cabo en personas con TNF con debilidad funcional. <\/p>\n\n\n\n<p>Cuando nos pusimos en contacto con los pacientes 14 a\u00f1os despu\u00e9s del diagn\u00f3stico, muchas de ellas segu\u00edan teniendo el s\u00edntoma.<\/p>\n\n\n\n<ul><li>El 51% hab\u00eda mejorado o recuperado la debilidad de las extremidades (el 20% se hab\u00eda recuperado por completo).<\/li><li>El 23% segu\u00eda igual<\/li><li>El 14% hab\u00eda empeorado<\/li><\/ul>\n\n\n\n<p>No seas duro contigo mismo si te est\u00e1 costando mejorar. Es posible que tu m\u00e9dico de cabecera quiera llevar un seguimiento. Puede ser importante, por ejemplo, para optimizar la medicaci\u00f3n y controlar tu bienestar general.<\/p>\n\n\n\n<p>En una minor\u00eda muy peque\u00f1a de pacientes (menos del 5%), la raz\u00f3n por la que no han mejorado puede ser que el diagn\u00f3stico no sea correcto. Aunque a veces puede ser importante revisar el diagn\u00f3stico, para la gran mayor\u00eda de los pacientes, los intentos repetidos y frustrados de buscar un diagn\u00f3stico alternativo, cuando ya tienen un diagn\u00f3stico correcto de TNF, tambi\u00e9n puede ser muy perjudicial. Para muchas personas, estas investigaciones o consultas repetidas son una de las razones por las que no han mejorado. Es comprensible que los pacientes sientan que sus s\u00edntomas se deben a una enfermedad como la esclerosis m\u00faltiple o la enfermedad de Parkinson, sobre todo cuando se trata de trastornos de los que todo el mundo ha o\u00eddo hablar.<\/p>\n\n\n\n<p>Vivir con s\u00edntomas cr\u00f3nicos es duro. \u00bfExisten cerca de ti redes de apoyo para personas con enfermedades neurol\u00f3gicas u otras afecciones de larga duraci\u00f3n? Puedes encontrar servicios que te ayuden a vivir lo mejor que puedas.<\/p>\n\n\n\n<p>No obstante, el hecho de que hayas tenido s\u00edntomas durante mucho tiempo y no puedas mejorar en este momento, no significa que los vayas a tener siempre. Los TNF implican un trastorno en la funci\u00f3n del cerebro, pero la estructura est\u00e1 conservada. Por ello, siempre puede exisitir la posibilidad de mejor\u00eda en el futuro. Quiz\u00e1, actualmente, por los factores que sea, no es el momento. <\/p>\n","protected":false},"excerpt":{"rendered":"<p>Si has probado todo y no mejoras, \u00bfqu\u00e9 puedes hacer?<\/p>\n","protected":false},"author":65,"featured_media":0,"parent":1012,"menu_order":308,"comment_status":"closed","ping_status":"closed","template":"page-template\/symptom-details-page-template.php","meta":[],"_links":{"self":[{"href":"https:\/\/neurosymptoms.org\/es_ES\/wp-json\/wp\/v2\/pages\/664"}],"collection":[{"href":"https:\/\/neurosymptoms.org\/es_ES\/wp-json\/wp\/v2\/pages"}],"about":[{"href":"https:\/\/neurosymptoms.org\/es_ES\/wp-json\/wp\/v2\/types\/page"}],"author":[{"embeddable":true,"href":"https:\/\/neurosymptoms.org\/es_ES\/wp-json\/wp\/v2\/users\/65"}],"replies":[{"embeddable":true,"href":"https:\/\/neurosymptoms.org\/es_ES\/wp-json\/wp\/v2\/comments?post=664"}],"version-history":[{"count":78,"href":"https:\/\/neurosymptoms.org\/es_ES\/wp-json\/wp\/v2\/pages\/664\/revisions"}],"predecessor-version":[{"id":15621,"href":"https:\/\/neurosymptoms.org\/es_ES\/wp-json\/wp\/v2\/pages\/664\/revisions\/15621"}],"up":[{"embeddable":true,"href":"https:\/\/neurosymptoms.org\/es_ES\/wp-json\/wp\/v2\/pages\/1012"}],"wp:attachment":[{"href":"https:\/\/neurosymptoms.org\/es_ES\/wp-json\/wp\/v2\/media?parent=664"}],"curies":[{"name":"wp","href":"https:\/\/api.w.org\/{rel}","templated":true}]}}