{"id":645,"date":"2020-12-01T04:37:22","date_gmt":"2020-12-01T04:37:22","guid":{"rendered":"https:\/\/ftd.cognihealth.in\/?page_id=645"},"modified":"2024-02-02T11:56:18","modified_gmt":"2024-02-02T11:56:18","slug":"family-and-work","status":"publish","type":"page","link":"https:\/\/neurosymptoms.org\/es_ES\/treatment\/family-and-work\/","title":{"rendered":"Familia y Trabajo"},"content":{"rendered":"\n<h4>\u00bfQu\u00e9 debes decir a la familia y en el trabajo sobre tus s\u00edntomas?<\/h4>\n\n\n\n<p>Ya es bastante dif\u00edcil entender los s\u00edntomas funcionales para la propia persona, imagina tener que explic\u00e1rselos a otras personas.<\/p>\n\n\n\n<p>Desgraciadamente, si tienes alg\u00fan s\u00edntoma como una pierna d\u00e9bil y la gente oye que &#8220;todas las pruebas son normales&#8221;, pueden ser menos comprensivos o incluso empezar a preguntarse si realmente tus s\u00edntomas son reales.<\/p>\n\n\n\n<p>Como paciente, esto puede resultar muy duro y dif\u00edcil. Sabes que los s\u00edntomas son reales, que experimentas una p\u00e9rdida de control voluntario de tu cuerpo. Pero es muy desmoralizante pensar que otras personas creen que tus s\u00edntomas no son reales.<\/p>\n\n\n\n<p>Por ello, merece la pena pensar en c\u00f3mo explicar esto a amigos, familiares y compa\u00f1eros de trabajo\/jefes.<\/p>\n\n\n\n<p>Un enfoque pragm\u00e1tico es el siguiente:<\/p>\n\n\n\n<ol><li><strong>Explica primero que tienes un TNF y lo que implica a tus amigos \u00edntimos y familiares. P<\/strong>uede que est\u00e9n muy preocupados por ti y se pregunten si tienes esclerosis m\u00faltiple o epilepsia (como en su d\u00eda te pas\u00f3 a ti). Si est\u00e1n menos preocupados, eso puede ayudarte a sentirte m\u00e1s positivo sobre tu enfermedad. Tal vez puedan ayudarte a saber m\u00e1s o animarte a seguir el tratamiento. Muchas veces ellos te pueden aportar recursos o apoyo para mejorar. An\u00edmales a que lean esta p\u00e1gina web. <\/li><li><strong>Para los &#8220;entrometidos&#8221;<\/strong>,  una respuesta como &#8220;estoy viendo a un neur\u00f3logo y espero que las cosas empiecen a mejorar&#8221; puede ser suficiente para que se callen.<\/li><li><strong>Para las empresas, recursos sociales o las compa\u00f1\u00edas de seguros:<\/strong> dependiendo de tus circunstancias, es posible que tengas que informar a tu empresa de tu estado m\u00e9dico, sobre todo si has estado de baja durante un tiempo. Puede que no tengan acceso ni derecho a esa informaci\u00f3n y necesiten tu consentimiento para obtenerla.<\/li><li><strong>Para los colegios: <\/strong>puede ser \u00fatil enviar cartas a los profesores en las que expliques la naturaleza de tu enfermedad. Esto es especialmente cierto en el caso de s\u00edntomas como las convulsiones, ante las que los espectadores pueden asustarse y a veces reaccionar de forma exagerada.<\/li><\/ol>\n\n\n\n<p>Para todos ellos, este sitio web tambi\u00e9n puede resultarles \u00fatil.<\/p>\n\n\n\n<p>Puede que tu principal problema sea la fatiga y que un m\u00e9dico te haya diagnosticado el s\u00edndrome de fatiga cr\u00f3nica. En este caso, puedes recalcar que \u00e9sta es la causa principal de tu discapacidad. Del mismo modo, si tu principal problema es el dolor y un m\u00e9dico te ha diagnosticado fibromialgia o s\u00edndrome de dolor cr\u00f3nico, puede ser m\u00e1s sencillo destacarlo como el principal problema.<\/p>\n\n\n\n<p>El problema de los TNF sigue siendo la falta de conocimiento del diagn\u00f3stico, que ocurre incluso entre la comunidad m\u00e9dica, y mucho m\u00e1s a nivel de toda la sociedad. Esto a veces puede significar que no se entienda o acepte como deber\u00eda como una causa real de discapacidad y\/o angustia. Esto est\u00e1 cambiando poco a poco.<\/p>\n\n\n\n<p>Si s\u00f3lo tienes s\u00edntomas como debilidad o convulsiones, el t\u00e9rmino oficial para la enfermedad que pueden reconocer las compa\u00f1\u00edas de seguros o las agencias de prestaciones es Trastorno Neurol\u00f3gico Funcional (Trastorno de Conversi\u00f3n) &#8211; DSM 5-300.11. <\/p>\n\n\n\n<p>En la actualidad, el t\u00e9rmino Trastorno Neurol\u00f3gico Funcional (TNF) ha ganado gran aceptaci\u00f3n.<\/p>\n\n\n\n<p><\/p>\n","protected":false},"excerpt":{"rendered":"<p>Ideas para explicar un TNF a familia, trabajo y amigos<\/p>\n","protected":false},"author":65,"featured_media":0,"parent":1012,"menu_order":303,"comment_status":"closed","ping_status":"closed","template":"page-template\/symptom-details-page-template.php","meta":[],"_links":{"self":[{"href":"https:\/\/neurosymptoms.org\/es_ES\/wp-json\/wp\/v2\/pages\/645"}],"collection":[{"href":"https:\/\/neurosymptoms.org\/es_ES\/wp-json\/wp\/v2\/pages"}],"about":[{"href":"https:\/\/neurosymptoms.org\/es_ES\/wp-json\/wp\/v2\/types\/page"}],"author":[{"embeddable":true,"href":"https:\/\/neurosymptoms.org\/es_ES\/wp-json\/wp\/v2\/users\/65"}],"replies":[{"embeddable":true,"href":"https:\/\/neurosymptoms.org\/es_ES\/wp-json\/wp\/v2\/comments?post=645"}],"version-history":[{"count":81,"href":"https:\/\/neurosymptoms.org\/es_ES\/wp-json\/wp\/v2\/pages\/645\/revisions"}],"predecessor-version":[{"id":14302,"href":"https:\/\/neurosymptoms.org\/es_ES\/wp-json\/wp\/v2\/pages\/645\/revisions\/14302"}],"up":[{"embeddable":true,"href":"https:\/\/neurosymptoms.org\/es_ES\/wp-json\/wp\/v2\/pages\/1012"}],"wp:attachment":[{"href":"https:\/\/neurosymptoms.org\/es_ES\/wp-json\/wp\/v2\/media?parent=645"}],"curies":[{"name":"wp","href":"https:\/\/api.w.org\/{rel}","templated":true}]}}