{"id":616,"date":"2020-11-06T17:36:02","date_gmt":"2020-11-06T17:36:02","guid":{"rendered":"https:\/\/ftd.cognihealth.in\/?page_id=616"},"modified":"2025-09-06T10:10:38","modified_gmt":"2025-09-06T10:10:38","slug":"how-was-it-happened","status":"publish","type":"page","link":"https:\/\/neurosymptoms.org\/es_ES\/causes\/how-was-it-happened\/","title":{"rendered":"\u00bfC\u00f3mo aparecen los S\u00edntomas Neurol\u00f3gicos Funcionales?"},"content":{"rendered":"\n<p>Cuando uno tiene un problema o enfermedad, es normal preguntarse &#8220;\u00bfpor qu\u00e9 me ha pasado?&#8221;. Pero en los TNF es importante no confundir la pregunta &#8220;\u00bfpor qu\u00e9 me ha pasado a m\u00ed?&#8221; con &#8220;\u00bfqu\u00e9 ha pasado en mi cerebro para que desarrolle estos s\u00edntomas?&#8221;.<\/p>\n\n\n\n<p>Son dos preguntas con dos respuestas diferentes. <\/p>\n\n\n\n<p><\/p>\n\n\n\n<h3>\u00bfC\u00f3mo he desarrollado un TNF?<\/h3>\n\n\n\n<p>Empecemos con la segunda pregunta- &#8220;\u00bfQu\u00e9 esta pasando con mi cuerpo para que sufra de estos s\u00edntomas?&#8221; o &#8220;\u00bfC\u00f3mo se producen estos s\u00edntomas&#8221;?<\/p>\n\n\n\n<p>Todos los s\u00edntomas funcionales que se describen en esta p\u00e1gina web suponen el resultado de un mal funcionamiento en el sistema nervioso. <\/p>\n\n\n\n<p>Por ejemplo, para los s\u00edntomas como debilidad y trastornos del movimiento, el problema es\u00b4t\u00e1 en c\u00f3mo el cerebro env\u00eda los mensajes a los m\u00fasculos del cuerpo. Para los s\u00edntomas sensitivos como el hormigueo o el dolor, la alteraci\u00f3n se encuentra en c\u00f3mo el cerebro recibe la informaci\u00f3n del resto del cuerpo.  En los ataques\/crisis disociativas, el cerebro entra como en un estado de trance o &#8220;desconexi\u00f3n&#8221;, similar a un estado hipn\u00b4\u00f3tico.<\/p>\n\n\n\n<p>Con ciertas t\u00e9cnicas de resonancia magn\u00e9tica, es posible ver qu\u00e9 parte del cerebro est\u00e1 activa o inactiva cuando los pacientes est\u00e1n sufriendo estos s\u00edntomas. En la siguiente foto, observamos un paciente con TNF con paresia funcional en la pierna (im\u00e1genes de arriba) y un individuo sano al que se le ha solicitado que simule una debilidad en la pierna (im\u00e1genes de abajo). Como se puede observar, un paciente con TNF intenta activar muchas m\u00e1s regiones cerebrales para intentar movilizar la pierna que un individuo que simplemente lo finge. Esto ayuda a demostrar que los TNF producen s\u00edntomas reales y visibles mediante t\u00e9cnicas de investigaci\u00f3n, muy distintos a los s\u00edntomas que son inventados en personas sanas.  <\/p>\n\n\n\n<div class=\"wp-block-image\"><figure class=\"aligncenter size-large\"><img src=\"https:\/\/pre-prod.neurosymptoms.org\/wp-content\/uploads\/2022\/02\/RMf-paresia.jpg\" alt=\"\"\/><\/figure><\/div>\n\n\n\n<p class=\"has-text-align-center\">Imagen tomada de <em>Stone et al., Psychosomatic Medicine <\/em>2007; <em>69<\/em>, 961\u2013969<\/p>\n\n\n\n<p>No obstante, estas pruebas de resonancia funcional solo se hacen en investigaci\u00f3n, ya que hay tantos s\u00edntomas funcionales diferentes que dichas pruebas no se encuentran estandarizadas en el \u00e1mbito asistencial. Por ello, las resonancias o esc\u00e1neres que habitualmente se hacen en la pr\u00e1ctica solo nos dicen que no hay una lesi\u00f3n estructural del cerebro, y por ello todas las pruebas de imagen salen &#8220;normales&#8221;. <\/p>\n\n\n\n<p>Estamos empezando a comprender la complejidad de este mal-funcionamiento, sobre todo en el campo del dolor cr\u00f3nico. En este \u00faltimo caso, existe una hiperactivaci\u00f3n de las neuronas  y circuitos que se encargan del dolor (incluyendo la m\u00e9dula espinal y nervios). El cerebro act\u00faa como un &#8220;amplificador del volumen de dolor&#8221; y por ello la sensibilidad al dolor es mayor. De hecho, en muchos pacientes con dolor cr\u00f3nico, la lesi\u00f3n inicial que justific\u00f3 el dolor se resuelve, pero el dolor persiste en el cerebro, como si le costara &#8220;apagarse&#8221;. <\/p>\n\n\n\n<p>Todav\u00eda hay mucho por descubrir sobre qu\u00e9 pasa exactamente en el cerebro que causa s\u00edntomas funcionales, pero como puedes ver, no es un completo misterio.<\/p>\n\n\n\n<p>En otras enfermedades neurol\u00f3gicas donde hay lesi\u00f3n en el cerebro, s\u00ed se puede ver el problema. Por ejemplo, en el caso de la esclerosis m\u00faltiple se pueden ver lesiones en una resonancia magn\u00e9tica. En el caso de la enfermedad de Parkinson, tambi\u00e9n se podr\u00eda ver lesi\u00f3n si mir\u00e1semos el tejido cerebral al microscopio. Pero los pacientes con s\u00edntomas funcionales no tienen un da\u00f1o f\u00edsico en su sistema nervioso, as\u00ed que no es sorprendente que no se pueda ver en una TC o resonancia convencional. Es la funci\u00f3n del sistema nervioso lo que falla, no la estructura.<\/p>\n\n\n\n<p>Hagamos la comparaci\u00f3n con un ordenador. Los TNF son un problema del &#8220;software&#8221;, no del disco duro. Si el ordenador tuviese un virus, el ordenador podr\u00eda ir muy lento o apagarse (funcionar mal). Ese problema no se solucionar\u00eda abriendo el ordenador y mirando sus chips y componentes. No se ver\u00eda nada extra\u00f1o si se hiciera una radiograf\u00eda al ordenador. Ese problema se solucionar\u00eda re-programando, mirando con detenimiento qu\u00e9 programa es el que no funciona.<\/p>\n\n\n\n<p>Los seres humanos, obviamente, son m\u00e1s complicados que los ordenadores. Pero podemos pensar que nuestros pensamientos, comportamiento, sensaciones y emociones son nuestros programas.<\/p>\n\n\n\n<p>Y esto nos lleva a nuestra siguiente secci\u00f3n, que describe por qu\u00e9 ciertas personas son m\u00e1s vulnerables a padecer s\u00edntomas funcionales.<\/p>\n","protected":false},"excerpt":{"rendered":"<p>The basic answer to this is that there is a problem in the function of the nervous system.<\/p>\n","protected":false},"author":65,"featured_media":0,"parent":1010,"menu_order":155,"comment_status":"closed","ping_status":"closed","template":"page-template\/symptom-details-page-template.php","meta":[],"_links":{"self":[{"href":"https:\/\/neurosymptoms.org\/es_ES\/wp-json\/wp\/v2\/pages\/616"}],"collection":[{"href":"https:\/\/neurosymptoms.org\/es_ES\/wp-json\/wp\/v2\/pages"}],"about":[{"href":"https:\/\/neurosymptoms.org\/es_ES\/wp-json\/wp\/v2\/types\/page"}],"author":[{"embeddable":true,"href":"https:\/\/neurosymptoms.org\/es_ES\/wp-json\/wp\/v2\/users\/65"}],"replies":[{"embeddable":true,"href":"https:\/\/neurosymptoms.org\/es_ES\/wp-json\/wp\/v2\/comments?post=616"}],"version-history":[{"count":228,"href":"https:\/\/neurosymptoms.org\/es_ES\/wp-json\/wp\/v2\/pages\/616\/revisions"}],"predecessor-version":[{"id":15789,"href":"https:\/\/neurosymptoms.org\/es_ES\/wp-json\/wp\/v2\/pages\/616\/revisions\/15789"}],"up":[{"embeddable":true,"href":"https:\/\/neurosymptoms.org\/es_ES\/wp-json\/wp\/v2\/pages\/1010"}],"wp:attachment":[{"href":"https:\/\/neurosymptoms.org\/es_ES\/wp-json\/wp\/v2\/media?parent=616"}],"curies":[{"name":"wp","href":"https:\/\/api.w.org\/{rel}","templated":true}]}}