{"id":611,"date":"2020-11-30T16:10:36","date_gmt":"2020-11-30T16:10:36","guid":{"rendered":"https:\/\/ftd.cognihealth.in\/?page_id=611"},"modified":"2024-11-01T03:39:37","modified_gmt":"2024-11-01T03:39:37","slug":"ibs-chest-and-other-symptoms","status":"publish","type":"page","link":"https:\/\/neurosymptoms.org\/es_ES\/symptoms\/common-associated-symptoms\/ibs-chest-and-other-symptoms\/","title":{"rendered":"Otros s\u00edntomas funcionales"},"content":{"rendered":"\n<p>La evidencia cient\u00edfica ha demostrado que las personas con TNF presentan con mayor frecuencia s\u00edntomas funcionales en otras partes del cuerpo. Estos pueden incluir:<\/p>\n\n\n\n<ul><li>S\u00edndrome del intestino irritable<\/li><li>Ardor de est\u00f3mago e indigesti\u00f3n inexplicables (dispepsia funcional)<\/li><li>Fibromialgia (v\u00e9ase <a href=\"https:\/\/www.neurosymptoms.org\/es_ES\/symptoms\/common-associated-symptoms\/pain\/\" data-type=\"URL\" data-id=\"https:\/\/www.neurosymptoms.org\/es_ES\/symptoms\/common-associated-symptoms\/pain\/\">dolor cr\u00f3nico<\/a>)<\/li><li>Disfunci\u00f3n de la articulaci\u00f3n temporomandibular<\/li><li>Dolor facial at\u00edpico<\/li><li>Dolor inguinal con hematuria<\/li><li>Fatiga cr\u00f3nica inexplicable (ver <a href=\"https:\/\/www.neurosymptoms.org\/es_ES\/symptoms\/common-associated-symptoms\/fatigue\/\" data-type=\"URL\" data-id=\"https:\/\/www.neurosymptoms.org\/es_ES\/symptoms\/common-associated-symptoms\/fatigue\/\">fatiga<\/a>)<\/li><li>Dolor p\u00e9lvico cr\u00f3nico<\/li><li>Dolor tor\u00e1cico at\u00edpico<\/li><li>Respiraci\u00f3n disfuncional<\/li><\/ul>\n\n\n\n<p>A veces, esto refleja una vulnerabilidad intr\u00ednseca a estos s\u00edntomas, con diferentes s\u00edntomas que aparecen y desaparecen desde finales de la adolescencia o adulto joven. Aunque no siempre es as\u00ed. Se puede tener cualquiera de los s\u00edntomas funcionales descritos en este sitio web de forma aislada o se puede estar muy sano durante 40 \u00f3 50 a\u00f1os y luego tener muchos s\u00edntomas funcionales aunque nunca se hayan tenido antes.<\/p>\n\n\n\n<p>Pero puede ser \u00fatil saber que, si acude a su m\u00e9dico de cabecera o a diferentes especialistas con muchos s\u00edntomas diferentes y &#8220;todas las pruebas salen normales&#8221;, pueden ser s\u00edntomas funcionales, no est\u00e1s solo\/a y estos trastornos son reales y muchos m\u00e9dicos los sabemos reconocer.<\/p>\n\n\n\n<p>Los s\u00edntomas y trastornos funcionales suelen afectar a varias partes del cuerpo. Es muy frecuente que los pacientes reciban m\u00faltiples diagn\u00f3sticos distintos, pero pueden considerarse parte de una misma enfermedad con distintas manifestaciones. Es recomendable leer sobre esta asociaci\u00f3n en <a href=\"https:\/\/www.neurosymptoms.org\/es_ES\/causes\/fnd-and-other-functional-disorders\/\" data-type=\"URL\" data-id=\"https:\/\/www.neurosymptoms.org\/es_ES\/causes\/fnd-and-other-functional-disorders\/\">comorbilidad con otros trastornos funcionales<\/a>. Esta web ayuda a &#8220;unir los puntos&#8221; entre las diferentes especialidades que tienden a pensar s\u00f3lo en sus condiciones. Obviamente, es importante que los diagn\u00f3sticos que figuran a continuaci\u00f3n sean realizados por un profesional cualificado. No d\u00e9 por sentado que padece estas enfermedades s\u00f3lo porque tenga un TNF.<\/p>\n\n\n\n<figure class=\"wp-block-image size-large is-resized\"><img loading=\"lazy\" src=\"https:\/\/pre-prod.neurosymptoms.org\/wp-content\/uploads\/2023\/01\/Solapamiento-683x1024-1.jpg\" alt=\"\" class=\"wp-image-11759\" width=\"329\" height=\"492\" srcset=\"https:\/\/neurosymptoms.org\/wp-content\/uploads\/2023\/01\/Solapamiento-683x1024-1.jpg 683w, https:\/\/neurosymptoms.org\/wp-content\/uploads\/2023\/01\/Solapamiento-683x1024-1-200x300.jpg 200w\" sizes=\"(max-width: 329px) 100vw, 329px\" \/><figcaption>Asociaci\u00f3n de los TNF con otros trastornos funcionales.<\/figcaption><\/figure>\n\n\n\n<p>Vamos a hablar de otros trastornos funcionales no comentados en otros apartados. <\/p>\n\n\n\n<h4>S\u00edndrome del intestino irritable (SII)<\/h4>\n\n\n\n<p>Este trastorno com\u00fan suele presentarse con hinchaz\u00f3n o dolor abdominal asociado a \u00e9pocas de estre\u00f1imiento y\/o diarrea. Junto con otros problemas abdominales funcionales, representa entre un tercio y la mitad de todos los pacientes atendidos en las consultas de gastroenterolog\u00eda de los hospitales. Los gastroenter\u00f3logos consideran el SII como un verdadero problema causado por un trastorno en la funci\u00f3n del tracto gastrointestinal. El mecanismo en que se basa esta enfermedad es una alteraciones del control nervioso del intestino por parte del cerebro.<\/p>\n\n\n\n<p>Los criterios diagn\u00f3sticos del s\u00edndrome del intestino irritable son:<\/p>\n\n\n\n<p>Al menos 3 meses, con inicio al menos 6 meses antes, de dolor o malestar abdominal recurrente asociado con 2 o m\u00e1s de los siguientes:<\/p>\n\n\n\n<ul><li>Mejor\u00eda con la defecaci\u00f3n<\/li><li>Asocia un cambio en la frecuencia de las deposiciones.<\/li><li>Asocia un cambio en la forma (aspecto) de las heces.<\/li><\/ul>\n\n\n\n<h4>Dispepsia funcional <\/h4>\n\n\n\n<p>Se da cuando las personas tienen s\u00edntomas de acidez o indigesti\u00f3n pero no se puede encontrar nada que explique los s\u00edntomas con una c\u00e1mara (endoscopia) u otras pruebas. Los especialistas gastrointestinales definen la dispepsia funcional como:<\/p>\n\n\n\n<p>Al menos 3 meses, con inicio al menos 6 meses antes, de 1 o m\u00e1s de los siguientes:<\/p>\n\n\n\n<ul><li>Saciedad molesta postprandial (despu\u00e9s de comer)<\/li><li>Saciedad precoz<\/li><li>Dolor epig\u00e1strico<\/li><li>Ardor epig\u00e1strico <\/li><li>Ninguna evidencia de enfermedad estructural (incluida la endoscopia digestiva alta) que pueda explicar los s\u00edntomas.<\/li><\/ul>\n\n\n\n<h4>Dolor p\u00e9lvico cr\u00f3nico<\/h4>\n\n\n\n<p>En las mujeres con s\u00edntomas neurol\u00f3gicos funcionales hay un aumento llamativo de la frecuencia de problemas ginecol\u00f3gicos previos. Esto puede incluir:<\/p>\n\n\n\n<ul><li>Dolor menstrual excesivo (dismenorrea)<\/li><li>Periodos menstruales abundantes<\/li><li>Dolor p\u00e9lvico cr\u00f3nico<\/li><\/ul>\n\n\n\n<p>Como consecuencia de estos s\u00edntomas, la tasa de histerectom\u00eda (extirpaci\u00f3n del \u00fatero) es mucho mayor en las pacientes con TNF que en la poblaci\u00f3n general.<\/p>\n\n\n\n<p>Aunque existe una clara asociaci\u00f3n con estos problemas ginecol\u00f3gicos, no se sabe con claridad qu\u00e9 hay detr\u00e1s de ella. La vulnerabilidad a padecer s\u00edntomas y s\u00edndromes de dolor cr\u00f3nico puede ser importante. Es posible que algunas causas del dolor p\u00e9lvico, como la endometriosis, supongan un desencadenante y creen las condiciones para desarrollar un dolor cr\u00f3nico posterior.<\/p>\n\n\n\n<p>Lo m\u00e1s \u00fatil es saber que si tienes antecedentes de problemas ginecol\u00f3gicos y ahora padeces un TNF, puede que no se trate de una mera coincidencia.<\/p>\n\n\n\n<p>Los hombres con s\u00edntomas neurol\u00f3gicos funcionales tambi\u00e9n son probablemente m\u00e1s propensos a desarrollar dolor testicular, aunque la evidencia cient\u00edfica al respecto es m\u00e1s reducida.<\/p>\n\n\n\n<h4>Dolor tor\u00e1cico at\u00edpico<\/h4>\n\n\n\n<p>Cuando una persona acude a una consulta de dolor tor\u00e1cico, alrededor de un tercio de los pacientes no presenta ninguna enfermedad coronaria, de est\u00f3mago o de garganta ni ninguna otra causa reconocida de dolor. Sin embargo, su dolor es muy real, puede ser recurrente y atemorizante, ya que parece como si tuvieran s\u00edntomas de angina de pecho o infarto de caraz\u00f3n.<\/p>\n\n\n\n<p>A menudo, esta presentaci\u00f3n se denomina &#8220;dolor tor\u00e1cico at\u00edpico&#8221;. Se trata de otro s\u00edntoma funcional que puede considerarse un s\u00edndrome de dolor que afecta al t\u00f3rax (v\u00e9ase <a href=\"https:\/\/www.neurosymptoms.org\/es_ES\/symptoms\/common-associated-symptoms\/pain\/\" data-type=\"URL\" data-id=\"https:\/\/www.neurosymptoms.org\/es_ES\/symptoms\/common-associated-symptoms\/pain\/\">dolor<\/a>). El dolor en el pecho puede ser alarmante. Adem\u00e1s, la alarma, en forma de ansiedad aguda grave (llamada p\u00e1nico), suele provocar una sensaci\u00f3n de opresi\u00f3n tor\u00e1cica. As\u00ed que es f\u00e1cil ver c\u00f3mo estas dos afecciones pueden relacionarse y empeorarse mutuamente en un c\u00edrculo vicioso.<\/p>\n\n\n\n<p>Es importante decir que muchas personas con dolor tor\u00e1cico at\u00edpico no est\u00e1n tan ansiosas y no sienten p\u00e1nico.<\/p>\n\n\n\n<h4>Respiraci\u00f3n disfuncional<\/h4>\n\n\n\n<p>Las personas con respiraci\u00f3n disfuncional (respiraci\u00f3n demasiado r\u00e1pida y\/o profunda) pueden presentar una serie de s\u00edntomas neurol\u00f3gicos, como mareos, hormigueos en extremidades y en el cuero cabelludo, bostezos, cansancio y disnea. Las personas con respiraci\u00f3n disfuncional suelen notar que les falta el aire o que hacen &#8220;suspiros&#8221;. Los pacientes pueden tener un nivel bajo de di\u00f3xido de carbono (CO2) en el torrente sangu\u00edneo por respirar demasiado, lo que agrava los s\u00edntomas, y normalmente el controlar esta respiraci\u00f3n hace que el CO2 se normalice en cuesti\u00f3n de minutos y los s\u00edntomas mejoren.<\/p>\n\n\n\n<p>El tratamiento dise\u00f1ado para mejorar la respiraci\u00f3n, a veces denominado reentrenamiento respiratorio, puede ser muy \u00fatil para mejorar estos y muchos otros s\u00edntomas.<\/p>\n","protected":false},"excerpt":{"rendered":"<p>Otros trastornos funcionales: intestino irritable, indigesti\u00f3n, dolor tor\u00e1cico, etc. <\/p>\n","protected":false},"author":65,"featured_media":0,"parent":939,"menu_order":277,"comment_status":"closed","ping_status":"closed","template":"page-template\/symptom-details-page-template.php","meta":[],"_links":{"self":[{"href":"https:\/\/neurosymptoms.org\/es_ES\/wp-json\/wp\/v2\/pages\/611"}],"collection":[{"href":"https:\/\/neurosymptoms.org\/es_ES\/wp-json\/wp\/v2\/pages"}],"about":[{"href":"https:\/\/neurosymptoms.org\/es_ES\/wp-json\/wp\/v2\/types\/page"}],"author":[{"embeddable":true,"href":"https:\/\/neurosymptoms.org\/es_ES\/wp-json\/wp\/v2\/users\/65"}],"replies":[{"embeddable":true,"href":"https:\/\/neurosymptoms.org\/es_ES\/wp-json\/wp\/v2\/comments?post=611"}],"version-history":[{"count":131,"href":"https:\/\/neurosymptoms.org\/es_ES\/wp-json\/wp\/v2\/pages\/611\/revisions"}],"predecessor-version":[{"id":15602,"href":"https:\/\/neurosymptoms.org\/es_ES\/wp-json\/wp\/v2\/pages\/611\/revisions\/15602"}],"up":[{"embeddable":true,"href":"https:\/\/neurosymptoms.org\/es_ES\/wp-json\/wp\/v2\/pages\/939"}],"wp:attachment":[{"href":"https:\/\/neurosymptoms.org\/es_ES\/wp-json\/wp\/v2\/media?parent=611"}],"curies":[{"name":"wp","href":"https:\/\/api.w.org\/{rel}","templated":true}]}}