{"id":600,"date":"2020-11-30T15:53:53","date_gmt":"2020-11-30T15:53:53","guid":{"rendered":"https:\/\/ftd.cognihealth.in\/?page_id=600"},"modified":"2025-05-11T12:16:32","modified_gmt":"2025-05-11T12:16:32","slug":"health-anxiety","status":"publish","type":"page","link":"https:\/\/neurosymptoms.org\/es_ES\/symptoms\/common-associated-symptoms\/health-anxiety\/","title":{"rendered":"Ansiedad sobre la Salud"},"content":{"rendered":"\n<p>Esta p\u00e1gina habla sobre la hipocondr\u00eda o &#8216;ansiedad sobre la salud&#8217; con m\u00e1s detalle. Quiz\u00e1s tambi\u00e9n desees leer el otro apartado sobre la&nbsp;ansiedad y p\u00e1nico, si no lo has hecho ya.<\/p>\n\n\n\n<p class=\"has-text-align-center\">&#8230;el paciente sabe que las preocupaciones sobre una posible enfermedad grave son irracionales, pero no puede deshacerse de ellas&#8230;<\/p>\n\n\n\n<p>La causa m\u00e1s com\u00fan de ansiedad o preocupaci\u00f3n en pacientes con s\u00edntomas funcionales es sobre el origen de sus s\u00edntomas. \u00bfA qu\u00e9 se deben? \u00bfPor qu\u00e9 nadie me cree? \u00bfMe estoy volviendo loco? \u00bfEs algo grave? \u00bfMe quedar\u00e9 incapacitado en el futuro?<\/p>\n\n\n\n<p>Es comprensible que alguien con s\u00edntomas se haga estas preguntas. Adem\u00e1s, cuando va al m\u00e9dico, espera recibir una explicaci\u00f3n acerca de sus problemas.<\/p>\n\n\n\n<p>Sin embargo, pueden surgir dificultades cuando:<\/p>\n\n\n\n<p>1.&nbsp;<strong>El m\u00e9dico no da una explicaci\u00f3n<\/strong>. El m\u00e9dico puede decir: &#8220;no hay nada de qu\u00e9 preocuparse&#8221;, o &#8220;esta relacionado con el estr\u00e9s&#8221; (lo que puede no ser una buena explicaci\u00f3n si uno no se siente estresado). Este tipo de explicaciones llevan a los pacientes a dudar y preguntarse&nbsp;qu\u00e9 est\u00e1 pasando realmente.<\/p>\n\n\n\n<p>2.&nbsp;<strong>El paciente no cree en la explicaci\u00f3n que le han dado<\/strong>. Por ejemplo, un m\u00e9dico puede decirle a un paciente que sus dolores de cabeza son debidos al uso excesivo de analg\u00e9sicos o a la migra\u00f1a, pero para ellos, el dolor parece mucho peor que eso y siguen convencidos de que tiene un tumor cerebral.<\/p>\n\n\n\n<p>3.&nbsp;<strong>El paciente cree la explicaci\u00f3n, pero luego ansiedades irracionales siguen apareciendo (esto es llamado ansiedad sobre la salud o hipocondr\u00eda)<\/strong>. A algunos pacientes se les da una explicaci\u00f3n razonable para sus s\u00edntomas, y se sienten temporalmente tranquilos. Pero por lo general este sentimiento de tranquilidad s\u00f3lo dura unos pocos d\u00edas antes de las dudas sobre el diagn\u00f3stico y todas las dudas anteriores comienzan a resurgir.<\/p>\n\n\n\n<p>Por lo general, el paciente sabe que las preocupaciones sobre la posibilidad de una enfermedad grave son irracionales, pero no puede quit\u00e1rselas de encima. Pueden llegar a estar cada vez m\u00e1s preocupados por lo que est\u00e1 pasando y empiezan a acudir a diferentes doctores para obtener otras opiniones o simplemente para recibir tranquilidad. Es posible que empiecen a acudir mucho a los servicios de urgencia.<\/p>\n\n\n\n<p>Mientras tanto, los crecientes niveles de ansiedad acerca de sus s\u00edntomas hacen que estos empeoren, sobre todo los mareos, dolor de cabeza y cansancio. El aumento de la intensidad de los s\u00edntomas lleva a algunos pacientes a tratar de auto-diagnosticarse por Internet. Esto puede arrojar nuevas posibilidades de enfermedades y m\u00e1s riesgos.<\/p>\n\n\n\n<p>Todo esto es lo que se denomina ansiedad sobre la salud. Es en realidad muy com\u00fan para muchas personas, pero dif\u00edcil de discutir para pacientes y m\u00e9dicos. Esto es porque el concepto de ser un &#8216;hipocondr\u00edaco&#8217; es generalmente objeto de burla en nuestra sociedad. <\/p>\n\n\n\n<p>Sin embargo, tener ansiedad sobre la salud es en realidad muy angustiante para la persona que lo sufre. Sus s\u00edntomas son muy reales, si no lo fueran no ser\u00edan causa de tanta preocupaci\u00f3n.<\/p>\n\n\n\n<p>S\u00f3lo una peque\u00f1a proporci\u00f3n de pacientes con s\u00edntomas funcionales tienen altos niveles de ansiedad sobre la salud. Gran parte de la ansiedad sobre la salud que los m\u00e9dicos atribuyen a pacientes con s\u00edntomas funcionales, proviene del hecho de que a estos pacientes nunca se les ha dado una explicaci\u00f3n correcta y razonada para sus s\u00edntomas (por lo que en el fondo no es sorprendente que sigan sintiendo ansiedad sobre ellos).<\/p>\n\n\n\n<h4>Tratamiento<\/h4>\n\n\n\n<p>La ansiedad sobre la salud s\u00f3lo puede ser tratada una vez que el paciente y el m\u00e9dico hayan identificado que est\u00e1 presente. Una vez que se hayan dado cuenta de que este es el caso, es importante que el m\u00e9dico deje de ofrecer simplemente consuelo. Esto s\u00f3lo tiene un efecto temporal y har\u00e1 que la preocupaci\u00f3n se repita en el futuro.<\/p>\n\n\n\n<p>En cambio, el m\u00e9dico debe trabajar en explicar las cosas de tal manera que el paciente tenga una explicaci\u00f3n sensata y s\u00f3lida de sus s\u00edntomas que &#8216;combata&#8217; explicaciones alternativas, m\u00e1s alarmantes. El paciente, por su parte, puede necesitar comprometerse en no mirar informaci\u00f3n sobre salud en internet o en libros y en no buscar otras opiniones m\u00e9dicas.<\/p>\n\n\n\n<p>A veces la ansiedad sobre la salud se puede resolver dr\u00e1sticamente y con \u00e9xito una vez que el paciente sabe lo que es. Pero llegar a ello puede ser dif\u00edcil.<\/p>\n\n\n\n<p>Radio 4 transmiti\u00f3&nbsp;<a href=\"https:\/\/www.bbc.co.uk\/programmes\/b00rbkyk\" target=\"_blank\" rel=\"noreferrer noopener\">programme on health anxiety<\/a>&nbsp;como parte de la serie &#8220;Am I Normal&#8221; (\u00bfSoy normal?). En este programa encontramos una buena descripci\u00f3n de diversos patientes y de c\u00f3mo puede ser abordado.<\/p>\n\n\n\n<p>Hay m\u00e1s informaci\u00f3n en&nbsp;<a rel=\"noreferrer noopener\" href=\"https:\/\/www.anxietyuk.org.uk\/anxiety-type\/health-anxiety\/\" target=\"_blank\" data-type=\"URL\" data-id=\"https:\/\/www.anxietyuk.org.uk\/anxiety-type\/health-anxiety\/\">Anxiety UK&nbsp;<\/a>.<\/p>\n","protected":false},"excerpt":{"rendered":"<p>Preocupaci\u00f3n excesiva e invalidante por la salud personal<\/p>\n","protected":false},"author":65,"featured_media":1636,"parent":939,"menu_order":274,"comment_status":"closed","ping_status":"closed","template":"page-template\/symptom-details-page-template.php","meta":[],"_links":{"self":[{"href":"https:\/\/neurosymptoms.org\/es_ES\/wp-json\/wp\/v2\/pages\/600"}],"collection":[{"href":"https:\/\/neurosymptoms.org\/es_ES\/wp-json\/wp\/v2\/pages"}],"about":[{"href":"https:\/\/neurosymptoms.org\/es_ES\/wp-json\/wp\/v2\/types\/page"}],"author":[{"embeddable":true,"href":"https:\/\/neurosymptoms.org\/es_ES\/wp-json\/wp\/v2\/users\/65"}],"replies":[{"embeddable":true,"href":"https:\/\/neurosymptoms.org\/es_ES\/wp-json\/wp\/v2\/comments?post=600"}],"version-history":[{"count":94,"href":"https:\/\/neurosymptoms.org\/es_ES\/wp-json\/wp\/v2\/pages\/600\/revisions"}],"predecessor-version":[{"id":15700,"href":"https:\/\/neurosymptoms.org\/es_ES\/wp-json\/wp\/v2\/pages\/600\/revisions\/15700"}],"up":[{"embeddable":true,"href":"https:\/\/neurosymptoms.org\/es_ES\/wp-json\/wp\/v2\/pages\/939"}],"wp:featuredmedia":[{"embeddable":true,"href":"https:\/\/neurosymptoms.org\/es_ES\/wp-json\/wp\/v2\/media\/1636"}],"wp:attachment":[{"href":"https:\/\/neurosymptoms.org\/es_ES\/wp-json\/wp\/v2\/media?parent=600"}],"curies":[{"name":"wp","href":"https:\/\/api.w.org\/{rel}","templated":true}]}}