{"id":541,"date":"2020-11-29T12:41:43","date_gmt":"2020-11-29T12:41:43","guid":{"rendered":"https:\/\/ftd.cognihealth.in\/?page_id=541"},"modified":"2024-11-01T03:34:50","modified_gmt":"2024-11-01T03:34:50","slug":"fatigue","status":"publish","type":"page","link":"https:\/\/neurosymptoms.org\/es_ES\/symptoms\/common-associated-symptoms\/fatigue\/","title":{"rendered":"Fatiga"},"content":{"rendered":"\n<p>La fatiga, cansancio y falta de energ\u00eda es un s\u00edntoma muy com\u00fan en pacientes con TNFs. Lo caracter\u00edstico de esta fatiga es que empeora mucho despu\u00e9s de hacer algo de actividad, aunque haya sido de poca intensidad. Y esto puede ocurrir justo despu\u00e9s de hacer dicho esfuerzo o al d\u00eda siguiente. <\/p>\n\n\n\n<p>Incluso a pesar de tener muchos otros s\u00edntomas a priori m\u00e1s llamativos, los pacientes con TNFs refieren que la fatiga es uno de los m\u00e1s limitantes y discapacitantes en el d\u00eda a d\u00eda. De hecho, muchos estudios han demostrado que la fatiga es el determinante m\u00e1s importante de la calidad de vida de muchos pacientes con TNFs. <\/p>\n\n\n\n<p>Esta fatiga es tan com\u00fan en pacientes con TNF, que podemos verla como otro de los s\u00edntomas derivados de este mal funcionamiento cerebral. <\/p>\n\n\n\n<p>La fatiga tambi\u00e9n puede ocurrir como manifestaci\u00f3n de la ansiedad o depresi\u00f3n, aunque es importante saber que no es necesario estar ansioso ni deprimido para tener fatiga cr\u00f3nica e invalidante. Algunas personas que desarrollan una depresi\u00f3n tienen anhedonia (incapacidad para sentir placer ni inter\u00e9s por las cosas) y esto a veces puede ser confundido con fatiga, pero son cosas distintas. <\/p>\n\n\n\n<p>El S\u00edndrome de Fatiga Cr\u00f3nica\/ Encefalomielitis Mi\u00e1lgica (SFC\/EM) es una entidad reconocida por las sociedades cient\u00edficas de todo el mundo. Guarda mucha similitud con los s\u00edntomas que describen los pacientes con TNFs, pero en el CFS\/ME el s\u00edntoma principal es la fatiga. Esta web no est\u00e1 dise\u00f1ada para hablar sobre dicho trastorno en detalle. Esta es una p\u00e1gina web \u00fatil: <a href=\"https:\/\/www.cdc.gov\/me-cfs\/es\/acerca-de\/que-es-emsfc.html\">https:\/\/www.cdc.gov\/me-cfs\/es\/acerca-de\/que-es-emsfc.html<\/a><\/p>\n\n\n\n<p>Adem\u00e1s, la fatiga tambien aparece en otras condiciones m\u00e9dicas, por ejemplo:<\/p>\n\n\n\n<ul><li>Migra\u00f1a &#8211; donde es com\u00fan tener fatiga antes, durante y despu\u00e9s de los ataques de dolor. <\/li><li>S\u00edndrome de apnea del sue\u00f1o &#8211; un trastorno del sue\u00f1o donde el paciente hace pausas en la respiraci\u00f3n. Se asocia a ronquidos, ganancia de peso, somnolencia diurna y dolor de cabeza\/embotamiento matutino. <\/li><li>Anemia<\/li><li>Enfermedades del h\u00edgado y ri\u00f1ones<\/li><li>Hipotiroidismo (el tiroides deja de funcionar correctamente)<\/li><\/ul>\n\n\n\n<p>Es importante descartar estas condiciones, puesto que son causas tratables de fatiga.<\/p>\n\n\n\n<p><\/p>\n\n\n\n<h3>Historias de mejor\u00eda y curaci\u00f3n del S\u00edndrome de Fatiga Cr\u00f3nica. <\/h3>\n\n\n\n<p>El S\u00edndrome de Fatiga Cr\u00f3nica describe una fatiga persistente, asociada a otros s\u00edntomas discapacitantes como falta de concentraci\u00f3n o dolor. Hay muchas p\u00e1ginas web y organizaciones que visibilizan los aspectos tan horrorosos e incapacitantes de la enfermedad. No obstante, es muy dif\u00edcil para los pacientes con SFC\/EM encontrar casos o experiencias de pacientes que se hayan curado o hayan mejorado de los s\u00edntomas.<\/p>\n\n\n\n<p><\/p>\n\n\n\n<p>El doctor Henrik Vogt es un m\u00e9dico general de Noruega con especial inter\u00e9s en los trastornos funcionales. Ha dise\u00f1ado una p\u00e1gina web llamada Recovery Norway &#8211; <a href=\"http:\/\/www.recoverynorway.org\/\">www.recoverynorway.org<\/a>&nbsp;&#8211; que ayuda a publicar y visibilizar historias de recuperaci\u00f3n, que pueden ser muy \u00b4\u00fatiles para pacientes con SFC\/EM y tambi\u00e9n para fatiga de pacientes con TNFs. <\/p>\n\n\n\n<p><\/p>\n","protected":false},"excerpt":{"rendered":"<p>Fatiga, falta de energ\u00eda o agotamiento.<\/p>\n","protected":false},"author":65,"featured_media":0,"parent":939,"menu_order":267,"comment_status":"closed","ping_status":"closed","template":"page-template\/symptom-details-page-template.php","meta":[],"_links":{"self":[{"href":"https:\/\/neurosymptoms.org\/es_ES\/wp-json\/wp\/v2\/pages\/541"}],"collection":[{"href":"https:\/\/neurosymptoms.org\/es_ES\/wp-json\/wp\/v2\/pages"}],"about":[{"href":"https:\/\/neurosymptoms.org\/es_ES\/wp-json\/wp\/v2\/types\/page"}],"author":[{"embeddable":true,"href":"https:\/\/neurosymptoms.org\/es_ES\/wp-json\/wp\/v2\/users\/65"}],"replies":[{"embeddable":true,"href":"https:\/\/neurosymptoms.org\/es_ES\/wp-json\/wp\/v2\/comments?post=541"}],"version-history":[{"count":94,"href":"https:\/\/neurosymptoms.org\/es_ES\/wp-json\/wp\/v2\/pages\/541\/revisions"}],"predecessor-version":[{"id":15593,"href":"https:\/\/neurosymptoms.org\/es_ES\/wp-json\/wp\/v2\/pages\/541\/revisions\/15593"}],"up":[{"embeddable":true,"href":"https:\/\/neurosymptoms.org\/es_ES\/wp-json\/wp\/v2\/pages\/939"}],"wp:attachment":[{"href":"https:\/\/neurosymptoms.org\/es_ES\/wp-json\/wp\/v2\/media?parent=541"}],"curies":[{"name":"wp","href":"https:\/\/api.w.org\/{rel}","templated":true}]}}