{"id":530,"date":"2020-11-05T15:11:37","date_gmt":"2020-11-05T15:11:37","guid":{"rendered":"https:\/\/ftd.cognihealth.in\/?page_id=530"},"modified":"2024-11-01T03:41:36","modified_gmt":"2024-11-01T03:41:36","slug":"functional-dissociative-seizures","status":"publish","type":"page","link":"https:\/\/neurosymptoms.org\/es_ES\/symptoms\/fnd-symptoms\/functional-dissociative-seizures\/","title":{"rendered":"Crisis disociativas \/ funcionales"},"content":{"rendered":"\n<h3><strong>Crisis disociativas \/funcionales<\/strong><\/h3>\n\n\n\n<p>Se trata de uno de los s\u00edntomas m\u00e1s frecuentes de los TNF. Las crisis funcionales tambi\u00e9n se denominan &#8220;crisis\/ataques disociativos&#8221;, &#8220;crisis psic\u00f3genas&#8221; y &#8220;crisis\/ataques no epil\u00e9pticos&#8221;. En este sitio web las hemos descrito como &#8220;crisis funcionales o disociativas&#8221;.<\/p>\n\n\n\n<p>Las crisis disociativas son ataques incapacitantes y aterradores que se parecen mucho a la epilepsia o a los desmayos. Las personas pueden experimentar ataques de sacudidas o simplemente se &#8220;desmayan&#8221;, a menudo durante bastante tiempo.<\/p>\n\n\n\n<p>A diferencia de la epilepsia, los ataques funcionales no se deben a una actividad el\u00e9ctrica anormal en el cerebro ni a otra enfermedad neurol\u00f3gica. Sin embargo, se deben a un problema temporal en el funcionamiento del sistema nervioso, algo parecido a un estado de trance. Son potencialmente tratables, aunque no con pastillas, sino aprendiendo t\u00e9cnicas para controlarlas y averiguando por qu\u00e9 se producen.<\/p>\n\n\n\n<p>Mientras que los ataques epil\u00e9pticos est\u00e1n causados por una descarga el\u00e9ctrica repentina y anormal en el cerebro, los ataques disociativos se producen a trav\u00e9s de un proceso cerebral conocido como <a href=\"https:\/\/www.neurosymptoms.org\/es_ES\/symptoms\/common-associated-symptoms\/dissociative-symptoms\/\">disociaci\u00f3n<\/a>.<\/p>\n\n\n\n<p>Las crisis funcionales son frecuentes. Casi la mitad de las personas hospitalizadas con sospecha de epilepsia las padecen. Es probable que en el Reino Unido haya unas 50.000 personas con crisis funcionales en un momento dado y 250.000 en EEUU.<\/p>\n\n\n\n<p>Muchos pacientes con crisis funcionales han sido diagnosticados err\u00f3neamente de epilepsia en alg\u00fan momento e incluso pueden haber tomado medicamentos para la epilepsia.<\/p>\n\n\n\n<p><\/p>\n\n\n\n<h4><strong>\u00bfCu\u00e1les son las caracter\u00edsticas t\u00edpicas?<\/strong><\/h4>\n\n\n\n<figure class=\"wp-block-image size-large\"><img loading=\"lazy\" width=\"768\" height=\"343\" src=\"https:\/\/pre-prod.neurosymptoms.org\/wp-content\/uploads\/2023\/01\/DS2-768x343-1.jpg\" alt=\"\" class=\"wp-image-11846\" srcset=\"https:\/\/neurosymptoms.org\/wp-content\/uploads\/2023\/01\/DS2-768x343-1.jpg 768w, https:\/\/neurosymptoms.org\/wp-content\/uploads\/2023\/01\/DS2-768x343-1-300x134.jpg 300w\" sizes=\"(max-width: 768px) 100vw, 768px\" \/><figcaption>Esta imagen representa una crisis funcional. Procede de un libro del siglo XIX que las describe.<\/figcaption><\/figure>\n\n\n\n<p>Existen dos tipos principales de crisis funcionales:<\/p>\n\n\n\n<ol><li><strong>Con movimientos<\/strong>: normalmente, el paciente tiene movimientos espasm\u00f3dicos parecidos a los de un ataque epil\u00e9ptico generalizado (antes llamado &#8220;gran mal&#8221;).<\/li><li><strong>Sin movimientos<\/strong> &#8211; en estos ataques los pacientes caen al suelo y permanecen inm\u00f3viles y sin respuesta, a menudo durante muchos minutos. Algunas personas tambi\u00e9n tienen episodios de mirada fija.<\/li><\/ol>\n\n\n\n<p>El m\u00e9dico debe buscarcaracter\u00edsticas espec\u00edficas y t\u00edpicas de los ataques disociativos que sean diferenciadores de la epilepsia. Por ejemplo:<\/p>\n\n\n\n<ul><li>Larga duraci\u00f3n de los episodios (las crisis epil\u00e9pticas no suelen durar m\u00e1s de 2 minutos).<\/li><li>Las caracter\u00edsticas de los movimientos de la cabeza y las extremidades, si los hay.<\/li><li>La presencia de un periodo prolongado de falta de respuesta.<\/li><li>Aspecto de los ojos y la boca durante el ataque.<\/li><li>Si tuvo algun s\u00edntoma de advertencia antes del ataque. Las &#8220;advertencias&#8221; previas a las crisis funcionales pueden ser de duraci\u00f3n variable. Su duraci\u00f3n puede variar desde la ausencia total hasta varias horas. A veces existe un patr\u00f3n <em>in crescendo<\/em> y s\u00edntomas f\u00edsicos aterradores antes de un ataque, a menudo con s\u00edntomas disociativos.<\/li><li>Los pacientes con crisis funcionales suelen tener m\u00e1s dificultades para describir sus crisis que los pacientes epil\u00e9pticos.<br \/><\/li><\/ul>\n\n\n\n<p>El diagn\u00f3stico de las crisis funcionales requiere que el m\u00e9dico sea experto en el diagn\u00f3stico de la epilepsia, ya que \u00e9sta se puede presentar en muchas formas diferentes. Los dos tipos de problemas pueden parecer muy similares, incluso para observadores bien entrenados como param\u00e9dicos, enfermeros y m\u00e9dicos de hospital.<\/p>\n\n\n\n<p>Los especialistas pueden diagnosticar los ataques con mayor precisi\u00f3n (en 9 de cada 10 casos) si pueden ver un v\u00eddeo de los mismos (por ejemplo, un v\u00eddeo grabado con un tel\u00e9fono m\u00f3vil). Tambi\u00e9n pueden estar bastante seguros del diagn\u00f3stico si te han visto y examinado durante uno de sus ataques.<\/p>\n\n\n\n<p>A veces, si los m\u00e9dicos no est\u00e1n seguros, pueden utilizar un electroencefalograma (EEG) para observar la actividad el\u00e9ctrica del cerebro. Muestra un patr\u00f3n anormal de actividad el\u00e9ctrica durante los ataques epil\u00e9pticos, pero estos patrones no se observan en los ataques funcionales. El EEG es m\u00e1s \u00fatil cuando se combina con una grabaci\u00f3n en v\u00eddeo de una de las crisis. Incluso en este caso, lo que el m\u00e9dico debe buscar son signos positivos en el episodio de crisis funcionales y no s\u00f3lo un &#8220;EEG normal&#8221;.<\/p>\n\n\n\n<figure class=\"wp-block-image size-large\"><img loading=\"lazy\" width=\"841\" height=\"602\" src=\"https:\/\/pre-prod.neurosymptoms.org\/wp-content\/uploads\/2023\/01\/DS.png\" alt=\"\" class=\"wp-image-11847\" srcset=\"https:\/\/neurosymptoms.org\/wp-content\/uploads\/2023\/01\/DS.png 841w, https:\/\/neurosymptoms.org\/wp-content\/uploads\/2023\/01\/DS-300x215.png 300w, https:\/\/neurosymptoms.org\/wp-content\/uploads\/2023\/01\/DS-768x550.png 768w\" sizes=\"(max-width: 841px) 100vw, 841px\" \/><\/figure>\n\n\n\n<p>Los esc\u00e1neres cerebrales, como la resonancia magn\u00e9tica o la tomograf\u00eda computarizada, NO son \u00fatiles para diagnosticar las crisis disociativas, pero pueden hacerse para asegurarse de que la persona con crisis funcionales no tiene adem\u00e1s otra enfermedad.<\/p>\n\n\n\n<p><\/p>\n\n\n\n<h4><strong>\u00bfPor qu\u00e9 se producen?<\/strong><\/h4>\n\n\n\n<p>Los ataques disociativos son un trastorno complejo. Surge por diferentes razones en diferentes personas. Para m\u00e1s informaci\u00f3n al respecto, consulta el apartado <a href=\"https:\/\/www.neurosymptoms.org\/es_ES\/causes\/how-has-it-happened\/\">\u00bfc\u00f3mo aparecen los TNF?<\/a> A menudo, los s\u00edntomas van acompa\u00f1ados de sentimientos de frustraci\u00f3n, preocupaci\u00f3n y bajo estado de \u00e1nimo, pero \u00e9stos no son la causa del problema.<\/p>\n\n\n\n<p>Reconocemos una serie de situaciones diferentes en las que pueden surgir ataques funcionales. Tus s\u00edntoma puede corresponder a una de estas categor\u00edas, aunque ninguna de ellas puede ser relevante en tu caso:<\/p>\n\n\n\n<ul><li><strong>Al azar<\/strong>. Una de las cosas m\u00e1s confusas de estos ataques es que a menudo ocurren de la nada sin previo aviso.<\/li><li><strong>En reposo y sin distracciones<\/strong>. Es m\u00e1s probable que los ataques funcionales y el estado de trance que los acompa\u00f1a se produzcan en reposo y sin hacer nada, por ejemplo, en la cama o en el sof\u00e1. Si est\u00e1s distra\u00eddo o concentrado en otra cosa, es dif\u00edcil que te invada esa sensaci\u00f3n de trance.<\/li><li><strong>Con hiperventilaci\u00f3n. <\/strong>En algunas personas estos ataques pueden ocurrir al mismo tiempo que un patr\u00f3n de respiraci\u00f3n superficial y r\u00e1pida llamado hiperventilaci\u00f3n. Es posible que ni siquiera notes que respiras demasiado deprisa, pero otras personas s\u00ed. Si est\u00e1s hiperventilando, esto puede empeorar el ataque. Es \u00fatil saber esto porque puede proporcionar una forma de detener futuras crisis en una fase m\u00e1s temprana. Otros s\u00edntomas f\u00edsicos que puedes experimentar durante una crisis son sofocos, opresi\u00f3n en el pecho y hormigueo en las manos. A veces, estos s\u00edntomas se parecen m\u00e1s claramente a los de un <a href=\"https:\/\/www.neurosymptoms.org\/es_ES\/symptoms\/common-associated-symptoms\/worry-panic\/\">ataque de p\u00e1nico<\/a>.<\/li><li><strong>Con despersonalizaci\u00f3n\/desrealizaci\u00f3n<\/strong>: estas palabras describen s\u00edntomas disociativos que muchas personas tienen al mismo tiempo que sus crisis funcionales. Suele tratarse de una sensaci\u00f3n aterradora de que las cosas que te rodean no son del todo reales, de que no te sientes conectado a tu cuerpo o de que todo est\u00e1 lejos y es extra\u00f1o. Si tienes estos s\u00edntomas, es \u00fatil saber qu\u00e9 son y que forman parte del ataque. Muchas personas que nunca han experimentado estos s\u00edntomas se asustan tanto que piensan que pueden estar muriendo. Se puede tener una &#8220;experiencia extracorporal&#8221; con estos ataques, pero no se puede morir a causa de ellos. A menudo, las personas describen que son conscientes de la gente que les rodea, pero que son incapaces de hablar con ellos.<\/li><li><strong>Con estr\u00e9s<\/strong>: algunas personas describen ataques claramente provocados por el estr\u00e9s. Por ejemplo, un ataque despu\u00e9s de una discusi\u00f3n desagradable o en un lugar ruidoso, como un supermercado. Algunos pacientes informan de que tienen ataques cuando piensan en cosas muy molestas.<\/li><li><strong>Con dolor<\/strong> &#8211; El <a href=\"https:\/\/www.neurosymptoms.org\/es_ES\/symptoms\/common-associated-symptoms\/pain\/\">dolor<\/a> es muy com\u00fan en las personas con TNF. Algunas personas desarrollan crisis funcionales en respuesta a oleadas de dolor. Lo que ocurre parece ser que sus cerebros aprenden a &#8220;desconectarse&#8221; en estas situaciones para librarse del dolor. Pero no es la persona la que &#8220;lo hace&#8221; voluntariamente, sino que ocurre autom\u00e1ticamente.<\/li><\/ul>\n\n\n\n<p><br \/>Los pacientes con convulsiones funcionales suelen tener un breve aviso en al menos el 50% de las ocasiones. Algunos pacientes nunca tienen ninguna advertencia y otros la tienen siempre. Muy a menudo, los pacientes comienzan con s\u00edntomas premonitorios que, con el tiempo, se hacen cada vez m\u00e1s breve y pueden desaparecer. <\/p>\n\n\n\n<p>Aprender sobre esta fase de advertencia, aprender a prolongarla y aprender c\u00f3mo el desmayo puede ser la respuesta de su cuerpo a estos horribles &#8220;s\u00edntomas de aviso&#8221; puede ser una parte clave para superar las crisis funcionales.<\/p>\n\n\n\n<p>Haga clic en <a href=\"https:\/\/www.neurosymptoms.org\/es_ES\/treatment\/\">Tratamiento<\/a> para saber m\u00e1s en general y encontrar la p\u00e1gina espec\u00edfica sobre el tratamiento de las crisis funcionales.<\/p>\n\n\n\n<p><\/p>\n\n\n\n<h4><strong>\u00bfQu\u00e9 cosas ocurren con el tiempo para que empeoren las convulsiones?<\/strong><\/h4>\n\n\n\n<p>Puede que nunca sea posible decir por qu\u00e9 alguien tiene convulsiones funcionales, pero una vez que empiezan las convulsiones, pueden ocurrir muchas cosas que las empeoren. Para la mayor\u00eda de las personas, el simple hecho de preocuparse por las crisis puede empeorarlas.<\/p>\n\n\n\n<p>Se establece una especie de &#8220;c\u00edrculo vicioso&#8221; en el que la preocupaci\u00f3n por las crisis hace que \u00e9stas ocurran con m\u00e1s frecuencia, lo que lleva a m\u00e1s preocupaci\u00f3n y m\u00e1s crisis.<\/p>\n\n\n\n<p>Ejemplos de cosas que hacen que la gente se preocupe por sus crisis (y que, a su vez, pueden empeorarlas):<\/p>\n\n\n\n<ul><li>Miedo a lesionarse durante una crisis<\/li><li>Miedo a pasar verg\u00fcenza por tener una crisis en p\u00fablico<\/li><li>Miedo a perder el control<\/li><li>Temor a que los distintos m\u00e9dicos le den diagn\u00f3sticos diferentes entre s\u00ed<\/li><li>Sensaci\u00f3n de que ninguno de los m\u00e9dicos sabe lo que le pasa<\/li><li>Miedo a tener una enfermedad grave subyacente que no se haya detectado<\/li><li>Tomar medicamentos que no ayudan<\/li><li>Sufrir efectos secundarios desagradables de la medicaci\u00f3n<\/li><li>Miedo a que no sentirse cre\u00eddo.<\/li><\/ul>\n\n\n\n<figure class=\"wp-block-image size-large\"><img loading=\"lazy\" width=\"915\" height=\"603\" src=\"https:\/\/pre-prod.neurosymptoms.org\/wp-content\/uploads\/2023\/01\/DS2.png\" alt=\"\" class=\"wp-image-11848\" srcset=\"https:\/\/neurosymptoms.org\/wp-content\/uploads\/2023\/01\/DS2.png 915w, https:\/\/neurosymptoms.org\/wp-content\/uploads\/2023\/01\/DS2-300x198.png 300w, https:\/\/neurosymptoms.org\/wp-content\/uploads\/2023\/01\/DS2-768x506.png 768w\" sizes=\"(max-width: 915px) 100vw, 915px\" \/><\/figure>\n\n\n\n<p><\/p>\n\n\n\n<h4><strong>Enlaces sobre las crisis funcionales (disociativas)<\/strong><\/h4>\n\n\n\n<p>Existen algunos enlaces \u00fatiles en Internet:<\/p>\n\n\n\n<ul><li><a href=\"http:\/\/neurosymptoms.org\/blackoutsattacks\/www.nonepilepticattacks.info\">www.<\/a><a href=\"https:\/\/sites.google.com\/sheffield.ac.uk\/non-epileptic-attacks\/?pli=1\" data-type=\"URL\" data-id=\"https:\/\/sites.google.com\/sheffield.ac.uk\/non-epileptic-attacks\/?pli=1\">nonepilepticattacks<\/a><a href=\"http:\/\/neurosymptoms.org\/blackoutsattacks\/www.nonepilepticattacks.info\">.info<\/a> es un sitio detallado lanzado en febrero de 2011 con informaci\u00f3n sobre ataques disociativos (no epil\u00e9pticos). Merece la pena leerlo.<\/li><li><a href=\"https:\/\/www.codestrial.org\/\">www.codestrial.org<\/a> fue un ensayo multic\u00e9ntrico para ataques disociativos que tuvo lugar en el Reino Unido. Existen criterios de elegibilidad y hay que ser paciente de uno de los centros participantes, pero hay muchos en todo el Reino Unido. La p\u00e1gina web incluye un breve v\u00eddeo en el que se describen el ensayo y sus resultados.<\/li><li><a href=\"http:\/\/www.nonepilepticseizures.com\">www.nonepilepticseizures.com<\/a> es un sitio web estadounidense creado por profesionales de la salud e investigadores para proporcionar m\u00e1s informaci\u00f3n a los pacientes con estos s\u00edntomas.<\/li><li>En Youtube hay v\u00eddeos de personas que sufren convulsiones funcionales. Hemos decidido no incluirlos aqu\u00ed, ya que no todo el mundo quiere ver a alguien teniendo una convulsi\u00f3n.<\/li><\/ul>\n","protected":false},"excerpt":{"rendered":"<p>Episodios de convulsiones o desconexiones. <\/p>\n","protected":false},"author":65,"featured_media":1628,"parent":937,"menu_order":280,"comment_status":"closed","ping_status":"closed","template":"page-template\/symptom-details-page-template.php","meta":[],"_links":{"self":[{"href":"https:\/\/neurosymptoms.org\/es_ES\/wp-json\/wp\/v2\/pages\/530"}],"collection":[{"href":"https:\/\/neurosymptoms.org\/es_ES\/wp-json\/wp\/v2\/pages"}],"about":[{"href":"https:\/\/neurosymptoms.org\/es_ES\/wp-json\/wp\/v2\/types\/page"}],"author":[{"embeddable":true,"href":"https:\/\/neurosymptoms.org\/es_ES\/wp-json\/wp\/v2\/users\/65"}],"replies":[{"embeddable":true,"href":"https:\/\/neurosymptoms.org\/es_ES\/wp-json\/wp\/v2\/comments?post=530"}],"version-history":[{"count":198,"href":"https:\/\/neurosymptoms.org\/es_ES\/wp-json\/wp\/v2\/pages\/530\/revisions"}],"predecessor-version":[{"id":15604,"href":"https:\/\/neurosymptoms.org\/es_ES\/wp-json\/wp\/v2\/pages\/530\/revisions\/15604"}],"up":[{"embeddable":true,"href":"https:\/\/neurosymptoms.org\/es_ES\/wp-json\/wp\/v2\/pages\/937"}],"wp:featuredmedia":[{"embeddable":true,"href":"https:\/\/neurosymptoms.org\/es_ES\/wp-json\/wp\/v2\/media\/1628"}],"wp:attachment":[{"href":"https:\/\/neurosymptoms.org\/es_ES\/wp-json\/wp\/v2\/media?parent=530"}],"curies":[{"name":"wp","href":"https:\/\/api.w.org\/{rel}","templated":true}]}}