{"id":2736,"date":"2021-07-15T08:14:14","date_gmt":"2021-07-15T08:14:14","guid":{"rendered":"https:\/\/www.neurosymptoms.org\/?page_id=2736"},"modified":"2025-09-08T15:19:56","modified_gmt":"2025-09-08T15:19:56","slug":"fnd-and-other-functional-disorders","status":"publish","type":"page","link":"https:\/\/neurosymptoms.org\/es_ES\/causes\/fnd-and-other-functional-disorders\/","title":{"rendered":"Los TNFs y otros trastornos funcionales"},"content":{"rendered":"\n<p>Para los pacientes con TNFs, que adem\u00e1s tienen otros s\u00edntomas fuera de los puramente neurol\u00f3gicos, puede ser desconcertante el recibir muchos diagn\u00f3sticos diferentes por parte de diferentes especialistas. <\/p>\n\n\n\n<p>Es habitual encontrar un paciente que tiene un TNF (por ejemplo, debilidad funcional o crisis), pero que adem\u00e1s tiene otros diagn\u00f3sticos como fibromialgia (dolor corporal generalizado) o s\u00edndrome de intestino irritable. <\/p>\n\n\n\n<p>Los s\u00edntomas principales de los TNFs son los que tenemos explicados en el apartado de <span class=\"has-inline-color has-vivid-cyan-blue-color\">S\u00edntomas &gt;&gt; S\u00edntomas de los TNFs<\/span>. Pero s\u00edntomas distintos a los neurol\u00f3gicos, como el dolor, la fatiga o problemas intestinales no son estrictamente considerados neurol\u00f3gicos y por tanto no est\u00e1n dentro de los TNFs. Los consideramos s\u00edntomas funcionales de otros sistemas y los m\u00e9dicos tienden a llamarlos de muchas formas. <\/p>\n\n\n\n<p>Aqu\u00ed enumeramos los trastornos funcionales m\u00e1s comunes:<\/p>\n\n\n\n<ul><li>Fibromialgia (dolor cr\u00f3nico generalizado)<\/li><li>S\u00edndrome de Intestino Irritable<\/li><li>Dolor p\u00e9lvico cr\u00f3nico<\/li><li>Respiraci\u00f3n disfuncional<\/li><li>Dispepsia funcional<\/li><li>S\u00edndrome de Fatiga Cr\u00f3nica\/encefalomielitis mi\u00e1lgica<\/li><li>S\u00edndrome de vejiga hiperactiva<\/li><\/ul>\n\n\n\n<p>Pero sin embargo, tienen mecanismos en com\u00fan con los TNFs. Todos estos trastornos funcionales tienen en com\u00fan que se deben a una mal funcionamiento del cerebro al controlar dichos sistemas y la persona pierde el control voluntario sobre dichos s\u00edntomas.  <\/p>\n\n\n\n<p>Muchos pacientes con estos trastornos funcionales reconocen que est\u00e1n relacionados, puesto que cuando empeoran de un s\u00edntoma, los otros s\u00edntomas tambi\u00e9n pueden empeorar. <\/p>\n\n\n\n<p>Entonces, \u00bfc\u00f3mo se relacionan los TNFs con otros trastornos funcionales? Pues porque son entidades que se solapan mucho entre s\u00ed. Podemos ver a las personas con &#8220;Trastornos Funcionales&#8221; como una \u00fanica condici\u00f3n con diferentes manifestaciones, entre las cuales los TNFs son una de ellas. <\/p>\n\n\n\n<div class=\"wp-block-image\"><figure class=\"aligncenter size-large is-resized\"><img loading=\"lazy\" src=\"https:\/\/pre-prod.neurosymptoms.org\/wp-content\/uploads\/2022\/02\/Solapamiento-683x1024.jpg\" alt=\"\" class=\"wp-image-5962\" width=\"400\" height=\"599\" srcset=\"https:\/\/neurosymptoms.org\/wp-content\/uploads\/2022\/02\/Solapamiento-683x1024.jpg 683w, https:\/\/neurosymptoms.org\/wp-content\/uploads\/2022\/02\/Solapamiento-200x300.jpg 200w, https:\/\/neurosymptoms.org\/wp-content\/uploads\/2022\/02\/Solapamiento.jpg 714w\" sizes=\"(max-width: 400px) 100vw, 400px\" \/><\/figure><\/div>\n\n\n\n<h3>Trastornos Funcionales &#8211; entendiendo el solapamiento<\/h3>\n\n\n\n<p>El diagn\u00f3stico de un TNFs puede producir diferentes sensaciones y respuestas. Por ejemplo, algunas personas encuentran &#8220;alivio por fin&#8221;, al encontrar una respuesta y explicaci\u00f3n a sus s\u00edntomas, al saber que otras personas tambi\u00e9n lo padecen y que son s\u00edntomas REALES. <\/p>\n\n\n\n<p>Pero en otros pacientes que ya han recibido muchos otros diagn\u00f3sticos como fibromialgia, puede aparecer un sentimiento de &#8220;No, otra cosa mas que echarme a la espalda&#8221;&#8230; Por eso, es tan importante entender que NO son muchos diagn\u00f3sticos diferentes y peregrinos, sino que se puede entender como una condici\u00f3n que tiene diferentes manifestaciones. <\/p>\n\n\n\n<p>Conforme vamos entendiendo mejor los mecanismos de los trastornos funcionales, la ciencia est\u00e1 descubriendo que este solapamiento es muy grande. As\u00ed, en la fibromialgia se observan alteraciones en el procesamiento del dolor a nivel cerebral, que son similares a los cambios que reflejan un mal funcionamiento cerebral que se ven en pacientes con TNF y con intestino irritable. Adem\u00e1s tambi\u00e9n hay solapamiento en los tratamientos, por ejemplo, las terapias f\u00edsicas o psicol\u00f3gicas de rehabilitaci\u00f3n tienen muchos aspectos en com\u00fan, as\u00ed como ciertas medicaciones que se utilizan para tratar dichos s\u00edntomas. <\/p>\n\n\n\n<p>Al final, cada individuo es un poco diferente, con diferentes solapamientos de s\u00edntomas y trastornos funcionales, pero dentro de un espectro de la misma entidad y mismos mecanismos. <\/p>\n\n\n\n<p>Para algunas personas, poder entender que tienen cierta vulnerabilidad a padecer trastornos funcionales en general, entre los cuales se puede encontrar el TNF, puede tener m\u00e1s sentido que tener m\u00faltiples enfermedades en m\u00faltiples sistemas.  &nbsp;<\/p>\n\n\n\n<p>Y aunque pueda sonar exasperante darse cuenta que las manifestaciones de un mismo problema van y vienen o recurren, en cierta manera no es diferente a tener otras condiciones cr\u00f3nicas como el asma o diabetes, donde los pacientes aprenden a conocerlo y a manejarlo. <\/p>\n\n\n\n<p>Esto tambi\u00e9n es un mensaje de esperanza. Si has tenido un trastorno funcional en el pasado del que has mejorado, ya te has enfrentado a este problema y tienes herramientas para afrontarlo. \u00bfHay alg\u00fan aprendizaje previo, que te permita combatir este nuevo trastorno funcional?<\/p>\n\n\n\n<p><\/p>\n\n\n\n<p>Aqu\u00ed ponemos algunos ejemplos:<\/p>\n\n\n\n<p><strong>Ejemplo 1.<\/strong> Esta persona tienen un solapamiento de TNF (debilidad funcional en la pierna), dolor cr\u00f3nico e intestino irritable, a intensidades iguales. <\/p>\n\n\n\n<div class=\"wp-block-image\"><figure class=\"aligncenter size-large is-resized\"><img loading=\"lazy\" src=\"https:\/\/pre-prod.neurosymptoms.org\/wp-content\/uploads\/2022\/02\/solapamiento1.jpg\" alt=\"\" class=\"wp-image-5963\" width=\"336\" height=\"304\" srcset=\"https:\/\/neurosymptoms.org\/wp-content\/uploads\/2022\/02\/solapamiento1.jpg 930w, https:\/\/neurosymptoms.org\/wp-content\/uploads\/2022\/02\/solapamiento1-300x272.jpg 300w, https:\/\/neurosymptoms.org\/wp-content\/uploads\/2022\/02\/solapamiento1-768x695.jpg 768w\" sizes=\"(max-width: 336px) 100vw, 336px\" \/><figcaption>Ejemplo 1<\/figcaption><\/figure><\/div>\n\n\n\n<p><strong>Ejemplo 2<\/strong>. Esta persona tiene como problema principal el dolor cr\u00f3nico\/fibromialgia. Pero tambi\u00e9n puede tener la pierna algo d\u00e9bil en ocasiones y alg\u00fan problema leve digestivo. Hay un solapamiento similar al caso anterior, pero hay un s\u00edntoma principal dominante.<\/p>\n\n\n\n<div class=\"wp-block-image\"><figure class=\"aligncenter size-large is-resized\"><img loading=\"lazy\" src=\"https:\/\/pre-prod.neurosymptoms.org\/wp-content\/uploads\/2022\/02\/solapamiento2.jpg\" alt=\"\" class=\"wp-image-5964\" width=\"356\" height=\"322\" srcset=\"https:\/\/neurosymptoms.org\/wp-content\/uploads\/2022\/02\/solapamiento2.jpg 1000w, https:\/\/neurosymptoms.org\/wp-content\/uploads\/2022\/02\/solapamiento2-300x272.jpg 300w, https:\/\/neurosymptoms.org\/wp-content\/uploads\/2022\/02\/solapamiento2-768x697.jpg 768w\" sizes=\"(max-width: 356px) 100vw, 356px\" \/><figcaption>Ejemplo 2<\/figcaption><\/figure><\/div>\n\n\n\n<p><strong>Ejemplo 3.<\/strong> Esta persona tiene m\u00faltiples s\u00edntomas funcionales. Te impresionar\u00e1 ver la migra\u00f1a aqu\u00ed. De hecho, a algunos m\u00e9dicos les puede parecer hasta controvertido, pero la migra\u00f1a tambi\u00e9n se relaciona con el funcionamiento del cerebro. Es muy frecuente tener migra\u00f1a y trastornos funcionales. Algunos m\u00e9dicos creemos que la migra\u00f1a entrar\u00eda dentro del espectro de trastornos de la funci\u00f3n del cerebro. <\/p>\n\n\n\n<div class=\"wp-block-image\"><figure class=\"aligncenter size-large is-resized\"><img loading=\"lazy\" src=\"https:\/\/pre-prod.neurosymptoms.org\/wp-content\/uploads\/2022\/02\/solapamiento3-1024x723.jpg\" alt=\"\" class=\"wp-image-5965\" width=\"438\" height=\"308\" srcset=\"https:\/\/neurosymptoms.org\/wp-content\/uploads\/2022\/02\/solapamiento3-1024x723.jpg 1024w, https:\/\/neurosymptoms.org\/wp-content\/uploads\/2022\/02\/solapamiento3-300x212.jpg 300w, https:\/\/neurosymptoms.org\/wp-content\/uploads\/2022\/02\/solapamiento3-768x542.jpg 768w, https:\/\/neurosymptoms.org\/wp-content\/uploads\/2022\/02\/solapamiento3.jpg 1346w\" sizes=\"(max-width: 438px) 100vw, 438px\" \/><figcaption>Ejemplo 3<\/figcaption><\/figure><\/div>\n\n\n\n<p><\/p>\n\n\n\n<h3>\u00bfY el solapamiento de los trastornos funcionales y los psicol\u00f3gicos?<\/h3>\n\n\n\n<p>Trastornos psicol\u00f3gicos como la ansiedad o depresi\u00f3n son comunes en los TNFs, como tambi\u00e9n lo son en casi todas las enfermedades neurol\u00f3gicas, como en epilepsia o esclerosis m\u00faltiple. <\/p>\n\n\n\n<p>La ansiedad y depresi\u00f3n se definen por s\u00edntomas psicol\u00f3gicos (\u00e1nimo bajo persistente, melancol\u00eda, incapadidad para disfrutar etc.) pero tambi\u00e9n por los s\u00edntomas f\u00edsicos (fatiga, trastorno del sue\u00f1o, etc.) que se ven en los trastornos funcionales.<\/p>\n\n\n\n<p>No tienes por qu\u00e9 tener un trastorno psicol\u00f3gico para desarrollar un TNF (omo ya hemos repetido muchas veces) pero en el caso de que lo tengas, puede ser \u00fatil entender c\u00f3mo se solapa y se relaciona con el TNF:<\/p>\n\n\n\n<p><strong>Ejemplo 4<\/strong>. Mareo PPPD, disociaci\u00f3n y ansiedad. Cada persona es \u00fanica y diferente. Estea persona tiene una mezcla de PPPD, disociaci\u00f3n y ansiedad a partes iguales. Puedes tener un mareo PPPD sin tener s\u00edntomas disociativos ni ansiedad, pero normalmente suelen coexistir. <\/p>\n\n\n\n<div class=\"wp-block-image\"><figure class=\"aligncenter size-large is-resized\"><img loading=\"lazy\" src=\"https:\/\/pre-prod.neurosymptoms.org\/wp-content\/uploads\/2022\/02\/solapamiento4.jpg\" alt=\"\" class=\"wp-image-5966\" width=\"377\" height=\"355\" srcset=\"https:\/\/neurosymptoms.org\/wp-content\/uploads\/2022\/02\/solapamiento4.jpg 900w, https:\/\/neurosymptoms.org\/wp-content\/uploads\/2022\/02\/solapamiento4-300x283.jpg 300w, https:\/\/neurosymptoms.org\/wp-content\/uploads\/2022\/02\/solapamiento4-768x725.jpg 768w\" sizes=\"(max-width: 377px) 100vw, 377px\" \/><figcaption>Ejemplo 4<\/figcaption><\/figure><\/div>\n\n\n\n<p><strong>Ejemplo 5<\/strong>.<strong> <\/strong>Crisis funcionales. Esta persona tiene crisis disociativas pero tambi\u00e9n tiene dolor p\u00e9lvico cr\u00f3nico y su Ginec\u00f3logo opina que est\u00e1 relacionado con un trastorno funcional. Tambi\u00e9n tiene un trastorno de estr\u00e9s postraum\u00e1tico, que en este caso es muy relevante e interact\u00faa fuertemente con los s\u00edntomas de dolor y las crisis. <\/p>\n\n\n\n<div class=\"wp-block-image\"><figure class=\"aligncenter size-large is-resized\"><img loading=\"lazy\" src=\"https:\/\/pre-prod.neurosymptoms.org\/wp-content\/uploads\/2022\/02\/solapamiento5.jpg\" alt=\"\" class=\"wp-image-5960\" width=\"374\" height=\"330\" srcset=\"https:\/\/neurosymptoms.org\/wp-content\/uploads\/2022\/02\/solapamiento5.jpg 960w, https:\/\/neurosymptoms.org\/wp-content\/uploads\/2022\/02\/solapamiento5-300x266.jpg 300w, https:\/\/neurosymptoms.org\/wp-content\/uploads\/2022\/02\/solapamiento5-768x680.jpg 768w\" sizes=\"(max-width: 374px) 100vw, 374px\" \/><figcaption>Ejemplo 5<\/figcaption><\/figure><\/div>\n\n\n\n<h3>\u00bfY el solapamiento de los TNF con otras enfermedades m\u00e9dicas y neurol\u00f3gicas?<\/h3>\n\n\n\n<p>Tener otra enfermedad neurol\u00f3gica o m\u00e9dica es uno de los factores de riesgo m\u00e1s frecuentes en los TNFs. Lo discutimos mejor en esta <span class=\"has-inline-color has-vivid-cyan-blue-color\">p\u00e1gina<\/span>. Pero a parte de enfermedades neurol\u00f3gicas, tambi\u00e9n puede haber otras enfermedades m\u00e9dicas no neurol\u00f3gicas que se solapen con s\u00edntomas funcionales. Por ejemplo, padecer de artritis o artrosis puede causa algo de dolor, y que \u00e9ste dolor sea m\u00e1s intenso si tengo fibromialgia y tambi\u00e9n aumente en el caso de depresi\u00f3n. <\/p>\n\n\n\n<div class=\"wp-block-image\"><figure class=\"aligncenter size-large is-resized\"><img loading=\"lazy\" src=\"https:\/\/pre-prod.neurosymptoms.org\/wp-content\/uploads\/2022\/02\/solapamiento6.jpg\" alt=\"\" class=\"wp-image-5961\" width=\"314\" height=\"295\" srcset=\"https:\/\/neurosymptoms.org\/wp-content\/uploads\/2022\/02\/solapamiento6.jpg 816w, https:\/\/neurosymptoms.org\/wp-content\/uploads\/2022\/02\/solapamiento6-300x282.jpg 300w, https:\/\/neurosymptoms.org\/wp-content\/uploads\/2022\/02\/solapamiento6-768x723.jpg 768w\" sizes=\"(max-width: 314px) 100vw, 314px\" \/><figcaption>Ejemplo 6<\/figcaption><\/figure><\/div>\n","protected":false},"excerpt":{"rendered":"<p>How FND overlaps with other functional disorders like fibromyalgia and irritable bowel syndrome<\/p>\n","protected":false},"author":65,"featured_media":0,"parent":1010,"menu_order":158,"comment_status":"closed","ping_status":"closed","template":"page-template\/symptom-details-page-template.php","meta":[],"_links":{"self":[{"href":"https:\/\/neurosymptoms.org\/es_ES\/wp-json\/wp\/v2\/pages\/2736"}],"collection":[{"href":"https:\/\/neurosymptoms.org\/es_ES\/wp-json\/wp\/v2\/pages"}],"about":[{"href":"https:\/\/neurosymptoms.org\/es_ES\/wp-json\/wp\/v2\/types\/page"}],"author":[{"embeddable":true,"href":"https:\/\/neurosymptoms.org\/es_ES\/wp-json\/wp\/v2\/users\/65"}],"replies":[{"embeddable":true,"href":"https:\/\/neurosymptoms.org\/es_ES\/wp-json\/wp\/v2\/comments?post=2736"}],"version-history":[{"count":223,"href":"https:\/\/neurosymptoms.org\/es_ES\/wp-json\/wp\/v2\/pages\/2736\/revisions"}],"predecessor-version":[{"id":15791,"href":"https:\/\/neurosymptoms.org\/es_ES\/wp-json\/wp\/v2\/pages\/2736\/revisions\/15791"}],"up":[{"embeddable":true,"href":"https:\/\/neurosymptoms.org\/es_ES\/wp-json\/wp\/v2\/pages\/1010"}],"wp:attachment":[{"href":"https:\/\/neurosymptoms.org\/es_ES\/wp-json\/wp\/v2\/media?parent=2736"}],"curies":[{"name":"wp","href":"https:\/\/api.w.org\/{rel}","templated":true}]}}