{"id":2193,"date":"2021-06-15T09:54:38","date_gmt":"2021-06-15T09:54:38","guid":{"rendered":"https:\/\/ftd.cognihealth.in\/?page_id=2193"},"modified":"2024-02-02T12:28:57","modified_gmt":"2024-02-02T12:28:57","slug":"speech-and-language-therapy","status":"publish","type":"page","link":"https:\/\/neurosymptoms.org\/es_ES\/treatment\/speech-and-language-therapy\/","title":{"rendered":"Logopedia"},"content":{"rendered":"\n<p>\u00a1NOVEDADES JULIO 2021! Recomendaciones de consenso internacional sobre Logopedia &#8211; haz clic <a href=\"https:\/\/jnnp.bmj.com\/content\/92\/10\/1112.full?ijkey=QigHKOBTbcWLRNq&amp;keytype=ref\">aqu\u00ed<\/a>.<\/p>\n\n\n\n<p>Esta p\u00e1gina ha sido escrita por Laura McWhirter, Universidad de Edimburgo y Jan Baker, Universidad de Flinders, Australia del Sur, a quienes agradecemos su colaboraci\u00f3n.<\/p>\n\n\n\n<p><\/p>\n\n\n\n<h4><strong>\u00bfQu\u00e9 es la logopedia?<\/strong><\/h4>\n\n\n\n<p>Los logopedas son profesionales de la salud. Eval\u00faan y tratan una amplia gama de problemas relacionados con la comunicaci\u00f3n, la alimentaci\u00f3n, la bebida y la degluci\u00f3n.<\/p>\n\n\n\n<p><\/p>\n\n\n\n<h4><strong>Logopedas y diagn\u00f3stico de TNF<\/strong><\/h4>\n\n\n\n<p>Los logopedas son expertos en examinar la estructura y los movimientos de la boca y la garganta durante el habla y la degluci\u00f3n. Pueden utilizar equipos especiales que les permiten observar las cuerdas vocales de la garganta. Los logopedas tambi\u00e9n son expertos en escuchar y comprender los problemas de sonido, palabra y lenguaje.<\/p>\n\n\n\n<p>En ocasiones, un logopeda puede hacer un diagn\u00f3stico positivo de un TNF. Pero en otros casos m\u00e1s complejos, es posible que el diagn\u00f3stico requiera de logopedia, neurolog\u00eda y otorrinolaringolog\u00eda. <\/p>\n\n\n\n<p><\/p>\n\n\n\n<h4><strong>Tratamiento del trastorno del habla y la degluci\u00f3n<\/strong><\/h4>\n\n\n\n<p>El tipo de tratamiento depende del tipo de s\u00edntomas que presente.<\/p>\n\n\n\n<p>Se puede pedir que el paciente emita sonidos sencillos que el terapeuta le ayudar\u00e1 a convertir en palabras. El terapeuta puede ayudarle a detectar patrones respiratorios o tensiones musculares disfuncionantes que le impiden hablar o tragar con normalidad. Cuando se haya conseguido una mejor\u00eda, el terapeuta puede ayudar a aplicar la voz, habla o degluci\u00f3n en situaciones cotidianas.<\/p>\n\n\n\n<p>A veces, los s\u00edntomas del habla y la voz pueden mejorar muy r\u00e1pidamente, incluso durante la primera sesi\u00f3n de tratamiento, pero en otros casos pueden ser necesarias varias sesiones. Hacia el final del tratamiento, puede ser \u00fatil trabajar con el terapeuta la elaboraci\u00f3n de un plan sobre lo que podr\u00eda ayudar en caso de que los s\u00edntomas reaparezcan.<\/p>\n\n\n\n<p><\/p>\n\n\n\n<h4><strong>El logopeda como parte del equipo cl\u00ednico<\/strong><\/h4>\n\n\n\n<p>Los logopedas trabajan junto con otros miembros del equipo cl\u00ednico. Si tiene otros s\u00edntomas de TNF, es posible que acuda a un logopeda adem\u00e1s de a un neur\u00f3logo, fisioterapeuta, terapeuta ocupacional o psiquiatra. En algunos casos, es preferible que primero reciba tratamiento logop\u00e9dico para que pueda participar en otros tratamientos, como el psicol\u00f3gico. Otras personas s\u00f3lo necesitan acudir a un logopeda.<\/p>\n\n\n\n<p><\/p>\n\n\n\n<h4><strong>Tener un plan en caso de que los s\u00edntomas reaparezcan<\/strong><\/h4>\n\n\n\n<p>A veces (pero no siempre) los s\u00edntomas pueden reaparecer despu\u00e9s de haber mejorado. Si la logopedia te ayud\u00f3 a mejorar en un principio, a menudo podr\u00e1s utilizar los mismos trucos y t\u00e9cnicas para volver a la normalidad. A veces puede ser \u00fatil volver a ver al logopeda para recibir m\u00e1s recursos o tratamiento.<\/p>\n","protected":false},"excerpt":{"rendered":"<p>Manejo de s\u00edntomas como el tartamudeo, la dificultad para el habla y la degluci\u00f3n.<\/p>\n","protected":false},"author":19,"featured_media":2724,"parent":1012,"menu_order":301,"comment_status":"closed","ping_status":"closed","template":"page-template\/symptom-details-page-template.php","meta":[],"_links":{"self":[{"href":"https:\/\/neurosymptoms.org\/es_ES\/wp-json\/wp\/v2\/pages\/2193"}],"collection":[{"href":"https:\/\/neurosymptoms.org\/es_ES\/wp-json\/wp\/v2\/pages"}],"about":[{"href":"https:\/\/neurosymptoms.org\/es_ES\/wp-json\/wp\/v2\/types\/page"}],"author":[{"embeddable":true,"href":"https:\/\/neurosymptoms.org\/es_ES\/wp-json\/wp\/v2\/users\/19"}],"replies":[{"embeddable":true,"href":"https:\/\/neurosymptoms.org\/es_ES\/wp-json\/wp\/v2\/comments?post=2193"}],"version-history":[{"count":62,"href":"https:\/\/neurosymptoms.org\/es_ES\/wp-json\/wp\/v2\/pages\/2193\/revisions"}],"predecessor-version":[{"id":14311,"href":"https:\/\/neurosymptoms.org\/es_ES\/wp-json\/wp\/v2\/pages\/2193\/revisions\/14311"}],"up":[{"embeddable":true,"href":"https:\/\/neurosymptoms.org\/es_ES\/wp-json\/wp\/v2\/pages\/1012"}],"wp:featuredmedia":[{"embeddable":true,"href":"https:\/\/neurosymptoms.org\/es_ES\/wp-json\/wp\/v2\/media\/2724"}],"wp:attachment":[{"href":"https:\/\/neurosymptoms.org\/es_ES\/wp-json\/wp\/v2\/media?parent=2193"}],"curies":[{"name":"wp","href":"https:\/\/api.w.org\/{rel}","templated":true}]}}