{"id":2024,"date":"2021-04-28T22:17:17","date_gmt":"2021-04-28T22:17:17","guid":{"rendered":"https:\/\/ftd.cognihealth.in\/?page_id=2024"},"modified":"2023-01-03T22:09:32","modified_gmt":"2023-01-03T22:09:32","slug":"not-there-a-graphic-novel-about-functional-seizures","status":"publish","type":"page","link":"https:\/\/neurosymptoms.org\/es_ES\/media\/other-media\/not-there-a-graphic-novel-about-functional-seizures\/","title":{"rendered":"'Not there' - una novela gr\u00e1fica sobre crisis disociativas"},"content":{"rendered":"\n<p>&#8220;Not there&#8221; es una novela gr\u00e1fica sobre la aceptaci\u00f3n de tener crisis disociativas como parte de un TNF. La obra fue creada por el especialista en Lenguaje y Cognici\u00f3n <a href=\"http:\/\/www.gavininglis.com\/\" data-type=\"URL\" data-id=\"http:\/\/www.gavininglis.com\/\">Gavin Inglis<\/a> en colaboraci\u00f3n con el artista de Edimburgo <a href=\"https:\/\/fincramb.com\/\" data-type=\"URL\" data-id=\"https:\/\/fincramb.com\/\">Fin Cramb<\/a> como parte del programa <em>Beyond Walls<\/em> de Arte y Dise\u00f1o Terap\u00e9utico (ATD) para el Departamento de Neurociencias Cl\u00ednicas de Edimburgo.<\/p>\n\n\n\n<figure class=\"wp-block-image size-large\"><img loading=\"lazy\" width=\"1024\" height=\"503\" src=\"https:\/\/pre-prod.neurosymptoms.org\/wp-content\/uploads\/2023\/01\/Not-there-1024x503.jpg\" alt=\"\" class=\"wp-image-11699\" srcset=\"https:\/\/neurosymptoms.org\/wp-content\/uploads\/2023\/01\/Not-there-1024x503.jpg 1024w, https:\/\/neurosymptoms.org\/wp-content\/uploads\/2023\/01\/Not-there-300x147.jpg 300w, https:\/\/neurosymptoms.org\/wp-content\/uploads\/2023\/01\/Not-there-768x377.jpg 768w, https:\/\/neurosymptoms.org\/wp-content\/uploads\/2023\/01\/Not-there.jpg 1323w\" sizes=\"(max-width: 1024px) 100vw, 1024px\" \/><\/figure>\n\n\n\n<p>Gavin dijo: &#8220;Como parte de la beca, quer\u00eda crear algo que pudiera ayudar a los pacientes. Reconocer y comprender un trastorno neurol\u00f3gico funcional es una parte esencial del tratamiento. Dado que incluso algunos neur\u00f3logos no entienden bien los trastornos neurol\u00f3gicos funcionales, me pareci\u00f3 una oportunidad para crear una historia que pudiera ser a la vez informativa y terap\u00e9utica&#8221;.<\/p>\n\n\n\n<p>La historia se someti\u00f3 a un largo proceso de desarrollo, con aportaciones de personal del Sistema Brit\u00e1nico de Salud que desempe\u00f1aba diversas funciones. El profesor Jon Stone colabor\u00f3 en todo el proyecto, desde el gui\u00f3n hasta los \u00faltimos retoques, y contribuy\u00f3 con la introducci\u00f3n.<\/p>\n\n\n\n<p>&#8220;Not There&#8221; puede leerse con cualquier visor de PDF o con un <a href=\"https:\/\/www.howtogeek.com\/321394\/the-best-comic-book-readers-for-windows-mac-and-linux\/\" data-type=\"URL\" data-id=\"https:\/\/www.howtogeek.com\/321394\/the-best-comic-book-readers-for-windows-mac-and-linux\/\">lector de c\u00f3mics especializado<\/a>.<\/p>\n\n\n\n<p>Descargue aqu\u00ed una versi\u00f3n en PDF de baja resoluci\u00f3n (<a href=\"https:\/\/static1.squarespace.com\/static\/5c472c6f5cfd79a4108ddbdd\/t\/6016aa5b31367d7eb9b83111\/1612098153660\/NotThere-lowQ.pdf\" data-type=\"URL\" data-id=\"https:\/\/static1.squarespace.com\/static\/5c472c6f5cfd79a4108ddbdd\/t\/6016aa5b31367d7eb9b83111\/1612098153660\/NotThere-lowQ.pdf\">7mb<\/a>) o una versi\u00f3n en PDF de mayor resoluci\u00f3n (<a href=\"https:\/\/static1.squarespace.com\/static\/5c472c6f5cfd79a4108ddbdd\/t\/6016aaa8f444774bdfca0458\/1612098247500\/NotThere.pdf\" data-type=\"URL\" data-id=\"https:\/\/static1.squarespace.com\/static\/5c472c6f5cfd79a4108ddbdd\/t\/6016aaa8f444774bdfca0458\/1612098247500\/NotThere.pdf\">15mb<\/a>).<\/p>\n","protected":false},"excerpt":{"rendered":"<p>https:\/\/static1.squarespace.com\/static\/5c472c6f5cfd79a4108ddbdd\/t\/6016aa5b31367d7eb9b83111\/1612098153660\/NotThere-lowQ.pdf<\/p>\n","protected":false},"author":7,"featured_media":2039,"parent":1273,"menu_order":195,"comment_status":"closed","ping_status":"closed","template":"page-template\/symptom-details-page-template.php","meta":[],"_links":{"self":[{"href":"https:\/\/neurosymptoms.org\/es_ES\/wp-json\/wp\/v2\/pages\/2024"}],"collection":[{"href":"https:\/\/neurosymptoms.org\/es_ES\/wp-json\/wp\/v2\/pages"}],"about":[{"href":"https:\/\/neurosymptoms.org\/es_ES\/wp-json\/wp\/v2\/types\/page"}],"author":[{"embeddable":true,"href":"https:\/\/neurosymptoms.org\/es_ES\/wp-json\/wp\/v2\/users\/7"}],"replies":[{"embeddable":true,"href":"https:\/\/neurosymptoms.org\/es_ES\/wp-json\/wp\/v2\/comments?post=2024"}],"version-history":[{"count":14,"href":"https:\/\/neurosymptoms.org\/es_ES\/wp-json\/wp\/v2\/pages\/2024\/revisions"}],"predecessor-version":[{"id":11798,"href":"https:\/\/neurosymptoms.org\/es_ES\/wp-json\/wp\/v2\/pages\/2024\/revisions\/11798"}],"up":[{"embeddable":true,"href":"https:\/\/neurosymptoms.org\/es_ES\/wp-json\/wp\/v2\/pages\/1273"}],"wp:featuredmedia":[{"embeddable":true,"href":"https:\/\/neurosymptoms.org\/es_ES\/wp-json\/wp\/v2\/media\/2039"}],"wp:attachment":[{"href":"https:\/\/neurosymptoms.org\/es_ES\/wp-json\/wp\/v2\/media?parent=2024"}],"curies":[{"name":"wp","href":"https:\/\/api.w.org\/{rel}","templated":true}]}}