{"id":1701,"date":"2021-04-07T02:48:25","date_gmt":"2021-04-07T02:48:25","guid":{"rendered":"https:\/\/ftd.cognihealth.in\/?page_id=1701"},"modified":"2023-02-17T21:01:20","modified_gmt":"2023-02-17T21:01:20","slug":"about","status":"publish","type":"page","link":"https:\/\/neurosymptoms.org\/es_ES\/about\/","title":{"rendered":"About"},"content":{"rendered":"\n<figure class=\"wp-block-image size-large is-resized\"><img loading=\"lazy\" src=\"https:\/\/pre-prod.neurosymptoms.org\/wp-content\/uploads\/2023\/01\/a7ad8d7a-b235-4cac-b3c4-493b536c76be-758x1024.jpg\" alt=\"\" class=\"wp-image-11726\" width=\"308\" height=\"415\" srcset=\"https:\/\/neurosymptoms.org\/wp-content\/uploads\/2023\/01\/a7ad8d7a-b235-4cac-b3c4-493b536c76be-758x1024.jpg 758w, https:\/\/neurosymptoms.org\/wp-content\/uploads\/2023\/01\/a7ad8d7a-b235-4cac-b3c4-493b536c76be-222x300.jpg 222w, https:\/\/neurosymptoms.org\/wp-content\/uploads\/2023\/01\/a7ad8d7a-b235-4cac-b3c4-493b536c76be-768x1038.jpg 768w, https:\/\/neurosymptoms.org\/wp-content\/uploads\/2023\/01\/a7ad8d7a-b235-4cac-b3c4-493b536c76be-1137x1536.jpg 1137w, https:\/\/neurosymptoms.org\/wp-content\/uploads\/2023\/01\/a7ad8d7a-b235-4cac-b3c4-493b536c76be.jpg 1184w\" sizes=\"(max-width: 308px) 100vw, 308px\" \/><\/figure>\n\n\n\n<p>Jon Stone (Profesor)<br \/>MBChB FRCP PhD<br \/>Neur\u00f3logo (NHS Lothian) y Profesor Honorario de Neurolog\u00eda (Universidad de Edimburgo)<\/p>\n\n\n\n<p>Nota del Prosefor Jon Stone: <\/p>\n\n\n\n<p>Empec\u00e9 este sitio en 2009 para las personas con trastornos neurol\u00f3gicos funcionales y sus s\u00edntomas. Pero me doy cuenta de que los lectores necesitan saber de d\u00f3nde viene toda esta informaci\u00f3n.<\/p>\n\n\n\n<p>Soy neur\u00f3logo en Edimburgo, Escocia. He participado en la investigaci\u00f3n en esta \u00e1rea con mi compa\u00f1ero Alan Carson en Edimburgo y otros colegas en todo el Reino Unido y el mundo desde 1999. Nuestra investigaci\u00f3n se ha centrado principalmente en la descripci\u00f3n de las caracter\u00edsticas cl\u00ednicas de los trastornos neurol\u00f3gicos funcionales y su tratamiento. Nos mueve el deseo de mejorar el conocimiento, la comprensi\u00f3n y las actitudes hacia los trastornos funcionales.<\/p>\n\n\n\n<p>Puedes leer sobre mi grupo de investigaci\u00f3n y ver mis publicaciones en mi sitio de la Universidad de Edimburgo &#8211; <a href=\"https:\/\/www.ed.ac.uk\/clinical-brain-sciences\/research\/diagnoses-disease-targets\/functional-disorders\" data-type=\"URL\" data-id=\"https:\/\/www.ed.ac.uk\/clinical-brain-sciences\/research\/diagnoses-disease-targets\/functional-disorders\">aqu\u00ed<\/a><\/p>\n\n\n\n<p>Tuiteo sobre FND en <a href=\"https:\/\/twitter.com\/jonstoneneuro\" data-type=\"URL\" data-id=\"https:\/\/twitter.com\/jonstoneneuro\">@jonstoneneuro<\/a><\/p>\n\n\n\n<p>Soy cofundador, junto con Mark Hallett y Alan Carson, de la Sociedad Snternacional de TNF &#8211; <a href=\"https:\/\/www.fndsociety.org\/\" data-type=\"URL\" data-id=\"https:\/\/www.fndsociety.org\/\">www.fndsociety.org<\/a> &#8211; que existe para mejorar el conocimiento y la educaci\u00f3n de los profesionales de la salud sobre FND.<\/p>\n\n\n\n<p>Lo siento, pero no puedo mantener correspondencia por correo electr\u00f3nico con los pacientes, no acepto derivaciones del NHS desde fuera de Escocia y no realizo actividad privadas. Espero que la informaci\u00f3n de este sitio web le resulte \u00fatil.<\/p>\n\n\n\n<h4>Mis coautores<\/h4>\n\n\n\n<p>Doy las gracias a una gran y pr\u00f3spera comunidad de personas con TNF y profesionales sanitarios apasionados por mejorar nuestra comprensi\u00f3n y tratamiento de los TNF en todo el mundo.<\/p>\n\n\n\n<p>Entre las personas que han escrito material para este sitio web conmigo se incluyen:<\/p>\n\n\n\n<p>Prof. Alan Carson, Neuropsiquiatra, Real Enfermer\u00eda de Edimburgo<br \/>Dra. Ingrid Hoeritzauer, neur\u00f3loga, Real Enfermer\u00eda de Edimburgo<br \/>Dra. Laura McWhirter, neuropsiquiatra, Real Enfermer\u00eda de Edimburgo<br \/>Clare Nicholson, terapeuta ocupacional, Hospital Nacional de Neurolog\u00eda y Neurocirug\u00eda, Londres<br \/>Jan Baker, logopeda, Universidad Flinders, Australia Meridional<br \/>Prof. Isobel Heyman, psiquiatra de ni\u00f1os y adolescentes, Great Ormond St, Londres<br \/>Dra. Tammy Hedderley, neur\u00f3loga pedi\u00e1trica, St Thomas&#8217; Hospital, Londres<br \/>Dr Christos Ganos, neur\u00f3logo, Hospital Charite, Berl\u00edn<br \/>Glenn Nielsen, fisioterapeuta, St Georges Hospital, Londres<br \/>Dra. Biba Stanton, Neur\u00f3loga, Kings College Hospital, Londres<\/p>\n\n\n\n<p><br \/><\/p>\n\n\n\n<h3><strong>Neurosymptoms.org: historia y actualizaci\u00f3n en 2021<br \/><\/strong><\/h3>\n\n\n\n<p>Empec\u00e9 neurosymptoms.org en 2009, frustrado porque no hab\u00eda literalmente NINGUNA informaci\u00f3n para mis pacientes con TNF en Internet. Desde entonces, el panorama de los TNF ha cambiado dr\u00e1sticamente. Tenemos organizaciones de pacientes con TNF y a partir de 2019 la Sociedad Internacional de TNF (<a href=\"https:\/\/www.fndsociety.org\/\" data-type=\"URL\" data-id=\"https:\/\/www.fndsociety.org\/\">FND Society<\/a>) para profesionales de la salud.<\/p>\n\n\n\n<p>Neuros\u00edntomas es utilizado por unas 50.000 personas al mes en todo el mundo, y a menudo es recomendado por los profesionales de la salud. No es un tratamiento para TNF en s\u00ed mismo (esto lo hemos demostrado que en un <a href=\"https:\/\/n.neurology.org\/content\/95\/13\/e1883\/tab-article-info\" data-type=\"URL\" data-id=\"https:\/\/n.neurology.org\/content\/95\/13\/e1883\/tab-article-info\">ensayo cl\u00ednico<\/a>) , pero espero que sea un buen punto de partida.<\/p>\n\n\n\n<p>El antiguo sitio web, se ve\u00eda realmente viejo y adem\u00e1s funcionaba mal en m\u00f3viles. En octubre de 2020, recib\u00ed financiaci\u00f3n del Gobierno escoc\u00e9s que me permiti\u00f3 trabajar con Pooja Jain y su equipo en CogniHealth para mejorarlo.<\/p>\n\n\n\n<p>Hay una gran cantidad de contenido ahora en el sitio que he co-escrito con colegas. Un agradecimiento especial a (Twitter handles) <a href=\"https:\/\/twitter.com\/alancarson15\" data-type=\"URL\" data-id=\"https:\/\/twitter.com\/alancarson15\">@AlanCarson15<\/a> <a href=\"https:\/\/twitter.com\/ingridhoeritza1\" data-type=\"URL\" data-id=\"https:\/\/twitter.com\/ingridhoeritza1\">@IngridHoeritza1<\/a> <a href=\"https:\/\/twitter.com\/lauramcw\" data-type=\"URL\" data-id=\"https:\/\/twitter.com\/lauramcw\">@lauramcw<\/a> <a href=\"https:\/\/twitter.com\/bibastanton\" data-type=\"URL\" data-id=\"https:\/\/twitter.com\/bibastanton\">@BibaStanton<\/a> <a href=\"https:\/\/twitter.com\/cnicholsonot?lang=es\" data-type=\"URL\" data-id=\"https:\/\/twitter.com\/cnicholsonot?lang=es\">@CNicholsonOT<\/a> <a href=\"https:\/\/twitter.com\/christosganos?lang=es\">@ChristosGanos<\/a> y muchos otros que escribieron o contribuyeron a secciones.<\/p>\n\n\n\n<p>Gracias a los 434 que completaron una encuesta sobre el sitio el a\u00f1o pasado (65% personas con TNF, 24% profesionales sanitarios). A\u00fan no podemos hacer todo lo que queremos, pero nos hab\u00e9is dado muchos buenos consejos.<\/p>\n\n\n\n<p>Si no te gusta el cambio (o el nuevo sitio), no te preocupes: el antiguo sitio sigue siendo accesible en el siguiente enlace: <a href=\"http:\/\/old.neurosymptoms.org\/. \">http:\/\/old.neurosymptoms.org\/. <\/a> \u00bfQu\u00e9 hay de nuevo? Esta es la Fase 1 &#8211; principalmente una transferencia de material existente a un nuevo escritorio y sitio m\u00f3vil, as\u00ed como una nueva aplicaci\u00f3n con la que estoy especialmente entusiasmados &#8211; se puede descargar aqu\u00ed &#8211; <a href=\"https:\/\/apps.apple.com\/us\/app\/neurosymptoms-fnd-guide\/id1543737006\" data-type=\"URL\" data-id=\"https:\/\/apps.apple.com\/us\/app\/neurosymptoms-fnd-guide\/id1543737006\">iphone<\/a>, <a href=\"https:\/\/play.google.com\/store\/apps\/details?id=com.jonstone.fnd&amp;pli=1\" data-type=\"URL\" data-id=\"https:\/\/play.google.com\/store\/apps\/details?id=com.jonstone.fnd&amp;pli=1\">android<\/a><\/p>\n\n\n\n<p>El nuevo bot\u00f3n de guardar\/recomendar permite a los pacientes o profesionales de la salud identificar los recursos que creen que pueden ser \u00fatiles y compartirlos. Busque el icono GUARDAR en el sitio web o la aplicaci\u00f3n. Esto te llevar\u00e1 a la p\u00e1gina de &#8220;recomendaci\u00f3n&#8221; para que pueda guardar los elementos, y luego compartirlos por correo electr\u00f3nico\/airdrop\/whatsapp con cualquier persona.<\/p>\n\n\n\n<p>Como siempre, el sitio y todo su contenido son gratuitos. Lo hacemos porque creemos que es necesario, no por ninguna otra raz\u00f3n. Hay algunas p\u00e1ginas nuevas.<\/p>\n\n\n\n<p>Queremos apoyar y complementar a otras organizaciones y defensores de TNF (FND). Especialmente queremos conectar <a href=\"https:\/\/twitter.com\/myfndapp\" data-type=\"URL\" data-id=\"https:\/\/twitter.com\/myfndapp\">@MyFNDapp<\/a> dirigido por <a href=\"https:\/\/twitter.com\/chris_sym\" data-type=\"URL\" data-id=\"https:\/\/twitter.com\/chris_sym\">@chris_sym<\/a> que ayuda a las personas con FND con seguimiento e ideas sobre la autogesti\u00f3n de sus s\u00edntomas.<\/p>\n\n\n\n<p>Todos los miembros de la comunidad TNF aportan algo diferente e importante. Espero que os sea de ayuda.<\/p>\n\n\n\n<p>Prof Jon Stone 28 de junio de 2021.<\/p>\n\n\n\n<p><\/p>\n\n\n\n<p><\/p>\n\n\n\n<figure class=\"wp-block-image size-large is-resized\"><img loading=\"lazy\" src=\"https:\/\/pre-prod.neurosymptoms.org\/wp-content\/uploads\/2023\/01\/1673955279447-1.jpg\" alt=\"\" class=\"wp-image-12609\" width=\"359\" height=\"359\" srcset=\"https:\/\/neurosymptoms.org\/wp-content\/uploads\/2023\/01\/1673955279447-1.jpg 717w, https:\/\/neurosymptoms.org\/wp-content\/uploads\/2023\/01\/1673955279447-1-300x300.jpg 300w, https:\/\/neurosymptoms.org\/wp-content\/uploads\/2023\/01\/1673955279447-1-150x150.jpg 150w\" sizes=\"(max-width: 359px) 100vw, 359px\" \/><\/figure>\n\n\n\n<p>La p\u00e1gina &#8220;Neurosymptoms.org&#8221; ha sido traducida libremente al castellano por V\u00edctor G\u00f3mez Mayordomo, Neur\u00f3logo, Instituto de Neurociencias, Hospital Vithas La Milagrosa, Madrid, Espa\u00f1a.<\/p>\n\n\n\n<p>Nota del Dr. V\u00edctor G\u00f3mez Mayordomo:<\/p>\n\n\n\n<p>Siempre me ha interesado c\u00f3mo funciona el cerebro en todos sus aspectos. El cerebro es el \u00fanico \u00f3rgano que tiene dos especialidades m\u00e9dicas, la Neurolog\u00eda y la Psiquiatr\u00eda. Sin embargo, no siempre tienen la misma visi\u00f3n y muchas veces trabajan &#8220;por separado&#8221;. Los trastornos neurol\u00f3gicos funcionales (TNF) son el ejemplo de c\u00f3mo un cerebro puede funcionar incorrectamente sin tener lesi\u00f3n estructural. Desde mi formaci\u00f3n inicial en Neurolog\u00eda, me apasion\u00f3 entender la neurociencia de estos trastornos. Me di cuenta que eran pacientes con s\u00edntomas totalmente involuntarios y con alto grado de discapacidad, pero que no encontraban un manejo \u00f3ptimo en la mayor\u00eda de los casos. <\/p>\n\n\n\n<p>Gracias a la Dra. Isabel Par\u00e9es y a los Profesores Jon Stone y Alan Carson, descubr\u00ed de forma neurocient\u00edfica los TNF y puede aprender y formarme en ellos. Actualmente me dedico con un equipo transdisciplinar al diagn\u00b4\u00f3stico, tratamiento e investigaci\u00f3n de los TNF. <\/p>\n\n\n\n<p>El resultado de la traducci\u00f3n de esta web al castellano, realizada por el Profesor Jon Stone, es la posibilidad de que pacientes, familiares y profesionales que trabajan con trastornos neurol\u00f3gicos funcionales, tengan informaci\u00f3n \u00fatil y fidedigna sobre ellos. Espero que sea de gran ayuda. <\/p>\n","protected":false},"excerpt":{"rendered":"<p><!-- wp:image {\"id\":11726,\"width\":308,\"height\":415,\"sizeSlug\":\"large\"} --><\/p>\n<figure class=\"wp-block-image size-large is-resized\"><img src=\"https:\/\/pre-prod.neurosymptoms.org\/wp-content\/uploads\/2023\/01\/a7ad8d7a-b235-4cac-b3c4-493b536c76be-758x1024.jpg\"...\n<\/p>\n","protected":false},"author":1,"featured_media":0,"parent":0,"menu_order":212,"comment_status":"closed","ping_status":"closed","template":"page-template\/news.php","meta":[],"_links":{"self":[{"href":"https:\/\/neurosymptoms.org\/es_ES\/wp-json\/wp\/v2\/pages\/1701"}],"collection":[{"href":"https:\/\/neurosymptoms.org\/es_ES\/wp-json\/wp\/v2\/pages"}],"about":[{"href":"https:\/\/neurosymptoms.org\/es_ES\/wp-json\/wp\/v2\/types\/page"}],"author":[{"embeddable":true,"href":"https:\/\/neurosymptoms.org\/es_ES\/wp-json\/wp\/v2\/users\/1"}],"replies":[{"embeddable":true,"href":"https:\/\/neurosymptoms.org\/es_ES\/wp-json\/wp\/v2\/comments?post=1701"}],"version-history":[{"count":46,"href":"https:\/\/neurosymptoms.org\/es_ES\/wp-json\/wp\/v2\/pages\/1701\/revisions"}],"predecessor-version":[{"id":13357,"href":"https:\/\/neurosymptoms.org\/es_ES\/wp-json\/wp\/v2\/pages\/1701\/revisions\/13357"}],"wp:attachment":[{"href":"https:\/\/neurosymptoms.org\/es_ES\/wp-json\/wp\/v2\/media?parent=1701"}],"curies":[{"name":"wp","href":"https:\/\/api.w.org\/{rel}","templated":true}]}}