{"id":1318,"date":"2021-03-07T17:18:39","date_gmt":"2021-03-07T17:18:39","guid":{"rendered":"https:\/\/ftd.cognihealth.in\/?page_id=1318"},"modified":"2023-01-03T22:29:09","modified_gmt":"2023-01-03T22:29:09","slug":"fibromyalgia-living-with-chronic-pain","status":"publish","type":"page","link":"https:\/\/neurosymptoms.org\/es_ES\/media\/pain-videos\/fibromyalgia-living-with-chronic-pain\/","title":{"rendered":"Fibromialgia - vivir con dolor cr\u00f3nico"},"content":{"rendered":"\n<figure class=\"wp-block-embed-youtube wp-block-embed is-type-video is-provider-youtube wp-embed-aspect-16-9 wp-has-aspect-ratio\"><div class=\"wp-block-embed__wrapper\">\n<iframe loading=\"lazy\" title=\"Fibromyalgia: Living with chronic pain - BBC Stories\" width=\"745\" height=\"419\" src=\"https:\/\/www.youtube.com\/embed\/1CBULIcf9MU?feature=oembed\" frameborder=\"0\" allow=\"accelerometer; autoplay; clipboard-write; encrypted-media; gyroscope; picture-in-picture; web-share\" allowfullscreen><\/iframe>\n<\/div><\/figure>\n\n\n\n<p>Este es un gran cortometraje sobre mujeres con fibromialgia de la BBC en el Reino Unido.<\/p>\n\n\n\n<p>La \u00fanica pega que le encontramos es que la fibromialgia puede ser reversible y no estamos de acuerdo en que sea inexplicable. Hemos aprendido mucho sobre el funcionamiento de la fibromialgia en los \u00faltimos a\u00f1os. Adem\u00e1s, \u00a1los hombres tambi\u00e9n la padecen!<\/p>\n\n\n\n<p>M\u00e1s informaci\u00f3n en la p\u00e1gina sobre el dolor cr\u00f3nico. <\/p>\n","protected":false},"excerpt":{"rendered":"<p>https:\/\/www.youtube.com\/watch?v=1CBULIcf9MU<\/p>\n","protected":false},"author":3,"featured_media":0,"parent":1224,"menu_order":203,"comment_status":"closed","ping_status":"closed","template":"page-template\/media-details-template.php","meta":[],"_links":{"self":[{"href":"https:\/\/neurosymptoms.org\/es_ES\/wp-json\/wp\/v2\/pages\/1318"}],"collection":[{"href":"https:\/\/neurosymptoms.org\/es_ES\/wp-json\/wp\/v2\/pages"}],"about":[{"href":"https:\/\/neurosymptoms.org\/es_ES\/wp-json\/wp\/v2\/types\/page"}],"author":[{"embeddable":true,"href":"https:\/\/neurosymptoms.org\/es_ES\/wp-json\/wp\/v2\/users\/3"}],"replies":[{"embeddable":true,"href":"https:\/\/neurosymptoms.org\/es_ES\/wp-json\/wp\/v2\/comments?post=1318"}],"version-history":[{"count":22,"href":"https:\/\/neurosymptoms.org\/es_ES\/wp-json\/wp\/v2\/pages\/1318\/revisions"}],"predecessor-version":[{"id":11832,"href":"https:\/\/neurosymptoms.org\/es_ES\/wp-json\/wp\/v2\/pages\/1318\/revisions\/11832"}],"up":[{"embeddable":true,"href":"https:\/\/neurosymptoms.org\/es_ES\/wp-json\/wp\/v2\/pages\/1224"}],"wp:attachment":[{"href":"https:\/\/neurosymptoms.org\/es_ES\/wp-json\/wp\/v2\/media?parent=1318"}],"curies":[{"name":"wp","href":"https:\/\/api.w.org\/{rel}","templated":true}]}}