{"id":1312,"date":"2021-03-07T17:16:35","date_gmt":"2021-03-07T17:16:35","guid":{"rendered":"https:\/\/ftd.cognihealth.in\/?page_id=1312"},"modified":"2023-01-03T22:29:41","modified_gmt":"2023-01-03T22:29:41","slug":"calm-the-storm-an-introduction-to-migraine","status":"publish","type":"page","link":"https:\/\/neurosymptoms.org\/es_ES\/media\/pain-videos\/calm-the-storm-an-introduction-to-migraine\/","title":{"rendered":"Calma la tormenta - una introducci\u00f3n a la migra\u00f1a"},"content":{"rendered":"\n<figure class=\"wp-block-embed-youtube wp-block-embed is-type-video is-provider-youtube wp-embed-aspect-16-9 wp-has-aspect-ratio\"><div class=\"wp-block-embed__wrapper\">\n<iframe loading=\"lazy\" title=\"&quot;Calm the Storm&quot; Migraine Education Video\" width=\"745\" height=\"419\" src=\"https:\/\/www.youtube.com\/embed\/I0iIRtDZDcM?feature=oembed\" frameborder=\"0\" allow=\"accelerometer; autoplay; clipboard-write; encrypted-media; gyroscope; picture-in-picture\" allowfullscreen><\/iframe>\n<\/div><\/figure>\n\n\n\n<p>Esta pel\u00edcula es una gran introducci\u00f3n para entender la migra\u00f1a. La migra\u00f1a no forma parte del TNF, pero es muy com\u00fan en pacientes con TNF y un mejor control de la misma puede ayudar con otros s\u00edntomas.<\/p>\n","protected":false},"excerpt":{"rendered":"<p><!-- wp:core-embed\/youtube {\"url\":\"https:\/\/youtu.be\/I0iIRtDZDcM\",\"type\":\"video\",\"providerNameSlug\":\"youtube\",\"className\":\"wp-embed-aspect-16-9 wp-has-aspect-ratio\"} --><\/p>\n<figure class=\"wp-block-embed-youtube wp-block-embed is-type-video is-provider-yo... \n\n","protected":false},"author":3,"featured_media":0,"parent":1224,"menu_order":206,"comment_status":"closed","ping_status":"closed","template":"page-template\/media-details-template.php","meta":[],"_links":{"self":[{"href":"https:\/\/neurosymptoms.org\/es_ES\/wp-json\/wp\/v2\/pages\/1312"}],"collection":[{"href":"https:\/\/neurosymptoms.org\/es_ES\/wp-json\/wp\/v2\/pages"}],"about":[{"href":"https:\/\/neurosymptoms.org\/es_ES\/wp-json\/wp\/v2\/types\/page"}],"author":[{"embeddable":true,"href":"https:\/\/neurosymptoms.org\/es_ES\/wp-json\/wp\/v2\/users\/3"}],"replies":[{"embeddable":true,"href":"https:\/\/neurosymptoms.org\/es_ES\/wp-json\/wp\/v2\/comments?post=1312"}],"version-history":[{"count":18,"href":"https:\/\/neurosymptoms.org\/es_ES\/wp-json\/wp\/v2\/pages\/1312\/revisions"}],"predecessor-version":[{"id":11835,"href":"https:\/\/neurosymptoms.org\/es_ES\/wp-json\/wp\/v2\/pages\/1312\/revisions\/11835"}],"up":[{"embeddable":true,"href":"https:\/\/neurosymptoms.org\/es_ES\/wp-json\/wp\/v2\/pages\/1224"}],"wp:attachment":[{"href":"https:\/\/neurosymptoms.org\/es_ES\/wp-json\/wp\/v2\/media?parent=1312"}],"curies":[{"name":"wp","href":"https:\/\/api.w.org\/{rel}","templated":true}]}}