{"id":1281,"date":"2021-03-07T16:53:34","date_gmt":"2021-03-07T16:53:34","guid":{"rendered":"https:\/\/ftd.cognihealth.in\/?page_id=1281"},"modified":"2023-01-03T22:26:47","modified_gmt":"2023-01-03T22:26:47","slug":"what-is-fnd","status":"publish","type":"page","link":"https:\/\/neurosymptoms.org\/es_ES\/media\/fnd-videos\/what-is-fnd\/","title":{"rendered":"\u00bfQu\u00e9 son los TNFs?"},"content":{"rendered":"\n<figure class=\"wp-block-embed-youtube wp-block-embed is-type-video is-provider-youtube wp-embed-aspect-16-9 wp-has-aspect-ratio\"><div class=\"wp-block-embed__wrapper\">\n<iframe loading=\"lazy\" title=\"\u00bfQu\u00e9 son los Trastornos Neurol\u00f3gicos Funcionales?\" width=\"745\" height=\"419\" src=\"https:\/\/www.youtube.com\/embed\/iDIb71_qp5w?feature=oembed\" frameborder=\"0\" allow=\"accelerometer; autoplay; clipboard-write; encrypted-media; gyroscope; picture-in-picture; web-share\" allowfullscreen><\/iframe>\n<\/div><figcaption>\u00bfQu\u00e9 son los Trastornos Neurol\u00f3gicos Funcionales?<\/figcaption><\/figure>\n\n\n\n<p>Este v\u00eddeo forma parte de la colecci\u00f3n de v\u00eddeos introductorios sobre los trastornos neurol\u00f3gicosfuncionales. Es uno de los cinco cortometrajes de aproximadamente un minuto de duraci\u00f3n que ofrecen una breve introducci\u00f3n a los TNFs, sus causas y su tratamiento.<\/p>\n\n\n\n<p>Fueron concebidos y organizados por Alex Lehn, neur\u00f3logo de Brisbane, como parte de la red australiana de trastornos neurol\u00f3gicos funcionales de Explanimate. En esta web, la voz est\u00e1 doblada al castellano. <\/p>\n\n\n\n<p><\/p>\n","protected":false},"excerpt":{"rendered":"<p>https:\/\/www.youtube.com\/watch?v=w3ij_LuRvKw<\/p>\n","protected":false},"author":3,"featured_media":0,"parent":1220,"menu_order":165,"comment_status":"closed","ping_status":"closed","template":"page-template\/media-details-template.php","meta":[],"_links":{"self":[{"href":"https:\/\/neurosymptoms.org\/es_ES\/wp-json\/wp\/v2\/pages\/1281"}],"collection":[{"href":"https:\/\/neurosymptoms.org\/es_ES\/wp-json\/wp\/v2\/pages"}],"about":[{"href":"https:\/\/neurosymptoms.org\/es_ES\/wp-json\/wp\/v2\/types\/page"}],"author":[{"embeddable":true,"href":"https:\/\/neurosymptoms.org\/es_ES\/wp-json\/wp\/v2\/users\/3"}],"replies":[{"embeddable":true,"href":"https:\/\/neurosymptoms.org\/es_ES\/wp-json\/wp\/v2\/comments?post=1281"}],"version-history":[{"count":30,"href":"https:\/\/neurosymptoms.org\/es_ES\/wp-json\/wp\/v2\/pages\/1281\/revisions"}],"predecessor-version":[{"id":11823,"href":"https:\/\/neurosymptoms.org\/es_ES\/wp-json\/wp\/v2\/pages\/1281\/revisions\/11823"}],"up":[{"embeddable":true,"href":"https:\/\/neurosymptoms.org\/es_ES\/wp-json\/wp\/v2\/pages\/1220"}],"wp:attachment":[{"href":"https:\/\/neurosymptoms.org\/es_ES\/wp-json\/wp\/v2\/media?parent=1281"}],"curies":[{"name":"wp","href":"https:\/\/api.w.org\/{rel}","templated":true}]}}