{"id":1273,"date":"2021-03-07T16:43:49","date_gmt":"2021-03-07T16:43:49","guid":{"rendered":"https:\/\/ftd.cognihealth.in\/?page_id=1273"},"modified":"2023-01-03T22:00:20","modified_gmt":"2023-01-03T22:00:20","slug":"other-media","status":"publish","type":"page","link":"https:\/\/neurosymptoms.org\/es_ES\/media\/other-media\/","title":{"rendered":"Other Media"},"content":{"rendered":"\n<p>Esta secci\u00f3n re\u00fane otros v\u00eddeos y redes relacionados con los TNF.<\/p>\n\n\n\n<p>La pel\u00edcula &#8220;Still Ill&#8221;, por ejemplo, es una obra de teatro escrita sobre la experiencia de ser diagnosticado y vivir con TNF.<\/p>\n","protected":false},"excerpt":{"rendered":"<p><!-- wp:paragraph --><\/p>\n<p>Esta secci\u00f3n re\u00fane otros v\u00eddeos y redes relacionados con los TNF.<\/p>\n<p><!-- \/wp:paragraph --><\/p>\n<p><!-- wp:paragraph --><\/p>\n<p>La pel\u00edcula &#8220;Still Ill&#8221;, por ejemplo, es una obra de teatro escrita sobre la experiencia de ser diagnostic&#8230;<\/p>\n","protected":false},"author":3,"featured_media":0,"parent":1147,"menu_order":191,"comment_status":"closed","ping_status":"closed","template":"page-template\/media-category-template.php","meta":[],"_links":{"self":[{"href":"https:\/\/neurosymptoms.org\/es_ES\/wp-json\/wp\/v2\/pages\/1273"}],"collection":[{"href":"https:\/\/neurosymptoms.org\/es_ES\/wp-json\/wp\/v2\/pages"}],"about":[{"href":"https:\/\/neurosymptoms.org\/es_ES\/wp-json\/wp\/v2\/types\/page"}],"author":[{"embeddable":true,"href":"https:\/\/neurosymptoms.org\/es_ES\/wp-json\/wp\/v2\/users\/3"}],"replies":[{"embeddable":true,"href":"https:\/\/neurosymptoms.org\/es_ES\/wp-json\/wp\/v2\/comments?post=1273"}],"version-history":[{"count":10,"href":"https:\/\/neurosymptoms.org\/es_ES\/wp-json\/wp\/v2\/pages\/1273\/revisions"}],"predecessor-version":[{"id":11794,"href":"https:\/\/neurosymptoms.org\/es_ES\/wp-json\/wp\/v2\/pages\/1273\/revisions\/11794"}],"up":[{"embeddable":true,"href":"https:\/\/neurosymptoms.org\/es_ES\/wp-json\/wp\/v2\/pages\/1147"}],"wp:attachment":[{"href":"https:\/\/neurosymptoms.org\/es_ES\/wp-json\/wp\/v2\/media?parent=1273"}],"curies":[{"name":"wp","href":"https:\/\/api.w.org\/{rel}","templated":true}]}}