{"id":1226,"date":"2021-03-07T15:47:15","date_gmt":"2021-03-07T15:47:15","guid":{"rendered":"https:\/\/ftd.cognihealth.in\/?page_id=1226"},"modified":"2023-01-03T22:27:45","modified_gmt":"2023-01-03T22:27:45","slug":"functional-neurological-disorder-an-introduction","status":"publish","type":"page","link":"https:\/\/neurosymptoms.org\/es_ES\/media\/fnd-videos\/functional-neurological-disorder-an-introduction\/","title":{"rendered":"TNF- una introducci\u00f3n"},"content":{"rendered":"\n<figure class=\"wp-block-embed-youtube wp-block-embed is-type-video is-provider-youtube wp-embed-aspect-16-9 wp-has-aspect-ratio\"><div class=\"wp-block-embed__wrapper\">\n<iframe loading=\"lazy\" title=\"Functional Neurological Disorder (FND) - an introduction\" width=\"745\" height=\"419\" src=\"https:\/\/www.youtube.com\/embed\/w4lqr4Mo32M?feature=oembed\" frameborder=\"0\" allow=\"accelerometer; autoplay; clipboard-write; encrypted-media; gyroscope; picture-in-picture; web-share\" allowfullscreen><\/iframe>\n<\/div><\/figure>\n\n\n\n<p>Una pel\u00edcula sobre el diagn\u00f3stico y el tratamiento de los TNF en ingl\u00e9s, completada en diciembre de 2018 por la compa\u00f1\u00eda cinematogr\u00e1fica holandesa iTZiT productions, con agradecimiento por la financiaci\u00f3n de Spohr Innovations.<\/p>\n\n\n\n<p>La pel\u00edcula se ha dise\u00f1ado para describir qu\u00e9 es el TNF (en particular los s\u00edntomas motores funcionales como la par\u00e1lisis y los trastornos del movimiento), c\u00f3mo se diagnostica y c\u00f3mo puede ayudar el tratamiento.<\/p>\n\n\n\n<p>Reportajes: Marieke, Rachel, Simon y Rien Vermeulen (Neurolog\u00eda, \u00c1msterdam), Jon Stone (Neurolog\u00eda, Edimburgo), Alan Carson (Neuropsiquiatr\u00eda), Bart van Buchem (Fisioterapeuta, \u00c1msterdam). Gracias tambi\u00e9n a Stichting FNS, FNDHope, NHS Lothian, Universidad de Edimburgo y Fysiotherapie Haarlem &#8211; Praktijk Noorder Spaarne.<\/p>\n\n\n\n<p><\/p>\n","protected":false},"excerpt":{"rendered":"<p><!-- wp:core-embed\/youtube {\"url\":\"https:\/\/youtu.be\/w4lqr4Mo32M\",\"type\":\"video\",\"providerNameSlug\":\"youtube\",\"className\":\"wp-embed-aspect-16-9 wp-has-aspect-ratio\"} --><\/p>\n<figure class=\"wp-block-embed-youtube wp-block-embed is-type-video is-provider-yo... \n\n","protected":false},"author":1,"featured_media":0,"parent":1220,"menu_order":174,"comment_status":"closed","ping_status":"closed","template":"page-template\/media-details-template.php","meta":[],"_links":{"self":[{"href":"https:\/\/neurosymptoms.org\/es_ES\/wp-json\/wp\/v2\/pages\/1226"}],"collection":[{"href":"https:\/\/neurosymptoms.org\/es_ES\/wp-json\/wp\/v2\/pages"}],"about":[{"href":"https:\/\/neurosymptoms.org\/es_ES\/wp-json\/wp\/v2\/types\/page"}],"author":[{"embeddable":true,"href":"https:\/\/neurosymptoms.org\/es_ES\/wp-json\/wp\/v2\/users\/1"}],"replies":[{"embeddable":true,"href":"https:\/\/neurosymptoms.org\/es_ES\/wp-json\/wp\/v2\/comments?post=1226"}],"version-history":[{"count":19,"href":"https:\/\/neurosymptoms.org\/es_ES\/wp-json\/wp\/v2\/pages\/1226\/revisions"}],"predecessor-version":[{"id":11829,"href":"https:\/\/neurosymptoms.org\/es_ES\/wp-json\/wp\/v2\/pages\/1226\/revisions\/11829"}],"up":[{"embeddable":true,"href":"https:\/\/neurosymptoms.org\/es_ES\/wp-json\/wp\/v2\/pages\/1220"}],"wp:attachment":[{"href":"https:\/\/neurosymptoms.org\/es_ES\/wp-json\/wp\/v2\/media?parent=1226"}],"curies":[{"name":"wp","href":"https:\/\/api.w.org\/{rel}","templated":true}]}}