{"id":1150,"date":"2021-02-25T13:20:43","date_gmt":"2021-02-25T13:20:43","guid":{"rendered":"https:\/\/ftd.cognihealth.in\/?page_id=1150"},"modified":"2024-06-30T10:41:00","modified_gmt":"2024-06-30T10:41:00","slug":"stories","status":"publish","type":"page","link":"https:\/\/neurosymptoms.org\/es_ES\/stories\/","title":{"rendered":"Historias"},"content":{"rendered":"\n<p>Los siguientes pacientes han escrito sus propias historias para este sitio web y han accedido amablemente a que aparezcan aqu\u00ed con la esperanza de que puedan ayudar a otras personas a comprender sus propios s\u00edntomas. Sus datos se han anonimizado y las historias se han agrupado por s\u00edntoma principal (crisis, trastornos del movimiento, debilidad\/dolor en las extremidades). Lamentablemente son historias en ingl\u00e9s, \u00a1esperamos pronto tener historias en pacientes espa\u00f1oles!<\/p>\n","protected":false},"excerpt":{"rendered":"<p><!-- wp:paragraph --><\/p>\n<p>Los siguientes pacientes han escrito sus propias historias para este sitio web y han accedido amablemente a que aparezcan aqu\u00ed con la esperanza de que puedan ayudar a otras personas a comprender sus propios s\u00edntomas. Sus dato&#8230;<\/p>\n","protected":false},"author":65,"featured_media":0,"parent":0,"menu_order":213,"comment_status":"closed","ping_status":"closed","template":"page-template\/stories.php","meta":[],"_links":{"self":[{"href":"https:\/\/neurosymptoms.org\/es_ES\/wp-json\/wp\/v2\/pages\/1150"}],"collection":[{"href":"https:\/\/neurosymptoms.org\/es_ES\/wp-json\/wp\/v2\/pages"}],"about":[{"href":"https:\/\/neurosymptoms.org\/es_ES\/wp-json\/wp\/v2\/types\/page"}],"author":[{"embeddable":true,"href":"https:\/\/neurosymptoms.org\/es_ES\/wp-json\/wp\/v2\/users\/65"}],"replies":[{"embeddable":true,"href":"https:\/\/neurosymptoms.org\/es_ES\/wp-json\/wp\/v2\/comments?post=1150"}],"version-history":[{"count":51,"href":"https:\/\/neurosymptoms.org\/es_ES\/wp-json\/wp\/v2\/pages\/1150\/revisions"}],"predecessor-version":[{"id":14750,"href":"https:\/\/neurosymptoms.org\/es_ES\/wp-json\/wp\/v2\/pages\/1150\/revisions\/14750"}],"wp:attachment":[{"href":"https:\/\/neurosymptoms.org\/es_ES\/wp-json\/wp\/v2\/media?parent=1150"}],"curies":[{"name":"wp","href":"https:\/\/api.w.org\/{rel}","templated":true}]}}