{"id":2782,"date":"2021-07-24T06:51:50","date_gmt":"2021-07-24T06:51:50","guid":{"rendered":"https:\/\/www.neurosymptoms.org\/?page_id=2782"},"modified":"2024-09-11T11:00:51","modified_gmt":"2024-09-11T11:00:51","slug":"home-2","status":"publish","type":"page","link":"https:\/\/neurosymptoms.org\/en\/home-2\/","title":{"rendered":"Home"},"content":{"rendered":"\n<h3 class=\"has-text-color\" style=\"color:#00a320\">Funk\u010dn\u00ed neurologick\u00e9 poruchy (FNP):<\/h3>\n\n\n\n<p>FNP popisuj\u00ed neurologick\u00e9 p\u0159\u00edznaky, jako je slabost kon\u010detin, t\u0159es, poruchy citlivosti nebo poruchy v\u011bdom\u00ed, kter\u00e9 vznikaj\u00ed v souvislosti s motorickou (pohybovou) a senzitivn\u00ed (citlivostn\u00ed) \u010d\u00e1st\u00ed nervov\u00e9ho syst\u00e9mu&#8230;..<\/p>\n\n\n\n<ul><li>P\u0159\u00ed\u010dinou je PORUCHA FUNKCE nervov\u00e9ho syst\u00e9mu<\/li><li>Probl\u00e9m &#8220;softwaru&#8221; mozku, nikoli hardwaru (jako u mrtvice nebo roztrou\u0161en\u00e9 skler\u00f3zy)<\/li><li>S pozitivn\u00edmi diagnostick\u00fdmi znaky typick\u00fdmi pro FNP<\/li><li>Zp\u016fsobuj\u00ed ka\u017edodenn\u00ed pot\u00ed\u017ee osob\u011b, kter\u00e1 je za\u017e\u00edv\u00e1<\/li><\/ul>\n\n\n\n<h3 class=\"has-vivid-green-cyan-color has-text-color\">Funk\u010dn\u00ed neurologick\u00e9 symptomy jsou:<\/h3>\n\n\n\n<p>\u017divot znesnad\u0148uj\u00edc\u00ed p\u0159\u00edznaky, kter\u00e9 se u \u010dlov\u011bka objev\u00ed, ani\u017e by znamenaly &#8220;poruchu&#8221; v prav\u00e9m slova smyslu. Tato str\u00e1nka je ur\u010dena pro ka\u017ed\u00e9ho, u n\u011bho\u017e se tento druh neurologick\u00fdch obt\u00ed\u017e\u00ed projev\u00ed. <\/p>\n\n\n\n<p>FNP a funk\u010dn\u00ed neurologick\u00e9 p\u0159\u00edznaky jsou p\u0159ekvapiv\u011b \u010dast\u00fdm, ale pro pacienty i zdravotn\u00edky mnohdy obt\u00ed\u017en\u011b uchopiteln\u00fdm probl\u00e9mem.<\/p>\n\n\n\n<p>C\u00edlem t\u00e9to webov\u00e9 str\u00e1nky, jej\u00edm\u017e autorem je neurolog specializuj\u00edc\u00ed se na tyto probl\u00e9my, je poskytnout lep\u0161\u00ed porozum\u011bn\u00ed t\u011bmto p\u0159\u00edznak\u016fm. Neobsahuje \u017e\u00e1dnou reklamu a je zdarma. Douf\u00e1m, \u017ee pro v\u00e1s bude u\u017eite\u010dn\u00e1.<\/p>\n\n\n\n<p><strong>Professor Jon Stone<\/strong><br>\u2013 Consultant Neurologist, Royal Infirmary of Edinburgh and University of Edinburgh, UK<\/p>\n","protected":false},"excerpt":{"rendered":"<p>Funk\u010dn\u00ed neurologick\u00e9 poruchy (FNP): FNP popisuj\u00ed neurologick\u00e9 p\u0159\u00edznaky, jako je slabost kon\u010detin, t\u0159es, poruchy citlivosti nebo poruchy v\u011bdom\u00ed, kter\u00e9 vznikaj\u00ed v souvislosti s motorickou (pohybovou) a senzitivn\u00ed (citlivostn\u00ed) \u010d\u00e1st\u00ed nervov\u00e9ho syst\u00e9mu&#8230;.. P\u0159\u00ed\u010dinou je PORUCHA FUNKCE nervov\u00e9ho syst\u00e9mu Probl\u00e9m &#8220;softwaru&#8221; mozku, ..<\/p>\n<div class=\"reading\"><a href=\"https:\/\/neurosymptoms.org\/en\/home-2\/\">Continue Reading<\/a><\/div>\n","protected":false},"author":65,"featured_media":0,"parent":0,"menu_order":142,"comment_status":"closed","ping_status":"closed","template":"","meta":[],"_links":{"self":[{"href":"https:\/\/neurosymptoms.org\/en\/wp-json\/wp\/v2\/pages\/2782"}],"collection":[{"href":"https:\/\/neurosymptoms.org\/en\/wp-json\/wp\/v2\/pages"}],"about":[{"href":"https:\/\/neurosymptoms.org\/en\/wp-json\/wp\/v2\/types\/page"}],"author":[{"embeddable":true,"href":"https:\/\/neurosymptoms.org\/en\/wp-json\/wp\/v2\/users\/65"}],"replies":[{"embeddable":true,"href":"https:\/\/neurosymptoms.org\/en\/wp-json\/wp\/v2\/comments?post=2782"}],"version-history":[{"count":91,"href":"https:\/\/neurosymptoms.org\/en\/wp-json\/wp\/v2\/pages\/2782\/revisions"}],"predecessor-version":[{"id":15353,"href":"https:\/\/neurosymptoms.org\/en\/wp-json\/wp\/v2\/pages\/2782\/revisions\/15353"}],"wp:attachment":[{"href":"https:\/\/neurosymptoms.org\/en\/wp-json\/wp\/v2\/media?parent=2782"}],"curies":[{"name":"wp","href":"https:\/\/api.w.org\/{rel}","templated":true}]}}