{"id":13732,"date":"2023-06-20T19:10:42","date_gmt":"2023-06-20T19:10:42","guid":{"rendered":"https:\/\/pre-prod.neurosymptoms.org\/home-disclaimer-8\/"},"modified":"2023-06-20T19:10:42","modified_gmt":"2023-06-20T19:10:42","slug":"home-disclaimer-8","status":"publish","type":"page","link":"https:\/\/neurosymptoms.org\/en\/home-disclaimer-8\/","title":{"rendered":"home- ZASTRZE\u017bENIE"},"content":{"rendered":"\n<pre class=\"wp-block-code\"><code>Nie pr\u00f3buj diagnozowa\u0107 siebie ani innych os\u00f3b za pomoc\u0105 tej witryny. Rozpoznanie FND i czynno\u015bciowych objaw\u00f3w neurologicznych mo\u017ce by\u0107 trudne i zale\u017cy od do\u015bwiadczenia i znajomo\u015bci r\u00f3\u017cnych problem\u00f3w neurologicznych. To nie jest strona o WSZYSTKICH stanach neurologicznych. Pogl\u0105dy na tej stronie s\u0105 pogl\u0105dami samego autora, a nie NHS Lothian, The University of Edinburgh, Scottish Government czy CogniHealth.<\/code><\/pre>\n\n\n\n<p><\/p>\n","protected":false},"excerpt":{"rendered":"","protected":false},"author":3,"featured_media":0,"parent":0,"menu_order":22,"comment_status":"closed","ping_status":"closed","template":"","meta":[],"_links":{"self":[{"href":"https:\/\/neurosymptoms.org\/en\/wp-json\/wp\/v2\/pages\/13732"}],"collection":[{"href":"https:\/\/neurosymptoms.org\/en\/wp-json\/wp\/v2\/pages"}],"about":[{"href":"https:\/\/neurosymptoms.org\/en\/wp-json\/wp\/v2\/types\/page"}],"author":[{"embeddable":true,"href":"https:\/\/neurosymptoms.org\/en\/wp-json\/wp\/v2\/users\/3"}],"replies":[{"embeddable":true,"href":"https:\/\/neurosymptoms.org\/en\/wp-json\/wp\/v2\/comments?post=13732"}],"version-history":[{"count":1,"href":"https:\/\/neurosymptoms.org\/en\/wp-json\/wp\/v2\/pages\/13732\/revisions"}],"predecessor-version":[{"id":13733,"href":"https:\/\/neurosymptoms.org\/en\/wp-json\/wp\/v2\/pages\/13732\/revisions\/13733"}],"wp:attachment":[{"href":"https:\/\/neurosymptoms.org\/en\/wp-json\/wp\/v2\/media?parent=13732"}],"curies":[{"name":"wp","href":"https:\/\/api.w.org\/{rel}","templated":true}]}}