{"id":12558,"date":"2023-01-18T18:29:29","date_gmt":"2023-01-18T18:29:29","guid":{"rendered":"https:\/\/pre-prod.neurosymptoms.org\/%d0%b3%d0%bb%d0%b0%d0%b2%d0%bd%d0%b0%d1%8f-2\/"},"modified":"2023-01-22T16:50:19","modified_gmt":"2023-01-22T16:50:19","slug":"%d0%b3%d0%bb%d0%b0%d0%b2%d0%bd%d0%b0%d1%8f-2","status":"publish","type":"page","link":"https:\/\/neurosymptoms.org\/en\/%d0%b3%d0%bb%d0%b0%d0%b2%d0%bd%d0%b0%d1%8f-2\/","title":{"rendered":"Domovsk\u00e1 str\u00e1nka"},"content":{"rendered":"\t\t<div data-elementor-type=\"wp-page\" data-elementor-id=\"12558\" class=\"elementor elementor-12558\">\n\t\t\t\t\t\t<div class=\"elementor-inner\">\n\t\t\t\t<div class=\"elementor-section-wrap\">\n\t\t\t\t\t\t\t\t\t<section class=\"elementor-section elementor-top-section elementor-element elementor-element-eb2cc87 elementor-section-boxed elementor-section-height-default elementor-section-height-default\" data-id=\"eb2cc87\" data-element_type=\"section\">\n\t\t\t\t\t\t<div class=\"elementor-container elementor-column-gap-default\">\n\t\t\t\t\t\t\t<div class=\"elementor-row\">\n\t\t\t\t\t<div class=\"elementor-column elementor-col-100 elementor-top-column elementor-element elementor-element-6294ac2d\" data-id=\"6294ac2d\" data-element_type=\"column\">\n\t\t\t<div class=\"elementor-column-wrap elementor-element-populated\">\n\t\t\t\t\t\t\t<div class=\"elementor-widget-wrap\">\n\t\t\t\t\t\t<div class=\"elementor-element elementor-element-7d0e49ed elementor-widget elementor-widget-text-editor\" data-id=\"7d0e49ed\" data-element_type=\"widget\" data-widget_type=\"text-editor.default\">\n\t\t\t\t<div class=\"elementor-widget-container\">\n\t\t\t\t\t\t\t\t<div class=\"elementor-text-editor elementor-clearfix\">\n\t\t\t\t<p><!-- wp:paragraph --><\/p>\n<p>Los Trastornos Neurol\u00f3gicos Funcionales (TNF) son una entidad neurol\u00f3gica que se basa en un mal funcionamiento del sistema nervioso, sin que haya una lesi\u00f3n o neurodegeneraci\u00f3n de \u00e9ste. Esta disfunci\u00f3n del cerebro puede provocar s\u00edntomas como debilidad de extremidades, temblor, alteraciones de la sensibilidad o incluso desmayos. <\/p>\n<p><!-- \/wp:paragraph --><\/p>\n<p><!-- wp:paragraph --><\/p>\n<p>Las principales caracter\u00edsticas de los TNF son: <\/p>\n<p><!-- \/wp:paragraph --><\/p>\n<p><!-- wp:list --><\/p>\n<ul>\n<li>Son causados por un mal funcionamiento del sistema nervioso. <\/li>\n<li>No existe lesi\u00f3n de la estructura del cerebro. Es un problema del \u201csoftware\u201d del cerebro, no del &#8220;hardware&#8221; (a diferencia de un ictus o una esclerosis m\u00falitple)<\/li>\n<li>Tienen datos positivos y caracter\u00edsticos que permiten un diagn\u00f3stico.<\/li>\n<li>Son s\u00edntomas reales (no inventados o imaginados), con una base neurocient\u00edfica, que pueden causar mucha discapacidad y deterioro de la calidad de vida de los pacientes que lo sufren. <\/li>\n<\/ul>\n<p><!-- \/wp:list --><\/p>\n<p><!-- wp:heading {\"level\":3} --><\/p>\n<h3>S\u00edntomas neurol\u00f3gicos funcionales<\/h3>\n<p><!-- \/wp:heading --><\/p>\n<p><!-- wp:paragraph --><\/p>\n<p>Los s\u00edntomas neurol\u00f3gicos funcionales son s\u00edntomas molestos o discapacitantes que muchas personas pueden experimentar, que se deben a este mal funcionamiento del sistema nervioso, pero que no se llegan a catalogar como un &#8220;trastorno&#8221; o &#8220;enfermedad&#8221;. Muchas personas pueden padecer s\u00edntomas funcionales neurol\u00f3gicos a lo largo de su vida. Si este es tu caso, esta web tambi\u00e9n te puede ser \u00fatil.  <\/p>\n<p><!-- \/wp:paragraph --><\/p>\n<p><!-- wp:paragraph --><\/p>\n<p>Los s\u00edntomas y trastornos neurol\u00f3gicos funcionales son sorprendentemente muy frecuentes y comunes, pero son dif\u00edciles de entender por parte de lospacientes y muchos profesionales sanitarios. <\/p>\n<p><!-- \/wp:paragraph --><\/p>\n<p><!-- wp:paragraph --><\/p>\n<p>Esta web, dirigida y escrita por un neur\u00f3logo escoc\u00e9s, y adaptada por un neur\u00f3logo espa\u00f1ol, intenta ofrecer un mejor entendimiento de estos s\u00edntomas. El objetivo de este sitio es ofrecer informaci\u00f3n veraz y actualizada en funci\u00f3n de los avances neurocient\u00edficos actuales. No tiene ning\u00fan tipo de publicidad y es gratuita. Si te sientes identificado con alguno de estos s\u00edntomas o eres profesional sanitario con especial inter\u00e9s, esperamos que te sea de utilidad.<\/p>\n<p><br><\/p>\n<p><!-- \/wp:paragraph --><\/p>\n<p><!-- wp:paragraph --><\/p>\n<p><!-- \/wp:paragraph --><\/p>\t\t\t\t\t<\/div>\n\t\t\t\t\t\t<\/div>\n\t\t\t\t<\/div>\n\t\t\t\t\t\t<\/div>\n\t\t\t\t\t<\/div>\n\t\t<\/div>\n\t\t\t\t\t\t\t\t<\/div>\n\t\t\t\t\t<\/div>\n\t\t<\/section>\n\t\t\t\t\t\t\t\t\t<\/div>\n\t\t\t<\/div>\n\t\t\t\t\t<\/div>\n\t\t","protected":false},"excerpt":{"rendered":"","protected":false},"author":56,"featured_media":0,"parent":0,"menu_order":68,"comment_status":"closed","ping_status":"closed","template":"","meta":[],"_links":{"self":[{"href":"https:\/\/neurosymptoms.org\/en\/wp-json\/wp\/v2\/pages\/12558"}],"collection":[{"href":"https:\/\/neurosymptoms.org\/en\/wp-json\/wp\/v2\/pages"}],"about":[{"href":"https:\/\/neurosymptoms.org\/en\/wp-json\/wp\/v2\/types\/page"}],"author":[{"embeddable":true,"href":"https:\/\/neurosymptoms.org\/en\/wp-json\/wp\/v2\/users\/56"}],"replies":[{"embeddable":true,"href":"https:\/\/neurosymptoms.org\/en\/wp-json\/wp\/v2\/comments?post=12558"}],"version-history":[{"count":2,"href":"https:\/\/neurosymptoms.org\/en\/wp-json\/wp\/v2\/pages\/12558\/revisions"}],"predecessor-version":[{"id":12648,"href":"https:\/\/neurosymptoms.org\/en\/wp-json\/wp\/v2\/pages\/12558\/revisions\/12648"}],"wp:attachment":[{"href":"https:\/\/neurosymptoms.org\/en\/wp-json\/wp\/v2\/media?parent=12558"}],"curies":[{"name":"wp","href":"https:\/\/api.w.org\/{rel}","templated":true}]}}