{"id":743,"date":"2020-11-29T13:02:32","date_gmt":"2020-11-29T13:02:32","guid":{"rendered":"https:\/\/ftd.cognihealth.in\/?page_id=743"},"modified":"2024-11-01T03:35:54","modified_gmt":"2024-11-01T03:35:54","slug":"pain","status":"publish","type":"page","link":"https:\/\/neurosymptoms.org\/de_DE\/symptoms\/common-associated-symptoms\/pain\/","title":{"rendered":"Schmerzen"},"content":{"rendered":"\n<p>Schmerz ist ein sehr h\u00e4ufiges Symptom bei Patienten mit funktionellen neurologischen St\u00f6rungen. Diese Internetseite ist nicht darauf ausgerichtet, Schmerz genau zu besprechen. Dennoch ist es wichtig zu erkennen, dass Auftreten von Schmerzen im Rahmen anderer funktioneller Symptome (zum Beispiel funktionelle Schw\u00e4che) als Teil desselben Problems anzusehen sind.<\/p>\n\n\n\n<p>Die meisten Menschen mit chronischen Schmerzen haben keine Abnormalit\u00e4t in der MRT-Untersuchung als Ursache ihrer Symptome.<\/p>\n\n\n\n<p>Chronische Schmerzen k\u00f6nnen als Problem der Funktionsf\u00e4higkeit des Nervensystems angesehen werden, welches sehr komplex ist.<\/p>\n\n\n\n<figure class=\"wp-block-embed-youtube wp-block-embed is-type-video is-provider-youtube wp-embed-aspect-16-9 wp-has-aspect-ratio\"><div class=\"wp-block-embed__wrapper\">\n<iframe loading=\"lazy\" title=\"Tame The Beast \u2014\u00a0It&#039;s time to rethink persistent pain\" width=\"745\" height=\"419\" src=\"https:\/\/www.youtube.com\/embed\/ikUzvSph7Z4?feature=oembed\" frameborder=\"0\" allow=\"accelerometer; autoplay; clipboard-write; encrypted-media; gyroscope; picture-in-picture; web-share\" referrerpolicy=\"strict-origin-when-cross-origin\" allowfullscreen><\/iframe>\n<\/div><\/figure>\n\n\n\n<p><strong>Z\u00e4hme das Biest<\/strong>&nbsp;\u2013 aus&nbsp;<a href=\"http:\/\/www.tamethebeast.org\/\">tamethebeast.org.<\/a>&nbsp;Das ist ein weiteres grossartiges Video von Lorimer Moseley \u2013 ein australischer Schmerzforscher und Arzt.<br \/>Es versucht zu erkl\u00e4ren wie sich chronischer (lang anhaltender) Schmerz von  akutem (kurz andauerndem) Schmerz unterscheidet.<\/p>\n\n\n\n<figure class=\"wp-block-embed-youtube wp-block-embed is-type-video is-provider-youtube wp-embed-aspect-16-9 wp-has-aspect-ratio\"><div class=\"wp-block-embed__wrapper\">\n<iframe loading=\"lazy\" title=\"Understanding Pain in less than 5 minutes, and what to do about it!\" width=\"745\" height=\"419\" src=\"https:\/\/www.youtube.com\/embed\/C_3phB93rvI?feature=oembed\" frameborder=\"0\" allow=\"accelerometer; autoplay; clipboard-write; encrypted-media; gyroscope; picture-in-picture; web-share\" referrerpolicy=\"strict-origin-when-cross-origin\" allowfullscreen><\/iframe>\n<\/div><\/figure>\n\n\n\n<p>Schmerz verstehen in 5 Minuten<br \/>Produziert von: GP Access and the Hunter Integrated Pain Service, New South Wales, Australia<\/p>\n\n\n\n<figure class=\"wp-block-embed-youtube wp-block-embed is-type-video is-provider-youtube wp-embed-aspect-16-9 wp-has-aspect-ratio\"><div class=\"wp-block-embed__wrapper\">\n<iframe loading=\"lazy\" title=\"What is chronic pain and how does it work?\" width=\"745\" height=\"419\" src=\"https:\/\/www.youtube.com\/embed\/xbSr32OWcX4?feature=oembed\" frameborder=\"0\" allow=\"accelerometer; autoplay; clipboard-write; encrypted-media; gyroscope; picture-in-picture; web-share\" referrerpolicy=\"strict-origin-when-cross-origin\" allowfullscreen><\/iframe>\n<\/div><\/figure>\n\n\n\n<h2>Typen von Schmerzen<\/h2>\n\n\n\n<p>Die h\u00e4ufigsten Schmerztypen bei Patienten mit funktionellen neurologischen Symptomen sind:<\/p>\n\n\n\n<p>1.&nbsp;<strong>Kreuzschmerzen&nbsp;<\/strong>\u2013 \u00fcblicherweise im Bereich der unteren Lendenwirbels\u00e4ule, ausstrahlend auf beide Seiten<\/p>\n\n\n\n<p>2.&nbsp;<strong>Nackenschmerzen<\/strong>&nbsp;\u2013 oft st\u00e4ndig vorhanden und verst\u00e4rkt bei Bewegung<\/p>\n\n\n\n<p>3.&nbsp;<strong>Ausgedehnte Muskel- und Gelenksschmerzen&nbsp;<\/strong>\u2013 dies wird manchmal als &#8220;Fibromyalgie&#8221; bezeichnet, vor allem wenn in Kombination mit M\u00fcdigkeit\/Ersch\u00f6pfung auftretend<\/p>\n\n\n\n<p>4.&nbsp;<strong><a href=\"http:\/\/www.neurosymptoms.org\/de_DE\/symptoms\/common-associated-symptoms\/complex-regional-pain-syndrome\/\">Komplex regionales Schmerzsyndrom<\/a>&nbsp;<\/strong>\u2013 in der Regel nach einer kleinen Verletzung, wird ein K\u00f6rperteil schmerzhaft und in der Beweglichkeit eingeschr\u00e4nkt. Der K\u00f6rperteil kann auch geschwollen sein oder die Farbe \u00e4ndern. Oft besteht in der betroffenen Extremit\u00e4t eine Schw\u00e4che\/L\u00e4hmung, die nicht g\u00e4nzlich auf die Schmerzen zur\u00fcckzuf\u00fchren ist und zus\u00e4tzlich klinische Merkmale einer funktionellen Schw\u00e4che aufweist. Ebenso werden h\u00e4ufig funktionelle sensorische Symptome und funktionellen Bewegungsst\u00f6rungen im Rahmen des Komplex regionalen Schmerzsyndroms beobachtet.<\/p>\n\n\n\n<p>Erfahren Sie&nbsp;<a href=\"http:\/\/www.neurosymptoms.org\/de_DE\/symptoms\/common-associated-symptoms\/complex-regional-pain-syndrome\/\">mehr<\/a>&nbsp;\u00fcber dieses Problem auf dieser Homepage. Eine gute wissenschaftliche Diskussion \u00fcber das komplex regionale Schmerzsyndrom von einem Schmerzspezialisten in London finden Sie&nbsp;hier. (http:\/\/pn.bmj.com\/cgi\/reprint\/7\/3\/145)<\/p>\n\n\n\n<p>N\u00fctzliche Informationen \u00fcber die meisten dieser Arten von Schmerz finden Sie \u00fcber die Arthritis- und Rheumatologischen Gesellschaften. Sie finden hier auch \u00dcbungen, die f\u00fcr einige Arten von Schmerzen n\u00fctzlich sein k\u00f6nnen.<\/p>\n\n\n\n<p>Nacken &#8211;&nbsp;<a href=\"http:\/\/www.arthritisresearchuk.org\/arthritis-information\/conditions\/neck-pain.aspx\">Information from Arthritis Research UK<\/a>&nbsp;oder&nbsp;<a href=\"http:\/\/www.nhs.uk\/conditions\/neck-pain\/pages\/introduction.aspx\" target=\"_blank\" rel=\"noreferrer noopener\">NHS choices<\/a><\/p>\n\n\n\n<p>R\u00fccken &#8211;&nbsp;<a href=\"http:\/\/www.arthritisresearchuk.org\/arthritis-information\/conditions\/back-pain.aspx\" target=\"_blank\" rel=\"noreferrer noopener\">Information from Arthritis Research UK<\/a>&nbsp;oder&nbsp;<a href=\"http:\/\/www.nhs.uk\/Conditions\/Back-pain\/Pages\/Introduction.aspx\" target=\"_blank\" rel=\"noreferrer noopener\">NHS choices<\/a><\/p>\n\n\n\n<p>Fibromyalgie &#8211;<a href=\"http:\/\/www.nhs.uk\/Conditions\/Fibromyalgia\/Pages\/Introduction.aspx\">Fibromyalgia at NHS Choices<\/a>&nbsp;oder<\/p>\n\n\n\n<p><a href=\"http:\/\/www.arthritisresearchuk.org\/~\/media\/Files\/Arthritis-information\/Conditions\/2013-Fibromyalgia.ashx\" target=\"_blank\" rel=\"noreferrer noopener\">Information Booklet from Arthritis Research Council (1.2Mb Pdf download)<\/a><\/p>\n\n\n\n<p>Verstehen des Teufelskreises des Schmerzes<\/p>\n\n\n\n<p>Eine andere Sache, die das Management von chronischen Schmerzen gemeinsam mit dem Management von einigen funktionellen Symptomen hat, ist die Tatsache, dass die Entwicklung eines Teufelskreises das Problem verschlechtert. Wenn Sie zum Beispiel st\u00fcrzen und sich den R\u00fccken verletzen, k\u00f6nnen Sie sich eventuell f\u00fcr ein oder zwei Tage aufgrund der Schmerzen nur schwer bewegen. Nach dieser Zeit aber, ist Bewegung und Steigerung Ihrer Mobilit\u00e4t das Beste, was Sie tun k\u00f6nnen. Es wird zwar weh tun, aber je mehr Sie sich bewegen, desto weniger werden Sie an Schmerzen leiden.<\/p>\n\n\n\n<p>Was manchmal vor allem nach einer leichten Verletzung passiert, ist, dass die Betroffenen annehmen, dass ihre R\u00fcckenschmerzen Anzeichen f\u00fcr eine starke Besch\u00e4digung sind. Mit dieser falschen Annahme im Hinterkopf, bewegen sie sich nur ungern und wenn bei Bewegung Schmerz auftritt, wird dies als Beweis f\u00fcr eine Sch\u00e4digung ausgelegt und best\u00e4rkt sie darin, sich so wenig wie m\u00f6glich zu bewegen. Schlie\u00dflich aber f\u00fchrt dieser Ansatz zu mehr und mehr Unbeweglichkeit und mehr und mehr Schmerzen. Die nebenstehende Abbildung zeigt dies.<\/p>\n\n\n\n<p>Wohin kann man sich f\u00fcr Hilfe bei Schmerzen wenden?<\/p>\n\n\n\n<p>Wenn Ihr Hauptproblem Schmerzen sind, k\u00f6nnen Sie in einer Schmerzambulanz oder \u00fcber Schmerz Management Programme Unters\u00fctzung bekommen. Man kann Ihnen so helfen Ihre Schmerzen besser zu verstehen und zu erlernen mit den Schmerzen besser umzugehen.<\/p>\n\n\n\n<p>Das &#8220;Pain Toolkit&#8221;<\/p>\n\n\n\n<p>Vielleicht m\u00f6chten Sie sich das &#8216;<a href=\"http:\/\/www.paintoolkit.org\/\">Pain Toolkit&#8217;<\/a>&nbsp;ansehen, eine Brosch\u00fcre von Pete Moore, der selbst an chronischen Schmerzen leidet und Dr. Frances Cole, einem praktischen Arzt und Schmerzspezialisten in Yorkshire Gro\u00dfbrittanien.<\/p>\n\n\n\n<p>Brosch\u00fcre und Internetseite beschreiben 12 &#8220;Werkzeuge&#8221;, welche f\u00fcr Mangament und \u00dcberwindung chronischer Schmerzen wichtig sind.<\/p>\n\n\n\n<p>Information zu Schmerzen im Internet<\/p>\n\n\n\n<ul><li><a rel=\"noreferrer noopener\" href=\"http:\/\/www.backcare.org.uk\/\" target=\"_blank\">BackCare<\/a>&nbsp; &nbsp; &nbsp; &nbsp; &nbsp; &nbsp; &nbsp; &nbsp; &nbsp; &nbsp; &nbsp; &nbsp; &nbsp; &nbsp; &nbsp; &nbsp; &nbsp; &nbsp; &nbsp; &nbsp; &nbsp; &nbsp; &nbsp; &nbsp; &nbsp; &nbsp; &nbsp; &nbsp; &nbsp; &nbsp; &nbsp; &nbsp; &nbsp; &nbsp; &nbsp; &nbsp;<\/li><li><a rel=\"noreferrer noopener\" href=\"http:\/\/www.britishpainsociety.org\/\" target=\"_blank\">British Pain Society &nbsp;&nbsp;<\/a>&nbsp; &nbsp; &nbsp; &nbsp; &nbsp; &nbsp; &nbsp; &nbsp; &nbsp; &nbsp; &nbsp; &nbsp; &nbsp; &nbsp; &nbsp; &nbsp; &nbsp; &nbsp; &nbsp; &nbsp; &nbsp; &nbsp; &nbsp; &nbsp; &nbsp; &nbsp; &nbsp;<\/li><li><a rel=\"noreferrer noopener\" href=\"http:\/\/www.painassociation.com\/\" target=\"_blank\">Pain Association Scotland<\/a>&nbsp; &nbsp; &nbsp; &nbsp; &nbsp; &nbsp; &nbsp; &nbsp; &nbsp; &nbsp; &nbsp; &nbsp; &nbsp; &nbsp; &nbsp; &nbsp; &nbsp; &nbsp; &nbsp; &nbsp; &nbsp; &nbsp; &nbsp; <\/li><li><a rel=\"noreferrer noopener\" href=\"http:\/\/www.painconcern.org.uk\/\" target=\"_blank\">Pain Concern<\/a>&nbsp; &nbsp; &nbsp; &nbsp; &nbsp; &nbsp; &nbsp; &nbsp; &nbsp; &nbsp; &nbsp; &nbsp; &nbsp; &nbsp; &nbsp; &nbsp; &nbsp; &nbsp; &nbsp; &nbsp; &nbsp; &nbsp; &nbsp; &nbsp; &nbsp; &nbsp; &nbsp; &nbsp; &nbsp; &nbsp; &nbsp; &nbsp; &nbsp;<\/li><li><a rel=\"noreferrer noopener\" href=\"http:\/\/www.painrelieffoundation.org.uk\/\" target=\"_blank\">Pain Relief Foundation &nbsp; &nbsp;<\/a>&nbsp; &nbsp; &nbsp; &nbsp; &nbsp; &nbsp; &nbsp; &nbsp; &nbsp; &nbsp; &nbsp; &nbsp; &nbsp; &nbsp; &nbsp; &nbsp; &nbsp; &nbsp; &nbsp; &nbsp; &nbsp; &nbsp; &nbsp; <\/li><li><a rel=\"noreferrer noopener\" href=\"http:\/\/www.pelvicpain.org.uk\/\" target=\"_blank\">Pelvic Pain Support Network&nbsp;<\/a>&nbsp; &nbsp; &nbsp; &nbsp; &nbsp; &nbsp; &nbsp; &nbsp; &nbsp; &nbsp; &nbsp; &nbsp; &nbsp; &nbsp; &nbsp; &nbsp; &nbsp; &nbsp; &nbsp; &nbsp; &nbsp;<\/li><\/ul>\n","protected":false},"excerpt":{"rendered":"<p>Chronic pain is often due to an increased volume knob in the pain pathways of the nervous system<\/p>\n","protected":false},"author":65,"featured_media":0,"parent":939,"menu_order":269,"comment_status":"closed","ping_status":"closed","template":"page-template\/symptom-details-page-template.php","meta":[],"_links":{"self":[{"href":"https:\/\/neurosymptoms.org\/de_DE\/wp-json\/wp\/v2\/pages\/743"}],"collection":[{"href":"https:\/\/neurosymptoms.org\/de_DE\/wp-json\/wp\/v2\/pages"}],"about":[{"href":"https:\/\/neurosymptoms.org\/de_DE\/wp-json\/wp\/v2\/types\/page"}],"author":[{"embeddable":true,"href":"https:\/\/neurosymptoms.org\/de_DE\/wp-json\/wp\/v2\/users\/65"}],"replies":[{"embeddable":true,"href":"https:\/\/neurosymptoms.org\/de_DE\/wp-json\/wp\/v2\/comments?post=743"}],"version-history":[{"count":172,"href":"https:\/\/neurosymptoms.org\/de_DE\/wp-json\/wp\/v2\/pages\/743\/revisions"}],"predecessor-version":[{"id":15595,"href":"https:\/\/neurosymptoms.org\/de_DE\/wp-json\/wp\/v2\/pages\/743\/revisions\/15595"}],"up":[{"embeddable":true,"href":"https:\/\/neurosymptoms.org\/de_DE\/wp-json\/wp\/v2\/pages\/939"}],"wp:attachment":[{"href":"https:\/\/neurosymptoms.org\/de_DE\/wp-json\/wp\/v2\/media?parent=743"}],"curies":[{"name":"wp","href":"https:\/\/api.w.org\/{rel}","templated":true}]}}