{"id":664,"date":"2020-12-01T05:21:38","date_gmt":"2020-12-01T05:21:38","guid":{"rendered":"https:\/\/ftd.cognihealth.in\/?page_id=664"},"modified":"2024-11-01T03:50:02","modified_gmt":"2024-11-01T03:50:02","slug":"ive-tried-everything-nothing-helps","status":"publish","type":"page","link":"https:\/\/neurosymptoms.org\/de_DE\/treatment\/ive-tried-everything-nothing-helps\/","title":{"rendered":"\"Ich habe alles versucht, nichts hilft\""},"content":{"rendered":"\n<p>Wenn Sie alles was auf dieser Homepage steht versucht haben und es Ihnen Monate sp\u00e4ter noch nicht besser geht, was sollen Sie nun machen?<\/p>\n\n\n\n<p>Nicht jeder mit funktionellen und dissoziativen Symptomen verbessert sich.<\/p>\n\n\n\n<p>Manche Menschen haben ein ganzes Leben lang eine erh\u00f6hte Empfindlichkeit f\u00fcr eine Reihe von funktionellen Symptomen. Es scheint als ob jedesmal, wenn sich ein Symptom bessert, ein neues auftaucht um das alte zu ersetzen. Diese Situation kann f\u00fcr die betroffenen Personen besonders frustrierend sein. Sie f\u00fchlen sich oft als &#8220;Hypochonder&#8221;, weil sie st\u00e4ndig einen Arzt aufsuchen und dann alle Untersuchungen immer ergebnislos sind.<\/p>\n\n\n\n<p>Wenn Ihr Arzt, andere Gesundheitsspezialisten und Sie selbst ihr Bestes versucht haben, dann kann es sein, da\u00df Ihre Symptome chronisch sind und Sie damit leben lernen m\u00fcssen.<\/p>\n\n\n\n<p>Das hei\u00dft nicht, dass Sie die Symptome immer haben werden, aber Sie k\u00f6nnen mit der Zeit in den Hintergrund treten.<\/p>\n\n\n\n<p>\u00c4rzte haben oft Schwierigkeiten, dies den Patienten zu erkl\u00e4ren. Sie denken oft, da\u00df Patienten sich immer verbessern m\u00fcssen, da keine Sch\u00e4digung vorhanden ist. Das ist nicht richtig.<\/p>\n\n\n\n<p>Sie sollten sich nicht schuldig f\u00fchlen, wenn Sie keine Fortschritte machen. Ihr praktischer Arzt wird vielleicht Kontrollen in regelm\u00e4ssigen Abst\u00e4nden mit Ihnen vereinbaren, um zu sehen, wie es Ihnen geht. Das k\u00f6nnte sehr wichtig sein um eventuelle Medikamente zu optimieren und Ihr Wohlbefinden zu kontrollieren.<\/p>\n\n\n\n<p>Sie k\u00f6nnen aber auch entscheiden, dass st\u00e4ndige Arzt- und Spezialistenbesuche und h\u00e4ufige Untersuchungen Ihren Zustand eigentlich verschlechtern.<\/p>\n","protected":false},"excerpt":{"rendered":"<p>Wenn Sie alle Tipps von dieser Website versucht haben und Sie Monate sp\u00e4ter noch immer keine Verbesserung wahrnehmen, was jetzt? <\/p>\n","protected":false},"author":65,"featured_media":0,"parent":1012,"menu_order":308,"comment_status":"closed","ping_status":"closed","template":"page-template\/symptom-details-page-template.php","meta":[],"_links":{"self":[{"href":"https:\/\/neurosymptoms.org\/de_DE\/wp-json\/wp\/v2\/pages\/664"}],"collection":[{"href":"https:\/\/neurosymptoms.org\/de_DE\/wp-json\/wp\/v2\/pages"}],"about":[{"href":"https:\/\/neurosymptoms.org\/de_DE\/wp-json\/wp\/v2\/types\/page"}],"author":[{"embeddable":true,"href":"https:\/\/neurosymptoms.org\/de_DE\/wp-json\/wp\/v2\/users\/65"}],"replies":[{"embeddable":true,"href":"https:\/\/neurosymptoms.org\/de_DE\/wp-json\/wp\/v2\/comments?post=664"}],"version-history":[{"count":78,"href":"https:\/\/neurosymptoms.org\/de_DE\/wp-json\/wp\/v2\/pages\/664\/revisions"}],"predecessor-version":[{"id":15621,"href":"https:\/\/neurosymptoms.org\/de_DE\/wp-json\/wp\/v2\/pages\/664\/revisions\/15621"}],"up":[{"embeddable":true,"href":"https:\/\/neurosymptoms.org\/de_DE\/wp-json\/wp\/v2\/pages\/1012"}],"wp:attachment":[{"href":"https:\/\/neurosymptoms.org\/de_DE\/wp-json\/wp\/v2\/media?parent=664"}],"curies":[{"name":"wp","href":"https:\/\/api.w.org\/{rel}","templated":true}]}}